{"id":351,"date":"2016-05-22T21:04:36","date_gmt":"2016-05-22T21:04:36","guid":{"rendered":"http:\/\/moverdb.com\/?page_id=351"},"modified":"2026-01-08T14:40:12","modified_gmt":"2026-01-08T14:40:12","slug":"mcgimpsey-brothers-removals","status":"publish","type":"page","link":"https:\/\/moverdb.com\/es\/mcgimpsey-brothers-removals\/","title":{"rendered":"Mudanzas McGimpsey Brothers: Rese\u00f1as de Mudanzas Internacionales"},"content":{"rendered":"<p>Mudanzas McGimpsey Brothers ofrece a sus clientes los siguientes servicios de traslado al extranjero y a nivel local, tanto para particulares como para empresas. El perfil de la empresa y las rese\u00f1as siguen a la secci\u00f3n de servicios.<\/p>\n<p><strong>Mudanzas al extranjero<\/strong><\/p>\n<ul>\n<li> Transporte a\u00e9reo y mar\u00edtimo diario<\/li>\n<li> Embalaje, etiquetado y carga especializados para la exportaci\u00f3n<\/li>\n<li> Env\u00edos y despachos de aduana<\/li>\n<li> Entrega, desembalaje y montaje, retirada de la basura<\/li>\n<li> Cobertura del seguro<\/li>\n<li> Consultor personal dedicado<\/li>\n<\/ul>\n<p><strong>Desplazamientos por Europa<\/strong><\/p>\n<ul>\n<li> De puerta a puerta<\/li>\n<li> Veh\u00edculos de mudanza de alta gama, construidos especialmente para ello<\/li>\n<li> Rastreadores de alta seguridad y sistemas de navegaci\u00f3n por sat\u00e9lite<\/li>\n<li> Embalaje y desembalaje<\/li>\n<li> Cobertura del seguro<\/li>\n<li> Consultor personal dedicado<\/li>\n<\/ul>\n<p><strong>Mudanzas de empresas y negocios<\/strong><\/p>\n<ul>\n<li> Deslocalizaci\u00f3n de empresas en todo el mundo<\/li>\n<li> Reubicaci\u00f3n de empleados en todo el mundo<\/li>\n<li> Consultor personal dedicado<\/li>\n<\/ul>\n<p><strong>Moverse por dentro <a href=\"https:\/\/moverdb.com\/es\/moving-to-ireland\/\" data-internallinksmanager029f6b8e52c=\"320\" title=\"\u00bfSe muda a Irlanda? 2026 Coste de la vida y consejos para el traslado\">Irlanda<\/a><\/strong><\/p>\n<ul>\n<li> De puerta a puerta<\/li>\n<li> Embalaje y desembalaje<\/li>\n<li> Seguros<\/li>\n<li> Consultor personal dedicado<\/li>\n<\/ul>\n<p><strong>Moviendo <a href=\"https:\/\/moverdb.com\/es\/moving-to-isle-of-man\/\" data-internallinksmanager029f6b8e52c=\"339\" title=\"\u00bfSe muda a la Isla de Man? 2026 Coste de la vida y consejos para el traslado\">Isla de Man<\/a> y las Islas del Canal<\/strong><\/p>\n<ul>\n<li> De puerta a puerta<\/li>\n<li> Embalaje y desembalaje<\/li>\n<li> Despacho de aduanas<\/li>\n<li> Seguros<\/li>\n<li> Consultor personal dedicado<\/li>\n<\/ul>\n<p><strong>Almacenamiento<\/strong><\/p>\n<ul>\n<li> Almacenamiento de documentos y archivos<\/li>\n<li> Autoalmacenamiento<\/li>\n<li> Almacenamiento empresarial<\/li>\n<li> Almacenamiento en almac\u00e9n<\/li>\n<\/ul>\n<h2>Perfil de la empresa de mudanzas McGimpsey<\/h2>\n<p>Mudanzas McGimpsey se describe a s\u00ed misma como una boutique de cinco estrellas <a href=\"https:\/\/moverdb.com\/es\/moving-companies\/\" data-internallinksmanager029f6b8e52c=\"79\" title=\"Las 25 mejores empresas de mudanzas internacionales en l\u00ednea\">empresa de mudanzas<\/a> que ofrece a sus clientes un servicio de primera clase. Llevan 30 a\u00f1os operando y creen en el uso de un transporte superior, un embalaje y un personal bien formado y atento.<\/p>\n<p>Mudanzas McGimpsey afirma que no s\u00f3lo se compromete a prestar el mejor servicio posible a particulares y empresas que se trasladan al extranjero y a nivel local, sino que tambi\u00e9n vigila cuidadosamente su huella de carbono.<\/p>\n<p>Afiliaciones y acreditaciones de Mudanzas McGimpsey:<\/p>\n<ul>\n<li> <a href=\"https:\/\/moverdb.com\/es\/british-association-of-removers\/\">La Asociaci\u00f3n Brit\u00e1nica de Empresas de Mudanzas<\/a> (<a href=\"https:\/\/moverdb.com\/es\/british-association-of-removers\/\" data-internallinksmanager029f6b8e52c=\"9\" title=\"Explicaci\u00f3n de la Asociaci\u00f3n Brit\u00e1nica de Empresas de Mudanzas (BAR)\">BAR<\/a>)<\/li>\n<li> <a href=\"https:\/\/moverdb.com\/es\/fidi-faim\/\">FIDI<\/a><\/li>\n<li> <a href=\"https:\/\/moverdb.com\/es\/soy\/\">Asociaci\u00f3n Internacional de Empresas de Mudanzas (IAM)<\/a><\/li>\n<li> <a href=\"https:\/\/moverdb.com\/es\/mtc\/\">El Club de Comercio de Movers<\/a> (<a href=\"https:\/\/moverdb.com\/es\/mtc\/\" data-internallinksmanager029f6b8e52c=\"30\" title=\"Explicaci\u00f3n del Movers Trading Club (MTC)\">MTC<\/a>)<\/li>\n<li> La Asociaci\u00f3n para la Movilidad de la Mano de Obra <\/li>\n<\/ul>\n<h2>Rese\u00f1as de Mudanzas McGimpsey Brothers<\/h2>\n<p><strong>Positivo<\/strong><\/p>\n<p><em>\"Esta empresa fue brillante de principio a fin. El asesor de la mudanza fue muy \u00fatil, estaba bien informado y siempre respond\u00eda r\u00e1pidamente y me manten\u00eda al d\u00eda, incluso despu\u00e9s de que se hubiera entregado todo, me envi\u00f3 un correo electr\u00f3nico para comprobar que estaba contento.\"<\/em> - Elizabeth Heib v\u00eda <a href=\"https:\/\/plus.google.com\/111359327014801398449\/reviews\" target=\"_blank\" rel=\"noopener\">Opiniones de Google<\/a><\/p>\n<p><strong>Negativo<\/strong><\/p>\n<p><em>\"\u00a1Tuve una experiencia terrible con esta empresa! Son muy serviciales cuando quieren tu reserva y prometen mucho, pero lamentablemente cumplen poco. Los utilic\u00e9 para transportar unos pesados equipos de ejercicio comercial desde Irlanda hasta el <a href=\"https:\/\/moverdb.com\/es\/moving-to-the-uk\/\" data-internallinksmanager029f6b8e52c=\"93\" title=\"\u00bfSe muda al Reino Unido? 2026 Costes de vida y consejos de reubicaci\u00f3n\">REINO UNIDO<\/a> y...\"<\/em> - Chantelle Smith v\u00eda <a href=\"https:\/\/plus.google.com\/100947701157660629611\/reviews\" target=\"_blank\" rel=\"noopener\">Opiniones de Google<\/a><\/p>\n<div itemprop=\"review\" itemscope itemtype=\"http:\/\/schema.org\/Review\">\n<span itemprop=\"author\" itemscope=\"\" itemtype=\"http:\/\/schema.org\/Organization\"><span itemprop=\"name\">MoverDB.com<\/span><\/span> Revisi\u00f3n del sitio web en l\u00ednea para <span itemprop=\"itemreviewed\" itemscope=\"\" itemtype=\"http:\/\/schema.org\/Brand\"><span itemprop=\"name\">Mudanzas McGimpsey Brothers<\/span><\/span>:<\/p>\n<ol>\n<li> Datos de contacto claros en el sitio web (incluido el n\u00famero de tel\u00e9fono): <strong>S\u00ed<\/strong><\/li>\n<li> F\u00e1cil de conseguir <a href=\"https:\/\/moverdb.com\/es\/citas\/\">presupuestos de mudanzas internacionales<\/a>? (Formulario de solicitud de presupuesto en l\u00ednea): <strong>S\u00ed<\/strong><\/li>\n<li> Informaci\u00f3n clara en el sitio web: <strong>Parcialmente<\/strong>. La informaci\u00f3n es escasa, pero se facilitar\u00e1 m\u00e1s informaci\u00f3n si se solicita.<\/li>\n<li> Pertenencia a organizaciones de mudanzas reconocidas internacionalmente: <strong>S\u00ed<\/strong>, v\u00e9ase m\u00e1s arriba.<\/li>\n<li> Lista de clientes y\/o testimonios de clientes anteriores: <strong>S\u00ed<\/strong> No hay una lista de clientes, pero s\u00ed hay testimonios de clientes anteriores.<\/li>\n<\/ol>\n<div itemprop=\"reviewRating\" itemscope itemtype=\"http:\/\/schema.org\/Rating\"><meta itemprop=\"worstRating\" content = \"0\" \/><meta itemprop=\"bestRating\" content=\"5\" \/><meta itemprop=\"ratingValue\" content=\"4\"><\/div>\n<p><strong>Puntuaci\u00f3n global: 4\/5<\/strong><br \/>\n<strong>Fecha de revisi\u00f3n:<\/strong> <span itemprop=\"datePublished\" content=\"2016-05-22\">22\/05\/2016<\/span><\/p>\n<\/div>\n<p>M\u00e1s sobre <a href=\"https:\/\/moverdb.com\/es\/mudanzas-internacionales\/\">Empresas de mudanzas del Reino Unido<\/a> y nuestro <a href=\"https:\/\/moverdb.com\/es\/resenas\/\">proceso de revisi\u00f3n explicado<\/a>.<\/p>\n<p><strong>P\u00e1gina web:<\/strong> <a href=\"https:\/\/www.mcgimpseys.com\/\" target=\"_blank\" rel=\"noopener\">https:\/\/www.mcgimpseys.com\/<\/a><\/p>","protected":false},"excerpt":{"rendered":"<p>McGimpsey Brothers Removals offers clients the following services when relocating abroad and locally, for both individuals and businesses. A company profile and reviews follow the services section. Moving Overseas Daily air and sea freight Specialist export packing, labelling and loading Shipping and customs clearance Delivery, unpacking and setting up, removal of rubbish Insurance cover Personal [&hellip;]<\/p>\n","protected":false},"author":1,"featured_media":0,"parent":0,"menu_order":0,"comment_status":"closed","ping_status":"closed","template":"","meta":{"_genesis_hide_title":false,"_genesis_hide_breadcrumbs":false,"_genesis_hide_singular_image":false,"_genesis_hide_footer_widgets":false,"_genesis_custom_body_class":"","_genesis_custom_post_class":"","_genesis_layout":"","footnotes":""},"class_list":{"0":"post-351","1":"page","2":"type-page","3":"status-publish","5":"entry"},"_links":{"self":[{"href":"https:\/\/moverdb.com\/es\/wp-json\/wp\/v2\/pages\/351","targetHints":{"allow":["GET"]}}],"collection":[{"href":"https:\/\/moverdb.com\/es\/wp-json\/wp\/v2\/pages"}],"about":[{"href":"https:\/\/moverdb.com\/es\/wp-json\/wp\/v2\/types\/page"}],"author":[{"embeddable":true,"href":"https:\/\/moverdb.com\/es\/wp-json\/wp\/v2\/users\/1"}],"replies":[{"embeddable":true,"href":"https:\/\/moverdb.com\/es\/wp-json\/wp\/v2\/comments?post=351"}],"version-history":[{"count":10,"href":"https:\/\/moverdb.com\/es\/wp-json\/wp\/v2\/pages\/351\/revisions"}],"predecessor-version":[{"id":13176,"href":"https:\/\/moverdb.com\/es\/wp-json\/wp\/v2\/pages\/351\/revisions\/13176"}],"wp:attachment":[{"href":"https:\/\/moverdb.com\/es\/wp-json\/wp\/v2\/media?parent=351"}],"curies":[{"name":"wp","href":"https:\/\/api.w.org\/{rel}","templated":true}]}}