{"id":350,"date":"2016-05-22T20:57:46","date_gmt":"2016-05-22T20:57:46","guid":{"rendered":"http:\/\/moverdb.com\/?page_id=350"},"modified":"2026-01-08T15:20:55","modified_gmt":"2026-01-08T15:20:55","slug":"shore-porters-society","status":"publish","type":"page","link":"https:\/\/moverdb.com\/es\/shore-porters-society\/","title":{"rendered":"Rese\u00f1as de The Shore Porters Society International Moving &amp; Removals"},"content":{"rendered":"<p>La Shore Porters Society ofrece los siguientes servicios para personas que se trasladan al extranjero, a nivel regional y local. Tambi\u00e9n hay un perfil de la empresa y rese\u00f1as de los servicios que se pueden consultar.<\/p>\n<p><strong>Mudanzas corporativas y personales al extranjero<\/strong><\/p>\n<ul>\n<li> Encuesta previa a la mudanza<\/li>\n<li> Servicio puerta a puerta<\/li>\n<li> Transporte mar\u00edtimo o a\u00e9reo<\/li>\n<li> Varias opciones de embalaje<\/li>\n<li> Opciones de almacenamiento<\/li>\n<li> Asistencia con la documentaci\u00f3n para el pa\u00eds de destino<\/li>\n<li> Conocimiento profundo de las normas y reglamentos del pa\u00eds de destino<\/li>\n<li> Equipos inform\u00e1ticos desconectados y reconectados en destino<\/li>\n<li> Seguros<\/li>\n<\/ul>\n<p><strong>Bellas artes y antig\u00fcedades<\/strong><\/p>\n<ul>\n<li> Conocimientos especializados en materia de embalaje y env\u00edo<\/li>\n<li> Acompa\u00f1ar a los clientes en los viajes de compra para asegurar el correcto embalaje<\/li>\n<li> Asesoramiento en materia de documentaci\u00f3n<\/li>\n<li> Despacho de aduana en el pa\u00eds de destino<\/li>\n<\/ul>\n<p><strong>Almacenamiento<\/strong><\/p>\n<ul>\n<li> Almacenamiento de contenedores<\/li>\n<li> Almacenamiento convencional<\/li>\n<li> Almacenamiento comercial<\/li>\n<li> Almacenamiento de archivos<\/li>\n<li> Lock 'n' Leave - acceso gratuito en horario de oficina<\/li>\n<li> Alquiler de cajas<\/li>\n<li> Almacenamiento de palets<\/li>\n<\/ul>\n<p><strong>Mudanzas locales<\/strong><\/p>\n<ul>\n<li> Servicio puerta a puerta<\/li>\n<li> Varias opciones de embalaje<\/li>\n<li> Seguro contratado<\/li>\n<\/ul>\n<h2>Perfil de la empresa The Shore Porters Society<\/h2>\n<p>La Shore Porters Society se fund\u00f3 en 1498, hace m\u00e1s de 500 a\u00f1os. Se enorgullece de ser la empresa de transporte m\u00e1s antigua del mundo, ya que sus or\u00edgenes fueron una cooperativa de porteadores que ejerc\u00edan su oficio en el puerto de Aberdeen. <\/p>\n<p>La empresa estuvo bajo los auspicios del Ayuntamiento de Aberdeen hasta mediados del siglo XIX. En la actualidad es una sociedad privada que cuenta con servicios de transporte, mudanzas, propiedad y almacenamiento.<\/p>\n<p>La empresa cuenta con una flota de 30 camiones y furgonetas que operan desde Aberdeen y Richmond on Thames y 11 almacenes en todo el <a href=\"https:\/\/moverdb.com\/es\/moving-to-the-uk\/\" data-internallinksmanager029f6b8e52c=\"93\" title=\"\u00bfSe muda al Reino Unido? 2026 Costes de vida y consejos de reubicaci\u00f3n\">REINO UNIDO<\/a>. <\/p>\n<p>La empresa tiene buenas relaciones con las principales casas de subastas de todo el mundo y se enorgullece de su experiencia en el env\u00edo de obras de arte y antig\u00fcedades.<\/p>\n<p>A continuaci\u00f3n se muestra una lista de las acreditaciones y afiliaciones de la Sociedad de Porteros de Orilla:<\/p>\n<ul>\n<li> <a href=\"https:\/\/moverdb.com\/es\/british-association-of-removers\/\">La Asociaci\u00f3n Brit\u00e1nica de Empresas de Mudanzas (BAR)<\/a><\/li>\n<li> Vinculado financieramente a <a href=\"https:\/\/moverdb.com\/es\/bar-overseas\/\">Grupo BAR Overseas<\/a><\/li>\n<li> <a href=\"https:\/\/moverdb.com\/es\/fidi-faim\/\">FIDI<\/a><\/li>\n<li> <a href=\"https:\/\/moverdb.com\/es\/soy\/\">La Asociaci\u00f3n Internacional de Empresas de Mudanzas (IAM)<\/a><\/li>\n<li> Certificaci\u00f3n del sistema de calidad ISO9001<\/li>\n<li> <a href=\"https:\/\/moverdb.com\/es\/asociacion-de-transporte-de-mercancias\/\">Miembro de la FTA<\/a><\/li>\n<\/ul>\n<h2>Rese\u00f1as de la Sociedad de Porteadores de Orilla<\/h2>\n<p>Por favor, tenga en cuenta que no ha habido nuevas rese\u00f1as para The Shore Porters Society publicadas en l\u00ednea en los \u00faltimos 12 meses.<\/p>\n<div itemprop=\"review\" itemscope itemtype=\"http:\/\/schema.org\/Review\">\n<span itemprop=\"author\" itemscope=\"\" itemtype=\"http:\/\/schema.org\/Organization\"><span itemprop=\"name\">MoverDB.com<\/span><\/span> Revisi\u00f3n del sitio web en l\u00ednea para <span itemprop=\"itemreviewed\" itemscope=\"\" itemtype=\"http:\/\/schema.org\/Brand\"><span itemprop=\"name\">La Sociedad de Porteadores de Orilla<\/span><\/span>:<\/p>\n<ol>\n<li> Datos de contacto claros en el sitio web (incluido el n\u00famero de tel\u00e9fono): <strong>S\u00ed<\/strong><\/li>\n<li> F\u00e1cil de conseguir <a href=\"https:\/\/moverdb.com\/es\/citas\/\">presupuestos de mudanzas internacionales<\/a>? (Formulario de solicitud de presupuesto en l\u00ednea): <strong>S\u00ed<\/strong><\/li>\n<li> Informaci\u00f3n clara en el sitio web: <strong>Parcialmente<\/strong>. El sitio web contiene informaci\u00f3n imprecisa que una solicitud de contacto con la empresa para obtener m\u00e1s detalles.<\/li>\n<li> Pertenencia a organizaciones de mudanzas reconocidas internacionalmente: <strong>S\u00ed<\/strong>, v\u00e9ase m\u00e1s arriba.<\/li>\n<li> Lista de clientes y\/o testimonios de clientes anteriores: <strong>No.<\/strong><\/li>\n<\/ol>\n<div itemprop=\"reviewRating\" itemscope itemtype=\"http:\/\/schema.org\/Rating\"><meta itemprop=\"worstRating\" content = \"0\" \/><meta itemprop=\"bestRating\" content=\"5\" \/><meta itemprop=\"ratingValue\" content=\"4\"><\/div>\n<p><strong>Puntuaci\u00f3n global: 4\/5<\/strong><br \/>\n<strong>Fecha de revisi\u00f3n:<\/strong> <span itemprop=\"datePublished\" content=\"2016-05-22\">22\/05\/2016<\/span><\/p>\n<\/div>\n<p>M\u00e1s sobre <a href=\"https:\/\/moverdb.com\/es\/mudanzas-internacionales\/\">Empresas de mudanzas del Reino Unido<\/a> y nuestro <a href=\"https:\/\/moverdb.com\/es\/resenas\/\">proceso de revisi\u00f3n explicado<\/a>.<\/p>\n<p><strong>P\u00e1gina web:<\/strong> <a href=\"https:\/\/www.shoreporters.com\/\" target=\"_blank\" rel=\"noopener\">https:\/\/www.shoreporters.com<\/a><\/p>","protected":false},"excerpt":{"rendered":"<p>The Shore Porters Society offers the following services for people moving abroad, regionally and locally. There is also a company profile and service reviews to peruse. Corporate and Personal Moves Abroad Pre-Move survey Door to door service Ocean or Air Freight Various packing options Storage options Assistance with documentation for destination country In depth knowledge [&hellip;]<\/p>\n","protected":false},"author":1,"featured_media":0,"parent":0,"menu_order":0,"comment_status":"closed","ping_status":"closed","template":"","meta":{"_genesis_hide_title":false,"_genesis_hide_breadcrumbs":false,"_genesis_hide_singular_image":false,"_genesis_hide_footer_widgets":false,"_genesis_custom_body_class":"","_genesis_custom_post_class":"","_genesis_layout":"","footnotes":""},"class_list":{"0":"post-350","1":"page","2":"type-page","3":"status-publish","5":"entry"},"_links":{"self":[{"href":"https:\/\/moverdb.com\/es\/wp-json\/wp\/v2\/pages\/350","targetHints":{"allow":["GET"]}}],"collection":[{"href":"https:\/\/moverdb.com\/es\/wp-json\/wp\/v2\/pages"}],"about":[{"href":"https:\/\/moverdb.com\/es\/wp-json\/wp\/v2\/types\/page"}],"author":[{"embeddable":true,"href":"https:\/\/moverdb.com\/es\/wp-json\/wp\/v2\/users\/1"}],"replies":[{"embeddable":true,"href":"https:\/\/moverdb.com\/es\/wp-json\/wp\/v2\/comments?post=350"}],"version-history":[{"count":12,"href":"https:\/\/moverdb.com\/es\/wp-json\/wp\/v2\/pages\/350\/revisions"}],"predecessor-version":[{"id":6246,"href":"https:\/\/moverdb.com\/es\/wp-json\/wp\/v2\/pages\/350\/revisions\/6246"}],"wp:attachment":[{"href":"https:\/\/moverdb.com\/es\/wp-json\/wp\/v2\/media?parent=350"}],"curies":[{"name":"wp","href":"https:\/\/api.w.org\/{rel}","templated":true}]}}