{"id":349,"date":"2016-05-22T20:51:02","date_gmt":"2016-05-22T20:51:02","guid":{"rendered":"http:\/\/moverdb.com\/?page_id=349"},"modified":"2026-01-08T15:20:48","modified_gmt":"2026-01-08T15:20:48","slug":"equipo-ubicaciones","status":"publish","type":"page","link":"https:\/\/moverdb.com\/es\/team-relocations\/","title":{"rendered":"Rese\u00f1as de Team Relocations International Moving &amp; Removals"},"content":{"rendered":"<p>Team Relocations ofrece los siguientes servicios de mudanza para particulares y empresas que trasladan personal u oficinas enteras al extranjero. Lea el perfil de la empresa de Team Relocations y sus opiniones a continuaci\u00f3n.<\/p>\n<p><strong>Mudanzas personales y empresariales<\/strong><\/p>\n<ul>\n<li> Servicio de consultor\u00eda que ofrece soluciones individuales para la mudanza<\/li>\n<li> Gesti\u00f3n estrat\u00e9gica de los traslados<\/li>\n<li> Tecnolog\u00eda avanzada webZone<\/li>\n<li> Embalaje y env\u00edo<\/li>\n<li> Seguro contratado<\/li>\n<\/ul>\n<p><strong>Servicios inmobiliarios<\/strong><\/p>\n<ul>\n<li> B\u00fasqueda en el hogar<\/li>\n<li> Negociaciones y renovaciones de alquileres<\/li>\n<li> Registro de entrada y salida del inventario<\/li>\n<li> Alquiler de muebles y electrodom\u00e9sticos<\/li>\n<li> Alojamiento temporal<\/li>\n<li> Programas de salida<\/li>\n<li> Gesti\u00f3n de la venta de viviendas<\/li>\n<li> Gesti\u00f3n de la propiedad <\/li>\n<li> Programa de venta garantizada de viviendas<\/li>\n<\/ul>\n<p><strong>Instalarse<\/strong><\/p>\n<ul>\n<li> Orientaci\u00f3n<\/li>\n<li> Informaci\u00f3n sobre el destino<\/li>\n<li> Sesiones informativas culturales<\/li>\n<li> Formaci\u00f3n ling\u00fc\u00edstica<\/li>\n<li> Gesti\u00f3n de traslados<\/li>\n<li> Servicios de manitas\/criadas<\/li>\n<\/ul>\n<p><strong>Programas familiares<\/strong><\/p>\n<ul>\n<li> Investigaci\u00f3n y registro de la educaci\u00f3n<\/li>\n<li> Traslado de mascotas<\/li>\n<li> Apoyo a los socios<\/li>\n<\/ul>\n<p><strong>Servicios de almacenamiento<\/strong><\/p>\n<ul>\n<li> Almacenamiento especializado<\/li>\n<li> Archivo y almacenamiento de documentos<\/li>\n<li> Almacenamiento tradicional<\/li>\n<\/ul>\n<p><strong>Servicios especializados<\/strong><\/p>\n<ul>\n<li> Mudanzas globales para el transportista privado<\/li>\n<li> Mudanzas y traslados comerciales y de oficinas<\/li>\n<li> Mudanza de hospitales<\/li>\n<li> Almacenamiento dom\u00e9stico<\/li>\n<li> Almacenamiento de documentos y archivos<\/li>\n<\/ul>\n<p><strong>Servicios adicionales<\/strong><\/p>\n<ul>\n<li> Elevadores de escalera para accesos dif\u00edciles<\/li>\n<li> Embalaje de obras de arte y antig\u00fcedades<\/li>\n<li> Servicios de electricista, incluyendo<\/li>\n<li> Cambio de enchufes para adaptarlos a las tomas locales<\/li>\n<li> Reconexi\u00f3n de l\u00e1mparas y aparatos<\/li>\n<li> Suministro de transformadores<\/li>\n<li> Manitas<\/li>\n<li> Servicio de limpieza<\/li>\n<li> Afinaci\u00f3n de pianos<\/li>\n<li> Instalaci\u00f3n\/retirada de antenas parab\u00f3licas<\/li>\n<li> Equipos de limpieza<\/li>\n<li> Recogida en la oficina<\/li>\n<li> Cajas de caridad<\/li>\n<li> <a href=\"https:\/\/moverdb.com\/es\/transporte-embarque-de-coches\/\">Env\u00edo de veh\u00edculos<\/a> y almacenamiento<\/li>\n<\/ul>\n<h2>Perfil de la empresa Team Relocation<\/h2>\n<p>Team Relocation se fund\u00f3 en 1977 y ahora es una de las mayores empresas de reubicaci\u00f3n y <a href=\"https:\/\/moverdb.com\/es\/international-removals\/\" data-internallinksmanager029f6b8e52c=\"27\" title=\"36 mejores empresas de mudanzas internacionales del Reino Unido\">empresas de mudanzas<\/a> en el mundo. Team Location tiene oficinas en 13 pa\u00edses y muchas personas destacadas, empresas multinacionales y organismos gubernamentales recurren a la empresa para el traslado de personal y empresas en el extranjero y a nivel regional. <\/p>\n<p>Team Relocation s\u00f3lo trabajar\u00e1 con socios que compartan los mismos valores fundamentales que ellos; entre ellos, la excelencia, la integridad, la responsabilidad y la seguridad. La empresa se concentra en la reubicaci\u00f3n, la mudanza y los servicios especializados. <\/p>\n<p>La empresa tambi\u00e9n cree firmemente en los derechos humanos internacionales y apoya a muchas organizaciones ben\u00e9ficas de todo el mundo.<\/p>\n<p>Las acreditaciones y afiliaciones de Team Locations se enumeran a continuaci\u00f3n:<\/p>\n<ul>\n<li> <a href=\"https:\/\/moverdb.com\/es\/british-association-of-removers\/\">La Asociaci\u00f3n Brit\u00e1nica de Empresas de Mudanzas (BAR)<\/a><\/li>\n<li> DBA<\/li>\n<li> El <a href=\"https:\/\/moverdb.com\/es\/mtc\/\">Movers Trading Club<\/a> (<a href=\"https:\/\/moverdb.com\/es\/mtc\/\" data-internallinksmanager029f6b8e52c=\"30\" title=\"Explicaci\u00f3n del Movers Trading Club (MTC)\">MTC<\/a>)<\/li>\n<li> <a href=\"https:\/\/moverdb.com\/es\/fidi-faim\/\">FAIM<\/a><\/li>\n<li> <a href=\"https:\/\/moverdb.com\/es\/fidi-faim\/\">FIDI<\/a><\/li>\n<li> La Asociaci\u00f3n Mundial de Movilidad <\/li>\n<li> <a href=\"https:\/\/moverdb.com\/es\/soy\/\">Asociaci\u00f3n Internacional de Empresas de Mudanzas (IAM)<\/a><\/li>\n<li> OMNI<\/li>\n<\/ul>\n<h2>Rese\u00f1as de Team Relocations<\/h2>\n<p><em>En este momento no pudimos encontrar ninguna rese\u00f1a de Team Relocations publicada en ning\u00fan otro sitio en l\u00ednea.<\/em><\/p>\n<div itemprop=\"review\" itemscope itemtype=\"http:\/\/schema.org\/Review\">\n<span itemprop=\"author\" itemscope=\"\" itemtype=\"http:\/\/schema.org\/Organization\"><span itemprop=\"name\">MoverDB.com<\/span><\/span> Revisi\u00f3n del sitio web en l\u00ednea para <span itemprop=\"itemreviewed\" itemscope=\"\" itemtype=\"http:\/\/schema.org\/Brand\"><span itemprop=\"name\">Reubicaci\u00f3n de equipos<\/span><\/span>:<\/p>\n<ol>\n<li> Datos de contacto claros en el sitio web (incluido el n\u00famero de tel\u00e9fono): <strong>S\u00ed<\/strong><\/li>\n<li> F\u00e1cil de conseguir <a href=\"https:\/\/moverdb.com\/es\/citas\/\">presupuestos de mudanzas internacionales<\/a>? (Formulario de solicitud de presupuesto en l\u00ednea): <strong>S\u00ed<\/strong><\/li>\n<li> Informaci\u00f3n clara en el sitio web: <strong>S\u00ed<\/strong>. Una p\u00e1gina web informativa, pero hay que pedir informaci\u00f3n detallada directamente a la empresa.<\/li>\n<li> Pertenencia a organizaciones de mudanzas reconocidas internacionalmente: <strong>S\u00ed<\/strong>, v\u00e9ase m\u00e1s arriba.<\/li>\n<li> Lista de clientes y\/o testimonios de clientes anteriores: <strong>No.<\/strong><\/li>\n<\/ol>\n<div itemprop=\"reviewRating\" itemscope itemtype=\"http:\/\/schema.org\/Rating\"><meta itemprop=\"worstRating\" content = \"0\" \/><meta itemprop=\"bestRating\" content=\"5\" \/><meta itemprop=\"ratingValue\" content=\"4\"><\/div>\n<p><strong>Puntuaci\u00f3n global: 4\/5<\/strong><br \/>\n<strong>Fecha de revisi\u00f3n:<\/strong> <span itemprop=\"datePublished\" content=\"2016-05-22\">22\/05\/2016<\/span><\/p>\n<\/div>\n<p>M\u00e1s sobre <a href=\"https:\/\/moverdb.com\/es\/empresas-de-mudanzas\/\">empresas de mudanzas internacionales<\/a> y nuestro <a href=\"https:\/\/moverdb.com\/es\/resenas\/\">proceso de revisi\u00f3n explicado<\/a>.<\/p>\n<p><strong>P\u00e1gina web:<\/strong> <a href=\"http:\/\/www.teamrelocations.com\/\" target=\"_blank\" rel=\"noopener\">http:\/\/www.teamrelocations.com<\/a><\/p>","protected":false},"excerpt":{"rendered":"<p>Team Relocations offers the following moving services for individuals and corporates moving personnel or whole offices abroad. Read Team Locations&#8217; company profile and reviews below. Personal and Corporate Moves Consultancy service offering individual solutions to moving Strategic relocation management Advanced webZone technology Packing and shipping Insurance arranged Property Services Home Search Tenancy Negotiations &#038; Renewals [&hellip;]<\/p>\n","protected":false},"author":1,"featured_media":0,"parent":0,"menu_order":0,"comment_status":"closed","ping_status":"closed","template":"","meta":{"_genesis_hide_title":false,"_genesis_hide_breadcrumbs":false,"_genesis_hide_singular_image":false,"_genesis_hide_footer_widgets":false,"_genesis_custom_body_class":"","_genesis_custom_post_class":"","_genesis_layout":"","footnotes":""},"class_list":{"0":"post-349","1":"page","2":"type-page","3":"status-publish","5":"entry"},"_links":{"self":[{"href":"https:\/\/moverdb.com\/es\/wp-json\/wp\/v2\/pages\/349","targetHints":{"allow":["GET"]}}],"collection":[{"href":"https:\/\/moverdb.com\/es\/wp-json\/wp\/v2\/pages"}],"about":[{"href":"https:\/\/moverdb.com\/es\/wp-json\/wp\/v2\/types\/page"}],"author":[{"embeddable":true,"href":"https:\/\/moverdb.com\/es\/wp-json\/wp\/v2\/users\/1"}],"replies":[{"embeddable":true,"href":"https:\/\/moverdb.com\/es\/wp-json\/wp\/v2\/comments?post=349"}],"version-history":[{"count":12,"href":"https:\/\/moverdb.com\/es\/wp-json\/wp\/v2\/pages\/349\/revisions"}],"predecessor-version":[{"id":6243,"href":"https:\/\/moverdb.com\/es\/wp-json\/wp\/v2\/pages\/349\/revisions\/6243"}],"wp:attachment":[{"href":"https:\/\/moverdb.com\/es\/wp-json\/wp\/v2\/media?parent=349"}],"curies":[{"name":"wp","href":"https:\/\/api.w.org\/{rel}","templated":true}]}}