{"id":348,"date":"2016-05-22T19:54:24","date_gmt":"2016-05-22T19:54:24","guid":{"rendered":"http:\/\/moverdb.com\/?page_id=348"},"modified":"2026-01-08T15:20:45","modified_gmt":"2026-01-08T15:20:45","slug":"sterling-relocation","status":"publish","type":"page","link":"https:\/\/moverdb.com\/es\/sterling-relocation\/","title":{"rendered":"Opiniones de Sterling Relocation International Moving &amp; Removals"},"content":{"rendered":"<p>Sterling ofrece a los empleadores internacionales una forma sencilla de reubicar a su personal en todo el mundo. Sus servicios se enumeran a continuaci\u00f3n, junto con los comentarios de los clientes y un perfil de la empresa.<\/p>\n<p><strong>Servicios de reubicaci\u00f3n<\/strong><\/p>\n<ul>\n<li> Gesti\u00f3n de asignaciones<\/li>\n<li> Formaci\u00f3n intercultural<\/li>\n<li> Servicios de salida<\/li>\n<li> Ayuda a la educaci\u00f3n<\/li>\n<li> Gesti\u00f3n de gastos<\/li>\n<li> Alquiler de muebles<\/li>\n<li> Venta de viviendas garantizada<\/li>\n<li> Servicio de b\u00fasqueda de viviendas<\/li>\n<li> Inmigraci\u00f3n, visados y permisos de trabajo<\/li>\n<li> Formaci\u00f3n ling\u00fc\u00edstica<\/li>\n<li> Gesti\u00f3n de traslados<\/li>\n<li> Servicios de mudanza<\/li>\n<li> Orientaci\u00f3n<\/li>\n<li> Asistencia a los socios<\/li>\n<li> Consulta pol\u00edtica<\/li>\n<li> Gesti\u00f3n de la propiedad<\/li>\n<li> Servicios de instalaci\u00f3n<\/li>\n<li> Alojamiento de corta duraci\u00f3n<\/li>\n<li> Almacenamiento<\/li>\n<li> Gesti\u00f3n de alquileres<\/li>\n<li> Cubierta de tr\u00e1nsito<\/li>\n<\/ul>\n<h2>Perfil de la empresa Sterling Relocation<\/h2>\n<p>Sterling Relocation se fund\u00f3 en 1991 con el objetivo de ser el principal proveedor de servicios de reubicaci\u00f3n global para el mundo empresarial. Es propiedad de UniGroup, una empresa de $1,7 mil millones que lleva m\u00e1s de 80 a\u00f1os reubicando personas. <\/p>\n<p>La red de reubicaci\u00f3n de UniGroup opera en m\u00e1s de 180 pa\u00edses, a trav\u00e9s de 1.200 centros de servicio.<\/p>\n<p>Muchos de los empleados de Sterling Relocation han vivido en el extranjero, por lo que comprenden los retos a los que se enfrentan los empleados y sus familias cuando se trasladan al extranjero. Cada cliente trata directamente con un miembro del personal que se asegura de que todos los aspectos de la mudanza se desarrollen sin problemas. <\/p>\n<p>En 2015, el 99,63% de los clientes de Sterling Relocation quedaron satisfechos con su mudanza.<\/p>\n<p>Sterling Relocation afirma que sus valores, misi\u00f3n y visi\u00f3n incluyen la pasi\u00f3n por su sector, la honestidad en todos los frentes, el cuidado de los clientes y del personal, y la prestaci\u00f3n del mejor servicio posible.<\/p>\n<p>Lista de acreditaciones y afiliaciones de Sterling Relocation:<\/p>\n<ul>\n<li> <a href=\"https:\/\/moverdb.com\/es\/fidi-faim\/\">La Federaci\u00f3n de empresas de mudanzas internacionales<\/a> (<a href=\"https:\/\/moverdb.com\/es\/fidi-faim\/\" data-internallinksmanager029f6b8e52c=\"16\" title=\"Explicaci\u00f3n del FIDI y del FAIM (FIDI Accredited International Mover)\">FIDI<\/a>)<\/li>\n<li> <a href=\"https:\/\/moverdb.com\/es\/asociacion-de-profesionales-de-la-reubicacion\/\">La Asociaci\u00f3n de Profesionales de la Reubicaci\u00f3n<\/a> (<a href=\"https:\/\/moverdb.com\/es\/association-relocation-professionals\/\" data-internallinksmanager029f6b8e52c=\"6\" title=\"Explicaci\u00f3n de la Asociaci\u00f3n de Profesionales de la Reubicaci\u00f3n (ARP)\">ARP<\/a>)<\/li>\n<li> <a href=\"https:\/\/moverdb.com\/es\/consejo-de-reubicacion-de-empleados\/\">El Consejo de Reubicaci\u00f3n de Empleados - ERC mundial<\/a><\/li>\n<li> <a href=\"https:\/\/moverdb.com\/es\/eura\/\">La Asociaci\u00f3n Europea de Reubicaci\u00f3n<\/a> (<a href=\"https:\/\/moverdb.com\/es\/eura\/\" data-internallinksmanager029f6b8e52c=\"13\" title=\"La Asociaci\u00f3n Europea de Reubicaci\u00f3n (EuRA) explicada\">EuRA<\/a>)<\/li>\n<li> Red Internacional de Mudanzas en el Extranjero (OMNI)<\/li>\n<li> <a href=\"https:\/\/moverdb.com\/es\/soy\/\">Asociaci\u00f3n Internacional de Empresas de Mudanzas (IAM)<\/a><\/li>\n<li> <a href=\"https:\/\/moverdb.com\/es\/lacma\/\">Asociaci\u00f3n de empresas de mudanzas de Am\u00e9rica Latina y el Caribe<\/a> (<a href=\"https:\/\/moverdb.com\/es\/lacma\/\" data-internallinksmanager029f6b8e52c=\"28\" title=\"Asociaci\u00f3n de empresas de mudanzas internacionales de Am\u00e9rica Latina y el Caribe (LACMA)\">LACMA<\/a>)<\/li>\n<li> <a href=\"https:\/\/moverdb.com\/es\/british-association-of-removers\/\">Asociaci\u00f3n Brit\u00e1nica de Empresas de Mudanzas (BAR)<\/a><\/li>\n<\/ul>\n<h2>Opiniones de Sterling Relocation<\/h2>\n<p><strong>Positivo<\/strong><\/p>\n<p><em>\"Me ha conmovido Sterlin de <a href=\"https:\/\/moverdb.com\/es\/moving-to-london\/\">Londres<\/a> a <a href=\"https:\/\/moverdb.com\/es\/moving-to-switzerland\/\" data-internallinksmanager029f6b8e52c=\"327\" title=\"\u00bfSe muda a Suiza? 2026 Coste de la vida y consejos para el traslado\">Suiza<\/a> en un traslado de empresa hace unos a\u00f1os. Como he soportado unas cuantas mudanzas despu\u00e9s de esa, ahora me siento en posici\u00f3n de juzgarlos. Y debo decir que organizaron sencillamente la mejor mudanza que tuve\".<\/em> - revisi\u00f3n <a href=\"http:\/\/www.yelp.co.uk\/biz\/sterling-corporate-relocation-london\" target=\"_blank\" rel=\"noopener\">v\u00eda Yelp<\/a><\/p>\n<p><strong>Negativo<\/strong><\/p>\n<p><em>No hemos podido encontrar ninguna rese\u00f1a negativa para Sterling Relocation online<\/em><\/p>\n<div itemprop=\"review\" itemscope itemtype=\"http:\/\/schema.org\/Review\">\n<span itemprop=\"author\" itemscope=\"\" itemtype=\"http:\/\/schema.org\/Organization\"><span itemprop=\"name\">MoverDB.com<\/span><\/span> Revisi\u00f3n del sitio web en l\u00ednea para <span itemprop=\"itemreviewed\" itemscope=\"\" itemtype=\"http:\/\/schema.org\/Brand\"><span itemprop=\"name\">Reubicaci\u00f3n de Sterling<\/span><\/span>:<\/p>\n<ol>\n<li> Datos de contacto claros en el sitio web (incluido el n\u00famero de tel\u00e9fono): <strong>S\u00ed<\/strong><\/li>\n<li> F\u00e1cil de conseguir <a href=\"https:\/\/moverdb.com\/es\/citas\/\">presupuestos de mudanzas internacionales<\/a>? (Formulario de solicitud de presupuesto en l\u00ednea): <strong>S\u00ed<\/strong><\/li>\n<li> Informaci\u00f3n clara en el sitio web: <strong>S\u00ed<\/strong> El sitio web de Sterling Relocation contiene informaci\u00f3n completa sobre todos los aspectos de su actividad. Tambi\u00e9n cuenta con una \u00fatil secci\u00f3n de \"Noticias\" que ofrece informaci\u00f3n actualizada sobre las necesidades de visado y la vida en varios pa\u00edses del mundo.<\/li>\n<li> Pertenencia a organizaciones de mudanzas reconocidas internacionalmente: <strong>S\u00ed<\/strong>, v\u00e9ase m\u00e1s arriba.<\/li>\n<li> Lista de clientes y\/o testimonios de clientes anteriores: <strong>Parcialmente<\/strong> Aunque no hay una lista de clientes, hay varios testimonios de clientes repartidos por el sitio.<\/li>\n<\/ol>\n<div itemprop=\"reviewRating\" itemscope itemtype=\"http:\/\/schema.org\/Rating\"><meta itemprop=\"worstRating\" content = \"0\" \/><meta itemprop=\"bestRating\" content=\"5\" \/><meta itemprop=\"ratingValue\" content=\"4.5\"><\/div>\n<p><strong>Puntuaci\u00f3n global: 4,5\/5<\/strong><br \/>\n<strong>Fecha de revisi\u00f3n:<\/strong> <span itemprop=\"datePublished\" content=\"2016-05-22\">22\/05\/2016<\/span>\n<\/div>\n<p>M\u00e1s sobre <a href=\"https:\/\/moverdb.com\/es\/mudanzas-internacionales\/\">Empresas de mudanzas del Reino Unido<\/a> y nuestro <a href=\"https:\/\/moverdb.com\/es\/resenas\/\">proceso de revisi\u00f3n explicado<\/a>.<\/p>\n<p><strong>P\u00e1gina web:<\/strong> <a href=\"http:\/\/www.sterling.com\/\" target=\"_blank\" rel=\"noopener\">http:\/\/www.sterling.com\/<\/a><\/p>","protected":false},"excerpt":{"rendered":"<p>Sterling offers international employers an easy way to relocate their staff worldwide. Their services are listed below, together with customer reviews and a company profile. Relocation Services Assignment Management Cross Culture Training Departure Services Education Assistance Expense Management Furniture Rental Guaranteed Home Sale Home Finding Service Immigration, Visa and Work Permits Language Training Move Management [&hellip;]<\/p>\n","protected":false},"author":1,"featured_media":0,"parent":0,"menu_order":0,"comment_status":"closed","ping_status":"closed","template":"","meta":{"_genesis_hide_title":false,"_genesis_hide_breadcrumbs":false,"_genesis_hide_singular_image":false,"_genesis_hide_footer_widgets":false,"_genesis_custom_body_class":"","_genesis_custom_post_class":"","_genesis_layout":"","footnotes":""},"class_list":{"0":"post-348","1":"page","2":"type-page","3":"status-publish","5":"entry"},"_links":{"self":[{"href":"https:\/\/moverdb.com\/es\/wp-json\/wp\/v2\/pages\/348","targetHints":{"allow":["GET"]}}],"collection":[{"href":"https:\/\/moverdb.com\/es\/wp-json\/wp\/v2\/pages"}],"about":[{"href":"https:\/\/moverdb.com\/es\/wp-json\/wp\/v2\/types\/page"}],"author":[{"embeddable":true,"href":"https:\/\/moverdb.com\/es\/wp-json\/wp\/v2\/users\/1"}],"replies":[{"embeddable":true,"href":"https:\/\/moverdb.com\/es\/wp-json\/wp\/v2\/comments?post=348"}],"version-history":[{"count":15,"href":"https:\/\/moverdb.com\/es\/wp-json\/wp\/v2\/pages\/348\/revisions"}],"predecessor-version":[{"id":6240,"href":"https:\/\/moverdb.com\/es\/wp-json\/wp\/v2\/pages\/348\/revisions\/6240"}],"wp:attachment":[{"href":"https:\/\/moverdb.com\/es\/wp-json\/wp\/v2\/media?parent=348"}],"curies":[{"name":"wp","href":"https:\/\/api.w.org\/{rel}","templated":true}]}}