{"id":347,"date":"2016-05-22T19:43:53","date_gmt":"2016-05-22T19:43:53","guid":{"rendered":"http:\/\/moverdb.com\/?page_id=347"},"modified":"2026-01-08T15:20:38","modified_gmt":"2026-01-08T15:20:38","slug":"santa-fe-reubicacion","status":"publish","type":"page","link":"https:\/\/moverdb.com\/es\/santa-fe-relocation\/","title":{"rendered":"Rese\u00f1as de Santa Fe Relocation Services International Moving &amp; Removals"},"content":{"rendered":"<p>Santa Fe Relocation Services es una empresa de mudanzas de alto nivel. A continuaci\u00f3n se enumeran sus numerosos servicios de mudanza, junto con el perfil de la empresa y las opiniones de los clientes.<\/p>\n<p><strong>Servicios de movilidad global<\/strong><\/p>\n<ul>\n<li> Desplazamiento global y gesti\u00f3n de DSP en todo el mundo<\/li>\n<li> Gesti\u00f3n de visados e inmigraci\u00f3n<\/li>\n<li> Gesti\u00f3n de mudanzas para particulares y empresas<\/li>\n<\/ul>\n<p><strong>Servicios de mudanza y almacenamiento<\/strong><\/p>\n<ul>\n<li> Mudanzas internacionales<\/li>\n<li> Mudanzas nacionales y locales<\/li>\n<li> Almacenamiento<\/li>\n<li> Traslado de mascotas<\/li>\n<li> <a href=\"https:\/\/moverdb.com\/es\/transporte-embarque-de-coches\/\">Env\u00edo de veh\u00edculos<\/a><\/li>\n<li> Enlaces a la cobertura de protecci\u00f3n<\/li>\n<li> Servicios de manutenci\u00f3n y valet<\/li>\n<li> Alquiler de muebles<\/li>\n<li> Excelencia en servicios de mudanza y almacenamiento<\/li>\n<\/ul>\n<p><strong>Servicios de reubicaci\u00f3n<\/strong><\/p>\n<ul>\n<li> Asignaci\u00f3n de una suma global<\/li>\n<li> Asignaciones a corto plazo<\/li>\n<li> B\u00fasqueda en el hogar<\/li>\n<li> B\u00fasqueda de escuelas<\/li>\n<li> Instalaci\u00f3n de los servicios<\/li>\n<li> Lista de control y reubicaci\u00f3n de un vistazo<\/li>\n<li> Visados e inmigraci\u00f3n<\/li>\n<li> Gu\u00edas de destino<\/li>\n<\/ul>\n<p><strong>Servicios comerciales<\/strong><\/p>\n<ul>\n<li> Mudanza de oficinas<\/li>\n<li> Instalaciones hoteleras<\/li>\n<li> Exposiciones en todo el mundo<\/li>\n<li> Mudanzas de arte y antig\u00fcedades<\/li>\n<li> Proyectos especiales como traslados de hospitales, instalaciones militares, instalaciones educativas<\/li>\n<\/ul>\n<h2>Perfil de la empresa Santa Fe Relocation Services<\/h2>\n<p>Santa Fe ofrece servicios de movilidad global a los empleados expatriados de las empresas. La empresa se enorgullece de eliminar el estr\u00e9s de los traslados de los empleados y presume de sus clientes de la lista Fortune 500. La empresa gestiona anualmente unas 60.000 mudanzas internacionales y 15.000 nacionales. <\/p>\n<p>Santa Fe comenz\u00f3 su andadura en <a href=\"https:\/\/moverdb.com\/es\/moving-to-hong-kong\/\" data-internallinksmanager029f6b8e52c=\"350\" title=\"\u00bfSe muda a Hong Kong? 2026 Coste de la vida y consejos para el traslado\">Hong Kong<\/a> en 1980. El Grupo Santa Fe ha adquirido empresas en todo el mundo, la m\u00e1s antigua de las cuales es Wridgways de <a href=\"https:\/\/moverdb.com\/es\/moving-to-australia\/living-in-australia\/\" data-internallinksmanager029f6b8e52c=\"240\" title=\"21 secretos sobre la vida en Australia que debes conocer antes de mudarte\">Australia<\/a> fundada en 1892. Santa Fe tiene oficinas en seis continentes, con su sede central en <a href=\"https:\/\/moverdb.com\/es\/moving-to-london\/\">Londres<\/a> y ofrece a sus clientes traslados globales, regionales y locales. <\/p>\n<p>Asociaciones y acreditaciones de Santa Fe Relocation Services:<\/p>\n<ul>\n<li> <a href=\"https:\/\/moverdb.com\/es\/consejo-de-reubicacion-de-empleados\/\">El CEI mundial<\/a><\/li>\n<li> <a href=\"https:\/\/moverdb.com\/es\/eura\/\">Asociaci\u00f3n Europea de Reubicaci\u00f3n<\/a> (<a href=\"https:\/\/moverdb.com\/es\/eura\/\" data-internallinksmanager029f6b8e52c=\"13\" title=\"La Asociaci\u00f3n Europea de Reubicaci\u00f3n (EuRA) explicada\">EuRA<\/a>)<\/li>\n<li> <a href=\"https:\/\/moverdb.com\/es\/fidi-faim\/\">Federaci\u00f3n Mundial de Empresas de Mudanzas Internacionales<\/a> (<a href=\"https:\/\/moverdb.com\/es\/fidi-faim\/\" data-internallinksmanager029f6b8e52c=\"16\" title=\"Explicaci\u00f3n del FIDI y del FAIM (FIDI Accredited International Mover)\">FIDI<\/a>)<\/li>\n<li> <a href=\"https:\/\/moverdb.com\/es\/fidi-faim\/\">Acreditaci\u00f3n FIDI-FAIM y FAIM Plus<\/a><\/li>\n<li> <a href=\"https:\/\/moverdb.com\/es\/soy\/\">La Asociaci\u00f3n Internacional de Empresas de Mudanzas (IAM)<\/a><\/li>\n<li> <a href=\"https:\/\/moverdb.com\/es\/lacma\/\">LACMA<\/a><\/li>\n<li> Gesti\u00f3n de la calidad ISO9001<\/li>\n<li> Gesti\u00f3n medioambiental ISO14001<\/li>\n<li> OHSAS18001 Gesti\u00f3n de la salud y la seguridad<\/li>\n<li> ISO27001 Seguridad de los datos<\/li>\n<\/ul>\n<h2>Rese\u00f1as de Santa Fe Relocation Services<\/h2>\n<p><strong>Positivo<\/strong><\/p>\n<p><em>\"Santa Fe cuenta con un equipo berlin\u00e9s (<a href=\"https:\/\/moverdb.com\/es\/moving-to-germany\/\" data-internallinksmanager029f6b8e52c=\"321\" title=\"\u00bfSe muda a Alemania? 2026 Coste de la vida y consejos para el traslado\">Alemania<\/a>) y realmente me dejaron boquiabierto con el servicio que me prestaron. El Sr. H Schulz y la Sra. A. Hoenow ejecutaron mi mudanza sin problemas, con eficiencia y siempre con una actitud amable.\"<\/em> Dot Stein v\u00eda <a href=\"http:\/\/www.mymovingreviews.com\/movingreviews\/simply-the-best-51520\" target=\"_blank\" rel=\"noopener\">MyMovingReviews<\/a><\/p>\n<p><em>\"Desde el principio hasta el final del proceso, el servicio prestado fue profesional, servicial y el equipo se desvivi\u00f3 por garantizar que la mudanza se hiciera con calidad.\"<\/em> Linda, Melbourne v\u00eda <a href=\"http:\/\/www.productreview.com.au\/p\/santa-fe-wridgways.html\" target=\"_blank\" rel=\"noopener\">Revisi\u00f3n del producto<\/a><\/p>\n<p><strong>Negativo<\/strong><\/p>\n<p><em>\"NO USAR. La empresa que contrataron (Roy Trevor Removals) destruy\u00f3 completamente mis pisos de madera nuevos y en realidad trat\u00f3 de culpar a <a href=\"https:\/\/moverdb.com\/es\/moving-to-the-united-states\/\" data-internallinksmanager029f6b8e52c=\"94\" title=\"\u00bfSe muda a Estados Unidos? 2026 Costes de vida y consejos de reubicaci\u00f3n\">us<\/a> por los da\u00f1os\".<\/em> Pamela Rollins v\u00eda <a href=\"http:\/\/www.mymovingreviews.com\/movingreviews\/horrible-damage-to-floors-51782\" target=\"_blank\" rel=\"noopener\">MyMovingReviews<\/a><\/p>\n<p><em>\"Esta fue una mudanza internacional desde PNG a Perth. En octubre de 2015 ya hab\u00edamos hecho las maletas, han pasado m\u00e1s de 5 meses y todav\u00eda no tenemos todas nuestras cosas.\" <\/em>Liz v\u00eda <a href=\"http:\/\/www.productreview.com.au\/p\/santa-fe-wridgways.html\" target=\"_blank\" rel=\"noopener\">Revisi\u00f3n del producto<\/a><\/p>\n<div itemprop=\"review\" itemscope itemtype=\"http:\/\/schema.org\/Review\">\n<span itemprop=\"author\" itemscope=\"\" itemtype=\"http:\/\/schema.org\/Organization\"><span itemprop=\"name\">MoverDB.com<\/span><\/span> Revisi\u00f3n del sitio web en l\u00ednea para <span itemprop=\"itemreviewed\" itemscope=\"\" itemtype=\"http:\/\/schema.org\/Brand\"><span itemprop=\"name\">Servicios de reubicaci\u00f3n en Santa Fe<\/span><\/span>:<\/p>\n<ol>\n<li> Datos de contacto claros en el sitio web (incluido el n\u00famero de tel\u00e9fono): <strong>S\u00ed<\/strong><\/li>\n<li> F\u00e1cil de conseguir <a href=\"https:\/\/moverdb.com\/es\/citas\/\">presupuestos de mudanzas internacionales<\/a>? (Formulario de solicitud de presupuesto en l\u00ednea): <strong>S\u00ed<\/strong><\/li>\n<li> Informaci\u00f3n clara en el sitio web: <strong>S\u00ed<\/strong>. Un sitio web extremadamente informativo.<\/li>\n<li> Pertenencia a organizaciones de mudanzas reconocidas internacionalmente: <strong>S\u00ed<\/strong>, v\u00e9ase m\u00e1s arriba.<\/li>\n<li> Lista de clientes y\/o testimonios de clientes anteriores: <strong>S\u00ed<\/strong>Aunque no hay una lista de clientes, hay muchos testimonios positivos de clientes.<\/li>\n<\/ol>\n<div itemprop=\"reviewRating\" itemscope itemtype=\"http:\/\/schema.org\/Rating\"><meta itemprop=\"worstRating\" content = \"0\" \/><meta itemprop=\"bestRating\" content=\"5\" \/><meta itemprop=\"ratingValue\" content=\"5\"><\/div>\n<p><strong>Puntuaci\u00f3n global: 5\/5<\/strong><br \/>\n<strong>Fecha de revisi\u00f3n:<\/strong> <span itemprop=\"datePublished\" content=\"2016-05-22\">22\/05\/2016<\/span>\n<\/div>\n<p>M\u00e1s sobre <a href=\"https:\/\/moverdb.com\/es\/mudanzas-internacionales\/\">Empresas de mudanzas del Reino Unido<\/a> y nuestro <a href=\"https:\/\/moverdb.com\/es\/resenas\/\">proceso de revisi\u00f3n explicado<\/a>.<\/p>\n<p><strong>P\u00e1gina web:<\/strong> <a href=\"http:\/\/www.santaferelo.com\/\" target=\"_blank\" rel=\"noopener\">http:\/\/www.santaferelo.com\/<\/a><\/p>","protected":false},"excerpt":{"rendered":"<p>Santa Fe Relocation Services is a high-end relocation company. It&#8217;s many removal services are listed below, together with a company profile and customer reviews. Global Mobility Services Global relocation and DSP management worldwide Visa and immigration management Move management for individuals and corporate employees Moving and Storage Services International Moving Domestic and Local Moving Storage [&hellip;]<\/p>\n","protected":false},"author":1,"featured_media":0,"parent":0,"menu_order":0,"comment_status":"closed","ping_status":"closed","template":"","meta":{"_genesis_hide_title":false,"_genesis_hide_breadcrumbs":false,"_genesis_hide_singular_image":false,"_genesis_hide_footer_widgets":false,"_genesis_custom_body_class":"","_genesis_custom_post_class":"","_genesis_layout":"","footnotes":""},"class_list":{"0":"post-347","1":"page","2":"type-page","3":"status-publish","5":"entry"},"_links":{"self":[{"href":"https:\/\/moverdb.com\/es\/wp-json\/wp\/v2\/pages\/347","targetHints":{"allow":["GET"]}}],"collection":[{"href":"https:\/\/moverdb.com\/es\/wp-json\/wp\/v2\/pages"}],"about":[{"href":"https:\/\/moverdb.com\/es\/wp-json\/wp\/v2\/types\/page"}],"author":[{"embeddable":true,"href":"https:\/\/moverdb.com\/es\/wp-json\/wp\/v2\/users\/1"}],"replies":[{"embeddable":true,"href":"https:\/\/moverdb.com\/es\/wp-json\/wp\/v2\/comments?post=347"}],"version-history":[{"count":14,"href":"https:\/\/moverdb.com\/es\/wp-json\/wp\/v2\/pages\/347\/revisions"}],"predecessor-version":[{"id":6235,"href":"https:\/\/moverdb.com\/es\/wp-json\/wp\/v2\/pages\/347\/revisions\/6235"}],"wp:attachment":[{"href":"https:\/\/moverdb.com\/es\/wp-json\/wp\/v2\/media?parent=347"}],"curies":[{"name":"wp","href":"https:\/\/api.w.org\/{rel}","templated":true}]}}