{"id":3392,"date":"2019-09-20T11:37:54","date_gmt":"2019-09-20T11:37:54","guid":{"rendered":"https:\/\/moverdb.com\/?page_id=3392"},"modified":"2026-01-08T14:39:59","modified_gmt":"2026-01-08T14:39:59","slug":"international-van-lines","status":"publish","type":"page","link":"https:\/\/moverdb.com\/es\/international-van-lines\/","title":{"rendered":"International Van Lines (IVL): Rese\u00f1as sobre reubicaci\u00f3n y mudanza"},"content":{"rendered":"<p><img loading=\"lazy\" decoding=\"async\" width=\"700\" height=\"158\" src=\"https:\/\/moverdb.com\/wp-content\/uploads\/International-Van-Lines-Logo.png\" alt=\"Logotipo de International Van Lines\" class=\"aligncenter size-full wp-image-3389\" data-wp-pid=\"3389\" srcset=\"https:\/\/moverdb.com\/wp-content\/uploads\/International-Van-Lines-Logo.png 700w, https:\/\/moverdb.com\/wp-content\/uploads\/International-Van-Lines-Logo-300x68.png 300w, https:\/\/moverdb.com\/wp-content\/uploads\/International-Van-Lines-Logo-600x135.png 600w\" sizes=\"auto, (max-width: 700px) 100vw, 700px\" \/><\/p>\n<p>International Van Lines es una empresa de mudanzas con sede en Estados Unidos, fundada en el a\u00f1o 2000, y es ahora una de las mayores <a href=\"https:\/\/moverdb.com\/es\/moving-companies\/\" data-internallinksmanager029f6b8e52c=\"79\" title=\"Las 25 mejores empresas de mudanzas internacionales en l\u00ednea\">empresas de mudanzas internacionales<\/a> en el mundo. Han sido calificados como La Mejor Empresa de Mudanzas por Consumer Advocate en 2017, 2018 y 2019.<\/p>\n<p>Estos son algunos de los servicios que prestan:<\/p>\n<p><a href=\"https:\/\/moverdb.com\/es\/transporte-de-contenedores\/\"><strong>Env\u00edo de contenedores completos (FCL)<\/strong><\/a><\/p>\n<ul>\n<li> Contenedores secos<\/li>\n<li> Opciones de 20\u2032 y 40\u2032 disponibles<\/li>\n<li> Servicio puerta a puerta o carga viva (bricolaje)<\/li>\n<li> Con licencia de la Comisi\u00f3n Federal Mar\u00edtima como <a href=\"https:\/\/moverdb.com\/es\/freight-forwarder\/\" data-internallinksmanager029f6b8e52c=\"17\" title=\"Gu\u00eda de empresas y costes internacionales de transitarios y NVOCC\">transportista<\/a>.<\/li>\n<\/ul>\n<p><strong>Transporte mar\u00edtimo de mercanc\u00edas<\/strong><\/p>\n<ul>\n<li> De puerta a puerta<\/li>\n<li> Puerta a <a href=\"https:\/\/moverdb.com\/es\/top-49-container-ports\/\" data-internallinksmanager029f6b8e52c=\"80\" title=\"Los 49 puertos de contenedores m\u00e1s grandes y activos en 2025\">Puerto<\/a><\/li>\n<li> De puerto a puerta<\/li>\n<li> De puerto a puerto<\/li>\n<\/ul>\n<p><strong>Servicios de transporte a\u00e9reo<\/strong><\/p>\n<ul>\n<li> Manejar tanto la carga a\u00e9rea como el env\u00edo expr\u00e9s<\/li>\n<li> \u00bfPueden unas pocas cajas de env\u00edo o un hogar entero<\/li>\n<li> Ofrecer servicios puerta a puerta, puerta a terminal, terminal a puerta o terminal a terminal<\/li>\n<li> Todo el menaje ser\u00e1 retractilado y colocado en pal\u00e9s antes de ser cargado<\/li>\n<li> Ocuparse de todo el papeleo necesario para el despacho de aduanas<\/li>\n<\/ul>\n<p><a href=\"https:\/\/moverdb.com\/es\/transporte-embarque-de-coches\/\"><strong>Env\u00edo de autom\u00f3viles<\/strong><\/a><\/p>\n<ul>\n<li> <a href=\"https:\/\/moverdb.com\/es\/container-shipping\/\" data-internallinksmanager029f6b8e52c=\"3\" title=\"Tabla de tarifas de transporte mar\u00edtimo internacional de contenedores: Abril 2026\">Env\u00edo de contenedores<\/a><\/li>\n<li> Servicio de consolidaci\u00f3n<\/li>\n<li> Roll on Roll off (RO\/RO)<\/li>\n<li> Documentaci\u00f3n para el despacho de aduanas<\/li>\n<li> Opciones de seguro<\/li>\n<\/ul>\n<p><strong>Servicios de mudanza de larga distancia<\/strong><\/p>\n<ul>\n<li> Para los traslados dentro del <a href=\"https:\/\/moverdb.com\/es\/moving-to-the-united-states\/\" data-internallinksmanager029f6b8e52c=\"94\" title=\"\u00bfSe muda a Estados Unidos? 2026 Costes de vida y consejos de reubicaci\u00f3n\">Estados Unidos<\/a><\/li>\n<li> Embalaje<\/li>\n<li> Almacenamiento<\/li>\n<li> Embalaje<\/li>\n<li> Servicios especializados<\/li>\n<\/ul>\n<p><strong>Otros servicios<\/strong><\/p>\n<ul>\n<li> Traslado de empresas<\/li>\n<li> Mudanzas de oficina<\/li>\n<li> Movimientos gubernamentales y militares<\/li>\n<li> Servicios del transportista y del corredor<\/li>\n<\/ul>\n<h2>Perfil de la empresa International Van Lines<\/h2>\n<p>International Van Lines afirma que realiza m\u00e1s de 10.000 mudanzas al a\u00f1o con un \u00edndice de quejas inferior al 1%. Cubren todo Estados Unidos y m\u00e1s de 180 pa\u00edses. Llevan en el negocio de las mudanzas internacionales desde el a\u00f1o 2000 y se ampliaron para ofrecer mudanzas nacionales de larga distancia en 2004. Actualmente emplean a m\u00e1s de 200 personas y estuvieron en la lista INC 5000 de empresas de m\u00e1s r\u00e1pido crecimiento en los Estados Unidos en 2012. <\/p>\n<p>International Van Lines tambi\u00e9n tiene excelentes cr\u00edticas de <a href=\"https:\/\/uk.trustpilot.com\/review\/www.internationalvanlines.com\" rel=\"noopener noreferrer\" target=\"_blank\">Trustpilot<\/a> (4,3 sobre 5), <a href=\"https:\/\/www.move.org\/international-van-lines-review\/\" rel=\"noopener noreferrer\" target=\"_blank\">Mover.org<\/a> (4,7 sobre 5) y <a href=\"https:\/\/www.consumeraffairs.com\/homeowners\/international-van-lines.html\" rel=\"noopener noreferrer\" target=\"_blank\">Asuntos de los consumidores<\/a> (4 de 5). Por lo tanto, si se va a trasladar a o desde los Estados Unidos, merece la pena pedirles un presupuesto.<\/p>\n<p>Est\u00e1n acreditados como:<\/p>\n<ul>\n<li> Con licencia <a href=\"https:\/\/safer.fmcsa.dot.gov\/query.asp?searchtype=ANY&#038;query_type=queryCarrierSnapshot&#038;query_param=USDOT&#038;query_string=2293832\" rel=\"noopener noreferrer\" target=\"_blank\">Transportista DOT<\/a><\/li>\n<li> <a href=\"https:\/\/moverdb.com\/es\/transitario\/\">NVOCC<\/a> (transportista com\u00fan que no opera con buques) licencia<\/li>\n<li> FMC (Comisi\u00f3n Mar\u00edtima Federal) <\/li>\n<li> <a href=\"https:\/\/moverdb.com\/es\/rim-promover\/\">ProMover<\/a><\/li>\n<\/ul>\n<h2>Opiniones de International Van Lines<\/h2>\n<p><strong>Positivo:<\/strong><\/p>\n<ul>\n<li> <em>\"IVL hizo un gran trabajo con mi mudanza de larga distancia. El equipo fue puntual, empac\u00f3 bien e hizo lo que dijo que har\u00eda. Volver\u00eda a utilizarlos si fuera necesario\".<\/em> - Martha B. a trav\u00e9s de la p\u00e1gina web de la empresa<\/li>\n<li> <em>\"International Van Lines entreg\u00f3 recientemente mis cosas. Despu\u00e9s de la inspecci\u00f3n, no tuve ning\u00fan da\u00f1o o p\u00e9rdida, lo cual es excelente\".<\/em> - IVY Powers v\u00eda Move.org <\/li>\n<li> <em>\"Qued\u00e9 contento con la experiencia con IVL y los tendr\u00eda en cuenta si tuviera que hacer un env\u00edo o una mudanza al extranjero\".<\/em> - Jeff a trav\u00e9s de Consumo<\/li>\n<li> <em>\"\u00a1En general mi experiencia fue genial! Volver\u00eda a trabajar con ellos si fuera necesario\".<\/em> - Sade v\u00eda Trustpliot<\/li>\n<\/ul>\n<p><strong>Negativo:<\/strong><\/p>\n<ul>\n<li> <em>\"Estoy m\u00e1s que decepcionado y nunca recomendar\u00eda International Van Lines a nadie\".<\/em> - Ezeibe v\u00eda Trustpilot<\/li>\n<li> <em>\"Perdieron una alfombra y otras cosas\".<\/em> - Perro Maritini v\u00eda Move.org<\/li>\n<li> <em>\"Mala comunicaci\u00f3n en la parte delantera sobre cu\u00e1ndo iban a trasladar realmente nuestras cosas a nuestra nueva casa\"<\/em> - Erin a trav\u00e9s de Consumo<\/li>\n<\/ul>\n<div itemprop=\"review\" itemscope itemtype=\"http:\/\/schema.org\/Review\">\n<span itemprop=\"author\" itemscope=\"\" itemtype=\"http:\/\/schema.org\/Organization\"><span itemprop=\"name\">MoverDB.com<\/span><\/span> Revisi\u00f3n del sitio web en l\u00ednea para <span itemprop=\"itemreviewed\" itemscope=\"\" itemtype=\"http:\/\/schema.org\/Brand\"><span itemprop=\"name\">L\u00edneas internacionales de furgonetas<\/span><\/span>:<\/p>\n<ol>\n<li> Datos de contacto claros en el sitio web (incluido el n\u00famero de tel\u00e9fono): <strong>S\u00ed<\/strong><\/li>\n<li> F\u00e1cil de conseguir <a href=\"https:\/\/moverdb.com\/es\/citas\/\">presupuestos de mudanzas internacionales<\/a>? (Formulario de solicitud de presupuesto en l\u00ednea): <strong>S\u00ed<\/strong><\/li>\n<li> Informaci\u00f3n clara en el sitio web: <strong>S\u00ed.<\/strong> El sitio web expone claramente todos los servicios que ofrece la empresa.<\/li>\n<li> Pertenencia a organizaciones de mudanzas reconocidas internacionalmente: <strong>S\u00ed<\/strong>(v\u00e9ase m\u00e1s arriba)<\/li>\n<li> Lista de clientes y\/o testimonios de clientes anteriores. <strong>S\u00ed,<\/strong> Tienen rese\u00f1as en l\u00ednea en su sitio y tambi\u00e9n tienen muchas rese\u00f1as positivas en l\u00ednea.<\/li>\n<\/ol>\n<div itemprop=\"reviewRating\" itemscope itemtype=\"http:\/\/schema.org\/Rating\"><meta itemprop=\"worstRating\" content = \"0\" \/><meta itemprop=\"bestRating\" content=\"5\" \/><meta itemprop=\"ratingValue\" content=\"5\"><\/div>\n<p><strong>Puntuaci\u00f3n global: 5\/5<\/strong><br \/>\n<strong>Fecha de revisi\u00f3n:<\/strong> <span itemprop=\"datePublished\" content=\"2019-09-20\">20\/09\/2019<\/span>\n<\/div>\n<p>M\u00e1s informaci\u00f3n <a href=\"https:\/\/moverdb.com\/es\/empresas-de-mudanzas\/\">empresas de mudanzas internacionales<\/a>, <a href=\"https:\/\/moverdb.com\/es\/us-canada-movers\/\">empresas de mudanzas nacionales<\/a> y nuestro <a href=\"https:\/\/moverdb.com\/es\/resenas\/\">proceso de revisi\u00f3n explicado<\/a>.<\/p>\n<p><strong>P\u00e1gina web:<\/strong> <a href=\"https:\/\/internationalvanlines.com\/\" target=\"_blank\" rel=\"noopener noreferrer\">https:\/\/internationalvanlines.com\/<\/a><\/p>","protected":false},"excerpt":{"rendered":"<p>International Van Lines is an American based mover founded in 2000 and is now one the largest international moving companies in the world. They have been rated as The Best Moving Company by Consumer Advocate in 2017, 2018 and 2019. Here are some of the services they provide: Full Container Load (FCL) Shipping Dry Containers [&hellip;]<\/p>\n","protected":false},"author":1,"featured_media":0,"parent":0,"menu_order":0,"comment_status":"closed","ping_status":"closed","template":"","meta":{"_genesis_hide_title":false,"_genesis_hide_breadcrumbs":false,"_genesis_hide_singular_image":false,"_genesis_hide_footer_widgets":false,"_genesis_custom_body_class":"","_genesis_custom_post_class":"","_genesis_layout":"","footnotes":""},"class_list":{"0":"post-3392","1":"page","2":"type-page","3":"status-publish","5":"entry","6":"has-post-thumbnail"},"_links":{"self":[{"href":"https:\/\/moverdb.com\/es\/wp-json\/wp\/v2\/pages\/3392","targetHints":{"allow":["GET"]}}],"collection":[{"href":"https:\/\/moverdb.com\/es\/wp-json\/wp\/v2\/pages"}],"about":[{"href":"https:\/\/moverdb.com\/es\/wp-json\/wp\/v2\/types\/page"}],"author":[{"embeddable":true,"href":"https:\/\/moverdb.com\/es\/wp-json\/wp\/v2\/users\/1"}],"replies":[{"embeddable":true,"href":"https:\/\/moverdb.com\/es\/wp-json\/wp\/v2\/comments?post=3392"}],"version-history":[{"count":3,"href":"https:\/\/moverdb.com\/es\/wp-json\/wp\/v2\/pages\/3392\/revisions"}],"predecessor-version":[{"id":3396,"href":"https:\/\/moverdb.com\/es\/wp-json\/wp\/v2\/pages\/3392\/revisions\/3396"}],"wp:attachment":[{"href":"https:\/\/moverdb.com\/es\/wp-json\/wp\/v2\/media?parent=3392"}],"curies":[{"name":"wp","href":"https:\/\/api.w.org\/{rel}","templated":true}]}}