{"id":320,"date":"2016-05-17T21:20:57","date_gmt":"2016-05-17T21:20:57","guid":{"rendered":"http:\/\/moverdb.com\/?page_id=320"},"modified":"2026-01-08T14:40:08","modified_gmt":"2026-01-08T14:40:08","slug":"matthew-james","status":"publish","type":"page","link":"https:\/\/moverdb.com\/es\/matthew-james\/","title":{"rendered":"Matthew James Global Relocations"},"content":{"rendered":"<p>Matthew James Global Relocations es una empresa privada que ofrece numerosos servicios para particulares y empresas que se trasladan al extranjero y a nivel local. Sus servicios se enumeran a continuaci\u00f3n, junto con un perfil de la empresa y rese\u00f1as.<\/p>\n<p><strong>Traslados internacionales<\/strong><\/p>\n<ul>\n<li> Servicio completo puerta a puerta<\/li>\n<li> Servicios de embalaje y envasado para la exportaci\u00f3n<\/li>\n<li> Servicios de desembalaje y montaje<\/li>\n<li> <a href=\"https:\/\/moverdb.com\/es\/container-shipping\/\" data-internallinksmanager029f6b8e52c=\"3\" title=\"Tabla de tarifas de transporte mar\u00edtimo internacional de contenedores: Abril 2026\">Env\u00edos internacionales<\/a> inventario<\/li>\n<li> Env\u00edos dedicados y de grupaje<\/li>\n<li> Asistencia en el despacho de aduanas<\/li>\n<li> Embalaje a medida para art\u00edculos fr\u00e1giles y delicados<\/li>\n<li> Seguro internacional de alta mar<\/li>\n<li> Cobertura del seguro general<\/li>\n<\/ul>\n<p><strong>Reubicaciones en Europa<\/strong><\/p>\n<ul>\n<li> Servicio completo puerta a puerta<\/li>\n<li> Embalaje, embalaje y desembalaje<\/li>\n<li> <a href=\"https:\/\/moverdb.com\/es\/transporte-embarque-de-coches\/\">Veh\u00edculo<\/a>Transporte en barco y en bicicleta<\/li>\n<li> Seguro contratado<\/li>\n<\/ul>\n<p><strong>Mudanzas dom\u00e9sticas<\/strong><\/p>\n<ul>\n<li> Servicio completo puerta a puerta<\/li>\n<li> Embalaje, embalaje y desembalaje<\/li>\n<li> Asegurado autom\u00e1ticamente hasta 50.000 libras esterlinas<\/li>\n<\/ul>\n<p><strong>Almacenamiento en Londres y <a href=\"https:\/\/moverdb.com\/es\/moving-to-spain\/\" data-internallinksmanager029f6b8e52c=\"266\" title=\"\u00bfSe muda a Espa\u00f1a? 2026 Coste de la vida y consejos de reubicaci\u00f3n\">Espa\u00f1a<\/a><\/strong><\/p>\n<ul>\n<li> Almacenamiento en contenedores<\/li>\n<li> Autoalmacenamiento<\/li>\n<li> Almacenamiento de archivos<\/li>\n<\/ul>\n<h2>Perfil de la empresa Matthew James<\/h2>\n<p>Matthew James Global Relocations lleva tres generaciones trasladando personas por todo el mundo. Cubren m\u00e1s de 25.000 destinos en m\u00e1s de 300 pa\u00edses a trav\u00e9s de asociaciones globales de confianza. La empresa est\u00e1 especializada en mudanzas a Espa\u00f1a y cuenta con tres oficinas en el pa\u00eds.<\/p>\n<p>El actual director general, Matthew De-Machen, siente pasi\u00f3n por los camiones desde que era un ni\u00f1o y esto se ha integrado en la empresa. <\/p>\n<p>La empresa se ha hecho famosa por sus veh\u00edculos personalizados de alta calidad e incluso hay veh\u00edculos modelo disponibles para comprar. La pasi\u00f3n de Matthew De-Machen por la perfecci\u00f3n en los camiones se ha trasladado a Matthew James, donde la empresa afirma que solo se puede alcanzar la perfecci\u00f3n.<\/p>\n<p>Afiliaciones y acreditaciones de Matthew James Relocation Services:<\/p>\n<ul>\n<li> <a href=\"https:\/\/moverdb.com\/es\/british-association-of-removers\/\">Asociaci\u00f3n Brit\u00e1nica de Empresas de Mudanzas (BAR)<\/a><\/li>\n<li> <a href=\"https:\/\/moverdb.com\/es\/soy\/\">Asociaci\u00f3n Internacional de Empresas de Mudanzas (IAM)<\/a><\/li>\n<li> <a href=\"https:\/\/moverdb.com\/es\/bar-overseas\/\">Asociaci\u00f3n Brit\u00e1nica de Empresas de Mudanzas - Asociado Internacional<\/a><\/li>\n<li> QAS Internacional<\/li>\n<li> <a href=\"https:\/\/moverdb.com\/es\/fedemac\/\">Fedemac European Movers<\/a><\/li>\n<li> Esquema de reconocimiento de operadores de flotas (FORS) - Oro<\/li>\n<li> Est\u00e1ndar de servicio de calidad garantizada - Actividades de mudanza de muebles y servicios de mudanza al extranjero<\/li>\n<li> Instituto de Normas Comerciales (TSI)<\/li>\n<\/ul>\n<h2>Opiniones de Matthew James Relocation<\/h2>\n<p><strong>Positivo<\/strong><\/p>\n<ul>\n<li> <em>\"Muy amables en ambos extremos de la mudanza. Todas nuestras pertenencias parecen haber sobrevivido al viaje\"<\/em> - a trav\u00e9s de <a href=\"http:\/\/www.referenceline.com\/removers_removals-in-dartford-matthewjamesremovalsstorageltd-14758\" target=\"_blank\" rel=\"noopener\">L\u00ednea de referencia<\/a>.<\/li>\n<li> <em>\"profesional, cort\u00e9s, eficiente, alegre\"<\/em> - a trav\u00e9s de <a href=\"https:\/\/www.trustedmover.org\/questionnaire\/7167\" target=\"_blank\" rel=\"noopener\">Empresa de mudanzas de confianza<\/a><\/li>\n<li> <em>\"No tengo m\u00e1s que elogios para la forma maravillosa en que el personal de Mathew James manej\u00f3 mi mudanza, desde la consulta inicial, el presupuesto y el embalaje hasta la entrega\".<\/em> - a trav\u00e9s de <a href=\"http:\/\/www.reviews.co.uk\/company-reviews\/store\/matthew-james-removals\" target=\"_blank\" rel=\"noopener\">Rese\u00f1as.es<\/a><\/li>\n<\/ul>\n<p><strong>Negativo<\/strong><\/p>\n<ul>\n<li> <em>\"Desprecio total por los clientes y falta absoluta de atenci\u00f3n\".<\/em> - a trav\u00e9s de <a href=\"https:\/\/www.yell.com\/biz\/matthew-james-removals-and-storage-dartford-8459632\/\" target=\"_blank\" rel=\"noopener\">Grita<\/a><\/li>\n<\/ul>\n<div itemprop=\"review\" itemscope itemtype=\"http:\/\/schema.org\/Review\">\n<span itemprop=\"author\" itemscope=\"\" itemtype=\"http:\/\/schema.org\/Organization\"><span itemprop=\"name\">MoverDB.com<\/span><\/span> Revisi\u00f3n del sitio web en l\u00ednea para <span itemprop=\"itemreviewed\" itemscope=\"\" itemtype=\"http:\/\/schema.org\/Brand\"><span itemprop=\"name\">Mudanzas Matthew James<\/span><\/span>:<\/p>\n<ol>\n<li> Datos de contacto claros en el sitio web (incluido el n\u00famero de tel\u00e9fono): <strong>S\u00ed<\/strong><\/li>\n<li> F\u00e1cil de conseguir <a href=\"https:\/\/moverdb.com\/es\/citas\/\">presupuestos de mudanzas internacionales<\/a>? (Formulario de solicitud de presupuesto en l\u00ednea): <strong>S\u00ed<\/strong><\/li>\n<li> Informaci\u00f3n clara en el sitio web: <strong>Parcial.<\/strong> El sitio web no contiene mucha informaci\u00f3n \u00fatil y le sugiere que se ponga en contacto con la empresa para obtener detalles.<\/li>\n<li> Pertenencia a organizaciones de mudanzas reconocidas internacionalmente: <strong>S\u00ed<\/strong>, v\u00e9ase m\u00e1s arriba.<\/li>\n<li> Lista de clientes y\/o testimonios de clientes anteriores: <strong>Parcial.<\/strong> No hay una lista de clientes en el sitio, sin embargo, se le dirige a ReferenceLine para ver los testimonios.<\/li>\n<\/ol>\n<div itemprop=\"reviewRating\" itemscope itemtype=\"http:\/\/schema.org\/Rating\"><meta itemprop=\"worstRating\" content = \"0\" \/><meta itemprop=\"bestRating\" content=\"5\" \/><meta itemprop=\"ratingValue\" content=\"4.5\"><\/div>\n<p><strong>Puntuaci\u00f3n global: 4,5\/5<\/strong><br \/>\n<strong>Fecha de revisi\u00f3n:<\/strong> <span itemprop=\"datePublished\" content=\"2016-05-017\">17\/05\/2016<\/span><\/p>\n<\/div>\n<p>M\u00e1s sobre <a href=\"https:\/\/moverdb.com\/es\/mudanzas-internacionales\/\">Empresas de mudanzas del Reino Unido<\/a> y nuestro <a href=\"https:\/\/moverdb.com\/es\/resenas\/\">proceso de revisi\u00f3n explicado<\/a>.<\/p>\n<p><strong>P\u00e1gina web:<\/strong> <a href=\"http:\/\/www.matthewjamesremovals.com\/\" target=\"_blank\" rel=\"noopener\">http:\/\/www.matthewjamesremovals.com\/<\/a><\/p>","protected":false},"excerpt":{"rendered":"<p>Matthew James Global Relocations is a privately owned company which offers many services for individuals and companies moving abroad and locally. Its services are listed below, together with a company profile and reviews. International Relocations Complete door to door service Export packing and wrapping services Unpacking and reassembly services International shipping inventory Dedicated and Groupage [&hellip;]<\/p>\n","protected":false},"author":1,"featured_media":0,"parent":0,"menu_order":0,"comment_status":"closed","ping_status":"closed","template":"","meta":{"_genesis_hide_title":false,"_genesis_hide_breadcrumbs":false,"_genesis_hide_singular_image":false,"_genesis_hide_footer_widgets":false,"_genesis_custom_body_class":"","_genesis_custom_post_class":"","_genesis_layout":"","footnotes":""},"class_list":{"0":"post-320","1":"page","2":"type-page","3":"status-publish","5":"entry"},"_links":{"self":[{"href":"https:\/\/moverdb.com\/es\/wp-json\/wp\/v2\/pages\/320","targetHints":{"allow":["GET"]}}],"collection":[{"href":"https:\/\/moverdb.com\/es\/wp-json\/wp\/v2\/pages"}],"about":[{"href":"https:\/\/moverdb.com\/es\/wp-json\/wp\/v2\/types\/page"}],"author":[{"embeddable":true,"href":"https:\/\/moverdb.com\/es\/wp-json\/wp\/v2\/users\/1"}],"replies":[{"embeddable":true,"href":"https:\/\/moverdb.com\/es\/wp-json\/wp\/v2\/comments?post=320"}],"version-history":[{"count":12,"href":"https:\/\/moverdb.com\/es\/wp-json\/wp\/v2\/pages\/320\/revisions"}],"predecessor-version":[{"id":13173,"href":"https:\/\/moverdb.com\/es\/wp-json\/wp\/v2\/pages\/320\/revisions\/13173"}],"wp:attachment":[{"href":"https:\/\/moverdb.com\/es\/wp-json\/wp\/v2\/media?parent=320"}],"curies":[{"name":"wp","href":"https:\/\/api.w.org\/{rel}","templated":true}]}}