{"id":303,"date":"2016-05-03T20:16:23","date_gmt":"2016-05-03T20:16:23","guid":{"rendered":"http:\/\/moverdb.com\/?page_id=303"},"modified":"2026-01-08T13:18:30","modified_gmt":"2026-01-08T13:18:30","slug":"harrow-green","status":"publish","type":"page","link":"https:\/\/moverdb.com\/es\/harrow-green\/","title":{"rendered":"Rese\u00f1as de Mudanzas Internacionales Harrow Green"},"content":{"rendered":"<p>Harrow Green se especializa principalmente en mudanzas de empresas, tanto nacionales como internacionales. A continuaci\u00f3n se muestran sus principales servicios junto con las rese\u00f1as sobre la empresa.<\/p>\n<h2>Servicios de Mudanzas Harrow Green<\/h2>\n<p><strong>Mudanzas internacionales<\/strong><\/p>\n<ul>\n<li> Servicios de embalaje<\/li>\n<li> Transporte<\/li>\n<li> Servicios de almacenamiento<\/li>\n<li> Paquete de destino<\/li>\n<li> Seguros<\/li>\n<li> Servicios en destino, como manitas, b\u00fasqueda de vivienda y traslado de mascotas<\/li>\n<\/ul>\n<p><strong>Mudanzas de empresas<\/strong><\/p>\n<ul>\n<li> Planificaci\u00f3n del espacio<\/li>\n<li> Suministro de muebles nuevos<\/li>\n<li> Desmontaje y montaje del mobiliario existente<\/li>\n<li> Eliminaci\u00f3n ecol\u00f3gica de equipos no deseados<\/li>\n<li> Programas de reciclaje y reutilizaci\u00f3n<\/li>\n<li> Soluciones de almacenamiento externo<\/li>\n<li> Alquiler de cajas<\/li>\n<\/ul>\n<p><strong>Desplazamiento tecnol\u00f3gico<\/strong><\/p>\n<ul>\n<li> El servicio principal incluye PCs, estaciones de trabajo y todos los perif\u00e9ricos (como impresoras y esc\u00e1neres), as\u00ed como equipos de voz y datos de sobremesa<\/li>\n<li> Auditor\u00eda detallada previa a la mudanza<\/li>\n<li> Actualizaciones del sistema<\/li>\n<\/ul>\n<p><strong>Reciclaje y reutilizaci\u00f3n<\/strong><\/p>\n<ul>\n<li> Donaci\u00f3n ben\u00e9fica<\/li>\n<li> Reventa<\/li>\n<li> Renovaci\u00f3n<\/li>\n<li> Reciclaje<\/li>\n<li> Liquidaci\u00f3n de la oficina<\/li>\n<\/ul>\n<p><strong>Servicios de almacenamiento<\/strong><\/p>\n<ul>\n<li> Guardamuebles<\/li>\n<li> Control y gesti\u00f3n de las existencias<\/li>\n<li> Patrimonio y almacenamiento especializado<\/li>\n<\/ul>\n<p><strong>Gesti\u00f3n de registros<\/strong><\/p>\n<ul>\n<li> Almacenamiento de documentos<\/li>\n<li> Seguimiento de documentos en l\u00ednea<\/li>\n<li> Escaneado bajo demanda<\/li>\n<li> Seguridad en el almacenamiento de documentos<\/li>\n<li> Seguridad del patrimonio<\/li>\n<li> Almacenamiento en la nube<\/li>\n<li> Almacenamiento en cinta<\/li>\n<li> Oficina en casa y personal<\/li>\n<\/ul>\n<h2>Perfil de la empresa Harrow Green<\/h2>\n<p>Harrow Green cuenta con tres d\u00e9cadas de experiencia en el traslado de empresas y ha ampliado sus servicios a lo largo de los a\u00f1os para satisfacer las necesidades de los clientes y de sus organizaciones en crecimiento. <\/p>\n<p>Se describen a s\u00ed mismos como la empresa comercial n\u00famero uno. Harrow Green ha sido un socio de prestaci\u00f3n de servicios totalmente integrado de UBS durante 20 a\u00f1os.<\/p>\n<p>La empresa comenz\u00f3 en la d\u00e9cada de 1980 gestionando traslados inform\u00e1ticos, a\u00f1adiendo una divisi\u00f3n de gesti\u00f3n de archivos y traslados internacionales en la d\u00e9cada de 1990. Harrow Green se centra principalmente en las mudanzas de empresas, sobre todo corporativas, p\u00fablicas y de PYMES. <\/p>\n<p>Sin embargo, ofrece servicios personales limitados. <\/p>\n<p>Harrow Green forma parte de Restore plc desde febrero de 2012, una empresa que pretende ser l\u00edder en el mercado <a href=\"https:\/\/moverdb.com\/es\/moving-to-the-uk\/\" data-internallinksmanager029f6b8e52c=\"93\" title=\"\u00bfSe muda al Reino Unido? 2026 Costes de vida y consejos de reubicaci\u00f3n\">REINO UNIDO<\/a> grupo de servicios de oficina. Restore plc es una empresa de servicios de apoyo que cotiza en el AIM y que sali\u00f3 a bolsa en 2004.<\/p>\n<p><strong>Premios<\/strong><\/p>\n<ul>\n<li> Finalista de los Premios a la Asociaci\u00f3n PFM<\/li>\n<li> Empresa de mudanzas comerciales del a\u00f1o 2014<\/li>\n<li> Premio a la mejor innovaci\u00f3n en servicios de FM<\/li>\n<li> Premio BIFM al mejor patrocinador corporativo<\/li>\n<li> Nombrado \"one to watch\" por Best Companies<\/li>\n<li> Preseleccionado para un EMMA en el <a href=\"https:\/\/moverdb.com\/es\/moving-companies\/\" data-internallinksmanager029f6b8e52c=\"79\" title=\"Las 25 mejores empresas de mudanzas internacionales en l\u00ednea\">Empresa de mudanzas internacionales<\/a> de la categor\u00eda del a\u00f1o<\/li>\n<li> Finalista en la categor\u00eda de Aprendizaje y Desarrollo Profesional de los Premios BIFM 2015<\/li>\n<li> Finalista de los Premios Empresariales de la C\u00e1mara de Comercio del Este de Londres\/Docklands<\/li>\n<li> Vendedor del a\u00f1o de UBS<\/li>\n<li> Finalistas a la excelencia en el servicio al cliente en <a href=\"\" data-internallinksmanager029f6b8e52c=\"34\" title=\"Birmingham\">Birmingham<\/a> Premios empresariales de la C\u00e1mara de Comercio.<\/li>\n<\/ul>\n<p><strong>Afiliaci\u00f3n y certificados<\/strong> <\/p>\n<ul>\n<li> Norma de excelencia en el servicio al cliente de SGS<\/li>\n<li> Certificado BS 8522<\/li>\n<li> Sistemas de gesti\u00f3n de la calidad ISO 9001 - Cert FS 34113<\/li>\n<li> <a href=\"https:\/\/moverdb.com\/es\/fidi-faim\/\">Certificaci\u00f3n FIDI FAIMPlus<\/a><\/li>\n<li> Aprobado por JAUPT para impartir formaci\u00f3n<\/li>\n<li> Certificado Achilles\/UVDB (categor\u00eda B2)<\/li>\n<li> Certificado de conformidad con el esquema de cumplimiento del sector de contratistas seguros<\/li>\n<li> Certificado de conformidad con el esquema de cumplimiento del sector CHAS<\/li>\n<li> Certificado de conformidad con el esquema de cumplimiento del sector de la construcci\u00f3n<\/li>\n<li> Miembro corporativo del Instituto Brit\u00e1nico de Gesti\u00f3n de Instalaciones<\/li>\n<li> Socio estrat\u00e9gico de O'Neil para los sistemas de gesti\u00f3n de registros<\/li>\n<li> Miembro de <a href=\"https:\/\/moverdb.com\/es\/british-association-of-removers\/\">BAR, la Asociaci\u00f3n Brit\u00e1nica de Empresas de Mudanzas<\/a><\/li>\n<li> <a href=\"https:\/\/moverdb.com\/es\/bar-overseas\/\">Grupo BAR Overseas<\/a><\/li>\n<li> <a href=\"https:\/\/moverdb.com\/es\/fidi-faim\/\">Miembro de la FIDI<\/a>la organizaci\u00f3n que representa a los promotores mundiales<\/li>\n<li> Miembro de RoSPA - La Real Sociedad para la Prevenci\u00f3n de Accidentes<\/li>\n<li> <a href=\"https:\/\/moverdb.com\/es\/soy\/\">Miembro de IAM - la Asociaci\u00f3n Internacional de Empresas de Mudanzas<\/a><\/li>\n<li> Miembro autorizado y agente de The <a href=\"https:\/\/moverdb.com\/es\/british-association-of-removers\/\" data-internallinksmanager029f6b8e52c=\"9\" title=\"Explicaci\u00f3n de la Asociaci\u00f3n Brit\u00e1nica de Empresas de Mudanzas (BAR)\">Asociaci\u00f3n Brit\u00e1nica de Empresas de Mudanzas<\/a> DBA el <a href=\"https:\/\/moverdb.com\/es\/mtc\/\">Movers Trading Club<\/a> (<a href=\"https:\/\/moverdb.com\/es\/mtc\/\" data-internallinksmanager029f6b8e52c=\"30\" title=\"Explicaci\u00f3n del Movers Trading Club (MTC)\">MTC<\/a>)<\/li>\n<\/ul>\n<h2>Rese\u00f1as de Mudanzas Harrow Green<\/h2>\n<div itemprop=\"review\" itemscope itemtype=\"http:\/\/schema.org\/Review\">\n<span itemprop=\"author\" itemscope=\"\" itemtype=\"http:\/\/schema.org\/Organization\"><span itemprop=\"name\">MoverDB.com<\/span><\/span> Revisi\u00f3n del sitio web en l\u00ednea para <span itemprop=\"itemreviewed\" itemscope=\"\" itemtype=\"http:\/\/schema.org\/Brand\"><span itemprop=\"name\">Harrow Green<\/span><\/span>:<\/p>\n<ol>\n<li> \u00bfDatos de contacto claros en el sitio web (incluido el n\u00famero de tel\u00e9fono)? <strong>S\u00ed<\/strong><\/li>\n<li> F\u00e1cil de conseguir <a href=\"https:\/\/moverdb.com\/es\/citas\/\">presupuestos de mudanzas internacionales<\/a>? (Formulario de solicitud de presupuesto en l\u00ednea): <strong>Parcialmente<\/strong>Hay un formulario de correo electr\u00f3nico, pero no un formulario de presupuesto propiamente dicho.<\/li>\n<li> Informaci\u00f3n clara en el sitio web: <strong>S\u00ed<\/strong>El sitio web est\u00e1 bien dise\u00f1ado y es f\u00e1cil de entender y utilizar. Lo \u00fanico que falta es un formulario de precios\/presupuestos.<\/li>\n<li> Pertenencia a organizaciones de mudanzas reconocidas internacionalmente: <strong>S\u00ed<\/strong><\/li>\n<li> Lista de clientes y\/o testimonios de clientes anteriores: <strong>S\u00ed<\/strong><\/li>\n<\/ol>\n<div itemprop=\"reviewRating\" itemscope itemtype=\"http:\/\/schema.org\/Rating\"><meta itemprop=\"worstRating\" content = \"0\" \/><meta itemprop=\"bestRating\" content=\"5\" \/><meta itemprop=\"ratingValue\" content=\"4.5\"><\/div>\n<p><strong>Puntuaci\u00f3n global: 4,5\/5<\/strong><br \/>\n<strong>Fecha de revisi\u00f3n:<\/strong> <span itemprop=\"datePublished\" content=\"2018-01-15\">15\/01\/2018<\/span>\n<\/div>\n<p>M\u00e1s sobre <a href=\"https:\/\/moverdb.com\/es\/mudanzas-internacionales\/\">Empresas de mudanzas del Reino Unido<\/a> y nuestro <a href=\"https:\/\/moverdb.com\/es\/resenas\/\">proceso de revisi\u00f3n explicado<\/a>.<\/p>\n<p><strong>P\u00e1gina web:<\/strong> <a href=\"https:\/\/www.harrowgreeninternational.com\/\" target=\"_blank\" rel=\"noopener noreferrer\">https:\/\/www.harrowgreeninternational.com\/<\/a><\/p>","protected":false},"excerpt":{"rendered":"<p>Harrow Green specialise primarily in business removals, both domestic and international. Below are their core services along with reviews about the company. Harrow Green Removals Services International moving Packing services Transportation Storage services Destination package Insurance Destination services, such as handyman, home search and pet relocation Business removals Space planning New furniture supply Dismantling and [&hellip;]<\/p>\n","protected":false},"author":1,"featured_media":0,"parent":0,"menu_order":0,"comment_status":"closed","ping_status":"closed","template":"","meta":{"_genesis_hide_title":false,"_genesis_hide_breadcrumbs":false,"_genesis_hide_singular_image":false,"_genesis_hide_footer_widgets":false,"_genesis_custom_body_class":"","_genesis_custom_post_class":"","_genesis_layout":"","footnotes":""},"class_list":{"0":"post-303","1":"page","2":"type-page","3":"status-publish","5":"entry"},"_links":{"self":[{"href":"https:\/\/moverdb.com\/es\/wp-json\/wp\/v2\/pages\/303","targetHints":{"allow":["GET"]}}],"collection":[{"href":"https:\/\/moverdb.com\/es\/wp-json\/wp\/v2\/pages"}],"about":[{"href":"https:\/\/moverdb.com\/es\/wp-json\/wp\/v2\/types\/page"}],"author":[{"embeddable":true,"href":"https:\/\/moverdb.com\/es\/wp-json\/wp\/v2\/users\/1"}],"replies":[{"embeddable":true,"href":"https:\/\/moverdb.com\/es\/wp-json\/wp\/v2\/comments?post=303"}],"version-history":[{"count":13,"href":"https:\/\/moverdb.com\/es\/wp-json\/wp\/v2\/pages\/303\/revisions"}],"predecessor-version":[{"id":3300,"href":"https:\/\/moverdb.com\/es\/wp-json\/wp\/v2\/pages\/303\/revisions\/3300"}],"wp:attachment":[{"href":"https:\/\/moverdb.com\/es\/wp-json\/wp\/v2\/media?parent=303"}],"curies":[{"name":"wp","href":"https:\/\/api.w.org\/{rel}","templated":true}]}}