{"id":2804,"date":"2018-05-18T20:05:25","date_gmt":"2018-05-18T20:05:25","guid":{"rendered":"https:\/\/moverdb.com\/?page_id=2804"},"modified":"2026-01-08T14:48:10","modified_gmt":"2026-01-08T14:48:10","slug":"politica-de-procesamiento-de-datos","status":"publish","type":"page","link":"https:\/\/moverdb.com\/es\/data-processing-policy\/","title":{"rendered":"Pol\u00edtica de tratamiento de datos"},"content":{"rendered":"<p>Esta Pol\u00edtica de Tratamiento de Datos explica en lenguaje sencillo c\u00f3mo MoverDB.com procesa los datos para que puedas tomar una decisi\u00f3n informada sobre si quieres o no utilizar nuestros servicios. La hemos creado como respuesta al GDPR. Se trata de un complemento en ingl\u00e9s sencillo y detallado de nuestra <a href=\"https:\/\/moverdb.com\/es\/politica-de-privacidad\/\">Pol\u00edtica de privacidad<\/a> y <a href=\"https:\/\/moverdb.com\/es\/condiciones-de-uso\/\">T\u00e9rminos y condiciones<\/a>.<\/p>\n<p>MoverDB.com es un sitio web de uso gratuito y no hay obligaci\u00f3n de registrarse y\/o introducir datos personales para utilizarlo. Toda la informaci\u00f3n se ofrece de forma gratuita para que cualquiera pueda acceder a ella.<\/p>\n<p>Sin embargo, recopilamos y procesamos datos de forma activa y pasiva, y creemos que debe ser consciente de ello. Todas las p\u00e1ginas del sitio web y los datos se env\u00edan con tecnolog\u00eda segura SSL.<\/p>\n<p>Todas nuestras actividades activas de tratamiento de datos (v\u00e9ase m\u00e1s abajo) se realizan en un <strong>base del consentimiento<\/strong> y nuestras actividades de tratamiento de datos pasivos (v\u00e9ase m\u00e1s adelante) se realizan en un <strong>base de inter\u00e9s leg\u00edtimo<\/strong>. <\/p>\n<p>MoverDB.com procesa varios tipos de datos para varios prop\u00f3sitos diferentes, utilizando varios socios y plataformas de terceros.<\/p>\n<p><strong>Actividades activas de procesamiento de datos <\/strong><\/p>\n<p>Nuestra principal actividad de tratamiento de datos es ayudar a las personas a obtener presupuestos de mudanzas internacionales a trav\u00e9s de un servicio de presupuestos gratuito y sin compromiso. Est\u00e1 destinado a ser utilizado por personas tanto dentro como fuera de la UE.<\/p>\n<p>Tenga en cuenta tambi\u00e9n que MoverDB.com no proporciona presupuestos por s\u00ed misma, sino que se ha asociado con <a href=\"https:\/\/moverdb.com\/es\/international-removals\/\" data-internallinksmanager029f6b8e52c=\"27\" title=\"36 mejores empresas de mudanzas internacionales del Reino Unido\">Mudanzas internacionales<\/a> Direct, TriGlobal B.V. y MyMovingLoads para proporcionar los presupuestos. Cada una de ellas, a su vez, trabaja directamente con su propio conjunto de <a href=\"https:\/\/moverdb.com\/es\/moving-companies\/\" data-internallinksmanager029f6b8e52c=\"79\" title=\"Las 25 mejores empresas de mudanzas internacionales en l\u00ednea\">empresas de mudanzas<\/a>. <\/p>\n<p>Por lo tanto, actuamos tanto como controlador de datos (ya que les enviamos datos) como procesador de datos (ya que ellos informan de qu\u00e9 datos necesitan y deciden c\u00f3mo procesarlos). Todos los datos que recopilamos en su nombre son necesarios para ayudar a filtrar los proveedores que pueden ser adecuados para usted. Si prefiere no compartir cierta informaci\u00f3n, es libre de hacerlo, y puede seguir encontrando gen\u00e9ricos <a href=\"https:\/\/moverdb.com\/es\/transporte-de-contenedores\/\">informaci\u00f3n de precios aqu\u00ed<\/a>.<\/p>\n<p>La empresa con la que trate el tratamiento de sus datos depender\u00e1 tanto del formulario que utilice como del lugar desde el que se desplace.  <\/p>\n<p><strong>Formulario principal (en la parte superior de la p\u00e1gina)<\/strong><\/p>\n<p>Nuestro formulario principal tiene este aspecto:<\/p>\n<p><img loading=\"lazy\" decoding=\"async\" width=\"833\" height=\"365\" src=\"https:\/\/moverdb.com\/wp-content\/uploads\/Top-page-form.png\" alt=\"\" class=\"aligncenter size-full wp-image-3236\" srcset=\"https:\/\/moverdb.com\/wp-content\/uploads\/Top-page-form.png 833w, https:\/\/moverdb.com\/wp-content\/uploads\/Top-page-form-300x131.png 300w\" sizes=\"auto, (max-width: 833px) 100vw, 833px\" \/><\/p>\n<p>Nosotros mismos recogemos los datos de este formulario y luego decidimos d\u00f3nde se env\u00edan.  <\/p>\n<p>Estos son los datos que se recogen y el motivo de su recogida:<\/p>\n<ul>\n<li> A d\u00f3nde se muda: Esto ayuda a obtener presupuestos precisos y a filtrar las posibles empresas de mudanzas.<\/li>\n<li> Direcci\u00f3n actual\/C\u00f3digo Postal\/C\u00f3digo Postal\/Ciudad\/Pa\u00eds: Esto ayuda a obtener presupuestos precisos y a filtrar las posibles empresas de mudanzas.<\/li>\n<li> A qu\u00e9 ciudad se muda: Esto ayuda a obtener presupuestos precisos y a filtrar las posibles empresas de mudanzas.<\/li>\n<li> Tama\u00f1o estimado de la mudanza: Esto ayuda a obtener presupuestos precisos y a filtrar las posibles empresas de mudanzas.<\/li>\n<li> Art\u00edculos que se van a enviar: Esto ayuda a obtener presupuestos precisos, filtra las posibles empresas de mudanzas y asegura que no est\u00e1 tratando de transportar nada ilegal.<\/li>\n<li> Fecha estimada de la mudanza: Esto ayuda a obtener presupuestos precisos, tambi\u00e9n tenga en cuenta que la mayor\u00eda de las empresas no pueden dar presupuestos para mudanzas con m\u00e1s de 3 meses de antelaci\u00f3n.<\/li>\n<li> Su nombre: Para que las empresas sepan con qui\u00e9n est\u00e1n tratando.<\/li>\n<li> Su direcci\u00f3n de correo electr\u00f3nico: Donde se pueden enviar los presupuestos y una forma de ponerse en contacto con usted sobre su solicitud.<\/li>\n<li> Su n\u00famero de tel\u00e9fono: Necesario para que las empresas puedan ponerse en contacto con usted sobre su presupuesto.<\/li>\n<\/ul>\n<p>Una vez introducidos todos los datos y enviado el formulario, se producir\u00e1n las siguientes acciones:<\/p>\n<ul>\n<li> Ver\u00e1 nuestro mensaje de agradecimiento, que tambi\u00e9n incluye una herramienta de <a href=\"https:\/\/moverdb.com\/es\/international-money-transfer-services\/currencies-direct-review\/\" data-internallinksmanager029f6b8e52c=\"237\" title=\"Revisi\u00f3n de la transferencia internacional de dinero de Currencies Direct 2023\">Divisas Direct<\/a> que pueden ayudar a averiguar c\u00f3mo cambiar divisas.<\/li>\n<li> Los datos del formulario se env\u00edan entonces a trav\u00e9s de un webhook SSL seguro a Zapier.com, que ayuda a <a href=\"https:\/\/moverdb.com\/es\/moving-to-the-united-states\/\" data-internallinksmanager029f6b8e52c=\"94\" title=\"\u00bfSe muda a Estados Unidos? 2026 Costes de vida y consejos de reubicaci\u00f3n\">us<\/a> para procesar los datos a trav\u00e9s de lo que ellos llaman un Zap.<\/li>\n<li> Una vez que los datos son recibidos por Zapier.com, el Zap filtra todos los datos recogidos a International Removals Direct (que se mueve desde el <a href=\"https:\/\/moverdb.com\/es\/moving-to-the-uk\/\" data-internallinksmanager029f6b8e52c=\"93\" title=\"\u00bfSe muda al Reino Unido? 2026 Costes de vida y consejos de reubicaci\u00f3n\">REINO UNIDO<\/a>) o TriGlobal B.V. (mudanzas desde cualquier otra parte del mundo) a trav\u00e9s de un webhook seguro SSL. A continuaci\u00f3n, verificar\u00e1n sus datos y enviar\u00e1n su solicitud a un m\u00e1ximo de 6 empresas de mudanzas relevantes que, a su vez, podr\u00e1n ponerse en contacto con usted por tel\u00e9fono y\/o correo electr\u00f3nico. Usted no tiene ninguna obligaci\u00f3n de comprar nada y puede informarles de que no desea proceder. Adem\u00e1s, tambi\u00e9n puede pedirnos que cancelemos su solicitud utilizando nuestro <a href=\"https:\/\/moverdb.com\/es\/contacte-con-nosotros\/\">formulario de contacto<\/a>.<\/li>\n<li> Una vez enviados los datos, el Zap enviar\u00e1 la direcci\u00f3n de correo electr\u00f3nico introducida en el formulario a Mailchimp a trav\u00e9s de una integraci\u00f3n de Zapier. Esto desencadenar\u00e1 un correo electr\u00f3nico autom\u00e1tico que confirmar\u00e1 su solicitud y le explicar\u00e1 de nuevo lo que puede esperar. A continuaci\u00f3n, se enviar\u00e1 un correo electr\u00f3nico de seguimiento unos 5 d\u00edas despu\u00e9s de su solicitud, d\u00e1ndole m\u00e1s informaci\u00f3n sobre el traslado de dinero al extranjero junto con sus bienes. Esto se env\u00eda porque hemos comprobado que mucha gente est\u00e1 confundida sobre las distintas opciones que tiene a la hora de enviar dinero al extranjero. Puede darse de baja f\u00e1cilmente de todos los correos electr\u00f3nicos haciendo clic en el enlace para darse de baja que aparece en la parte superior o inferior de cada correo electr\u00f3nico, lo que cancelar\u00e1 todos los correos futuros. Tambi\u00e9n eliminamos habitualmente los correos electr\u00f3nicos al menos una vez al a\u00f1o.<\/li>\n<li> En esta etapa el Zap est\u00e1 completo y Zapier eliminar\u00e1 autom\u00e1ticamente todos los datos en 90 d\u00edas. Esto nos da tiempo para ayudar a resolver cualquier problema, pero significa que los datos no se almacenan m\u00e1s tiempo del necesario.<\/li>\n<li> Conservaremos su direcci\u00f3n de correo electr\u00f3nico (y nada m\u00e1s) pfr hasta 1 a\u00f1o a trav\u00e9s de Mailchimp.<\/li>\n<li> International Removals Direct y TriGlobal B.V. conservar\u00e1n la informaci\u00f3n durante el tiempo que sus pol\u00edticas internas lo justifiquen. Si tiene alguna duda sobre los datos que pueden conservar, p\u00f3ngase en contacto con nosotros y haremos todo lo posible por ayudarle.<\/li>\n<\/ul>\n<p><strong>Formulario secundario #1 (centro de la p\u00e1gina)<\/strong><\/p>\n<p>Nuestra forma secundaria #1 tiene este aspecto.<\/p>\n<p><img loading=\"lazy\" decoding=\"async\" width=\"907\" height=\"512\" src=\"https:\/\/moverdb.com\/wp-content\/uploads\/bottom-page-form.png\" alt=\"\" class=\"aligncenter size-full wp-image-3235\" srcset=\"https:\/\/moverdb.com\/wp-content\/uploads\/bottom-page-form.png 907w, https:\/\/moverdb.com\/wp-content\/uploads\/bottom-page-form-300x169.png 300w\" sizes=\"auto, (max-width: 907px) 100vw, 907px\" \/><\/p>\n<p>Este formulario es proporcionado por MyMovingLoads y no controlamos c\u00f3mo se env\u00eda o procesa. <\/p>\n<p>Estos son los datos que recogen:<\/p>\n<ul>\n<li> Pa\u00eds\/ciudad de origen y pa\u00eds de entrega y ciudad de entrega: Esto ayuda a obtener presupuestos precisos y a filtrar las posibles empresas de mudanzas.<\/li>\n<li> Fecha de la mudanza: Esto ayuda a obtener presupuestos precisos, tambi\u00e9n tenga en cuenta que la mayor\u00eda de las empresas no pueden dar presupuestos para mudanzas con m\u00e1s de 3 meses de antelaci\u00f3n.<\/li>\n<li> Seleccione el tama\u00f1o de la casa: Esto ayuda a obtener presupuestos precisos y filtra las posibles empresas de mudanzas.<<\/li>\n<li> Nombre y apellidos: Para que las empresas sepan con qui\u00e9n est\u00e1n tratando.<\/li>\n<li> Su tel\u00e9fono: Necesario para que las empresas puedan ponerse en contacto con usted sobre su presupuesto.<\/li>\n<li> Su correo electr\u00f3nico: Donde se pueden enviar los presupuestos y una forma de ponerse en contacto con usted sobre su solicitud.<\/li>\n<\/ul>\n<p>Una vez introducidos todos los datos y enviado el formulario, se producir\u00e1n las siguientes acciones:<\/p>\n<ul>\n<li> Ver\u00e1s un mensaje de agradecimiento.<\/li>\n<li> Los datos se enviar\u00e1n a MyMovingLoads, que los procesar\u00e1 de acuerdo con sus condiciones de servicio, que debes aceptar al enviar el formulario.<\/li>\n<\/ul>\n<p><strong>Formulario secundario #2 (Parte inferior de la p\u00e1gina)<\/strong><\/p>\n<p>Nuestra forma secundaria #2 tiene este aspecto:<\/p>\n<p><img loading=\"lazy\" decoding=\"async\" src=\"https:\/\/moverdb.com\/wp-content\/uploads\/Triglobal-form.png\" alt=\"\" width=\"597\" height=\"795\" class=\"aligncenter size-full wp-image-3269\" srcset=\"https:\/\/moverdb.com\/wp-content\/uploads\/Triglobal-form.png 597w, https:\/\/moverdb.com\/wp-content\/uploads\/Triglobal-form-225x300.png 225w\" sizes=\"auto, (max-width: 597px) 100vw, 597px\" \/><\/p>\n<p>Este formulario es proporcionado por TriGlobal B.V. y no controlamos c\u00f3mo se env\u00eda o procesa.<\/p>\n<p>Estos son los datos que recogen:<\/p>\n<ul>\n<li> Detalles relacionados con la direcci\u00f3n actual y la direcci\u00f3n de entrega (calle, c\u00f3digo postal, ciudad y pa\u00eds): Esto ayuda a obtener presupuestos precisos y a filtrar las posibles empresas de mudanzas.<\/li>\n<li> Tama\u00f1o de la mudanza: El ayuda a generar cotizaciones precisas<\/li>\n<li> Fecha de la mudanza: Esto ayuda a obtener presupuestos precisos, tambi\u00e9n tenga en cuenta que la mayor\u00eda de las empresas no pueden dar presupuestos para mudanzas con m\u00e1s de 3 meses de antelaci\u00f3n.<\/li>\n<li> Volumen estimado en pies3 (opcional): Ayuda a generar un presupuesto m\u00e1s preciso<\/li>\n<li> Embalaje\/montaje (opcional): Ayuda a obtener un presupuesto m\u00e1s preciso<\/li>\n<li> Observaciones (opcional): Aqu\u00ed puede a\u00f1adir peticiones especiales, preguntas, etc.<\/li>\n<li> Tipo de mudanza: Esto ayuda a enviar su presupuesto al departamento adecuado de las empresas de mudanzas<\/li>\n<li> Nombre y apellidos: Para que las empresas sepan con qui\u00e9n est\u00e1n tratando.<\/li>\n<li> Tel\u00e9fono #1: Necesario para que las empresas puedan ponerse en contacto con usted sobre su presupuesto.<\/li>\n<li> Correo electr\u00f3nico: Donde se pueden enviar los presupuestos y una forma de ponerse en contacto con usted sobre su solicitud.<\/li>\n<\/ul>\n<p>Una vez introducidos todos los datos y enviado el formulario, se producir\u00e1n las siguientes acciones:<\/p>\n<ul>\n<li> Ver\u00e1s un mensaje de agradecimiento.<\/li>\n<li> Los datos ser\u00e1n enviados a TriGlobal B.V. que los procesar\u00e1 de acuerdo con sus condiciones de servicio.<\/li>\n<\/ul>\n<p><strong>Actividades pasivas de procesamiento de datos <\/strong><\/p>\n<p>Usamos las siguientes herramientas de terceros para ayudarnos a gestionar un sitio web utilizable. No comparten ninguna informaci\u00f3n personal sobre usted con nosotros, pero pueden recopilar informaci\u00f3n sobre usted y\/o su ordenador que puede considerarse informaci\u00f3n personal.<\/p>\n<p>A continuaci\u00f3n le indicamos para qu\u00e9 utilizamos cada una de ellas y d\u00f3nde puede obtener m\u00e1s informaci\u00f3n sobre c\u00f3mo pueden recoger y utilizar los datos personales:<\/p>\n<p><strong>Google Analytics:<\/strong> Lo utilizamos para hacer un seguimiento de c\u00f3mo la gente utiliza nuestro sitio web en conjunto. No lo utilizamos para hacer un seguimiento de los usuarios individuales. Estos son los principales par\u00e1metros que utilizamos actualmente:<\/p>\n<ul>\n<li>Remarketing: OFF<\/li>\n<li>Funciones de informaci\u00f3n publicitaria: OFF<\/li>\n<li>Retenci\u00f3n de datos de usuarios y eventos: Configurada para que caduque a los 14 meses (la opci\u00f3n m\u00e1s corta que se ofrece)<\/li>\n<li>Reinicio en caso de nueva actividad: ON<\/li>\n<li>ID de usuario: OFF<\/li>\n<li>Enmienda de procesamiento de datos aceptada por el GDPR<\/li>\n<\/ul>\n<p>Google ofrece actualmente una opci\u00f3n de exclusi\u00f3n de Analytics <a href=\"https:\/\/support.google.com\/analytics\/answer\/181881?hl=en\" rel=\"noopener\" target=\"_blank\">aqu\u00ed<\/a> o puede utilizar una herramienta de terceros como <a href=\"https:\/\/www.ghostery.com\/\" rel=\"noopener\" target=\"_blank\">Ghostery<\/a>.<\/p>\n<p><strong>Facebook Social Graph:<\/strong> Se utiliza para facilitar la compartici\u00f3n de contenidos de nuestro sitio web y de nuestro blog en Facebook y para que la gente pueda ver la frecuencia con la que se han compartido los contenidos. No lo utilizamos para ning\u00fan tipo de remarketing o retargeting. Consulte la p\u00e1gina de Facebook <a href=\"https:\/\/www.facebook.com\/help\/1701730696756992\/?helpref=hc_fnav\" rel=\"noopener\" target=\"_blank\">P\u00e1gina de datos<\/a> para saber m\u00e1s sobre c\u00f3mo utilizan tus datos.<\/p>\n<p><strong>Compartir en las redes sociales:<\/strong> Adem\u00e1s del Social Graph de Facebook, tambi\u00e9n tenemos botones para compartir en G+, Twitter y LinkedIn en nuestro sitio para facilitar que se compartan nuestros contenidos en esas plataformas. Puede ver <a href=\"https:\/\/policies.google.com\/privacy\" rel=\"noopener\" target=\"_blank\">Pol\u00edtica de privacidad de G+ aqu\u00ed<\/a>, Twitter's <a href=\"https:\/\/twitter.com\/en\/privacy\" rel=\"noopener\" target=\"_blank\">Pol\u00edtica de privacidad<\/a> aqu\u00ed y <a href=\"https:\/\/www.linkedin.com\/legal\/privacy-policy\" rel=\"noopener\" target=\"_blank\">Pol\u00edtica de privacidad de LinkedIn aqu\u00ed<\/a>.<\/p>\n<p><strong>Enlaces externos\/afiliados:<\/strong> A veces hacemos un seguimiento de los enlaces externos a trav\u00e9s de Google Analytics y\/o de plataformas de seguimiento de afiliados de terceros. Cualquier tipo de seguimiento s\u00f3lo se produce si usted hace clic en un enlace externo. En la parte inferior de cada p\u00e1gina en la que se produce esto, revelamos qu\u00e9 enlaces son de afiliados, pero si le preocupa esto, la opci\u00f3n m\u00e1s sencilla es no hacer clic en los enlaces externos de nuestro sitio web.<\/p>\n<p><strong>Alojamiento web:<\/strong> Utilizamos StudioPress Sites para alojar nuestro sitio web. Como la mayor\u00eda de las empresas de alojamiento web, mantienen registros del sitio web, aunque no tenemos acceso directo a ellos. Puede obtener m\u00e1s informaci\u00f3n sobre los datos que pueden tener en su <a href=\"https:\/\/www.studiopress.com\/privacy-policy\/\" rel=\"noopener\" target=\"_blank\">pol\u00edtica de privacidad<\/a>.<\/p>","protected":false},"excerpt":{"rendered":"<p>This Data Processing Policy explains in plain English how MoverDB.com processes data so you can make an informed choice about whether or not you&#8217;d like to use our services. We&#8217;ve created it as a response to GDPR. It is a plain English, detailed, addition to our Privacy Policy and Terms and Conditions. MoverDB.com is a [&hellip;]<\/p>\n","protected":false},"author":1,"featured_media":0,"parent":0,"menu_order":0,"comment_status":"closed","ping_status":"closed","template":"","meta":{"_genesis_hide_title":false,"_genesis_hide_breadcrumbs":false,"_genesis_hide_singular_image":false,"_genesis_hide_footer_widgets":false,"_genesis_custom_body_class":"","_genesis_custom_post_class":"","_genesis_layout":"","footnotes":""},"class_list":{"0":"post-2804","1":"page","2":"type-page","3":"status-publish","5":"entry","6":"has-post-thumbnail"},"_links":{"self":[{"href":"https:\/\/moverdb.com\/es\/wp-json\/wp\/v2\/pages\/2804","targetHints":{"allow":["GET"]}}],"collection":[{"href":"https:\/\/moverdb.com\/es\/wp-json\/wp\/v2\/pages"}],"about":[{"href":"https:\/\/moverdb.com\/es\/wp-json\/wp\/v2\/types\/page"}],"author":[{"embeddable":true,"href":"https:\/\/moverdb.com\/es\/wp-json\/wp\/v2\/users\/1"}],"replies":[{"embeddable":true,"href":"https:\/\/moverdb.com\/es\/wp-json\/wp\/v2\/comments?post=2804"}],"version-history":[{"count":16,"href":"https:\/\/moverdb.com\/es\/wp-json\/wp\/v2\/pages\/2804\/revisions"}],"predecessor-version":[{"id":3270,"href":"https:\/\/moverdb.com\/es\/wp-json\/wp\/v2\/pages\/2804\/revisions\/3270"}],"wp:attachment":[{"href":"https:\/\/moverdb.com\/es\/wp-json\/wp\/v2\/media?parent=2804"}],"curies":[{"name":"wp","href":"https:\/\/api.w.org\/{rel}","templated":true}]}}