{"id":270,"date":"2016-05-01T17:06:39","date_gmt":"2016-05-01T17:06:39","guid":{"rendered":"http:\/\/moverdb.com\/?page_id=270"},"modified":"2026-01-08T14:47:32","modified_gmt":"2026-01-08T14:47:32","slug":"anglo-pacific","status":"publish","type":"page","link":"https:\/\/moverdb.com\/es\/anglo-pacific\/","title":{"rendered":"Anglo Pacific: Rese\u00f1as sobre mudanzas internacionales"},"content":{"rendered":"<p>Anglo Pacific ofrece una variedad de servicios de mudanza para ayudar a las personas a trasladarse al extranjero. Aqu\u00ed est\u00e1n sus principales ofertas de servicios, junto con el perfil de la empresa y los comentarios.<\/p>\n<p><strong>Servicios<\/strong> <\/p>\n<p><strong>Servicios de mudanza<\/strong> <\/p>\n<ul>\n<li> Importaciones<\/li>\n<li> Reubicaci\u00f3n internacional<\/li>\n<li> Suministro de <a href=\"https:\/\/moverdb.com\/es\/transporte-de-contenedores\/\">contenedores de transporte<\/a><\/li>\n<li> Mudanzas teatrales<\/li>\n<li> <a href=\"https:\/\/moverdb.com\/es\/uk-removals\/man-and-van-cost\/\" data-internallinksmanager029f6b8e52c=\"380\" title=\"\u00bfCu\u00e1nto cuesta un cami\u00f3n furgoneta en el Reino Unido? Gu\u00eda 2026\">Hombre y Furgoneta<\/a> alquilar en <a href=\"https:\/\/moverdb.com\/es\/moving-to-london\/\">Londres<\/a><\/li>\n<\/ul>\n<p><strong>Servicios de env\u00edo<\/strong><\/p>\n<ul>\n<li> Equipaje<\/li>\n<li> <a href=\"https:\/\/moverdb.com\/es\/transporte-embarque-de-coches\/\">Coches<\/a><\/li>\n<li> Bellas Artes<\/li>\n<li> Flete<\/li>\n<li> Importaciones<\/li>\n<li> Motocicleta<\/li>\n<li> Equipaje<\/li>\n<li> Comercio<\/li>\n<li> Estudiante<\/li>\n<\/ul>\n<h2>Perfil de la empresa Anglo Pacific<\/h2>\n<p>Fundada hace m\u00e1s de 30 a\u00f1os, Anglo Pacific es la mayor empresa de transportes y mudanzas del mundo. <a href=\"https:\/\/moverdb.com\/es\/moving-to-the-uk\/\" data-internallinksmanager029f6b8e52c=\"93\" title=\"\u00bfSe muda al Reino Unido? 2026 Costes de vida y consejos de reubicaci\u00f3n\">REINO UNIDO<\/a>procesando m\u00e1s de 20.000 env\u00edos de equipaje individuales e innumerables <a href=\"https:\/\/moverdb.com\/es\/international-removals\/\" data-internallinksmanager029f6b8e52c=\"27\" title=\"36 mejores empresas de mudanzas internacionales del Reino Unido\">mudanzas internacionales<\/a> cada a\u00f1o. <\/p>\n<p>La empresa se enorgullece de ofrecer un servicio de mudanzas de primera clase, amable y profesional, tanto si se trata del contenido de toda una propiedad como de objetos delicados como obras de arte. <\/p>\n<p>Anglo Pacific pone mucho cuidado en la selecci\u00f3n de los profesionales de mayor calibre para que se unan a su equipo, y s\u00f3lo nombra a personal que har\u00e1 un esfuerzo adicional por los clientes y a personal que puede gestionar de forma experta el traslado seguro y eficiente de las pertenencias personales. <\/p>\n<p>Adem\u00e1s, el servicio de seguimiento de todos los env\u00edos permite al personal determinar con precisi\u00f3n la ubicaci\u00f3n exacta y el estado de la mudanza, de modo que los clientes pueden estar seguros de que sus art\u00edculos est\u00e1n de camino a su destino.<\/p>\n<p>Anglo Pacific establece y mantiene est\u00e1ndares excepcionalmente altos y como miembros de la <a href=\"https:\/\/moverdb.com\/es\/bar-overseas\/\">Grupo de Ultramar<\/a> de la <a href=\"https:\/\/moverdb.com\/es\/british-association-of-removers\/\">Asociaci\u00f3n Brit\u00e1nica de Empresas de Mudanzas<\/a> (<a href=\"https:\/\/moverdb.com\/es\/british-association-of-removers\/\" data-internallinksmanager029f6b8e52c=\"9\" title=\"Explicaci\u00f3n de la Asociaci\u00f3n Brit\u00e1nica de Empresas de Mudanzas (BAR)\">BAR<\/a>) tienen como objetivo ofrecer s\u00f3lo lo mejor. <\/p>\n<p>Adem\u00e1s, se adhieren a la garant\u00eda de pago por adelantado de la International Movers Mutual Insurance Company Ltd, ofreciendo un mayor grado de confianza a los clientes. <\/p>\n<h2>Rese\u00f1as de Anglo Pacific<\/h2>\n<p><strong>Positivo<\/strong><\/p>\n<ul>\n<li> <em>\"Un enorme agradecimiento a todos en Anglo Pacific y Keys Brothers. Hicieron que nuestra mudanza de Londres a Perth fuera tan f\u00e1cil, realmente apreciamos toda su ayuda. Muy profesional y eficiente y todo hecho a un gran precio!\"<\/em> - V\u00eda <a href=\"http:\/\/www.reviewcentre.com\/reviews252735.html?ratingfilter=5#refineYourSearch\" target=\"_blank\" rel=\"noopener\">Centro de Revisi\u00f3n<\/a><\/li>\n<li> <em>\"Necesitaba enviar un exceso de equipaje a <a href=\"https:\/\/moverdb.com\/es\/moving-to-australia\/living-in-australia\/\" data-internallinksmanager029f6b8e52c=\"240\" title=\"21 secretos sobre la vida en Australia que debes conocer antes de mudarte\">Australia<\/a>. Contact\u00e9 con muchas personas en Internet y al final di con Anglo Pacific. Recogieron mi equipaje a tiempo y me proporcionaron informaci\u00f3n durante el trayecto\".<\/em> - V\u00eda <a href=\"http:\/\/www.reviewcentre.com\/Removal-Companies\/Anglo-Pacific-Removals-Company-www-anglopacific-co-uk-review_1596555\" target=\"_blank\" rel=\"noopener\">Centro de Revisi\u00f3n<\/a><\/li>\n<li> <em>\"Recomendar\u00eda a Anglo Pacific a cualquiera que desee transportar sus pertenencias de forma segura y eficaz\".<\/em> - a trav\u00e9s de <a href=\"https:\/\/uk.trustpilot.com\/review\/anglopacific.co.uk\" target=\"_blank\" rel=\"noopener\">TrustPilot<\/a><\/li>\n<\/ul>\n<p><strong>Negativo<\/strong><\/p>\n<ul>\n<li> <em>\"\u00a1Le ruego que no considere a Anglo Pacific m\u00e1s!! Mi env\u00edo lleg\u00f3 con toda mi vajilla completamente destrozada y la caja de art\u00edculos el\u00e9ctricos entregada al rev\u00e9s!\"<\/em> - a trav\u00e9s de <a href=\"http:\/\/www.reviewcentre.com\/Removal-Companies\/Anglo-Pacific-Removals-Company-www-anglopacific-co-uk-review_3741459\" target=\"_blank\" rel=\"noopener\">Centro de Revisi\u00f3n<\/a><\/li>\n<li> <em>\"Apenas puedo expresar mi consternaci\u00f3n cuando abr\u00ed la \u00faltima de mis cajas en <a href=\"https:\/\/moverdb.com\/es\/moving-to-nyc\/\" data-internallinksmanager029f6b8e52c=\"57\" title=\"\u00bfTe mudas a Nueva York? 2026 Coste de la vida en Nueva York y consejos para el traslado\">NYC<\/a> s\u00f3lo para darme cuenta de que mis objetos m\u00e1s valiosos y la mayor parte de mi costoso menaje de cocina hab\u00edan desaparecido\".<\/em> - a trav\u00e9s de <a href=\"http:\/\/www.mymovingreviews.com\/movers\/anglo-pacific-international-1790\" target=\"_blank\" rel=\"noopener\">Mis revisiones de mudanzas<\/a><\/li>\n<li> <em>\"Evitar - terrible experiencia con total falta de atenci\u00f3n y el peor servicio de After\"<\/em> - a trav\u00e9s de <a href=\"https:\/\/uk.trustpilot.com\/reviews\/56d595280000ff000940e229\" target=\"_blank\" rel=\"noopener\">Trustpilot<\/a><\/li>\n<\/ul>\n<div itemprop=\"review\" itemscope itemtype=\"http:\/\/schema.org\/Review\">\n<span itemprop=\"author\" itemscope=\"\" itemtype=\"http:\/\/schema.org\/Organization\"><span itemprop=\"name\">MoverDB.com<\/span><\/span> Revisi\u00f3n del sitio web en l\u00ednea para <span itemprop=\"itemreviewed\" itemscope=\"\" itemtype=\"http:\/\/schema.org\/Brand\"><span itemprop=\"name\">Anglo Pacific<\/span><\/span>:<\/p>\n<ol>\n<li> \u00bfDatos de contacto claros en el sitio web (incluido el n\u00famero de tel\u00e9fono)? <strong>S\u00ed<\/strong><\/li>\n<li> F\u00e1cil de conseguir <a href=\"https:\/\/moverdb.com\/es\/citas\/\">presupuestos de mudanzas internacionales<\/a>? (Formulario de solicitud de presupuesto en l\u00ednea): <strong>S\u00ed<\/strong><\/li>\n<li> Informaci\u00f3n clara en el sitio web: <strong>S\u00ed<\/strong>Las p\u00e1ginas son f\u00e1ciles de navegar y est\u00e1 claro qu\u00e9 servicios ofrecen.<\/li>\n<li> Pertenencia a organizaciones de mudanzas reconocidas internacionalmente: <strong>S\u00ed<\/strong><\/li>\n<li> Lista de clientes y\/o testimonios de clientes anteriores: <strong>S\u00ed <\/strong><\/li>\n<\/ol>\n<div itemprop=\"reviewRating\" itemscope itemtype=\"http:\/\/schema.org\/Rating\"><meta itemprop=\"worstRating\" content = \"0\" \/><meta itemprop=\"bestRating\" content=\"5\" \/><meta itemprop=\"ratingValue\" content=\"5\"><\/div>\n<p><strong>Puntuaci\u00f3n global: 5\/5<\/strong><br \/>\n<strong>Fecha de revisi\u00f3n:<\/strong> <span itemprop=\"datePublished\" content=\"2016-05-01\">01\/05\/2016<\/span>\n<\/div>\n<p>M\u00e1s sobre <a href=\"https:\/\/moverdb.com\/es\/mudanzas-internacionales\/\">Empresas de mudanzas del Reino Unido<\/a> y nuestro <a href=\"https:\/\/moverdb.com\/es\/resenas\/\">proceso de revisi\u00f3n explicado<\/a>.<\/p>\n<p><strong>P\u00e1gina web:<\/strong> <a href=\"http:\/\/www.anglopacific.co.uk\" target=\"_blank\" rel=\"noopener\">http:\/\/www.anglopacific.co.uk<\/a><\/p>","protected":false},"excerpt":{"rendered":"<p>Anglo Pacific offers a variety of removal services to help people move overseas. Here are their core service offerings along with company profile and reviews. Services Removal Services Imports International Relocation Provision of shipping containers Theatrical removals Man and Van hire in London Shipping Services Baggage Cars Fine Art Freight Imports Motorbike Luggage Trade Student [&hellip;]<\/p>\n","protected":false},"author":1,"featured_media":0,"parent":0,"menu_order":0,"comment_status":"closed","ping_status":"closed","template":"","meta":{"_genesis_hide_title":false,"_genesis_hide_breadcrumbs":false,"_genesis_hide_singular_image":false,"_genesis_hide_footer_widgets":false,"_genesis_custom_body_class":"","_genesis_custom_post_class":"","_genesis_layout":"","footnotes":""},"class_list":{"0":"post-270","1":"page","2":"type-page","3":"status-publish","5":"entry"},"_links":{"self":[{"href":"https:\/\/moverdb.com\/es\/wp-json\/wp\/v2\/pages\/270","targetHints":{"allow":["GET"]}}],"collection":[{"href":"https:\/\/moverdb.com\/es\/wp-json\/wp\/v2\/pages"}],"about":[{"href":"https:\/\/moverdb.com\/es\/wp-json\/wp\/v2\/types\/page"}],"author":[{"embeddable":true,"href":"https:\/\/moverdb.com\/es\/wp-json\/wp\/v2\/users\/1"}],"replies":[{"embeddable":true,"href":"https:\/\/moverdb.com\/es\/wp-json\/wp\/v2\/comments?post=270"}],"version-history":[{"count":12,"href":"https:\/\/moverdb.com\/es\/wp-json\/wp\/v2\/pages\/270\/revisions"}],"predecessor-version":[{"id":6173,"href":"https:\/\/moverdb.com\/es\/wp-json\/wp\/v2\/pages\/270\/revisions\/6173"}],"wp:attachment":[{"href":"https:\/\/moverdb.com\/es\/wp-json\/wp\/v2\/media?parent=270"}],"curies":[{"name":"wp","href":"https:\/\/api.w.org\/{rel}","templated":true}]}}