{"id":2675,"date":"2017-05-03T15:16:49","date_gmt":"2017-05-03T15:16:49","guid":{"rendered":"https:\/\/moverdb.com\/?page_id=2675"},"modified":"2026-01-08T15:20:41","modified_gmt":"2026-01-08T15:20:41","slug":"envios-a-singapur","status":"publish","type":"page","link":"https:\/\/moverdb.com\/es\/shipping-to-singapore\/","title":{"rendered":"Env\u00edos a Singapur: Lo que debe saber"},"content":{"rendered":"<p><img loading=\"lazy\" decoding=\"async\" width=\"720\" height=\"313\" src=\"https:\/\/moverdb.com\/wp-content\/uploads\/shipping-to-singapore.png\" alt=\"Env\u00edo a Singapur\" class=\"aligncenter size-full wp-image-2676\" srcset=\"https:\/\/moverdb.com\/wp-content\/uploads\/shipping-to-singapore.png 720w, https:\/\/moverdb.com\/wp-content\/uploads\/shipping-to-singapore-300x130.png 300w, https:\/\/moverdb.com\/wp-content\/uploads\/shipping-to-singapore-600x261.png 600w\" sizes=\"auto, (max-width: 720px) 100vw, 720px\" \/><\/p>\n<p>Tanto si eres <a href=\"https:\/\/moverdb.com\/es\/mudanza-a-singapur\/\">mudarse a Singapur<\/a> o s\u00f3lo quiere enviar algunos paquetes, podemos ayudarle a encontrar las mejores ofertas de env\u00edo de la <a href=\"https:\/\/moverdb.com\/es\/moving-to-the-united-states\/\" data-internallinksmanager029f6b8e52c=\"94\" title=\"\u00bfSe muda a Estados Unidos? 2026 Costes de vida y consejos de reubicaci\u00f3n\">EE.UU.<\/a>, <a href=\"https:\/\/moverdb.com\/es\/moving-to-the-uk\/\" data-internallinksmanager029f6b8e52c=\"93\" title=\"\u00bfSe muda al Reino Unido? 2026 Costes de vida y consejos de reubicaci\u00f3n\">REINO UNIDO<\/a>, <a href=\"https:\/\/moverdb.com\/es\/moving-to-australia\/living-in-australia\/\" data-internallinksmanager029f6b8e52c=\"240\" title=\"21 secretos sobre la vida en Australia que debes conocer antes de mudarte\">Australia<\/a>, <a href=\"https:\/\/moverdb.com\/es\/moving-to-canada\/\" data-internallinksmanager029f6b8e52c=\"265\" title=\"\u00bfMudarse a Canad\u00e1? 2026 Coste de la vida y consejos para la reubicaci\u00f3n\">Canad\u00e1<\/a>, <a href=\"https:\/\/moverdb.com\/es\/moving-to-france\/\" data-internallinksmanager029f6b8e52c=\"315\" title=\"\u00bfSe muda a Francia? 2026 Coste de la vida y consejos para el traslado\">Francia<\/a>, <a href=\"https:\/\/moverdb.com\/es\/moving-to-hong-kong\/\" data-internallinksmanager029f6b8e52c=\"350\" title=\"\u00bfSe muda a Hong Kong? 2026 Coste de la vida y consejos para el traslado\">Hong Kong<\/a>, <a href=\"https:\/\/moverdb.com\/es\/moving-to-new-zealand\/\" data-internallinksmanager029f6b8e52c=\"324\" title=\"\u00bfSe muda a Nueva Zelanda? 2026 Coste de la vida y consejos de reubicaci\u00f3n\">Nueva Zelanda<\/a>, <a href=\"https:\/\/moverdb.com\/es\/moving-to-the-philippines\/\" data-internallinksmanager029f6b8e52c=\"376\" title=\"\u00bfSe muda a Filipinas? 2026 Coste de la vida y consejos de reubicaci\u00f3n\">Filipinas<\/a> y la mayor\u00eda de los dem\u00e1s pa\u00edses del mundo. <\/p>\n<p>Puede empezar utilizando el formulario de presupuesto gratuito de arriba. <\/p>\n<div id=\"ez-toc-container\" class=\"ez-toc-v2_0_82_2 ez-toc-wrap-left counter-hierarchy ez-toc-counter ez-toc-transparent ez-toc-container-direction\">\n<div class=\"ez-toc-title-container\">\n<p class=\"ez-toc-title\" style=\"cursor:inherit\">Secciones<\/p>\n<span class=\"ez-toc-title-toggle\"><a href=\"#\" class=\"ez-toc-pull-right ez-toc-btn ez-toc-btn-xs ez-toc-btn-default ez-toc-toggle\" aria-label=\"Alternar tabla de contenidos\"><span class=\"ez-toc-js-icon-con\"><span class=\"\"><span class=\"eztoc-hide\" style=\"display:none;\">Toggle<\/span><span class=\"ez-toc-icon-toggle-span\"><svg style=\"fill: #999;color:#999\" xmlns=\"http:\/\/www.w3.org\/2000\/svg\" class=\"list-377408\" width=\"20px\" height=\"20px\" viewbox=\"0 0 24 24\" fill=\"none\"><path d=\"M6 6H4v2h2V6zm14 0H8v2h12V6zM4 11h2v2H4v-2zm16 0H8v2h12v-2zM4 16h2v2H4v-2zm16 0H8v2h12v-2z\" fill=\"currentColor\"><\/path><\/svg><svg style=\"fill: #999;color:#999\" class=\"arrow-unsorted-368013\" xmlns=\"http:\/\/www.w3.org\/2000\/svg\" width=\"10px\" height=\"10px\" viewbox=\"0 0 24 24\" version=\"1.2\" baseprofile=\"tiny\"><path d=\"M18.2 9.3l-6.2-6.3-6.2 6.3c-.2.2-.3.4-.3.7s.1.5.3.7c.2.2.4.3.7.3h11c.3 0 .5-.1.7-.3.2-.2.3-.5.3-.7s-.1-.5-.3-.7zM5.8 14.7l6.2 6.3 6.2-6.3c.2-.2.3-.5.3-.7s-.1-.5-.3-.7c-.2-.2-.4-.3-.7-.3h-11c-.3 0-.5.1-.7.3-.2.2-.3.5-.3.7s.1.5.3.7z\"\/><\/svg><\/span><\/span><\/span><\/a><\/span><\/div>\n<nav><ul class='ez-toc-list ez-toc-list-level-1 eztoc-toggle-hide-by-default' ><li class='ez-toc-page-1 ez-toc-heading-level-2'><a class=\"ez-toc-link ez-toc-heading-1\" href=\"https:\/\/moverdb.com\/es\/shipping-to-singapore\/#Shipping_to_Singapore_From_The_US\" >Env\u00edo a Singapur desde Estados Unidos<\/a><\/li><li class='ez-toc-page-1 ez-toc-heading-level-2'><a class=\"ez-toc-link ez-toc-heading-2\" href=\"https:\/\/moverdb.com\/es\/shipping-to-singapore\/#Shipping_to_Singapore_From_The_UK\" >Env\u00edo a Singapur desde el Reino Unido<\/a><\/li><li class='ez-toc-page-1 ez-toc-heading-level-2'><a class=\"ez-toc-link ez-toc-heading-3\" href=\"https:\/\/moverdb.com\/es\/shipping-to-singapore\/#Shipping_to_Singapore_From_Australia\" >Env\u00edo a Singapur desde Australia<\/a><\/li><li class='ez-toc-page-1 ez-toc-heading-level-2'><a class=\"ez-toc-link ez-toc-heading-4\" href=\"https:\/\/moverdb.com\/es\/shipping-to-singapore\/#Shipping_to_Singapore_From_Canada\" >Env\u00edo a Singapur desde Canad\u00e1<\/a><\/li><li class='ez-toc-page-1 ez-toc-heading-level-2'><a class=\"ez-toc-link ez-toc-heading-5\" href=\"https:\/\/moverdb.com\/es\/shipping-to-singapore\/#Shipping_to_Singapore_From_France\" >Env\u00edos a Singapur desde Francia<\/a><\/li><li class='ez-toc-page-1 ez-toc-heading-level-2'><a class=\"ez-toc-link ez-toc-heading-6\" href=\"https:\/\/moverdb.com\/es\/shipping-to-singapore\/#Shipping_to_Singapore_From_Hong_Kong\" >Env\u00edo a Singapur desde Hong Kong<\/a><\/li><li class='ez-toc-page-1 ez-toc-heading-level-2'><a class=\"ez-toc-link ez-toc-heading-7\" href=\"https:\/\/moverdb.com\/es\/shipping-to-singapore\/#Shipping_to_Singapore_From_New_Zealand\" >Env\u00edo a Singapur desde Nueva Zelanda<\/a><\/li><li class='ez-toc-page-1 ez-toc-heading-level-2'><a class=\"ez-toc-link ez-toc-heading-8\" href=\"https:\/\/moverdb.com\/es\/shipping-to-singapore\/#Shipping_to_Singapore_From_the_Philippines\" >Env\u00edo a Singapur desde Filipinas<\/a><\/li><li class='ez-toc-page-1 ez-toc-heading-level-2'><a class=\"ez-toc-link ez-toc-heading-9\" href=\"https:\/\/moverdb.com\/es\/shipping-to-singapore\/#Singapore_Import_Duties_Taxes\" >Derechos e impuestos de importaci\u00f3n en Singapur<\/a><\/li><li class='ez-toc-page-1 ez-toc-heading-level-2'><a class=\"ez-toc-link ez-toc-heading-10\" href=\"https:\/\/moverdb.com\/es\/shipping-to-singapore\/#Restricted_Items_in_Singapore\" >Art\u00edculos restringidos en Singapur<\/a><\/li><li class='ez-toc-page-1 ez-toc-heading-level-2'><a class=\"ez-toc-link ez-toc-heading-11\" href=\"https:\/\/moverdb.com\/es\/shipping-to-singapore\/#Other_Useful_Guides_to_Singapore\" >Otras gu\u00edas \u00fatiles sobre Singapur<\/a><\/li><\/ul><\/nav><\/div>\n<h2><span class=\"ez-toc-section\" id=\"Shipping_to_Singapore_From_The_US\"><\/span>Env\u00edo a Singapur desde Estados Unidos<span class=\"ez-toc-section-end\"><\/span><\/h2>\n<p><strong><a href=\"https:\/\/moverdb.com\/es\/container-shipping\/\" data-internallinksmanager029f6b8e52c=\"3\" title=\"Tabla de tarifas de transporte mar\u00edtimo internacional de contenedores: Abril 2026\">Costes de env\u00edo de contenedores<\/a> Desde <a href=\"https:\/\/moverdb.com\/es\/mudarse-a-los-angeles\/\">Los \u00c1ngeles<\/a><\/strong><\/p>\n<ul>\n<li> Contenedor de 20 pies: $750 - $830<\/li>\n<li> Contenedor de 40 pies: $1,120 - $1,235<\/li>\n<\/ul>\n<p><strong>Costes de env\u00edo de contenedores desde <a href=\"https:\/\/moverdb.com\/es\/moving-to-nyc\/\">Nueva York<\/a><\/strong><\/p>\n<ul>\n<li> Contenedor de 20 pies: $975 - $1,080<\/li>\n<li> Contenedor de 40 pies: $1,460 - $1,610<\/li>\n<\/ul>\n<p><strong>Gastos de env\u00edo de paquetes<\/strong><\/p>\n<ul>\n<li> Primeros 0,5kg: $11.80+<\/li>\n<li> Cada 0,5 kg adicionales: $3.25+<\/li>\n<\/ul>\n<p><em>Fuente:<\/em> <a href=\"http:\/\/comgateway.com\/ship-to-Singapore\/\" target=\"_blank\" rel=\"noopener noreferrer\">comGateway<\/a><\/p>\n<p><strong>Tiempos de env\u00edo<\/strong><\/p>\n<ul>\n<li> <strong>El aire:<\/strong> 1-3 d\u00edas<\/li>\n<li> <strong>Mar:<\/strong> Alrededor de 1 mes<\/li>\n<\/ul>\n<h2><span class=\"ez-toc-section\" id=\"Shipping_to_Singapore_From_The_UK\"><\/span>Env\u00edo a Singapur desde el Reino Unido<span class=\"ez-toc-section-end\"><\/span><\/h2>\n<p><strong>Costes de env\u00edo de contenedores desde <a href=\"https:\/\/moverdb.com\/es\/moving-to-london\/\">Londres<\/a><\/strong><\/p>\n<ul>\n<li> Contenedor de 20 pies: \u00a3895 - \u00a31,000<\/li>\n<li> Contenedor de 40 pies: \u00a31,340 - \u00a31,480<\/li>\n<\/ul>\n<p><strong>Gastos de env\u00edo de paquetes<\/strong><\/p>\n<ul>\n<li> Hasta 1 kg: \u00a320.12+<\/li>\n<li> Hasta 20 kg: 87,31 \u20ac o m\u00e1s<\/li>\n<\/ul>\n<p><em>Fuente:<\/em> <a href=\"https:\/\/www.transglobalexpress.co.uk\/parcel-to\/singapore\/\" target=\"_blank\" rel=\"noopener noreferrer\">Transglobal Express<\/a><\/p>\n<p><strong>Tiempos de env\u00edo<\/strong><\/p>\n<ul>\n<li> <strong>El aire:<\/strong> 1-3 d\u00edas<\/li>\n<li> <strong>Mar:<\/strong> Alrededor de 1 mes<\/li>\n<\/ul>\n<h2><span class=\"ez-toc-section\" id=\"Shipping_to_Singapore_From_Australia\"><\/span>Env\u00edo a Singapur desde Australia<span class=\"ez-toc-section-end\"><\/span><\/h2>\n<p><strong>Costes de env\u00edo de contenedores desde <a href=\"https:\/\/moverdb.com\/es\/mudanza-a-sidney\/\">Sydney<\/a><\/strong><\/p>\n<ul>\n<li> Contenedor de 20 pies: $980 - $1,080 AUD<\/li>\n<li> Contenedor de 40 pies: $1,470 - $1,620 AUD<\/li>\n<\/ul>\n<p><strong>Gastos de env\u00edo de paquetes<\/strong><\/p>\n<ul>\n<li> Cartera peque\u00f1a (hasta 500 g): $22.26+<\/li>\n<li> Caja (hasta 5 kg): $81.73+<\/li>\n<\/ul>\n<p><em>Fuente:<\/em> <a href=\"https:\/\/auspost.com.au\/parcels-mail\/calculate-postage-delivery-times\/#\/\" target=\"_blank\" rel=\"noopener noreferrer\">Correo de Australia<\/a><\/p>\n<p><strong>Tiempos de env\u00edo<\/strong><\/p>\n<ul>\n<li> <strong>El aire:<\/strong> 1-3 d\u00edas<\/li>\n<li> <strong>Mar:<\/strong> Alrededor de 20 d\u00edas<\/li>\n<\/ul>\n<h2><span class=\"ez-toc-section\" id=\"Shipping_to_Singapore_From_Canada\"><\/span>Env\u00edo a Singapur desde Canad\u00e1<span class=\"ez-toc-section-end\"><\/span><\/h2>\n<p><strong>Costes de env\u00edo de contenedores desde <a href=\"https:\/\/moverdb.com\/es\/moving-to-canada\/moving-to-montreal\/\" data-internallinksmanager029f6b8e52c=\"410\" title=\"\u00bfSe muda a Montreal? 2026 Coste de la vida y consejos para el traslado\">Montreal<\/a><\/strong><\/p>\n<ul>\n<li> Contenedor de 20 pies: $1,640 - $1,800 CAD<\/li>\n<li> Contenedor de 40 pies: $2,440 - $2,700 CAD<\/li>\n<\/ul>\n<p><strong>Costes de env\u00edo de contenedores desde <a href=\"https:\/\/moverdb.com\/es\/moving-to-canada\/moving-to-vancouver\/\" data-internallinksmanager029f6b8e52c=\"438\" title=\"\u00bfTe mudas a Vancouver? 2026 Coste de la vida y consejos para el traslado\">Vancouver<\/a><\/strong><\/p>\n<ul>\n<li> Contenedor de 20 pies: $990 - $1,100 CAD<\/li>\n<li> Contenedor de 40 pies: $1,480 - $1,630 CAD<\/li>\n<\/ul>\n<p><strong>Gastos de env\u00edo de paquetes<\/strong><\/p>\n<ul>\n<li> 1kg: $20.29 - $105.44+<\/li>\n<li> 10kg: $139.85 - $412.93+<\/li>\n<\/ul>\n<p><em>Fuente:<\/em> <a href=\"https:\/\/www.canadapost.ca\/cpotools\/apps\/far\/personal\/farInt\" target=\"_blank\" rel=\"noopener noreferrer\">Correo de Canad\u00e1<\/a><\/p>\n<p><strong>Tiempos de env\u00edo<\/strong><\/p>\n<ul>\n<li> <strong>El aire:<\/strong> 1-3 d\u00edas<\/li>\n<li> <strong>Mar:<\/strong> Alrededor de 1 mes<\/li>\n<\/ul>\n<h2><span class=\"ez-toc-section\" id=\"Shipping_to_Singapore_From_France\"><\/span>Env\u00edos a Singapur desde Francia<span class=\"ez-toc-section-end\"><\/span><\/h2>\n<p><strong>Gastos de env\u00edo de contenedores desde Marsella<\/strong><\/p>\n<ul>\n<li> Contenedor de 20 pies: 740 - 820 euros<\/li>\n<li> Contenedor de 40 pies: 1.100 euros - 1.220 euros<\/li>\n<\/ul>\n<p><strong>Tiempos de env\u00edo<\/strong><\/p>\n<ul>\n<li> <strong>El aire:<\/strong> 1-3 d\u00edas<\/li>\n<li> <strong>Mar:<\/strong> Alrededor de 1 mes<\/li>\n<\/ul>\n<h2><span class=\"ez-toc-section\" id=\"Shipping_to_Singapore_From_Hong_Kong\"><\/span>Env\u00edo a Singapur desde Hong Kong<span class=\"ez-toc-section-end\"><\/span><\/h2>\n<p><strong>Costes de env\u00edo de contenedores<\/strong><\/p>\n<ul>\n<li> Contenedor de 20 pies: $1,820 - $2,010 HKD<\/li>\n<li> Contenedor de 40 pies: $1,860 - $2,060 HKD<\/li>\n<\/ul>\n<p><strong>Tiempos de env\u00edo<\/strong><\/p>\n<ul>\n<li> <strong>El aire:<\/strong> 1-2 d\u00edas<\/li>\n<li> <strong>Mar:<\/strong> Alrededor de 12 d\u00edas<\/li>\n<\/ul>\n<h2><span class=\"ez-toc-section\" id=\"Shipping_to_Singapore_From_New_Zealand\"><\/span>Env\u00edo a Singapur desde Nueva Zelanda<span class=\"ez-toc-section-end\"><\/span><\/h2>\n<p><strong>Gastos de env\u00edo de contenedores desde Auckland<\/strong><\/p>\n<ul>\n<li> Contenedor de 20 pies: $1,860 - $2,050 NZD<\/li>\n<li> Contenedor de 40 pies: $2,775 - $3,070 NZD<\/li>\n<\/ul>\n<p><strong>Tiempos de env\u00edo<\/strong><\/p>\n<ul>\n<li> <strong>El aire:<\/strong> 1-3 d\u00edas<\/li>\n<li> <strong>Mar:<\/strong> Alrededor de 23 d\u00edas<\/li>\n<\/ul>\n<h2><span class=\"ez-toc-section\" id=\"Shipping_to_Singapore_From_the_Philippines\"><\/span>Env\u00edo a Singapur desde Filipinas<span class=\"ez-toc-section-end\"><\/span><\/h2>\n<p><strong>Gastos de env\u00edo de contenedores desde Manila<\/strong><\/p>\n<ul>\n<li> Contenedor de 20 pies: \u20b118.300 - \u20b120.255<\/li>\n<li> Contenedor de 40 pies: \u20b127.350 - \u20b130.230<\/li>\n<\/ul>\n<p><strong>Tiempos de env\u00edo<\/strong><\/p>\n<ul>\n<li> <strong>El aire:<\/strong> 1-3 d\u00edas<\/li>\n<li> <strong>Mar:<\/strong> Alrededor de 12 d\u00edas<\/li>\n<\/ul>\n<p>Los datos de los costes de env\u00edo de contenedores se basan en el env\u00edo de sus mercanc\u00edas por mar y proceden de nuestro <a href=\"https:\/\/moverdb.com\/es\/transporte-de-contenedores\/\">tarifas de env\u00edo de contenedores internacionales<\/a> p\u00e1gina y <a href=\"http:\/\/worldfreightrates.com\" target=\"_blank\" rel=\"noopener noreferrer\">WorldFreightRates.com<\/a>Los tiempos de env\u00edo de Air provienen de <a href=\"https:\/\/wwwapps.ups.com\/fctc\/timeandcost\" target=\"_blank\" rel=\"noopener noreferrer\">Calculadora de tiempo y costes de UPS<\/a>y los tiempos de env\u00edo al mar provienen de <a href=\"https:\/\/www.searates.com\" target=\"_blank\" rel=\"noopener noreferrer\">SeaRates.com<\/a>.<\/p>\n<h2><span class=\"ez-toc-section\" id=\"Singapore_Import_Duties_Taxes\"><\/span>Derechos e impuestos de importaci\u00f3n en Singapur<span class=\"ez-toc-section-end\"><\/span><\/h2>\n<p>Si se env\u00edan enseres dom\u00e9sticos y efectos personales a <a href=\"https:\/\/moverdb.com\/es\/moving-to-singapore\/\" data-internallinksmanager029f6b8e52c=\"68\" title=\"\u00bfMudarse a Singapur? 2026 Costes de vida y consejos de reubicaci\u00f3n\">Singapur<\/a> estar\u00e1 sujeto al Impuesto sobre Bienes y Servicios (GST) de 7% sobre los art\u00edculos de m\u00e1s de 400 SGD. Sin embargo, puedes solicitar una exenci\u00f3n siempre que se cumpla lo siguiente:<\/p>\n<blockquote><p>Se puede conceder la exenci\u00f3n del IVA a las importaciones de art\u00edculos dom\u00e9sticos y efectos personales usados a:<\/p>\n<p>Los singapurenses y los residentes permanentes de Singapur (PRs) que residen en el extranjero y que regresan para reanudar su residencia en Singapur<br \/>\nExtranjeros que transfieren su residencia o emigran a Singapur<\/p>\n<p>La desgravaci\u00f3n del IVA est\u00e1 sujeta a las siguientes condiciones:<\/p>\n<p>Que dicha persona satisfaga a la Aduana que:<\/p>\n<ul>\n<li> Va a cambiar su lugar de residencia a Singapur;<\/li>\n<li> Es el propietario de los art\u00edculos, efectos personales y mascota personal importada;<\/li>\n<li> Los art\u00edculos y efectos personales han estado en su posesi\u00f3n y han sido utilizados durante al menos 3 meses; y<\/li>\n<li> Los art\u00edculos y efectos personales se importan por v\u00eda a\u00e9rea o mar\u00edtima.<\/li>\n<li> Los art\u00edculos, efectos personales y mascotas personales se importan en un plazo de 6 meses desde su primera llegada a Singapur.<\/li>\n<li> Se establece un compromiso de no disponer de los art\u00edculos y efectos personales en un plazo de 3 meses a partir de la fecha de importaci\u00f3n.<\/li>\n<\/ul>\n<p>En el caso de los singapurenses y los RP que regresan, deben haber residido en un pa\u00eds extranjero durante m\u00e1s de 6 meses para tener derecho a esta desgravaci\u00f3n del IVA.<\/p><\/blockquote>\n<p><strong>Fuente:<\/strong> <a href=\"https:\/\/www.customs.gov.sg\/businesses\/importing-goods\/import-procedures\/importing-used-household-articles-and-personal-effects\" target=\"_blank\" rel=\"noopener noreferrer\">Aduana de Singapur<\/a><\/p>\n<p>Tenga en cuenta que hay <a href=\"https:\/\/www.customs.gov.sg\/businesses\/valuation-duties-taxes--fees\/duties-and-dutiable-goods\" target=\"_blank\" rel=\"noopener noreferrer\">existen 4 categor\u00edas de bienes imponibles<\/a> (que no pueden acogerse a la desgravaci\u00f3n del IVA):<\/p>\n<ul>\n<li> Licores embriagantes: Basado en una de las dos f\u00f3rmulas: <em>Derechos a pagar = Cantidad total en litros x Tipo de derecho de aduana y\/o de impuesto especial x Porcentaje de grado alcoh\u00f3lico<\/em> <strong>o<\/strong><em> Derechos a pagar = Cantidad total imponible en kilogramos x tipo de derecho de aduana<\/em>.<\/li>\n<li> Productos del tabaco - <em>Cigarrillos:<\/em> Derechos a pagar = N\u00famero total de barritas x Peso de las barritas individuales (cada gramo o parte de \u00e9l) x Tipo de impuesto especial - <em>todos los dem\u00e1s productos del tabaco:<\/em> Derechos a pagar = Peso total (en kilogramos) x Tipo de impuesto especial<\/li>\n<li> Coches y veh\u00edculos de motor - <em>Derechos a pagar = Valor en aduana x Tipo de impuesto especial<\/em>para los turismos y los veh\u00edculos cl\u00e1sicos, el tipo de impuesto especial es <strong>20%<\/strong> y para las motocicletas y scooters el tipo de impuesto especial es <strong>12%<\/strong>.<\/li>\n<li> Productos petrol\u00edferos y mezclas de biodi\u00e9sel - Productos petrol\u00edferos: <em>Derechos a pagar = Volumen total x Tipo de impuesto especial<\/em>Gas natural comprimido (GNC): <em>Derechos a pagar = Peso total x Tipo de impuesto especial<\/em>Mezcla de biodi\u00e9sel Derechos a pagar = <em>Volumen de gas\u00f3leo x Tipo de impuesto especial<\/em>.<\/li>\n<\/ul>\n<p>Para m\u00e1s detalles, v\u00e9ase la Aduana de Singapur <a href=\"https:\/\/www.customs.gov.sg\/businesses\/importing-goods\/import-procedures\" target=\"_blank\" rel=\"noopener noreferrer\">Procedimientos de importaci\u00f3n<\/a>.<\/p>\n<h2><span class=\"ez-toc-section\" id=\"Restricted_Items_in_Singapore\"><\/span>Art\u00edculos restringidos en Singapur<span class=\"ez-toc-section-end\"><\/span><\/h2>\n<p>Los siguientes art\u00edculos figuran en la lista de art\u00edculos prohibidos y\/o controlados por las aduanas de Singapur (<a href=\"https:\/\/www.customs.gov.sg\/individuals\/going-through-customs\/arrival\/prohibited-and-controlled-goods\" target=\"_blank\" rel=\"noopener noreferrer\">ver sitio web<\/a> para m\u00e1s detalles):<\/p>\n<ul>\n<li> Goma de mascar (excepto los chicles dentales y medicinales aprobados por la Autoridad de Ciencias de la Salud)<\/li>\n<li> Tabaco de mascar y productos de tabaco de imitaci\u00f3n (por ejemplo, cigarrillos electr\u00f3nicos)<\/li>\n<li> Shisha<\/li>\n<li> Puros sin humo, cigarritos sin humo o cigarrillos sin humo<\/li>\n<li> Tabaco o nicotina disoluble<\/li>\n<li> Cualquier producto que contenga nicotina o tabaco que pueda ser utilizado de forma t\u00f3pica para su aplicaci\u00f3n, mediante implante o inyectado en cualquier parte del cuerpo.<\/li>\n<li> Cualquier soluci\u00f3n o sustancia, de la cual el tabaco o la nicotina es un constituyente, que est\u00e1 destinada a ser utilizada con un sistema electr\u00f3nico de suministro de nicotina o vaporizadores.<\/li>\n<li> Tabaco nasal (con efecto a partir del 1 de agosto de 2016)<\/li>\n<li> Tabaco oral (con efecto a partir del 1 de agosto de 2016)<\/li>\n<li> Gutkha, khaini y zarda (con efecto a partir del 1 de agosto de 2016)<\/li>\n<li> Encendedores con forma de pistola o rev\u00f3lver<\/li>\n<p>Contr<\/p>\n<li> nes y sustancias psicotr\u00f3picas<\/li>\n<li> Especies silvestres en peligro de extinci\u00f3n y sus subproductos<\/li>\n<li> Petardos<\/li>\n<li> Art\u00edculos, publicaciones y cintas de v\u00eddeo\/discos obscenos<\/li>\n<li> Reproducci\u00f3n de publicaciones, programas inform\u00e1ticos, cintas de v\u00eddeo, discos compactos de v\u00eddeo, discos l\u00e1ser, discos o casetes protegidos por derechos de autor<\/li>\n<li> Material sedicioso y de traici\u00f3n<\/li>\n<\/ul>\n<p>Si no est\u00e1 seguro de cualquier otro art\u00edculo, consulte con ellos antes de enviar su mercanc\u00eda.<\/p>\n<h2><span class=\"ez-toc-section\" id=\"Other_Useful_Guides_to_Singapore\"><\/span>Otras gu\u00edas \u00fatiles sobre Singapur<span class=\"ez-toc-section-end\"><\/span><\/h2>\n<ul>\n<li> <a href=\"https:\/\/moverdb.com\/es\/transporte-de-contenedores\/singapur\/\">2024 Tarifas de transporte mar\u00edtimo de contenedores desde y hacia Singapur<\/a><\/li>\n<li> <a href=\"https:\/\/moverdb.com\/es\/empresas-de-mudanzas\/moving-companies-singapore\/\">22 Mejores Empresas de Mudanzas Internacionales en Singapur<\/a><\/li>\n<li> <a href=\"https:\/\/moverdb.com\/es\/envios-a-singapur\/\">Env\u00edos a Singapur: Lo que debe saber<\/a><\/li>\n<li> <a href=\"https:\/\/moverdb.com\/es\/mudanza-a-singapur\/\">\u00bfSe muda a Singapur? 2026 Coste de la vida y consejos para el traslado<\/a><\/li>\n<li> <a href=\"https:\/\/moverdb.com\/es\/mudanza-a-singapur\/best-places-to-live-singapore\/\">12 mejores lugares para vivir en Singapur<\/a><\/li>\n<li> <a href=\"https:\/\/moverdb.com\/es\/mudanza-a-singapur\/living-in-singapore\/\">21 secretos sobre la vida en Singapur que debe conocer antes de mudarse<\/a><\/li>\n<li> <a href=\"https:\/\/moverdb.com\/es\/mudanza-a-singapur\/moving-to-singapore-from-the-united-states\/\">Trasladarse a Singapur desde Estados Unidos<\/a><\/li>\n<\/ul>","protected":false},"excerpt":{"rendered":"<p>Whether you&#8217;re moving to Singapore or just looking to ship a few parcels, we can help you find the best shipping deals from the US, UK, Australia, Canada, France, Hong Kong, New Zealand, Philippines and most other countries around the world. You can get started by using the free quote form above. Shipping to Singapore [&hellip;]<\/p>\n","protected":false},"author":1,"featured_media":2676,"parent":0,"menu_order":0,"comment_status":"closed","ping_status":"closed","template":"","meta":{"_genesis_hide_title":false,"_genesis_hide_breadcrumbs":false,"_genesis_hide_singular_image":false,"_genesis_hide_footer_widgets":false,"_genesis_custom_body_class":"","_genesis_custom_post_class":"","_genesis_layout":"","footnotes":""},"class_list":{"0":"post-2675","1":"page","2":"type-page","3":"status-publish","4":"has-post-thumbnail","6":"entry"},"_links":{"self":[{"href":"https:\/\/moverdb.com\/es\/wp-json\/wp\/v2\/pages\/2675","targetHints":{"allow":["GET"]}}],"collection":[{"href":"https:\/\/moverdb.com\/es\/wp-json\/wp\/v2\/pages"}],"about":[{"href":"https:\/\/moverdb.com\/es\/wp-json\/wp\/v2\/types\/page"}],"author":[{"embeddable":true,"href":"https:\/\/moverdb.com\/es\/wp-json\/wp\/v2\/users\/1"}],"replies":[{"embeddable":true,"href":"https:\/\/moverdb.com\/es\/wp-json\/wp\/v2\/comments?post=2675"}],"version-history":[{"count":17,"href":"https:\/\/moverdb.com\/es\/wp-json\/wp\/v2\/pages\/2675\/revisions"}],"predecessor-version":[{"id":16941,"href":"https:\/\/moverdb.com\/es\/wp-json\/wp\/v2\/pages\/2675\/revisions\/16941"}],"wp:featuredmedia":[{"embeddable":true,"href":"https:\/\/moverdb.com\/es\/wp-json\/wp\/v2\/media\/2676"}],"wp:attachment":[{"href":"https:\/\/moverdb.com\/es\/wp-json\/wp\/v2\/media?parent=2675"}],"curies":[{"name":"wp","href":"https:\/\/api.w.org\/{rel}","templated":true}]}}