{"id":265,"date":"2016-05-01T06:12:45","date_gmt":"2016-05-01T06:12:45","guid":{"rendered":"http:\/\/moverdb.com\/?page_id=265"},"modified":"2026-01-08T14:47:55","modified_gmt":"2026-01-08T14:47:55","slug":"cadogan-tate","status":"publish","type":"page","link":"https:\/\/moverdb.com\/es\/cadogan-tate\/","title":{"rendered":"Cadogan Tate: Rese\u00f1as sobre mudanzas internacionales"},"content":{"rendered":"<p>Cadogan Tate ofrece a sus clientes lo siguiente para su mudanza al extranjero. Esta informaci\u00f3n va seguida de un perfil de la empresa y de rese\u00f1as de varios clientes.<\/p>\n<p><strong>Mudanzas personales y empresariales<\/strong><\/p>\n<p>Servicios de gesti\u00f3n de mudanzas<\/p>\n<ul>\n<li> Plan de gesti\u00f3n de mudanzas<\/li>\n<li> Embalaje y desembalaje<\/li>\n<li> Transporte y env\u00edo<\/li>\n<li> Despacho de aduanas <\/li>\n<li> Almacenamiento - Cobertura mundial<\/li>\n<\/ul>\n<p><strong>Servicios de arte y servicios de ferias<\/strong><\/p>\n<ul>\n<li> Almacenamiento, env\u00edo y traslado de obras de arte<\/li>\n<li> Desplazamiento de art\u00edculos de feria y exposici\u00f3n por todo el mundo<\/li>\n<\/ul>\n<p><strong>Tareas especializadas<\/strong><\/p>\n<ul>\n<li> Traslado de vinos finos <\/li>\n<li> <a href=\"https:\/\/moverdb.com\/es\/transporte-embarque-de-coches\/\">Env\u00edo de coches<\/a>, barcos y aviones<\/li>\n<li> Traslado de mascotas<\/li>\n<\/ul>\n<p><strong>Servicios de dise\u00f1o de interiores<\/strong><\/p>\n<ul>\n<li> Recogida y traslado en todo el mundo de cualquier art\u00edculo de dise\u00f1o<\/li>\n<li> Empaquetado\/encajado y trasladado por personal altamente experimentado<\/li>\n<li> Env\u00edos y aduanas <\/li>\n<li> Almacenamiento <\/li>\n<\/ul>\n<h2>Perfil de la empresa Cadogan Tate<\/h2>\n<p>Cadogan Tate se fund\u00f3 en 1977 y ahora tiene oficinas en <a href=\"https:\/\/moverdb.com\/es\/moving-to-london\/\">Londres<\/a>, <a href=\"https:\/\/moverdb.com\/es\/moving-to-france\/moving-to-paris\/\" data-internallinksmanager029f6b8e52c=\"407\" title=\"\u00bfSe muda a Par\u00eds? 2026 Coste de la vida y consejos para el traslado\">Par\u00eds<\/a>Costa de Azul, <a href=\"https:\/\/moverdb.com\/es\/moving-to-nyc\/\">Nueva York<\/a> y <a href=\"https:\/\/moverdb.com\/es\/mudarse-a-los-angeles\/\">Los \u00c1ngeles<\/a> No s\u00f3lo trasladan empresas y particulares de todo el mundo, sino que tambi\u00e9n son expertos en el traslado de obras de arte y de muebles y objetos de decoraci\u00f3n dise\u00f1ados por los principales dise\u00f1adores del mundo. <\/p>\n<p>Cadogan Tate se enorgullece de su experiencia en la organizaci\u00f3n de ferias de arte, teniendo en cuenta las necesidades de los organizadores, compradores y expositores. El logotipo escrito de Cadogan Tate es \"todo, manejado con cuidado\".<br \/>\nLa empresa tiene una larga lista de afiliaciones y acreditaciones:<\/p>\n<ul>\n<li> <a href=\"https:\/\/moverdb.com\/es\/british-association-of-removers\/\">Asociaci\u00f3n Brit\u00e1nica de Empresas de Mudanzas (BAR)<\/a><\/li>\n<li> <a href=\"https:\/\/moverdb.com\/es\/mtc\/\">El Club de Comercio de Movers<\/a> (<a href=\"https:\/\/moverdb.com\/es\/mtc\/\" data-internallinksmanager029f6b8e52c=\"30\" title=\"Explicaci\u00f3n del Movers Trading Club (MTC)\">MTC<\/a>)<\/li>\n<li> Asociaci\u00f3n de Museos<\/li>\n<li> Ministerio del Interior - <a href=\"https:\/\/moverdb.com\/es\/moving-to-the-uk\/\" data-internallinksmanager029f6b8e52c=\"93\" title=\"\u00bfSe muda al Reino Unido? 2026 Costes de vida y consejos de reubicaci\u00f3n\">REINO UNIDO<\/a> Agencia de Fronteras<\/li>\n<li> <a href=\"https:\/\/moverdb.com\/es\/red-de-reubicacion-armonica\/\">Red de reubicaci\u00f3n Harmony<\/a><\/li>\n<li> <a href=\"https:\/\/moverdb.com\/es\/soy\/\">Asociaci\u00f3n Internacional de Empresas de Mudanzas (IAM)<\/a><\/li>\n<li> <a href=\"https:\/\/moverdb.com\/es\/fidi-faim\/\">FAIM<\/a><\/li>\n<li> Grupo de Registradores del Reino Unido<\/li>\n<li> <a href=\"https:\/\/moverdb.com\/es\/fidi-faim\/\">Alianza Global FIDI<\/a><\/li>\n<li> Asociaci\u00f3n de Artesanos y Anticuarios (LAPADA)<\/li>\n<li> Est\u00e1ndar de servicio de calidad garantizada - Mudanzas comerciales<\/li>\n<li> Norma de servicio de calidad garantizada - Sistemas de gesti\u00f3n medioambiental<\/li>\n<li> Est\u00e1ndar de servicio de calidad garantizada - Mudanzas comerciales<\/li>\n<li> Est\u00e1ndar de servicio de calidad garantizada - Mudanzas de muebles dom\u00e9sticos<\/li>\n<li> Norma de servicio de calidad garantizada - Salud laboral y sistemas de gesti\u00f3n<\/li>\n<li> Norma de servicio de calidad garantizada - Sistemas de gesti\u00f3n de la calidad<\/li>\n<\/ul>\n<h2>Rese\u00f1as de Cadogan Tate<\/h2>\n<p><strong>Positivo<\/strong><\/p>\n<ul>\n<li> \"<em>Quedamos encantados con Cadogan Tate. No fue una elecci\u00f3n econ\u00f3mica, pero despu\u00e9s de trabajar con ellos, decidimos que hab\u00edan valido cada centavo\". <\/em> E. Perry v\u00eda <a href=\"http:\/\/www.reviewcentre.com\/Removal-Companies\/Cadogan-Tate-www-cadogantate-com-review_3591881\" target=\"_blank\" rel=\"noopener\">Centro de Revisi\u00f3n<\/a>\n<\/li>\n<li> \"<em>Hace poco encargu\u00e9 un env\u00edo a trav\u00e9s de Cadogan Tate para mi mudanza desde el sur de <a href=\"https:\/\/moverdb.com\/es\/moving-to-france\/\" data-internallinksmanager029f6b8e52c=\"315\" title=\"\u00bfSe muda a Francia? 2026 Coste de la vida y consejos para el traslado\">Francia<\/a> a Londres. Se manej\u00f3 a la perfecci\u00f3n\". <\/em>Rivsalov v\u00eda <a href=\"http:\/\/www.removalreviews.co.uk\/movingreviews\/smooth-and-efficient-with-a-professional-approach-5733\" target=\"_blank\" rel=\"noopener\">Rese\u00f1as de mudanzas<\/a>\n<\/li>\n<\/ul>\n<p><strong>Negativo<\/strong><\/p>\n<ul>\n<li> \"<em>Asqueado por la cantidad de residuos medioambientales que produce esta empresa. Cajas de art\u00edculos poco fr\u00e1giles, como almohadas y ropa de cama, rellenas hasta los topes de papel de embalaje nuevo\". <\/em>Carl Lyon v\u00eda <a href=\"http:\/\/www.reviewcentre.com\/Removal-Companies\/Cadogan-Tate-www-cadogantate-com-review_3349791\" target=\"_blank\" rel=\"noopener\">Centro de Revisi\u00f3n<\/a>\n<\/li>\n<li> \"<em>Utilizamos a Cadogan Tate para una mudanza de Londres a la <a href=\"https:\/\/moverdb.com\/es\/moving-to-the-united-states\/\" data-internallinksmanager029f6b8e52c=\"94\" title=\"\u00bfSe muda a Estados Unidos? 2026 Costes de vida y consejos de reubicaci\u00f3n\">EE.UU.<\/a>. Los encargados de la mudanza fueron muy profesionales y amables. Sin embargo, el back office tiene serios problemas\". <\/em> D J Skillman v\u00eda <a href=\"http:\/\/www.removalreviews.co.uk\/movers\/cadogan-tate-311\" target=\"_blank\" rel=\"noopener\">Rese\u00f1as de mudanzas<\/a>\n<\/li>\n<\/ul>\n<div itemprop=\"review\" itemscope itemtype=\"http:\/\/schema.org\/Review\">\n<span itemprop=\"author\" itemscope=\"\" itemtype=\"http:\/\/schema.org\/Organization\"><span itemprop=\"name\">MoverDB.com<\/span><\/span> Revisi\u00f3n del sitio web en l\u00ednea para <span itemprop=\"itemreviewed\" itemscope=\"\" itemtype=\"http:\/\/schema.org\/Brand\"><span itemprop=\"name\">Cadogan Tate<\/span><\/span>:<\/p>\n<ol>\n<li> Datos de contacto claros en el sitio web (incluido el n\u00famero de tel\u00e9fono): <strong>S\u00ed<\/strong><\/li>\n<li> F\u00e1cil de conseguir <a href=\"https:\/\/moverdb.com\/es\/citas\/\">presupuestos de mudanzas internacionales<\/a>? (Formulario de solicitud de presupuesto en l\u00ednea): <strong>S\u00ed<\/strong><\/li>\n<li> Informaci\u00f3n clara en el sitio web: <strong>Parcial.<\/strong> La p\u00e1gina web no contiene mucha informaci\u00f3n detallada. Se suministra en la fase de planificaci\u00f3n.<\/li>\n<li> Pertenencia a organizaciones de mudanzas reconocidas internacionalmente: <strong>S\u00ed<\/strong>, v\u00e9ase m\u00e1s arriba.<\/li>\n<li> Lista de clientes y\/o testimonios de clientes anteriores: <strong>Parcial.<\/strong> En el sitio web hay estudios de casos que describen varios movimientos, pero no hay nombres de clientes ni testimonios de clientes.<\/li>\n<\/ol>\n<div itemprop=\"reviewRating\" itemscope itemtype=\"http:\/\/schema.org\/Rating\"><meta itemprop=\"worstRating\" content = \"0\" \/><meta itemprop=\"bestRating\" content=\"5\" \/><meta itemprop=\"ratingValue\" content=\"4\"><\/div>\n<p><strong>Puntuaci\u00f3n global: 4\/5<\/strong><br \/>\n<strong>Fecha de revisi\u00f3n:<\/strong> <span itemprop=\"datePublished\" content=\"2016-05-01\">01\/05\/2016<\/span>\n<\/div>\n<p>M\u00e1s sobre <a href=\"https:\/\/moverdb.com\/es\/mudanzas-internacionales\/\">Empresas de mudanzas del Reino Unido<\/a> y nuestro <a href=\"https:\/\/moverdb.com\/es\/resenas\/\">proceso de revisi\u00f3n explicado<\/a>.<\/p>\n<p><strong>P\u00e1gina web:<\/strong> <a href=\"https:\/\/www.cadogantate.com\/en\" target=\"_blank\" rel=\"noopener\">https:\/\/www.cadogantate.com\/en<\/a><\/p>","protected":false},"excerpt":{"rendered":"<p>Cadogan Tate offer their clients the following for their move abroad. This information is followed by a company profile and reviews from various clients. Personal and Corporate Moves Move Management Services Move management plan Packing and unpacking Transportation and shipping Customs clearance Storage &#8211; Global coverage Art Services and Fair Services Fine art storage, shipping [&hellip;]<\/p>\n","protected":false},"author":1,"featured_media":0,"parent":0,"menu_order":0,"comment_status":"closed","ping_status":"closed","template":"","meta":{"_genesis_hide_title":false,"_genesis_hide_breadcrumbs":false,"_genesis_hide_singular_image":false,"_genesis_hide_footer_widgets":false,"_genesis_custom_body_class":"","_genesis_custom_post_class":"","_genesis_layout":"","footnotes":""},"class_list":{"0":"post-265","1":"page","2":"type-page","3":"status-publish","5":"entry"},"_links":{"self":[{"href":"https:\/\/moverdb.com\/es\/wp-json\/wp\/v2\/pages\/265","targetHints":{"allow":["GET"]}}],"collection":[{"href":"https:\/\/moverdb.com\/es\/wp-json\/wp\/v2\/pages"}],"about":[{"href":"https:\/\/moverdb.com\/es\/wp-json\/wp\/v2\/types\/page"}],"author":[{"embeddable":true,"href":"https:\/\/moverdb.com\/es\/wp-json\/wp\/v2\/users\/1"}],"replies":[{"embeddable":true,"href":"https:\/\/moverdb.com\/es\/wp-json\/wp\/v2\/comments?post=265"}],"version-history":[{"count":17,"href":"https:\/\/moverdb.com\/es\/wp-json\/wp\/v2\/pages\/265\/revisions"}],"predecessor-version":[{"id":6190,"href":"https:\/\/moverdb.com\/es\/wp-json\/wp\/v2\/pages\/265\/revisions\/6190"}],"wp:attachment":[{"href":"https:\/\/moverdb.com\/es\/wp-json\/wp\/v2\/media?parent=265"}],"curies":[{"name":"wp","href":"https:\/\/api.w.org\/{rel}","templated":true}]}}