{"id":246,"date":"2016-04-21T14:54:42","date_gmt":"2016-04-21T14:54:42","guid":{"rendered":"http:\/\/moverdb.com\/?page_id=246"},"modified":"2026-01-08T14:47:37","modified_gmt":"2026-01-08T14:47:37","slug":"atlas-van-lines-international","status":"publish","type":"page","link":"https:\/\/moverdb.com\/es\/atlas-van-lines-international\/","title":{"rendered":"Atlas Van Lines Internacional: Servicios de Mudanza y Rese\u00f1as"},"content":{"rendered":"<p>Atlas Van Lines International ofrece los siguientes servicios para personas que se mudan al extranjero. Tambi\u00e9n puede ver el perfil de la empresa y leer las opiniones a continuaci\u00f3n:<\/p>\n<p><strong>Mudanzas personales y corporativas:<\/strong><\/p>\n<p>Servicios de transporte<\/p>\n<ul>\n<li> Transporte mundial de art\u00edculos dom\u00e9sticos puerta a puerta<\/li>\n<li> <a href=\"https:\/\/moverdb.com\/es\/transitario\/\">Transporte mar\u00edtimo y a\u00e9reo<\/a><\/li>\n<li> Autom\u00f3viles y barcos<\/li>\n<li> Carga de proyectos (exposiciones y exhibiciones)<\/li>\n<\/ul>\n<p>Servicios de reubicaci\u00f3n<\/p>\n<ul>\n<li> Administraci\u00f3n y apoyo del programa<\/li>\n<li> Desarrollo de pol\u00edticas<\/li>\n<li> Consultor\u00eda<\/li>\n<li> Viviendas de los cesionarios<\/li>\n<li> Servicios en destino<\/li>\n<li> Servicio de protecci\u00f3n del valor<\/li>\n<\/ul>\n<p>Servicios de viaje<\/p>\n<ul>\n<li> Servicio completo de agencia de viajes de empresa<\/li>\n<li> Gesti\u00f3n del programa y elaboraci\u00f3n de informes<\/li>\n<\/ul>\n<p>Gesti\u00f3n del almacenamiento a largo plazo<\/p>\n<p><strong>Movimientos gubernamentales y militares:<\/strong><\/p>\n<ul>\n<li> Apoyar el Programa de Bienes Personales de Defensa (DP3)<\/li>\n<li> Gesti\u00f3n de mudanzas internacionales (C\u00f3digos 4, 5 y T)<\/li>\n<li> Gesti\u00f3n de mudanzas dom\u00e9sticas (C\u00f3digos 1 y 2)<\/li>\n<li> Env\u00edos internacionales de equipaje (C\u00f3digo J)<\/li>\n<li> Env\u00edos OTO<\/li>\n<li> Un equipo de atenci\u00f3n al cliente dedicado a proporcionar una atenci\u00f3n personal VIP a los miembros del servicio<\/li>\n<li> Equipo de cuentas GSA dedicado exclusivamente a la gesti\u00f3n de mudanzas internacionales para <a href=\"https:\/\/moverdb.com\/es\/moving-to-the-united-states\/\" data-internallinksmanager029f6b8e52c=\"94\" title=\"\u00bfSe muda a Estados Unidos? 2026 Costes de vida y consejos de reubicaci\u00f3n\">EE.UU.<\/a> agencias gubernamentales<\/li>\n<li> Participante en el I-CHAMP<\/li>\n<\/ul>\n<p><strong>Exposiciones y fletes:<\/strong><\/p>\n<ul>\n<li> Exposiciones<\/li>\n<li> Expositores para ferias<\/li>\n<li> Accesorios de la tienda<\/li>\n<li> Proyectos especiales en el extranjero<\/li>\n<\/ul>\n<h2>Perfil de la empresa Atlas Van Lines International<\/h2>\n<p>Atlas International es una filial de la empresa privada Atlas Van Lines y forma parte de Atlas World Group. Llevan m\u00e1s de 50 a\u00f1os trasladando personas al extranjero. Se centran principalmente en los traslados corporativos, que suponen 85% de sus 7.000 traslados anuales. <\/p>\n<p>Sin embargo, tambi\u00e9n trasladan a profesionales individuales, empleados p\u00fablicos y miembros del ej\u00e9rcito estadounidense (y sus familias).<\/p>\n<p>La empresa afirma tener un compromiso con la integridad, la calidad y las soluciones. Son miembros de las siguientes organizaciones:<\/p>\n<ul>\n<li> Certificaci\u00f3n C-TPAT con la US Customs &amp; Border Patrol<\/li>\n<li> Registro ISO 9001<\/li>\n<li> <a href=\"https:\/\/moverdb.com\/es\/rim-promover\/\">RIM\u00ae - Registered International Mover<\/a><\/li>\n<li> <a href=\"https:\/\/moverdb.com\/es\/amsa\/\">Asociaci\u00f3n Americana de Mudanzas y Almacenamiento<\/a> (<a href=\"https:\/\/moverdb.com\/es\/amsa\/\" data-internallinksmanager029f6b8e52c=\"5\" title=\"Explicaci\u00f3n de la Asociaci\u00f3n Americana de Mudanzas y Almacenamiento (AMSA)\">AMSA<\/a>)<\/li>\n<li> <a href=\"https:\/\/moverdb.com\/es\/hgfaa\/\">Asociaci\u00f3n de Transitarios HHG de Am\u00e9rica<\/a> (HHGFAA)<\/li>\n<li> <a href=\"https:\/\/moverdb.com\/es\/lacma\/\">Asociaci\u00f3n de Mudanzas de Am\u00e9rica Latina y el Caribe<\/a> (<a href=\"https:\/\/moverdb.com\/es\/lacma\/\" data-internallinksmanager029f6b8e52c=\"28\" title=\"Asociaci\u00f3n de empresas de mudanzas internacionales de Am\u00e9rica Latina y el Caribe (LACMA)\">LACMA<\/a>)<\/li>\n<li> <a href=\"https:\/\/moverdb.com\/es\/iata\/\">Asociaci\u00f3n Internacional de Transporte A\u00e9reo<\/a> (<a href=\"https:\/\/moverdb.com\/es\/iata\/\" data-internallinksmanager029f6b8e52c=\"22\" title=\"Explicaci\u00f3n de la Asociaci\u00f3n Internacional de Transporte A\u00e9reo (IATA)\">IATA<\/a>)<\/li>\n<li> <a href=\"https:\/\/moverdb.com\/es\/euromovers\/\">Asociaci\u00f3n Europea de Empresas de Transporte (European Mover Partnership)<\/a><\/li>\n<li> <a href=\"https:\/\/moverdb.com\/es\/consejo-de-reubicacion-de-empleados\/\">Consejo de Reubicaci\u00f3n de Empleados<\/a> (En todo el mundo <a href=\"https:\/\/moverdb.com\/es\/employee-relocation-council\/\" data-internallinksmanager029f6b8e52c=\"83\" title=\"Explicaci\u00f3n del Consejo Mundial de Reubicaci\u00f3n de Empleados (ERC)\">ERC<\/a>)<\/li>\n<li> Con licencia de la Comisi\u00f3n Federal Mar\u00edtima como <a href=\"https:\/\/moverdb.com\/es\/freight-forwarder\/\" data-internallinksmanager029f6b8e52c=\"17\" title=\"Gu\u00eda de empresas y costes internacionales de transitarios y NVOCC\">NVOCC<\/a>, Licencia # 79NF<\/li>\n<li> Transportista de ITGBL participante en el programa CHAMP para las agencias gubernamentales de EE.UU.<\/li>\n<li> Portador de ITGBL participante para el Departamento de Defensa de EE.UU. <\/li>\n<\/ul>\n<p>Disponen de las siguientes agencias mundiales:<\/p>\n<ul>\n<li> Agencias Atlas altamente cualificadas en los 50 estados de EE.UU.<\/li>\n<li> M\u00e1s de 130 agentes en <a href=\"https:\/\/moverdb.com\/es\/moving-to-canada\/\" data-internallinksmanager029f6b8e52c=\"265\" title=\"\u00bfMudarse a Canad\u00e1? 2026 Coste de la vida y consejos para la reubicaci\u00f3n\">Canad\u00e1<\/a>.<\/li>\n<li> M\u00e1s de 300 agentes preferentes de Atlas que trabajan en todos los pa\u00edses del mundo.<\/li>\n<\/ul>\n<p>Tambi\u00e9n afirman que los profesionales de la reubicaci\u00f3n que usted ve y con los que interact\u00faa -en ambos extremos de su mudanza- han sido precalificados.<\/p>\n<h2>Opiniones de Atlas Van Lines International<\/h2>\n<p><em><strong>Tenga en cuenta:<\/strong> incluye opiniones para Atlas Van Lines y Atlas International<\/em><\/p>\n<p><strong>Positivo<\/strong><\/p>\n<ul>\n<li> <em>\"Qued\u00e9 muy impresionado no s\u00f3lo por lo mucho que trabajaron sino por el cuidado que tuvieron con mis pertenencias\".<\/em> - Laurie v\u00eda <a href=\"http:\/\/www.atlasvanlines.com\/moving-company-reviews\/\" target=\"_blank\" rel=\"noopener\">P\u00e1gina de rese\u00f1as de Atlas Van Lines<\/a><\/li>\n<li> <em>\"Atlas fue una gran elecci\u00f3n. Los recomiendo encarecidamente a cualquiera que tenga que hacer una mudanza de larga distancia y se sienta inquieto por el hecho de que unos extra\u00f1os se lleven sus pertenencias.\"<\/em> - Kate v\u00eda <a href=\"http:\/\/www.mymovingreviews.com\/movingreviews\/great-movers-9968\" target=\"_blank\" rel=\"noopener\">MyMovingReviews<\/a><\/li>\n<li> <em>\"BBB ha determinado que Atlas Van Lines International cumple con los est\u00e1ndares de acreditaci\u00f3n de BBB, que incluyen el compromiso de hacer un esfuerzo de buena fe para resolver cualquier queja del consumidor\".<\/em> <a href=\"http:\/\/www.bbb.org\/western-washington\/business-reviews\/movers\/atlas-van-lines-international-in-seattle-wa-27030248\" target=\"_blank\" rel=\"noopener\">Oficina de Buenas Pr\u00e1cticas Comerciales<\/a><\/li>\n<li> <em>\"S\u00f3lo necesitaba dejar una l\u00ednea despu\u00e9s de la gran experiencia que tuvimos con Atlas Van Lines\".<\/em> - Shahram v\u00eda <a href=\"https:\/\/www.consumeraffairs.com\/movers\/atlas.html\" target=\"_blank\" rel=\"noopener\">Asuntos de los consumidores<\/a><\/li>\n<li> <em>\"No podr\u00eda estar m\u00e1s contento con los servicios que Atlas Van Lines me proporcion\u00f3 durante mi mudanza a <a href=\"https:\/\/moverdb.com\/es\/mudanza-a-houston\/\">Houston<\/a>. Incluso con un tiempo horrible, mis muebles llegaron a tiempo\".<\/em> Katelyn v\u00eda <a href=\"http:\/\/www.yelp.co.uk\/biz\/atlas-van-lines-evansville-2?hrid=zrPxDQ8O1DE0pKFgOYoQzA&#038;utm_campaign=www_review_share_popup&#038;utm_medium=copy_link&#038;utm_source=(direct)\" target=\"_blank\" rel=\"noopener\">Yelp<\/a><\/li>\n<\/ul>\n<p><strong>Negativo<\/strong><\/p>\n<ul>\n<li> <em>\"El libro de recortes de beb\u00e9 de nuestras ni\u00f1as ha desaparecido, es irremplazable\".<\/em> - Ruth v\u00eda <a href=\"http:\/\/www.atlasvanlines.com\/moving-company-reviews\/\" target=\"_blank\" rel=\"noopener\">P\u00e1gina de rese\u00f1as de Atlas Van Lines<\/a><\/li>\n<li> <em>\"Atlas es lo peor. Actualmente estamos en medio de una mudanza militar con ellos, as\u00ed que no pudimos elegir. Despu\u00e9s de leer cr\u00edticas horribles de la empresa me preocup\u00e9, pero supuse que como familia de militares har\u00edan todo lo posible por cuidar a quienes se han sacrificado y han servido a su pa\u00eds. Este no ha sido el caso\".<\/em> - Chrstine v\u00eda <a href=\"http:\/\/moving-companies.credio.com\/l\/6\/Atlas-Van-Lines-Inc#review\/532419\" target=\"_blank\" rel=\"noopener\">Credio<\/a><\/li>\n<li> <em>\"Me gustaba mucho Atlas y su agente canadiense, AMJ Campbell.  Estaban en el medio de los presupuestos que me dieron, ni muy altos ni muy bajos. Me los recomend\u00f3 un amigo que hizo una mudanza internacional similar hace un a\u00f1o. Pero han fracasado estrepitosamente en varias ocasiones\".<\/em>- Irene A. v\u00eda <a href=\"http:\/\/www.yelp.co.uk\/biz\/atlas-van-lines-evansville-2?hrid=bDSbnk9dU-dvtTPUKtGOyA&#038;utm_campaign=www_review_share_popup&#038;utm_medium=copy_link&#038;utm_source=(direct)\" target=\"_blank\" rel=\"noopener\">Yelp<\/a><\/li>\n<li> <em>\"Los de la mudanza se retrasaron 21 d\u00edas en la entrega de mis objetos\".<\/em> - James v\u00eda <a href=\"http:\/\/www.mymovingreviews.com\/movingreviews\/another-victim-49405\" target=\"_blank\" rel=\"noopener\">MyMovingReviews<\/a><\/li>\n<li> <em>\"Recientemente hemos utilizado ATLAS van lines y no recomendamos esta empresa a nadie. Nos presupuestaron menos de $7.000 por nuestra peque\u00f1a mudanza y servicio de entrega. Al final pagamos m\u00e1s de $12.000 y luego nos dieron un servicio de entrega\".<\/em> Noreen v\u00eda <a href=\"https:\/\/www.consumeraffairs.com\/movers\/atlas.html\" target=\"_blank\" rel=\"noopener\">Asuntos de los consumidores<\/a><\/li>\n<\/ul>\n<div itemprop=\"review\" itemscope itemtype=\"http:\/\/schema.org\/Review\">\n<span itemprop=\"author\" itemscope=\"\" itemtype=\"http:\/\/schema.org\/Organization\"><span itemprop=\"name\">MoverDB.com<\/span><\/span> Revisi\u00f3n del sitio web en l\u00ednea para <span itemprop=\"itemreviewed\" itemscope=\"\" itemtype=\"http:\/\/schema.org\/Brand\"><span itemprop=\"name\">Atlas Internacional<\/span><\/span>:<\/p>\n<ol>\n<li> Datos de contacto claros en el sitio web (incluido el n\u00famero de tel\u00e9fono): <strong>S\u00ed<\/strong><\/li>\n<li> F\u00e1cil de conseguir <a href=\"https:\/\/moverdb.com\/es\/citas\/\">presupuestos de mudanzas internacionales<\/a>? (Formulario de solicitud de presupuesto en l\u00ednea): <strong>S\u00ed<\/strong><\/li>\n<li> Informaci\u00f3n clara en el sitio web: <strong>Parcial.<\/strong> Aunque el sitio web contiene mucha informaci\u00f3n \u00fatil, no est\u00e1 especialmente bien dise\u00f1ado. Adem\u00e1s, no es totalmente responsivo en m\u00f3viles.<\/li>\n<li> Pertenencia a organizaciones de mudanzas reconocidas internacionalmente: <strong>S\u00ed<\/strong>, 12 (v\u00e9ase m\u00e1s arriba)<\/li>\n<li> Lista de clientes y\/o testimonios de clientes anteriores: <strong>Parcial.<\/strong> Aunque hay algunos testimonios repartidos por la p\u00e1gina web, no hay un lugar donde verlos todos. Adem\u00e1s, aunque tienen una secci\u00f3n de clientes en el apartado de traslados de empresas, no se menciona a ning\u00fan cliente por su nombre.<\/li>\n<\/ol>\n<div itemprop=\"reviewRating\" itemscope itemtype=\"http:\/\/schema.org\/Rating\"><meta itemprop=\"worstRating\" content = \"0\" \/><meta itemprop=\"bestRating\" content=\"5\" \/><meta itemprop=\"ratingValue\" content=\"4\"><\/div>\n<p><strong>Puntuaci\u00f3n global: 4\/5<\/strong><br \/>\n<strong>Fecha de revisi\u00f3n:<\/strong> <span itemprop=\"datePublished\" content=\"2016-04-21\">21\/04\/2016<\/span>\n<\/div>\n<p>M\u00e1s informaci\u00f3n <a href=\"https:\/\/moverdb.com\/es\/empresas-de-mudanzas\/\">empresas de mudanzas internacionales<\/a>, <a href=\"https:\/\/moverdb.com\/es\/us-canada-movers\/\">Empresas de mudanzas en Estados Unidos<\/a> y nuestro <a href=\"https:\/\/moverdb.com\/es\/resenas\/\">proceso de revisi\u00f3n explicado<\/a>.<\/p>\n<p><strong>P\u00e1gina web:<\/strong> <a href=\"https:\/\/www.atlasvanlines.com\/international-movers\" target=\"_blank\" rel=\"noopener\">https:\/\/www.atlasvanlines.com\/international-movers<\/a><\/p>","protected":false},"excerpt":{"rendered":"<p>Atlas Van Lines International offers the following services for people moving abroad. You can also view a company profile and read reviews below: Personal and Corporate moves: Transportation Services Global door-to-door household goods transportation Ocean &#038; air freight Automobiles and boats Project freight (exhibits and displays) Relocation Services Program administration &#038; support Policy development Consulting [&hellip;]<\/p>\n","protected":false},"author":1,"featured_media":0,"parent":0,"menu_order":0,"comment_status":"closed","ping_status":"closed","template":"","meta":{"_genesis_hide_title":false,"_genesis_hide_breadcrumbs":false,"_genesis_hide_singular_image":false,"_genesis_hide_footer_widgets":false,"_genesis_custom_body_class":"","_genesis_custom_post_class":"","_genesis_layout":"","footnotes":""},"class_list":{"0":"post-246","1":"page","2":"type-page","3":"status-publish","5":"entry"},"_links":{"self":[{"href":"https:\/\/moverdb.com\/es\/wp-json\/wp\/v2\/pages\/246","targetHints":{"allow":["GET"]}}],"collection":[{"href":"https:\/\/moverdb.com\/es\/wp-json\/wp\/v2\/pages"}],"about":[{"href":"https:\/\/moverdb.com\/es\/wp-json\/wp\/v2\/types\/page"}],"author":[{"embeddable":true,"href":"https:\/\/moverdb.com\/es\/wp-json\/wp\/v2\/users\/1"}],"replies":[{"embeddable":true,"href":"https:\/\/moverdb.com\/es\/wp-json\/wp\/v2\/comments?post=246"}],"version-history":[{"count":29,"href":"https:\/\/moverdb.com\/es\/wp-json\/wp\/v2\/pages\/246\/revisions"}],"predecessor-version":[{"id":6178,"href":"https:\/\/moverdb.com\/es\/wp-json\/wp\/v2\/pages\/246\/revisions\/6178"}],"wp:attachment":[{"href":"https:\/\/moverdb.com\/es\/wp-json\/wp\/v2\/media?parent=246"}],"curies":[{"name":"wp","href":"https:\/\/api.w.org\/{rel}","templated":true}]}}