{"id":17400,"date":"2024-07-03T09:12:02","date_gmt":"2024-07-03T09:12:02","guid":{"rendered":"https:\/\/moverdb.com\/?page_id=17400"},"modified":"2026-05-15T14:59:06","modified_gmt":"2026-05-15T14:59:06","slug":"ubox-cost","status":"publish","type":"page","link":"https:\/\/moverdb.com\/es\/ubox-cost\/","title":{"rendered":"\u00bfCu\u00e1nto cuesta Ubox? Gu\u00eda de ahorro 2024"},"content":{"rendered":"<figure class=\"wp-block-image size-full\"><img loading=\"lazy\" decoding=\"async\" width=\"1000\" height=\"667\" class=\"wp-image-11037\" src=\"https:\/\/moverdb.com\/wp-content\/uploads\/u-box-moving-1.jpg\" alt=\"\" srcset=\"https:\/\/moverdb.com\/wp-content\/uploads\/u-box-moving-1.jpg 1000w, https:\/\/moverdb.com\/wp-content\/uploads\/u-box-moving-1-300x200.jpg 300w, https:\/\/moverdb.com\/wp-content\/uploads\/u-box-moving-1-18x12.jpg 18w, https:\/\/moverdb.com\/wp-content\/uploads\/u-box-moving-1-600x400.jpg 600w\" sizes=\"auto, (max-width: 1000px) 100vw, 1000px\" \/><\/figure>\r\n\r\n\r\n\r\n<p>U-Box es la vers\u00e1til y pr\u00e1ctica soluci\u00f3n de almacenamiento de U-Haul dise\u00f1ada para simplificar sus necesidades de mudanza y almacenamiento. Con U-Box, usted obtiene la flexibilidad de almacenar sus pertenencias en <em>su<\/em> tanto si se va a trasladar, como si est\u00e1 despejando su casa o simplemente necesita un almac\u00e9n temporal.\u00a0<\/p>\r\n\r\n\r\n\r\n\r\n\r\n<p>Nuestra gu\u00eda cubrir\u00e1 lo siguiente:<\/p>\r\n\r\n\r\n\r\n<ul class=\"wp-block-list\">\r\n<li>Cu\u00e1nto cuesta U-Box<\/li>\r\n\r\n\r\n\r\n<li>Qu\u00e9 afecta al coste del U-Box<\/li>\r\n\r\n\r\n\r\n<li>C\u00f3mo ahorrar dinero en U-Box<\/li>\r\n\r\n\r\n\r\n<li>\u00bfQu\u00e9 implica el uso de U-Box?<\/li>\r\n\r\n\r\n\r\n<li>C\u00f3mo saber si U-Box es la mejor opci\u00f3n para usted<\/li>\r\n\r\n\r\n\r\n<li>C\u00f3mo encontrar y contratar a U-Box<\/li>\r\n<\/ul>\r\n\r\n\r\n\r\n<p>Los contenedores U-Box son port\u00e1tiles, seguros y se entregan directamente en la puerta de su casa, por lo que el proceso de traslado y almacenamiento de sus objetos no le supondr\u00e1 ning\u00fan problema. Si crees que U-Box puede ser la soluci\u00f3n que necesitas, sigue leyendo para descubrir nuestros mejores consejos para ahorrar dinero durante tu mudanza.<\/p>\r\n\r\n\r\n\r\n<div id=\"ez-toc-container\" class=\"ez-toc-v2_0_83 ez-toc-wrap-left counter-hierarchy ez-toc-counter ez-toc-transparent ez-toc-container-direction\">\n<div class=\"ez-toc-title-container\">\n<p class=\"ez-toc-title\" style=\"cursor:inherit\">Secciones<\/p>\n<span class=\"ez-toc-title-toggle\"><a href=\"#\" class=\"ez-toc-pull-right ez-toc-btn ez-toc-btn-xs ez-toc-btn-default ez-toc-toggle\" aria-label=\"Alternar tabla de contenidos\"><span class=\"ez-toc-js-icon-con\"><span class=\"\"><span class=\"eztoc-hide\" style=\"display:none;\">Toggle<\/span><span class=\"ez-toc-icon-toggle-span\"><svg style=\"fill: #999;color:#999\" xmlns=\"http:\/\/www.w3.org\/2000\/svg\" class=\"list-377408\" width=\"20px\" height=\"20px\" viewbox=\"0 0 24 24\" fill=\"none\"><path d=\"M6 6H4v2h2V6zm14 0H8v2h12V6zM4 11h2v2H4v-2zm16 0H8v2h12v-2zM4 16h2v2H4v-2zm16 0H8v2h12v-2z\" fill=\"currentColor\"><\/path><\/svg><svg style=\"fill: #999;color:#999\" class=\"arrow-unsorted-368013\" xmlns=\"http:\/\/www.w3.org\/2000\/svg\" width=\"10px\" height=\"10px\" viewbox=\"0 0 24 24\" version=\"1.2\" baseprofile=\"tiny\"><path d=\"M18.2 9.3l-6.2-6.3-6.2 6.3c-.2.2-.3.4-.3.7s.1.5.3.7c.2.2.4.3.7.3h11c.3 0 .5-.1.7-.3.2-.2.3-.5.3-.7s-.1-.5-.3-.7zM5.8 14.7l6.2 6.3 6.2-6.3c.2-.2.3-.5.3-.7s-.1-.5-.3-.7c-.2-.2-.4-.3-.7-.3h-11c-.3 0-.5.1-.7.3-.2.2-.3.5-.3.7s.1.5.3.7z\"\/><\/svg><\/span><\/span><\/span><\/a><\/span><\/div>\n<nav><ul class='ez-toc-list ez-toc-list-level-1 eztoc-toggle-hide-by-default' ><li class='ez-toc-page-1 ez-toc-heading-level-2'><a class=\"ez-toc-link ez-toc-heading-1\" href=\"https:\/\/moverdb.com\/es\/ubox-cost\/#How_Much_Does_U-Box_Cost\" >\u00bfCu\u00e1nto cuesta U-Box?<\/a><\/li><li class='ez-toc-page-1 ez-toc-heading-level-2'><a class=\"ez-toc-link ez-toc-heading-2\" href=\"https:\/\/moverdb.com\/es\/ubox-cost\/#What_Affects_the_Cost_of_U-Box\" >\u00bfQu\u00e9 afecta al coste de U-Box?<\/a><\/li><li class='ez-toc-page-1 ez-toc-heading-level-2'><a class=\"ez-toc-link ez-toc-heading-3\" href=\"https:\/\/moverdb.com\/es\/ubox-cost\/#How_Can_I_Save_Money_on_U-Box\" >\u00bfC\u00f3mo puedo ahorrar dinero en U-Box?<\/a><\/li><li class='ez-toc-page-1 ez-toc-heading-level-2'><a class=\"ez-toc-link ez-toc-heading-4\" href=\"https:\/\/moverdb.com\/es\/ubox-cost\/#Whats_Involved_in_Hiring_U-Box\" >\u00bfQu\u00e9 implica contratar a U-Box?<\/a><\/li><li class='ez-toc-page-1 ez-toc-heading-level-2'><a class=\"ez-toc-link ez-toc-heading-5\" href=\"https:\/\/moverdb.com\/es\/ubox-cost\/#Is_U-Box_the_Best_Choice_for_Me\" >\u00bfEs U-Box la mejor opci\u00f3n para m\u00ed?<\/a><\/li><li class='ez-toc-page-1 ez-toc-heading-level-2'><a class=\"ez-toc-link ez-toc-heading-6\" href=\"https:\/\/moverdb.com\/es\/ubox-cost\/#How_Do_I_Find_and_Hire_a_U-Box\" >\u00bfC\u00f3mo encontrar y contratar un U-Box?<\/a><\/li><li class='ez-toc-page-1 ez-toc-heading-level-2'><a class=\"ez-toc-link ez-toc-heading-7\" href=\"https:\/\/moverdb.com\/es\/ubox-cost\/#Final_Checklist\" >Lista de control final<\/a><\/li><li class='ez-toc-page-1 ez-toc-heading-level-2'><a class=\"ez-toc-link ez-toc-heading-8\" href=\"https:\/\/moverdb.com\/es\/ubox-cost\/#Frequently_Asked_Questions\" >Preguntas frecuentes<\/a><ul class='ez-toc-list-level-3' ><li class='ez-toc-heading-level-3'><a class=\"ez-toc-link ez-toc-heading-9\" href=\"https:\/\/moverdb.com\/es\/ubox-cost\/#What_is_U-Box_and_How_Does_It_Work\" >\u00bfQu\u00e9 es U-Box y c\u00f3mo funciona?<\/a><\/li><li class='ez-toc-page-1 ez-toc-heading-level-3'><a class=\"ez-toc-link ez-toc-heading-10\" href=\"https:\/\/moverdb.com\/es\/ubox-cost\/#How_Do_I_Reserve_a_U-Box_Container\" >\u00bfC\u00f3mo reservo un contenedor U-Box?<\/a><\/li><li class='ez-toc-page-1 ez-toc-heading-level-3'><a class=\"ez-toc-link ez-toc-heading-11\" href=\"https:\/\/moverdb.com\/es\/ubox-cost\/#Can_U-Box_Containers_Be_Used_for_Long-Distance_Moves\" >\u00bfSe pueden utilizar contenedores U-Box para mudanzas de larga distancia?<\/a><\/li><li class='ez-toc-page-1 ez-toc-heading-level-3'><a class=\"ez-toc-link ez-toc-heading-12\" href=\"https:\/\/moverdb.com\/es\/ubox-cost\/#Can_I_Access_My_U-Box_While_Its_in_Storage\" >\u00bfPuedo acceder a mi U-Box mientras est\u00e1 almacenado?<\/a><\/li><li class='ez-toc-page-1 ez-toc-heading-level-3'><a class=\"ez-toc-link ez-toc-heading-13\" href=\"https:\/\/moverdb.com\/es\/ubox-cost\/#Can_U-Haul_Help_with_Loading_and_Unloading_My_U-Box\" >\u00bfPuede U-Haul ayudarme a cargar y descargar mi U-Box?<\/a><\/li><\/ul><\/li><\/ul><\/nav><\/div>\n<h2 class=\"wp-block-heading\"><span class=\"ez-toc-section\" id=\"How_Much_Does_U-Box_Cost\"><\/span><b>\u00bfCu\u00e1nto cuesta U-Box?<\/b><span class=\"ez-toc-section-end\"><\/span><\/h2>\r\n\r\n\r\n\r\n<p>U-Box atrae a clientes que valoran una soluci\u00f3n \"todo en uno\" y est\u00e1n dispuestos a invertir en comodidad.<\/p>\r\n\r\n\r\n\r\n<p>U-Box ofrece un paquete completo con un precio medio del contenedor de m\u00e1s de $3.700, que incluye no s\u00f3lo el contenedor, sino tambi\u00e9n el alquiler del veh\u00edculo y la propia caja. La inclusi\u00f3n de estos elementos contribuye a que el precio sea m\u00e1s elevado.<\/p>\r\n\r\n\r\n\n<table id=\"tablepress-361\" class=\"tablepress tablepress-id-361\">\n<thead>\n<tr class=\"row-1\">\n\t<th class=\"column-1\">Servicio<\/th><th class=\"column-2\">Coste estimado<\/th>\n<\/tr>\n<\/thead>\n<tbody class=\"row-striping row-hover\">\n<tr class=\"row-2\">\n\t<td class=\"column-1\">Precio por caja\/contenedor<\/td><td class=\"column-2\">$100<\/td>\n<\/tr>\n<tr class=\"row-3\">\n\t<td class=\"column-1\">Gastos de env\u00edo por caja\/contenedor<\/td><td class=\"column-2\">$99<\/td>\n<\/tr>\n<tr class=\"row-4\">\n\t<td class=\"column-1\">Ayuda para mudanzas<\/td><td class=\"column-2\">$40<\/td>\n<\/tr>\n<tr class=\"row-5\">\n\t<td class=\"column-1\">Cobertura del seguro<\/td><td class=\"column-2\">$20<\/td>\n<\/tr>\n<\/tbody>\n<\/table>\n<!-- #tablepress-361 from cache -->\n\r\n\r\n\r\n<p>El coste base por caja es de $100, y los gastos de entrega por caja\/contenedor son de $99. Si quieres ayuda para la mudanza -embalaje y carga- puede costar $40, y el seguro de tus pertenencias mientras est\u00e1n almacenadas cuesta $20.<\/p>\r\n\r\n\r\n\r\n<p>En nuestra comparativa de costes, analizaremos diferentes proveedores de alquiler de veh\u00edculos y unidades de almacenamiento para comparar y contrastar sus precios, con el fin de ofrecerle una idea completa del tipo de costes que encontrar\u00e1 al contratar servicios de mudanzas.<\/p>\r\n\r\n\r\n\r\n\n<table id=\"tablepress-359\" class=\"tablepress tablepress-id-359\">\n<thead>\n<tr class=\"row-1\">\n\t<th class=\"column-1\">Proveedor de servicios<\/th><th class=\"column-2\">Precio medio de alquiler de contenedores\/veh\u00edculos<\/th>\n<\/tr>\n<\/thead>\n<tbody class=\"row-striping row-hover\">\n<tr class=\"row-2\">\n\t<td class=\"column-1\">PODS<\/td><td class=\"column-2\">$6,100+<\/td>\n<\/tr>\n<tr class=\"row-3\">\n\t<td class=\"column-1\">U-Pack<\/td><td class=\"column-2\">$3,000+<\/td>\n<\/tr>\n<tr class=\"row-4\">\n\t<td class=\"column-1\">1-800-PACK-RAT<\/td><td class=\"column-2\">$3,000+<\/td>\n<\/tr>\n<tr class=\"row-5\">\n\t<td class=\"column-1\">zippyshell<\/td><td class=\"column-2\">$2,900+<\/td>\n<\/tr>\n<tr class=\"row-6\">\n\t<td class=\"column-1\">U-Haul<\/td><td class=\"column-2\">$3,500+<\/td>\n<\/tr>\n<tr class=\"row-7\">\n\t<td class=\"column-1\">SMARTBOX<\/td><td class=\"column-2\">$3,100+<\/td>\n<\/tr>\n<tr class=\"row-8\">\n\t<td class=\"column-1\">U-Box<\/td><td class=\"column-2\">$3.700+ (incluye el alquiler del veh\u00edculo y la caja)<\/td>\n<\/tr>\n<\/tbody>\n<\/table>\n<!-- #tablepress-359 from cache -->\r\n\r\n\r\n\r\n<p>La gama de precios de otros proveedores oscila entre $2.900, el m\u00e1s bajo, y $6.100+, el m\u00e1s alto.<\/p>\r\n\r\n\r\n\r\n<h2 class=\"wp-block-heading\"><span class=\"ez-toc-section\" id=\"What_Affects_the_Cost_of_U-Box\"><\/span><b>\u00bfQu\u00e9 afecta al coste de U-Box?<\/b><span class=\"ez-toc-section-end\"><\/span><\/h2>\r\n\r\n\r\n\r\n<p>Hay cuatro factores principales que pueden influir en el coste del almacenamiento U-Box: ve\u00e1moslos con m\u00e1s detalle:<\/p>\r\n\r\n\r\n\r\n<p><strong><a href=\"https:\/\/moverdb.com\/es\/shipping-container-sizes-and-dimensions\/\" data-internallinksmanager029f6b8e52c=\"247\" title=\"Gu\u00eda definitiva de tama\u00f1os y dimensiones de contenedores mar\u00edtimos\">Tama\u00f1o del envase<\/a><\/strong><\/p>\r\n\r\n\r\n\r\n<p>El tama\u00f1o del contenedor U-Box que elija repercutir\u00e1 directamente en el coste. Los contenedores m\u00e1s grandes ofrecen m\u00e1s espacio y capacidad de almacenamiento, pero pueden tener un precio m\u00e1s elevado en comparaci\u00f3n con las opciones m\u00e1s peque\u00f1as.<\/p>\r\n\r\n\r\n\r\n<p>Para obtener la mejor relaci\u00f3n calidad-precio, aseg\u00farese de seleccionar el tama\u00f1o de contenedor que mejor se adapte a sus pertenencias.<\/p>\r\n\r\n\r\n\r\n<p><strong>Duraci\u00f3n del almacenamiento<\/strong><\/p>\r\n\r\n\r\n\r\n<p>La duraci\u00f3n del alquiler de U-Box puede influir en el coste, ya que los periodos de almacenamiento m\u00e1s largos suponen un coste mayor que los alquileres a corto plazo. Para sacarle el m\u00e1ximo partido, elige un plan que se ajuste a tus plazos, pero no seas demasiado optimista, ya que los complementos de duraci\u00f3n adicional pueden resultar caros.<\/p>\r\n\r\n\r\n\r\n<p><strong>Lugar de entrega<\/strong><\/p>\r\n\r\n\r\n\r\n<p>La distancia entre el almac\u00e9n U-Box y el lugar de entrega puede influir en el coste y, en funci\u00f3n de la distancia, los gastos de entrega pueden variar. Cuando calcules el coste total de tu alquiler, aseg\u00farate de tener en cuenta la ubicaci\u00f3n del almac\u00e9n U-Box en comparaci\u00f3n con tu destino final.\u00a0<\/p>\r\n\r\n\r\n\r\n<p><strong>Servicios adicionales<\/strong><\/p>\r\n\r\n\r\n\r\n<p>U-Box ofrece varios servicios adicionales, como asistencia profesional de carga y descarga, almacenamiento climatizado y cobertura de seguro. Optar por estos servicios puede repercutir en el coste total de tu experiencia U-Box, as\u00ed que lo mejor es evaluar qu\u00e9 servicios son esenciales para tus necesidades y presupuestar en consecuencia.<\/p>\r\n\r\n\r\n\r\n\r\n\r\n<h2 class=\"wp-block-heading\"><span class=\"ez-toc-section\" id=\"How_Can_I_Save_Money_on_U-Box\"><\/span><strong>\u00bfC\u00f3mo puedo ahorrar dinero en U-Box?<\/strong><span class=\"ez-toc-section-end\"><\/span><\/h2>\r\n\r\n\r\n\r\n<figure class=\"wp-block-image size-full\"><img loading=\"lazy\" decoding=\"async\" width=\"1000\" height=\"667\" class=\"wp-image-11038\" src=\"https:\/\/moverdb.com\/wp-content\/uploads\/u-box-moving-2.jpg\" alt=\"\" srcset=\"https:\/\/moverdb.com\/wp-content\/uploads\/u-box-moving-2.jpg 1000w, https:\/\/moverdb.com\/wp-content\/uploads\/u-box-moving-2-300x200.jpg 300w, https:\/\/moverdb.com\/wp-content\/uploads\/u-box-moving-2-18x12.jpg 18w, https:\/\/moverdb.com\/wp-content\/uploads\/u-box-moving-2-600x400.jpg 600w\" sizes=\"auto, (max-width: 1000px) 100vw, 1000px\" \/><\/figure>\r\n\r\n\r\n\r\n<p>Ser estrat\u00e9gico en tus elecciones y personalizar tu experiencia U-Box para adaptarla a tus necesidades espec\u00edficas puede ayudarte a ahorrar dinero. Ve\u00e1moslo m\u00e1s de cerca.<\/p>\r\n\r\n\r\n\r\n<p>El factor n\u00famero uno para ayudarle a ahorrar dinero es simplemente seleccionar un tama\u00f1o de contenedor U-Box que se ajuste a sus necesidades de almacenamiento. Esto significa que debes evitar alquilar un contenedor m\u00e1s grande de lo necesario, ya que esto puede generar gastos innecesarios.\u00a0<\/p>\r\n\r\n\r\n\r\n<p>Si es posible, elija una duraci\u00f3n de almacenamiento lo m\u00e1s corta posible, ya que los periodos de almacenamiento m\u00e1s cortos pueden ayudarle a evitar cargos adicionales asociados a alquileres m\u00e1s largos. Planifique con antelaci\u00f3n y calcule cu\u00e1nto tiempo necesitar\u00e1 el almacenamiento para optimizar el ahorro de costes, pero aseg\u00farese de no sobreestimar su eficiencia, ya que los d\u00edas adicionales de alquiler pueden sumarse f\u00e1cilmente.<\/p>\r\n\r\n\r\n\r\n<p>Siempre que sea posible, elija un almac\u00e9n U-Box bien situado para reducir los gastos de env\u00edo. Elegir una instalaci\u00f3n cerca de su casa o destino puede minimizar los costes de transporte y hacer que la experiencia general de almacenamiento sea m\u00e1s rentable.<\/p>\r\n\r\n\r\n\r\n<p>Por \u00faltimo, aunque U-Box ofrece varios servicios adicionales, considere cuidadosamente cu\u00e1les son esenciales para su situaci\u00f3n. Optar solo por los servicios que realmente necesitas puede ayudarte a evitar gastos innecesarios y a mantener tus costes generales bajo control.<\/p>\r\n\r\n\r\n\r\n<h2 class=\"wp-block-heading\"><span class=\"ez-toc-section\" id=\"Whats_Involved_in_Hiring_U-Box\"><\/span><strong>\u00bfQu\u00e9 implica contratar a U-Box?<\/strong><span class=\"ez-toc-section-end\"><\/span><\/h2>\r\n\r\n\r\n\r\n<p>Para empezar, seleccione el tama\u00f1o de contenedor U-Box que mejor se adapte a sus necesidades de almacenamiento y res\u00e9rvelo en l\u00ednea o por tel\u00e9fono. Una vez confirmada tu reserva, U-Haul te entregar\u00e1 el contenedor U-Box directamente en tu ubicaci\u00f3n.\u00a0<\/p>\r\n\r\n\r\n\r\n<p>Una vez en su domicilio, podr\u00e1 cargar sus pertenencias en el contenedor seg\u00fan le convenga. Una vez que haya cargado el U-Box, U-Haul lo recoger\u00e1 y lo transportar\u00e1 a la instalaci\u00f3n de almacenamiento elegida o a su destino especificado.\u00a0<\/p>\r\n\r\n\r\n\r\n<p>Si necesita ayuda con la carga y descarga, U-Haul ofrece servicios de mano de obra profesional para garantizar un proceso sin problemas. Durante todo el trayecto, sus pertenencias permanecen seguras dentro del contenedor U-Box.\u00a0<\/p>\r\n\r\n\r\n\r\n<h2 class=\"wp-block-heading\"><span class=\"ez-toc-section\" id=\"Is_U-Box_the_Best_Choice_for_Me\"><\/span><strong>\u00bfEs U-Box la mejor opci\u00f3n para m\u00ed?<\/strong><span class=\"ez-toc-section-end\"><\/span><\/h2>\r\n\r\n\r\n\r\n<p>Hay tantas opciones en el mercado cuando se trata de soluciones de mudanza y almacenamiento, que puede ser dif\u00edcil saber cu\u00e1l es la m\u00e1s adecuada para usted. Veamos los principales pros y contras a la hora de considerar el alquiler de U-Box.<\/p>\r\n\r\n\r\n\n<table id=\"tablepress-345\" class=\"tablepress tablepress-id-345\">\n<thead>\n<tr class=\"row-1\">\n\t<th class=\"column-1\">Ventajas de U-Box<\/th><th class=\"column-2\">Desventajas de U-Box<\/th>\n<\/tr>\n<\/thead>\n<tbody class=\"row-striping row-hover\">\n<tr class=\"row-2\">\n\t<td class=\"column-1\">Flexibilidad de horarios y calendario<\/td><td class=\"column-2\">Mano de obra intensiva: tiene que cargar y descargar usted mismo a menos que a\u00f1ada un complemento de mano de obra.<\/td>\n<\/tr>\n<tr class=\"row-3\">\n\t<td class=\"column-1\">M\u00e1s baratas que las mudanzas tradicionales con servicio completo<\/td><td class=\"column-2\">Disponibilidad: los periodos de mayor actividad pueden reducir la disponibilidad. <\/td>\n<\/tr>\n<tr class=\"row-4\">\n\t<td class=\"column-1\">Podr\u00e1 vigilar sus pertenencias durante la mudanza<\/td><td class=\"column-2\">Los plazos de alquiler m\u00e1s largos pueden salir caros<\/td>\n<\/tr>\n<\/tbody>\n<\/table>\n<!-- #tablepress-345 from cache -->\n\r\n\r\n\r\n<p>La principal ventaja es la comodidad que le ofrece: con las empresas de mudanzas tradicionales, tendr\u00e1 que cargar y descargar el mismo d\u00eda, mientras que U-Box le ofrece la flexibilidad de embalar y desembalar a su propio ritmo.<\/p>\r\n\r\n\r\n\r\n<p>Sin embargo, puede haber gastos adicionales en funci\u00f3n de la distancia a la que se encuentren las distintas ubicaciones, y los periodos de almacenamiento m\u00e1s largos pueden resultar r\u00e1pidamente mucho m\u00e1s caros de lo que quiz\u00e1s se pens\u00f3 en un principio.<\/p>\r\n\r\n\r\n\r\n<h2 class=\"wp-block-heading\"><span class=\"ez-toc-section\" id=\"How_Do_I_Find_and_Hire_a_U-Box\"><\/span><strong>\u00bfC\u00f3mo encontrar y contratar un U-Box?<\/strong><span class=\"ez-toc-section-end\"><\/span><\/h2>\r\n\r\n\r\n\r\n<figure class=\"wp-block-image size-full\"><img loading=\"lazy\" decoding=\"async\" width=\"1000\" height=\"562\" class=\"wp-image-11039\" src=\"https:\/\/moverdb.com\/wp-content\/uploads\/u-box-moving-3.jpg\" alt=\"\" srcset=\"https:\/\/moverdb.com\/wp-content\/uploads\/u-box-moving-3.jpg 1000w, https:\/\/moverdb.com\/wp-content\/uploads\/u-box-moving-3-300x169.jpg 300w, https:\/\/moverdb.com\/wp-content\/uploads\/u-box-moving-3-18x10.jpg 18w, https:\/\/moverdb.com\/wp-content\/uploads\/u-box-moving-3-600x337.jpg 600w\" sizes=\"auto, (max-width: 1000px) 100vw, 1000px\" \/><\/figure>\r\n\r\n\r\n\r\n<p>Para empezar, visite el sitio web de U-Haul para buscar ubicaciones U-Box cerca de usted, introduciendo su ubicaci\u00f3n y las fechas de almacenamiento deseadas para ver las opciones disponibles. Tambi\u00e9n puedes llamar al servicio de atenci\u00f3n al cliente de U-Haul para preguntar por la disponibilidad de U-Box y hacer una reserva por tel\u00e9fono.<\/p>\r\n\r\n\r\n\r\n<p>Una vez que haya seleccionado una ubicaci\u00f3n U-Box y confirmado la disponibilidad, ahora tiene que elegir el tama\u00f1o de contenedor que se adapte a sus necesidades de almacenamiento. Completa el proceso de reserva facilitando tu informaci\u00f3n de contacto, los datos de pago y cualquier servicio adicional que necesites.<\/p>\r\n\r\n\r\n\r\n<p>Una vez completado esto, U-Haul le enviar\u00e1 una confirmaci\u00f3n con los detalles de su reserva de U-Box y, a continuaci\u00f3n, el d\u00eda de entrega programado, U-Haul le entregar\u00e1 el contenedor U-Box en el lugar especificado. Entonces podr\u00e1s cargar tus pertenencias cuando te convenga.\u00a0<\/p>\r\n\r\n\r\n\r\n<p>Una vez que haya terminado de cargar, U-Haul recoger\u00e1 el U-Box y lo transportar\u00e1 a la instalaci\u00f3n de almacenamiento designada o a su nuevo destino.<\/p>\r\n\r\n\r\n\r\n<h2 class=\"wp-block-heading\"><span class=\"ez-toc-section\" id=\"Final_Checklist\"><\/span><strong>Lista de control final<\/strong><span class=\"ez-toc-section-end\"><\/span><\/h2>\r\n\r\n\r\n\r\n<p>Si crees que contratar a U-Box es el camino a seguir, aseg\u00farate de utilizar nuestra lista de comprobaci\u00f3n final para asegurarte de que no te falta nada en tu lista de tareas pendientes cuando llegue el gran d\u00eda.<\/p>\r\n\r\n\r\n\r\n<ul class=\"wp-block-list\">\r\n<li>Considere los pros y los contras de U-Box: \u00bfmerece la pena la comodidad por la posible falta de flexibilidad con las fechas disponibles?<\/li>\r\n\r\n\r\n\r\n<li>Echa un vistazo a sus complementos y decide si alguno es adecuado para ti. Quieres ayuda con el trabajo manual y la carga y descarga?<\/li>\r\n\r\n\r\n\r\n<li>Compruebe si las dos sedes conllevan alg\u00fan coste adicional.<\/li>\r\n\r\n\r\n\r\n<li>Elige un contenedor del tama\u00f1o adecuado para tus pertenencias<\/li>\r\n\r\n\r\n\r\n<li>Reserva tu plaza y prep\u00e1ralo todo para el gran d\u00eda.<\/li>\r\n<\/ul>\r\n\r\n\r\n\r\n<h2 class=\"wp-block-heading\"><span class=\"ez-toc-section\" id=\"Frequently_Asked_Questions\"><\/span><strong>Preguntas frecuentes<\/strong><span class=\"ez-toc-section-end\"><\/span><\/h2>\r\n\r\n\r\n<div id=\"rank-math-faq\" class=\"rank-math-block\">\n<div class=\"rank-math-list\">\n<div id=\"faq-question-1692269790738\" class=\"rank-math-list-item\">\n<h3 class=\"rank-math-question\"><span class=\"ez-toc-section\" id=\"What_is_U-Box_and_How_Does_It_Work\"><\/span><strong>\u00bfQu\u00e9 es U-Box y c\u00f3mo funciona?<\/strong><span class=\"ez-toc-section-end\"><\/span><\/h3>\n<div class=\"rank-math-answer\">\n\n<p>U-Box es una soluci\u00f3n de almacenamiento port\u00e1til que ofrece la comodidad de los contenedores de almacenamiento entregados. Usted elige el tama\u00f1o del contenedor, U-Haul lo entrega en su ubicaci\u00f3n y usted carga sus pertenencias. <\/p>\n<p>A continuaci\u00f3n, U-Haul recoge el contenedor para su almacenamiento o transporte.<\/p>\n\n<\/div>\n<\/div>\n<div id=\"faq-question-1692269827309\" class=\"rank-math-list-item\">\n<h3 class=\"rank-math-question\"><span class=\"ez-toc-section\" id=\"How_Do_I_Reserve_a_U-Box_Container\"><\/span><strong>\u00bfC\u00f3mo reservo un contenedor U-Box?<\/strong><span class=\"ez-toc-section-end\"><\/span><\/h3>\n<div class=\"rank-math-answer\">\n\n<p>Puedes hacerlo online a trav\u00e9s de la web o la app de U-Haul introduciendo tu ubicaci\u00f3n y las fechas preferidas. Tambi\u00e9n puedes llamar al servicio de atenci\u00f3n al cliente de U-Haul para hacer una reserva por tel\u00e9fono.<\/p>\n\n<\/div>\n<\/div>\n<div id=\"faq-question-1692269843670\" class=\"rank-math-list-item\">\n<h3 class=\"rank-math-question\"><span class=\"ez-toc-section\" id=\"Can_U-Box_Containers_Be_Used_for_Long-Distance_Moves\"><\/span><strong>\u00bfSe pueden utilizar contenedores U-Box para mudanzas de larga distancia?<\/strong><span class=\"ez-toc-section-end\"><\/span><\/h3>\n<div class=\"rank-math-answer\">\n\n<p>S\u00ed, los contenedores U-Box est\u00e1n dise\u00f1ados tanto para mudanzas locales como de larga distancia. Puedes cargar tus pertenencias en el U-Box en tu ubicaci\u00f3n actual y U-Haul lo transportar\u00e1 a tu destino, ya sea al otro lado de la ciudad o del pa\u00eds.<\/p>\n\n<\/div>\n<\/div>\n<div id=\"faq-question-1692269860435\" class=\"rank-math-list-item\">\n<h3 class=\"rank-math-question\"><span class=\"ez-toc-section\" id=\"Can_I_Access_My_U-Box_While_Its_in_Storage\"><\/span><strong>\u00bfPuedo acceder a mi U-Box mientras est\u00e1 almacenado?<\/strong><span class=\"ez-toc-section-end\"><\/span><\/h3>\n<div class=\"rank-math-answer\">\n\n<p>S\u00ed, puedes acceder a tu U-Box mientras est\u00e1 almacenado. Solo tienes que ponerte en contacto con el centro U-Box para organizar el acceso. <\/p>\n<p>Tenga en cuenta que puede haber ciertos procedimientos y tasas asociados al acceso a su contenedor durante el almacenamiento.<\/p>\n\n<\/div>\n<\/div>\n<div id=\"faq-question-1692269875232\" class=\"rank-math-list-item\">\n<h3 class=\"rank-math-question\"><span class=\"ez-toc-section\" id=\"Can_U-Haul_Help_with_Loading_and_Unloading_My_U-Box\"><\/span><strong>\u00bfPuede U-Haul ayudarme a cargar y descargar mi U-Box?<\/strong><span class=\"ez-toc-section-end\"><\/span><\/h3>\n<div class=\"rank-math-answer\">\n\n<p>S\u00ed, U-Haul ofrece servicios de carga y descarga para contenedores U-Box. Si necesitas ayuda para levantar objetos pesados o embalar, puedes contratar mano de obra profesional a trav\u00e9s de U-Haul para que el proceso sea m\u00e1s sencillo.<\/p>\n\n<\/div>\n<\/div>\n<\/div>\n<\/div>","protected":false},"excerpt":{"rendered":"<p>U-Box is U-Haul&#8217;s versatile and convenient storage solution designed to simplify your moving and storage needs. With U-Box, you get the flexibility to store your belongings on your terms, whether you&#8217;re relocating, decluttering, or simply in need of temporary storage.\u00a0 Our guide will cover the following: U-Box containers are portable, secure, and delivered right to [&hellip;]<\/p>\n","protected":false},"author":1,"featured_media":0,"parent":0,"menu_order":0,"comment_status":"closed","ping_status":"closed","template":"","meta":{"_genesis_hide_title":false,"_genesis_hide_breadcrumbs":false,"_genesis_hide_singular_image":false,"_genesis_hide_footer_widgets":false,"_genesis_custom_body_class":"","_genesis_custom_post_class":"","_genesis_layout":"","footnotes":""},"class_list":{"0":"post-17400","1":"page","2":"type-page","3":"status-publish","5":"entry"},"_links":{"self":[{"href":"https:\/\/moverdb.com\/es\/wp-json\/wp\/v2\/pages\/17400","targetHints":{"allow":["GET"]}}],"collection":[{"href":"https:\/\/moverdb.com\/es\/wp-json\/wp\/v2\/pages"}],"about":[{"href":"https:\/\/moverdb.com\/es\/wp-json\/wp\/v2\/types\/page"}],"author":[{"embeddable":true,"href":"https:\/\/moverdb.com\/es\/wp-json\/wp\/v2\/users\/1"}],"replies":[{"embeddable":true,"href":"https:\/\/moverdb.com\/es\/wp-json\/wp\/v2\/comments?post=17400"}],"version-history":[{"count":1,"href":"https:\/\/moverdb.com\/es\/wp-json\/wp\/v2\/pages\/17400\/revisions"}],"predecessor-version":[{"id":17401,"href":"https:\/\/moverdb.com\/es\/wp-json\/wp\/v2\/pages\/17400\/revisions\/17401"}],"wp:attachment":[{"href":"https:\/\/moverdb.com\/es\/wp-json\/wp\/v2\/media?parent=17400"}],"curies":[{"name":"wp","href":"https:\/\/api.w.org\/{rel}","templated":true}]}}