{"id":17398,"date":"2024-07-03T09:10:49","date_gmt":"2024-07-03T09:10:49","guid":{"rendered":"https:\/\/moverdb.com\/?page_id=17398"},"modified":"2026-01-08T13:18:45","modified_gmt":"2026-01-08T13:18:45","slug":"u-haul-cost","status":"publish","type":"page","link":"https:\/\/moverdb.com\/es\/u-haul-cost\/","title":{"rendered":"\u00bfCu\u00e1nto cuesta U-Haul? Gu\u00eda de ahorro 2024"},"content":{"rendered":"<figure class=\"wp-block-image size-full\"><img loading=\"lazy\" decoding=\"async\" width=\"1000\" height=\"667\" src=\"https:\/\/moverdb.com\/wp-content\/uploads\/u-haul-moving-1.jpg\" alt=\"\" class=\"wp-image-11040\" srcset=\"https:\/\/moverdb.com\/wp-content\/uploads\/u-haul-moving-1.jpg 1000w, https:\/\/moverdb.com\/wp-content\/uploads\/u-haul-moving-1-300x200.jpg 300w, https:\/\/moverdb.com\/wp-content\/uploads\/u-haul-moving-1-18x12.jpg 18w, https:\/\/moverdb.com\/wp-content\/uploads\/u-haul-moving-1-600x400.jpg 600w\" sizes=\"auto, (max-width: 1000px) 100vw, 1000px\" \/><\/figure>\r\n\r\n\r\n\r\n<p>U-Haul sigue siendo una opci\u00f3n popular entre los aficionados a las mudanzas, pero \u00bfcu\u00e1nto cuesta realmente? En este art\u00edculo, analizaremos los modelos de precios de U-Haul, examinando los distintos factores que contribuyen al coste total, y le daremos consejos para que su mudanza sea rentable.<\/p>\r\n\r\n\r\n\r\n<p>Nuestra gu\u00eda cubrir\u00e1 lo siguiente:<\/p>\r\n\r\n\r\n\r\n<ul class=\"wp-block-list\">\r\n<li>Cu\u00e1nto cuesta U-Haul<\/li>\r\n\r\n\r\n\r\n<li>Qu\u00e9 afecta al coste del U-Haul<\/li>\r\n\r\n\r\n\r\n<li>C\u00f3mo ahorrar dinero en U-Haul<\/li>\r\n\r\n\r\n\r\n<li>Qu\u00e9 implica utilizar U-Haul<\/li>\r\n\r\n\r\n\r\n<li>C\u00f3mo saber si U-Haul es la mejor opci\u00f3n para usted<\/li>\r\n\r\n\r\n\r\n<li>C\u00f3mo encontrar y contratar a U-Haul<\/li>\r\n<\/ul>\r\n\r\n\r\n\r\n<p>Si te apetece abaratar costes y hacer la mudanza t\u00fa mismo, utilizar U-Haul puede ser un buen truco. Pong\u00e1monos en marcha.<\/p>\r\n\r\n\r\n\r\n<div id=\"ez-toc-container\" class=\"ez-toc-v2_0_82_2 ez-toc-wrap-left counter-hierarchy ez-toc-counter ez-toc-transparent ez-toc-container-direction\">\n<div class=\"ez-toc-title-container\">\n<p class=\"ez-toc-title\" style=\"cursor:inherit\">Secciones<\/p>\n<span class=\"ez-toc-title-toggle\"><a href=\"#\" class=\"ez-toc-pull-right ez-toc-btn ez-toc-btn-xs ez-toc-btn-default ez-toc-toggle\" aria-label=\"Alternar tabla de contenidos\"><span class=\"ez-toc-js-icon-con\"><span class=\"\"><span class=\"eztoc-hide\" style=\"display:none;\">Toggle<\/span><span class=\"ez-toc-icon-toggle-span\"><svg style=\"fill: #999;color:#999\" xmlns=\"http:\/\/www.w3.org\/2000\/svg\" class=\"list-377408\" width=\"20px\" height=\"20px\" viewbox=\"0 0 24 24\" fill=\"none\"><path d=\"M6 6H4v2h2V6zm14 0H8v2h12V6zM4 11h2v2H4v-2zm16 0H8v2h12v-2zM4 16h2v2H4v-2zm16 0H8v2h12v-2z\" fill=\"currentColor\"><\/path><\/svg><svg style=\"fill: #999;color:#999\" class=\"arrow-unsorted-368013\" xmlns=\"http:\/\/www.w3.org\/2000\/svg\" width=\"10px\" height=\"10px\" viewbox=\"0 0 24 24\" version=\"1.2\" baseprofile=\"tiny\"><path d=\"M18.2 9.3l-6.2-6.3-6.2 6.3c-.2.2-.3.4-.3.7s.1.5.3.7c.2.2.4.3.7.3h11c.3 0 .5-.1.7-.3.2-.2.3-.5.3-.7s-.1-.5-.3-.7zM5.8 14.7l6.2 6.3 6.2-6.3c.2-.2.3-.5.3-.7s-.1-.5-.3-.7c-.2-.2-.4-.3-.7-.3h-11c-.3 0-.5.1-.7.3-.2.2-.3.5-.3.7s.1.5.3.7z\"\/><\/svg><\/span><\/span><\/span><\/a><\/span><\/div>\n<nav><ul class='ez-toc-list ez-toc-list-level-1 eztoc-toggle-hide-by-default' ><li class='ez-toc-page-1 ez-toc-heading-level-2'><a class=\"ez-toc-link ez-toc-heading-1\" href=\"https:\/\/moverdb.com\/es\/u-haul-cost\/#How_Much_Does_U-Haul_Cost\" >\u00bfCu\u00e1nto cuesta U-Haul?<\/a><\/li><li class='ez-toc-page-1 ez-toc-heading-level-2'><a class=\"ez-toc-link ez-toc-heading-2\" href=\"https:\/\/moverdb.com\/es\/u-haul-cost\/#What_Affects_the_Cost_of_U-Haul\" >\u00bfQu\u00e9 afecta al coste de U-Haul?<\/a><\/li><li class='ez-toc-page-1 ez-toc-heading-level-2'><a class=\"ez-toc-link ez-toc-heading-3\" href=\"https:\/\/moverdb.com\/es\/u-haul-cost\/#How_Can_I_Save_Money_on_U-Haul\" >\u00bfC\u00f3mo puedo ahorrar dinero en U-Haul?<\/a><\/li><li class='ez-toc-page-1 ez-toc-heading-level-2'><a class=\"ez-toc-link ez-toc-heading-4\" href=\"https:\/\/moverdb.com\/es\/u-haul-cost\/#Whats_Involved_in_Hiring_a_U-Haul\" >\u00bfQu\u00e9 hay que hacer para contratar una U-Haul?<\/a><\/li><li class='ez-toc-page-1 ez-toc-heading-level-2'><a class=\"ez-toc-link ez-toc-heading-5\" href=\"https:\/\/moverdb.com\/es\/u-haul-cost\/#Is_a_U-Haul_the_Best_Choice_for_Me\" >\u00bfEs un U-Haul la mejor opci\u00f3n para m\u00ed?<\/a><\/li><li class='ez-toc-page-1 ez-toc-heading-level-2'><a class=\"ez-toc-link ez-toc-heading-6\" href=\"https:\/\/moverdb.com\/es\/u-haul-cost\/#Final_Checklist\" >Lista de control final<\/a><\/li><li class='ez-toc-page-1 ez-toc-heading-level-2'><a class=\"ez-toc-link ez-toc-heading-7\" href=\"https:\/\/moverdb.com\/es\/u-haul-cost\/#Frequently_Asked_Questions\" >Preguntas frecuentes<\/a><ul class='ez-toc-list-level-3' ><li class='ez-toc-heading-level-3'><a class=\"ez-toc-link ez-toc-heading-8\" href=\"https:\/\/moverdb.com\/es\/u-haul-cost\/#How_Do_I_Reserve_a_U-Haul_Truck\" >\u00bfC\u00f3mo reservo un cami\u00f3n U-Haul?<\/a><\/li><li class='ez-toc-page-1 ez-toc-heading-level-3'><a class=\"ez-toc-link ez-toc-heading-9\" href=\"https:\/\/moverdb.com\/es\/u-haul-cost\/#What_Do_I_Need_to_Bring_for_Pickup\" >\u00bfQu\u00e9 debo llevar para la recogida?<\/a><\/li><li class='ez-toc-page-1 ez-toc-heading-level-3'><a class=\"ez-toc-link ez-toc-heading-10\" href=\"https:\/\/moverdb.com\/es\/u-haul-cost\/#Can_I_Extend_My_Rental_Period\" >\u00bfPuedo ampliar el periodo de alquiler?<\/a><\/li><li class='ez-toc-page-1 ez-toc-heading-level-3'><a class=\"ez-toc-link ez-toc-heading-11\" href=\"https:\/\/moverdb.com\/es\/u-haul-cost\/#What_Should_I_Do_if_I_Encounter_Issues_During_the_Rental\" >\u00bfQu\u00e9 debo hacer si surgen problemas durante el alquiler?<\/a><\/li><\/ul><\/li><\/ul><\/nav><\/div>\n<h2 class=\"wp-block-heading\"><span class=\"ez-toc-section\" id=\"How_Much_Does_U-Haul_Cost\"><\/span><strong>\u00bfCu\u00e1nto cuesta U-Haul?<\/strong><span class=\"ez-toc-section-end\"><\/span><\/h2>\r\n\r\n\r\n\r\n<p>U-Haul, una empresa muy conocida en el sector de las mudanzas, ofrece servicios de mudanza de contenedores y alquiler de veh\u00edculos. Aunque puede que se les asocie con el alquiler tradicional de camiones, su servicio de contenedores ofrece una soluci\u00f3n alternativa a las mudanzas.<\/p>\r\n\r\n\r\n\r\n<p>El reconocimiento de la marca U-Haul y su disponibilidad en todo el pa\u00eds contribuyen a que su precio sea m\u00e1s elevado que el de sus competidores. Para empezar, echemos un vistazo al coste medio del alquiler de U-Haul.<\/p>\r\n\r\n\r\n\n<table id=\"tablepress-360\" class=\"tablepress tablepress-id-360\">\n<thead>\n<tr class=\"row-1\">\n\t<th class=\"column-1\">Distancia<\/th><th class=\"column-2\">Coste estimado<\/th>\n<\/tr>\n<\/thead>\n<tbody class=\"row-striping row-hover\">\n<tr class=\"row-2\">\n\t<td class=\"column-1\">80 kil\u00f3metros<\/td><td class=\"column-2\">$25 + $0,99 por milla<\/td>\n<\/tr>\n<tr class=\"row-3\">\n\t<td class=\"column-1\">450 millas<\/td><td class=\"column-2\">$600+<\/td>\n<\/tr>\n<tr class=\"row-4\">\n\t<td class=\"column-1\">1.000+ millas<\/td><td class=\"column-2\">$1.600 a $2.300+<\/td>\n<\/tr>\n<\/tbody>\n<\/table>\n<!-- #tablepress-360 from cache -->\n\r\n\r\n\r\n<p>Para un viaje corto de 80 km, el coste es de unas $25 por el alquiler y $0,99 por kil\u00f3metro. Los viajes m\u00e1s largos, de m\u00e1s de 1.000 millas, pueden costar entre $1.600 y $2.300, dependiendo de la distancia total recorrida.<\/p>\r\n\r\n\r\n\r\n<p>En nuestra comparativa de costes, analizaremos diferentes proveedores de alquiler de veh\u00edculos y unidades de almacenamiento para comparar y contrastar sus precios, con el fin de ofrecerle una idea completa del tipo de costes que encontrar\u00e1 al contratar servicios de mudanzas.<\/p>\r\n\r\n\r\n\n<table id=\"tablepress-359\" class=\"tablepress tablepress-id-359\">\n<thead>\n<tr class=\"row-1\">\n\t<th class=\"column-1\">Proveedor de servicios<\/th><th class=\"column-2\">Precio medio de alquiler de contenedores\/veh\u00edculos<\/th>\n<\/tr>\n<\/thead>\n<tbody class=\"row-striping row-hover\">\n<tr class=\"row-2\">\n\t<td class=\"column-1\">PODS<\/td><td class=\"column-2\">$6,100+<\/td>\n<\/tr>\n<tr class=\"row-3\">\n\t<td class=\"column-1\">U-Pack<\/td><td class=\"column-2\">$3,000+<\/td>\n<\/tr>\n<tr class=\"row-4\">\n\t<td class=\"column-1\">1-800-PACK-RAT<\/td><td class=\"column-2\">$3,000+<\/td>\n<\/tr>\n<tr class=\"row-5\">\n\t<td class=\"column-1\">zippyshell<\/td><td class=\"column-2\">$2,900+<\/td>\n<\/tr>\n<tr class=\"row-6\">\n\t<td class=\"column-1\">U-Haul<\/td><td class=\"column-2\">$3,500+<\/td>\n<\/tr>\n<tr class=\"row-7\">\n\t<td class=\"column-1\">SMARTBOX<\/td><td class=\"column-2\">$3,100+<\/td>\n<\/tr>\n<tr class=\"row-8\">\n\t<td class=\"column-1\">U-Box<\/td><td class=\"column-2\">$3.700+ (incluye el alquiler del veh\u00edculo y la caja)<\/td>\n<\/tr>\n<\/tbody>\n<\/table>\n<!-- #tablepress-359 from cache -->\n\r\n\r\n\r\n<p>La gama de precios de otros proveedores oscila entre $2.900, el m\u00e1s bajo, y $6.100+, el m\u00e1s alto.<\/p>\r\n\r\n\r\n\r\n<h2 class=\"wp-block-heading\"><span class=\"ez-toc-section\" id=\"What_Affects_the_Cost_of_U-Haul\"><\/span><strong>\u00bfQu\u00e9 afecta al coste de U-Haul?<\/strong><span class=\"ez-toc-section-end\"><\/span><\/h2>\r\n\r\n\r\n\r\n<p>Ahora que conocemos algunos de los precios asociados con el alquiler de U-Haul, vamos a ver las formas en que puede afectar a los costos para que usted sea consciente de los hechos antes de quedarse atascado.<\/p>\r\n\r\n\r\n\r\n<p><strong>Distancia de la mudanza<\/strong><\/p>\r\n\r\n\r\n\r\n<p>Como es de esperar, la distancia que planea viajar con el cami\u00f3n U-Haul alquilado influye significativamente en el coste. Las distancias m\u00e1s largas suelen conllevar tarifas de alquiler m\u00e1s elevadas debido al mayor consumo de gasolina y al desgaste del veh\u00edculo.<\/p>\r\n\r\n\r\n\r\n<p><strong>Tama\u00f1o y tipo de cami\u00f3n<\/strong><\/p>\r\n\r\n\r\n\r\n<p>El tama\u00f1o y el tipo de cami\u00f3n U-Haul que elija afectar\u00e1n al coste del alquiler. Los camiones m\u00e1s grandes con m\u00e1s espacio de carga suelen tener un precio de alquiler m\u00e1s alto en comparaci\u00f3n con las opciones m\u00e1s peque\u00f1as.<\/p>\r\n\r\n\r\n\r\n<p><strong>Duraci\u00f3n del alquiler<\/strong><\/p>\r\n\r\n\r\n\r\n<p>El periodo de tiempo que necesite el cami\u00f3n U-Haul influye en los costes asociados, ya que los periodos de alquiler m\u00e1s largos conllevan unos gastos totales m\u00e1s elevados. U-Haul ofrece opciones de alquiler para distintas duraciones, desde unas pocas horas hasta varios d\u00edas, lo que te ayudar\u00e1 a encontrar un servicio que se adapte a tu situaci\u00f3n individual.<\/p>\r\n\r\n\r\n\r\n<p><strong>Accesorios y complementos para mudanzas<\/strong><\/p>\r\n\r\n\r\n\r\n<p>La selecci\u00f3n de servicios adicionales y accesorios de mudanza, como material de embalaje, plataformas rodantes y protectores de muebles, puede aumentar el coste del alquiler. Estos extras pueden ayudar a agilizar la mudanza, pero pueden contribuir a aumentar los gastos.<\/p>\r\n\r\n\r\n\r\n<p><strong>Lugares de recogida y entrega<\/strong><\/p>\r\n\r\n\r\n\r\n<p>Los lugares de recogida y entrega del alquiler de U-Haul influyen en el coste, ya que las tarifas de alquiler pueden variar en funci\u00f3n de la demanda y la disponibilidad de camiones en lugares espec\u00edficos. Las tarifas tambi\u00e9n pueden variar entre alquileres de ida y alquileres locales, lo que es importante tener en cuenta.<\/p>\r\n\r\n\r\n\r\n<h2 class=\"wp-block-heading\"><span class=\"ez-toc-section\" id=\"How_Can_I_Save_Money_on_U-Haul\"><\/span><strong>\u00bfC\u00f3mo puedo ahorrar dinero en U-Haul?<\/strong><span class=\"ez-toc-section-end\"><\/span><\/h2>\r\n\r\n\r\n\r\n<figure class=\"wp-block-image size-full\"><img loading=\"lazy\" decoding=\"async\" width=\"1000\" height=\"667\" src=\"https:\/\/moverdb.com\/wp-content\/uploads\/u-haul-moving-2.jpg\" alt=\"\" class=\"wp-image-11041\" srcset=\"https:\/\/moverdb.com\/wp-content\/uploads\/u-haul-moving-2.jpg 1000w, https:\/\/moverdb.com\/wp-content\/uploads\/u-haul-moving-2-300x200.jpg 300w, https:\/\/moverdb.com\/wp-content\/uploads\/u-haul-moving-2-18x12.jpg 18w, https:\/\/moverdb.com\/wp-content\/uploads\/u-haul-moving-2-600x400.jpg 600w\" sizes=\"auto, (max-width: 1000px) 100vw, 1000px\" \/><\/figure>\r\n\r\n\r\n\r\n<p>Ahora ya sabemos c\u00f3mo pueden subir de precio los U-Hauls, as\u00ed que vamos a contrarrestarlo con algunos trucos inteligentes para mantener tus gastos bajo control.<\/p>\r\n\r\n\r\n\r\n<p>Siempre que sea posible, opte por un cami\u00f3n m\u00e1s peque\u00f1o, ya que elegir un tama\u00f1o de cami\u00f3n que se adapte a sus pertenencias sin excesivo espacio puede suponer menores costes de alquiler. Los camiones m\u00e1s peque\u00f1os suelen tener tarifas de alquiler m\u00e1s asequibles.<\/p>\r\n\r\n\r\n\r\n<p>Si vas a alquilar en funci\u00f3n del kilometraje, planifica la ruta m\u00e1s eficiente hasta tu destino para minimizar la distancia recorrida. Evita los desv\u00edos y el kilometraje innecesario para mantener los costes bajo control.<\/p>\r\n\r\n\r\n\r\n<p>Del mismo modo, seleccione la duraci\u00f3n de alquiler adecuada a sus necesidades. Si puede completar su mudanza en un plazo m\u00e1s corto, pagar\u00e1 menos en concepto de alquiler, pero tenga en cuenta su calendario y cualquier optimismo excesivo, ya que los recargos por demora pueden ser tan perjudiciales como un periodo de alquiler prolongado.<\/p>\r\n\r\n\r\n\r\n<p>Mudarse en temporada baja o entre semana puede resultar en tarifas de alquiler m\u00e1s bajas. En la medida de lo posible, evite los fines de semana y los meses de temporada alta, como el verano, para beneficiarse de posibles descuentos.<\/p>\r\n\r\n\r\n\r\n<p>Por \u00faltimo, aunque U-Haul ofrece varios accesorios y complementos para la mudanza, elija s\u00f3lo lo que m\u00e1s le convenga. <em>verdaderamente<\/em> necesidad. Prescindir de extras innecesarios, como equipos especializados, puede ayudar a reducir el coste total.<\/p>\r\n\r\n\r\n\r\n<h2 class=\"wp-block-heading\"><span class=\"ez-toc-section\" id=\"Whats_Involved_in_Hiring_a_U-Haul\"><\/span><strong>En qu\u00e9 consiste<\/strong> \u00bfContratar un U-Haul?<span class=\"ez-toc-section-end\"><\/span><\/h2>\r\n\r\n\r\n\r\n<figure class=\"wp-block-image size-full\"><img loading=\"lazy\" decoding=\"async\" width=\"1000\" height=\"654\" src=\"https:\/\/moverdb.com\/wp-content\/uploads\/u-haul-moving-3.jpg\" alt=\"\" class=\"wp-image-11042\" srcset=\"https:\/\/moverdb.com\/wp-content\/uploads\/u-haul-moving-3.jpg 1000w, https:\/\/moverdb.com\/wp-content\/uploads\/u-haul-moving-3-300x196.jpg 300w, https:\/\/moverdb.com\/wp-content\/uploads\/u-haul-moving-3-18x12.jpg 18w, https:\/\/moverdb.com\/wp-content\/uploads\/u-haul-moving-3-600x392.jpg 600w\" sizes=\"auto, (max-width: 1000px) 100vw, 1000px\" \/><\/figure>\r\n\r\n\r\n\r\n<p>El primer paso para contratar un U-Haul es quiz\u00e1s el m\u00e1s dif\u00edcil: debe determinar el tama\u00f1o de cami\u00f3n adecuado para sus pertenencias y calcular la distancia que va a recorrer.<\/p>\r\n\r\n\r\n\r\n<p>Una vez elegido el cami\u00f3n, puede reservarlo online o por tel\u00e9fono, especificando el lugar de recogida, la duraci\u00f3n del alquiler y el lugar de devoluci\u00f3n.<\/p>\r\n\r\n\r\n\r\n<p>El d\u00eda de recogida programado, dir\u00edjase a la oficina de U-Haul elegida para recoger el cami\u00f3n de alquiler, asegur\u00e1ndose de llevar consigo un permiso de conducir v\u00e1lido y el m\u00e9todo de pago que utiliz\u00f3 para la reserva. Tras completar el papeleo, te entregar\u00e1n las llaves de tu cami\u00f3n U-Haul.<\/p>\r\n\r\n\r\n\r\n<p>A partir de ah\u00ed, puede cargar sus pertenencias, conducir hasta su destino y descargarlas cuando m\u00e1s le convenga. Una vez que haya terminado de utilizar el cami\u00f3n, simplemente devu\u00e9lvalo al lugar de entrega designado dentro del periodo de alquiler acordado.<\/p>\r\n\r\n\r\n\r\n<h2 class=\"wp-block-heading\"><span class=\"ez-toc-section\" id=\"Is_a_U-Haul_the_Best_Choice_for_Me\"><\/span><strong>\u00bfEs un U-Haul la mejor opci\u00f3n para m\u00ed?<\/strong><span class=\"ez-toc-section-end\"><\/span><\/h2>\r\n\r\n\r\n\r\n<p>Puede ser tentador ir a por todas y obtener una mudanza con todos los servicios para evitar todo el trabajo pesado y conducir hacia y desde sus casas nuevas y viejas - pero si usted quiere ser m\u00e1s pr\u00e1ctico, la contrataci\u00f3n de un U-Haul puede ser una gran opci\u00f3n para usted.<\/p>\r\n\r\n\r\n\n<table id=\"tablepress-344\" class=\"tablepress tablepress-id-344\">\n<thead>\n<tr class=\"row-1\">\n\t<th class=\"column-1\">Ventajas de U-Haul<\/th><th class=\"column-2\">Desventajas de U-Haul<\/th>\n<\/tr>\n<\/thead>\n<tbody class=\"row-striping row-hover\">\n<tr class=\"row-2\">\n\t<td class=\"column-1\">Flexibilidad de horarios y calendario<\/td><td class=\"column-2\">Trabajo intensivo: tiene que conducir, cargar y descargar usted mismo.<\/td>\n<\/tr>\n<tr class=\"row-3\">\n\t<td class=\"column-1\">M\u00e1s baratas que las mudanzas tradicionales con servicio completo<\/td><td class=\"column-2\">Usted es responsable del seguro durante el viaje<\/td>\n<\/tr>\n<tr class=\"row-4\">\n\t<td class=\"column-1\">Podr\u00e1 vigilar sus pertenencias durante la mudanza<\/td><td class=\"column-2\">El veh\u00edculo puede sufrir da\u00f1os durante el traslado que usted tendr\u00e1 que reparar.<\/td>\n<\/tr>\n<\/tbody>\n<\/table>\n<!-- #tablepress-344 from cache -->\n\r\n\r\n\r\n<p>La principal ventaja del alquiler de U-Haul es sencillamente el mayor control que le ofrece sobre sus gastos. Puede elegir el tama\u00f1o de cami\u00f3n que se adapte a sus pertenencias, seleccionar la duraci\u00f3n del alquiler y decidir si desea a\u00f1adir servicios o accesorios adicionales.<\/p>\r\n\r\n\r\n\r\n<p>Sin embargo, cargar y descargar muebles y objetos pesados puede ser f\u00edsicamente agotador. Si no te sientes c\u00f3modo levantando y cargando, o si necesitas ayuda profesional, puede que necesites contratar ayuda adicional.<\/p>\r\n\r\n\r\n\r\n<h2 class=\"wp-block-heading\"><span class=\"ez-toc-section\" id=\"Final_Checklist\"><\/span><strong>Lista de control final<\/strong><span class=\"ez-toc-section-end\"><\/span><\/h2>\r\n\r\n\r\n\r\n<p>Si crees que lo mejor es hacerlo t\u00fa mismo y utilizar una U-Haul, aseg\u00farate de tomar nota de nuestra lista de comprobaci\u00f3n final para asegurarte de que todo est\u00e1 en orden cuando llegue el momento de tu gran mudanza.<\/p>\r\n\r\n\r\n\r\n<ul class=\"wp-block-list\">\r\n<li>Piense si desea contar con la ayuda de un equipo de mudanzas con todos los servicios o si prefiere hacerlo usted mismo.<\/li>\r\n\r\n\r\n\r\n<li>F\u00edjate en tus pertenencias: \u00bfpuedes reducirlas antes de reservar tu U-Haul para ahorrar dinero?<\/li>\r\n\r\n\r\n\r\n<li>Consulte la gama de veh\u00edculos y elija el que mejor se adapte a su volumen de carga y a sus necesidades.<\/li>\r\n\r\n\r\n\r\n<li>\u00bfNecesita alg\u00fan servicio adicional? Recuerde a\u00f1adirlos antes de reservar<\/li>\r\n\r\n\r\n\r\n<li>Compruebe las fechas y reserve su mudanza.<\/li>\r\n<\/ul>\r\n\r\n\r\n\r\n<h2 class=\"wp-block-heading\"><span class=\"ez-toc-section\" id=\"Frequently_Asked_Questions\"><\/span><strong>Preguntas frecuentes<\/strong><span class=\"ez-toc-section-end\"><\/span><\/h2>\r\n\r\n\r\n<div id=\"rank-math-faq\" class=\"rank-math-block\">\n<div class=\"rank-math-list\">\n<div id=\"faq-question-1692200957678\" class=\"rank-math-list-item\">\n<h3 class=\"rank-math-question\"><span class=\"ez-toc-section\" id=\"How_Do_I_Reserve_a_U-Haul_Truck\"><\/span><strong>\u00bfC\u00f3mo reservo un cami\u00f3n U-Haul?<\/strong><span class=\"ez-toc-section-end\"><\/span><\/h3>\n<div class=\"rank-math-answer\">\n\n<p>Puede reservar f\u00e1cilmente un cami\u00f3n U-Haul en l\u00ednea visitando el sitio web de U-Haul o utilizando su aplicaci\u00f3n. Solo tienes que introducir tu ubicaci\u00f3n, fecha de alquiler y tama\u00f1o de cami\u00f3n preferido para empezar. <\/p>\n<p>Tambi\u00e9n puede llamar al servicio de atenci\u00f3n al cliente de U-Haul para hacer una reserva por tel\u00e9fono y comentar cualquier detalle de la reserva.<\/p>\n\n<\/div>\n<\/div>\n<div id=\"faq-question-1692201036551\" class=\"rank-math-list-item\">\n<h3 class=\"rank-math-question\"><span class=\"ez-toc-section\" id=\"What_Do_I_Need_to_Bring_for_Pickup\"><\/span><strong>\u00bfQu\u00e9 debo llevar para la recogida?<\/strong><span class=\"ez-toc-section-end\"><\/span><\/h3>\n<div class=\"rank-math-answer\">\n\n<p>Cuando recojas tu cami\u00f3n U-Haul, lleva un permiso de conducir v\u00e1lido y el m\u00e9todo de pago utilizado para la reserva. Su unidad de alquiler puede requerir una identificaci\u00f3n adicional, por lo que es mejor comprobar caso por caso con su proveedor.<\/p>\n\n<\/div>\n<\/div>\n<div id=\"faq-question-1692201050762\" class=\"rank-math-list-item\">\n<h3 class=\"rank-math-question\"><span class=\"ez-toc-section\" id=\"Can_I_Extend_My_Rental_Period\"><\/span><strong>\u00bfPuedo ampliar el periodo de alquiler?<\/strong><span class=\"ez-toc-section-end\"><\/span><\/h3>\n<div class=\"rank-math-answer\">\n\n<p>S\u00ed, puede ampliar su periodo de alquiler si es necesario. P\u00f3ngase en contacto con el servicio de atenci\u00f3n al cliente de U-Haul o visite una oficina de alquiler local para hablar de la ampliaci\u00f3n y realizar los tr\u00e1mites necesarios. <\/p>\n<p>Tenga en cuenta que pueden aplicarse tarifas de alquiler adicionales por el periodo ampliado.<\/p>\n\n<\/div>\n<\/div>\n<div id=\"faq-question-1692201063702\" class=\"rank-math-list-item\">\n<h3 class=\"rank-math-question\"><span class=\"ez-toc-section\" id=\"What_Should_I_Do_if_I_Encounter_Issues_During_the_Rental\"><\/span><strong>\u00bfQu\u00e9 debo hacer si surgen problemas durante el alquiler?<\/strong><span class=\"ez-toc-section-end\"><\/span><\/h3>\n<div class=\"rank-math-answer\">\n\n<p>Si tiene alg\u00fan problema con su cami\u00f3n U-Haul durante el alquiler, como problemas mec\u00e1nicos o preguntas sobre el equipo, p\u00f3ngase en contacto con el servicio de asistencia en carretera o con el servicio de atenci\u00f3n al cliente de U-Haul para que le orienten y le ayuden.<\/p>\n<p>Le proporcionar\u00e1n asistencia para ayudarle a resolver cualquier duda que tenga mientras utiliza el cami\u00f3n de alquiler.<\/p>\n\n<\/div>\n<\/div>\n<\/div>\n<\/div>","protected":false},"excerpt":{"rendered":"<p>U-Haul remains a popular choice among DIY movers, but how much does it actually cost? In this article, we\u2019ll dissect the pricing models of U-Haul, looking at the various factors that contribute to the overall cost &#8211; and leave you with all-important, cost-effective moving tips. Our guide will cover the following: If you fancy keeping [&hellip;]<\/p>\n","protected":false},"author":1,"featured_media":0,"parent":0,"menu_order":0,"comment_status":"closed","ping_status":"closed","template":"","meta":{"_genesis_hide_title":false,"_genesis_hide_breadcrumbs":false,"_genesis_hide_singular_image":false,"_genesis_hide_footer_widgets":false,"_genesis_custom_body_class":"","_genesis_custom_post_class":"","_genesis_layout":"","footnotes":""},"class_list":{"0":"post-17398","1":"page","2":"type-page","3":"status-publish","5":"entry"},"_links":{"self":[{"href":"https:\/\/moverdb.com\/es\/wp-json\/wp\/v2\/pages\/17398","targetHints":{"allow":["GET"]}}],"collection":[{"href":"https:\/\/moverdb.com\/es\/wp-json\/wp\/v2\/pages"}],"about":[{"href":"https:\/\/moverdb.com\/es\/wp-json\/wp\/v2\/types\/page"}],"author":[{"embeddable":true,"href":"https:\/\/moverdb.com\/es\/wp-json\/wp\/v2\/users\/1"}],"replies":[{"embeddable":true,"href":"https:\/\/moverdb.com\/es\/wp-json\/wp\/v2\/comments?post=17398"}],"version-history":[{"count":1,"href":"https:\/\/moverdb.com\/es\/wp-json\/wp\/v2\/pages\/17398\/revisions"}],"predecessor-version":[{"id":17399,"href":"https:\/\/moverdb.com\/es\/wp-json\/wp\/v2\/pages\/17398\/revisions\/17399"}],"wp:attachment":[{"href":"https:\/\/moverdb.com\/es\/wp-json\/wp\/v2\/media?parent=17398"}],"curies":[{"name":"wp","href":"https:\/\/api.w.org\/{rel}","templated":true}]}}