{"id":17394,"date":"2024-07-03T09:08:10","date_gmt":"2024-07-03T09:08:10","guid":{"rendered":"https:\/\/moverdb.com\/?page_id=17394"},"modified":"2026-01-08T13:18:36","modified_gmt":"2026-01-08T13:18:36","slug":"pods-cost","status":"publish","type":"page","link":"https:\/\/moverdb.com\/es\/pods-cost\/","title":{"rendered":"\u00bfCu\u00e1nto cuestan los PODS? Gu\u00eda del ahorro 2024"},"content":{"rendered":"<figure class=\"wp-block-image size-full\"><img loading=\"lazy\" decoding=\"async\" width=\"1000\" height=\"667\" class=\"wp-image-11007\" src=\"https:\/\/moverdb.com\/wp-content\/uploads\/PODS-storage-unit-costs-1.jpg\" alt=\"\" srcset=\"https:\/\/moverdb.com\/wp-content\/uploads\/PODS-storage-unit-costs-1.jpg 1000w, https:\/\/moverdb.com\/wp-content\/uploads\/PODS-storage-unit-costs-1-300x200.jpg 300w, https:\/\/moverdb.com\/wp-content\/uploads\/PODS-storage-unit-costs-1-18x12.jpg 18w, https:\/\/moverdb.com\/wp-content\/uploads\/PODS-storage-unit-costs-1-600x400.jpg 600w\" sizes=\"auto, (max-width: 1000px) 100vw, 1000px\" \/><\/figure>\r\n\r\n\r\n\r\n<p><span style=\"font-weight: 400;\">El estr\u00e9s de una mudanza puede verse exasperado por la necesidad de cargar y descargar un veh\u00edculo en el mismo d\u00eda, dejando su nuevo hogar lleno de cajas, lo que le dificulta ver el bosque desde los \u00e1rboles. Un m\u00e9todo alternativo de env\u00edo es utilizar PODS, contenedores port\u00e1tiles que pueden cargarse y descargarse a su propio ritmo.<\/span><\/p>\r\n\r\n\r\n\r\n<p><span style=\"font-weight: 400;\">Si no ha utilizado unidades de almacenamiento port\u00e1tiles antes, el pensamiento puede ser desalentador - nuestra gu\u00eda cubrir\u00e1:<\/span><\/p>\r\n\r\n\r\n\r\n<ul class=\"wp-block-list\">\r\n<li><span style=\"font-weight: 400;\">Cu\u00e1nto cuesta el alquiler de PODS<\/span><\/li>\r\n\r\n\r\n\r\n<li><span style=\"font-weight: 400;\">Qu\u00e9 afecta al coste del Alquiler de PODS<\/span><\/li>\r\n\r\n\r\n\r\n<li><span style=\"font-weight: 400;\">C\u00f3mo ahorrar dinero en el alquiler de PODS<\/span><\/li>\r\n\r\n\r\n\r\n<li><span style=\"font-weight: 400;\">\u00bfQu\u00e9 implica el alquiler de PODS?\u00a0<\/span><\/li>\r\n\r\n\r\n\r\n<li><span style=\"font-weight: 400;\">C\u00f3mo saber si el alquiler de PODS es la mejor opci\u00f3n para usted<\/span><\/li>\r\n\r\n\r\n\r\n<li><span style=\"font-weight: 400;\">C\u00f3mo iniciar el proceso de contrataci\u00f3n de PODS<\/span><\/li>\r\n<\/ul>\r\n\r\n\r\n\r\n<p><span style=\"font-weight: 400;\">Si el m\u00e9todo convencional de mudanza no le ha funcionado en el pasado, puede que haya llegado el momento de probar algo nuevo con la ayuda de los PODS. Sigue leyendo para descubrir c\u00f3mo hacerlo de la mejor manera posible.\u00a0<\/span><\/p>\r\n\r\n\r\n\r\n<div id=\"ez-toc-container\" class=\"ez-toc-v2_0_82_2 ez-toc-wrap-left counter-hierarchy ez-toc-counter ez-toc-transparent ez-toc-container-direction\">\n<div class=\"ez-toc-title-container\">\n<p class=\"ez-toc-title\" style=\"cursor:inherit\">Secciones<\/p>\n<span class=\"ez-toc-title-toggle\"><a href=\"#\" class=\"ez-toc-pull-right ez-toc-btn ez-toc-btn-xs ez-toc-btn-default ez-toc-toggle\" aria-label=\"Alternar tabla de contenidos\"><span class=\"ez-toc-js-icon-con\"><span class=\"\"><span class=\"eztoc-hide\" style=\"display:none;\">Toggle<\/span><span class=\"ez-toc-icon-toggle-span\"><svg style=\"fill: #999;color:#999\" xmlns=\"http:\/\/www.w3.org\/2000\/svg\" class=\"list-377408\" width=\"20px\" height=\"20px\" viewbox=\"0 0 24 24\" fill=\"none\"><path d=\"M6 6H4v2h2V6zm14 0H8v2h12V6zM4 11h2v2H4v-2zm16 0H8v2h12v-2zM4 16h2v2H4v-2zm16 0H8v2h12v-2z\" fill=\"currentColor\"><\/path><\/svg><svg style=\"fill: #999;color:#999\" class=\"arrow-unsorted-368013\" xmlns=\"http:\/\/www.w3.org\/2000\/svg\" width=\"10px\" height=\"10px\" viewbox=\"0 0 24 24\" version=\"1.2\" baseprofile=\"tiny\"><path d=\"M18.2 9.3l-6.2-6.3-6.2 6.3c-.2.2-.3.4-.3.7s.1.5.3.7c.2.2.4.3.7.3h11c.3 0 .5-.1.7-.3.2-.2.3-.5.3-.7s-.1-.5-.3-.7zM5.8 14.7l6.2 6.3 6.2-6.3c.2-.2.3-.5.3-.7s-.1-.5-.3-.7c-.2-.2-.4-.3-.7-.3h-11c-.3 0-.5.1-.7.3-.2.2-.3.5-.3.7s.1.5.3.7z\"\/><\/svg><\/span><\/span><\/span><\/a><\/span><\/div>\n<nav><ul class='ez-toc-list ez-toc-list-level-1 eztoc-toggle-hide-by-default' ><li class='ez-toc-page-1 ez-toc-heading-level-2'><a class=\"ez-toc-link ez-toc-heading-1\" href=\"https:\/\/moverdb.com\/es\/pods-cost\/#How_Much_Do_PODS_Cost\" >\u00bfCu\u00e1nto cuestan los PODS?<\/a><\/li><li class='ez-toc-page-1 ez-toc-heading-level-2'><a class=\"ez-toc-link ez-toc-heading-2\" href=\"https:\/\/moverdb.com\/es\/pods-cost\/#What_Affects_the_Cost_of_PODS\" >\u00bfQu\u00e9 influye en el coste de los PODS?<\/a><\/li><li class='ez-toc-page-1 ez-toc-heading-level-2'><a class=\"ez-toc-link ez-toc-heading-3\" href=\"https:\/\/moverdb.com\/es\/pods-cost\/#How_Can_I_Save_Money_on_PODS\" >\u00bfC\u00f3mo puedo ahorrar dinero con los PODS?<\/a><\/li><li class='ez-toc-page-1 ez-toc-heading-level-2'><a class=\"ez-toc-link ez-toc-heading-4\" href=\"https:\/\/moverdb.com\/es\/pods-cost\/#Whats_Involved_in_Hiring_PODS\" >\u00bfQu\u00e9 implica la contrataci\u00f3n de PODS?<\/a><\/li><li class='ez-toc-page-1 ez-toc-heading-level-2'><a class=\"ez-toc-link ez-toc-heading-5\" href=\"https:\/\/moverdb.com\/es\/pods-cost\/#Are_PODS_the_Best_Choice_for_My_Home_Move\" >\u00bfSon los PODS la mejor opci\u00f3n para mi mudanza?<\/a><\/li><li class='ez-toc-page-1 ez-toc-heading-level-2'><a class=\"ez-toc-link ez-toc-heading-6\" href=\"https:\/\/moverdb.com\/es\/pods-cost\/#How_Do_I_Find_and_Hire_PODS\" >\u00bfC\u00f3mo encontrar y contratar PODS?<\/a><\/li><li class='ez-toc-page-1 ez-toc-heading-level-2'><a class=\"ez-toc-link ez-toc-heading-7\" href=\"https:\/\/moverdb.com\/es\/pods-cost\/#Finding_the_Best_Container_Shipping_Service_For_Your_Needs\" >Encuentre el mejor servicio de transporte de contenedores para sus necesidades<\/a><\/li><li class='ez-toc-page-1 ez-toc-heading-level-2'><a class=\"ez-toc-link ez-toc-heading-8\" href=\"https:\/\/moverdb.com\/es\/pods-cost\/#Final_Checklist\" >Lista de control final<\/a><\/li><li class='ez-toc-page-1 ez-toc-heading-level-2'><a class=\"ez-toc-link ez-toc-heading-9\" href=\"https:\/\/moverdb.com\/es\/pods-cost\/#Frequently_Asked_Questions\" >Preguntas frecuentes<\/a><ul class='ez-toc-list-level-3' ><li class='ez-toc-heading-level-3'><a class=\"ez-toc-link ez-toc-heading-10\" href=\"https:\/\/moverdb.com\/es\/pods-cost\/#What_Is_PODS_and_How_Does_It_Work\" >\u00bfQu\u00e9 es PODS y c\u00f3mo funciona?<\/a><\/li><li class='ez-toc-page-1 ez-toc-heading-level-3'><a class=\"ez-toc-link ez-toc-heading-11\" href=\"https:\/\/moverdb.com\/es\/pods-cost\/#How_Much_Does_PODS_Cost\" >\u00bfCu\u00e1nto cuestan los PODS?<\/a><\/li><li class='ez-toc-page-1 ez-toc-heading-level-3'><a class=\"ez-toc-link ez-toc-heading-12\" href=\"https:\/\/moverdb.com\/es\/pods-cost\/#Can_I_Use_PODS_for_Both_Moving_and_Storage\" >\u00bfPuedo utilizar PODS tanto para la mudanza como para el almacenamiento?<\/a><\/li><li class='ez-toc-page-1 ez-toc-heading-level-3'><a class=\"ez-toc-link ez-toc-heading-13\" href=\"https:\/\/moverdb.com\/es\/pods-cost\/#Do_I_Need_to_Load_the_PODS_Container_Myself\" >\u00bfTengo que cargar yo mismo el contenedor PODS?<\/a><\/li><\/ul><\/li><\/ul><\/nav><\/div>\n<h2 class=\"wp-block-heading\"><span class=\"ez-toc-section\" id=\"How_Much_Do_PODS_Cost\"><\/span><b>\u00bfCu\u00e1nto cuestan los PODS?<\/b><span class=\"ez-toc-section-end\"><\/span><\/h2>\r\n\r\n\r\n\r\n<p>PODS son las siglas de \"Portable On Demand Storage\" (almacenamiento port\u00e1til a petici\u00f3n), un servicio que ofrece una forma c\u00f3moda y flexible de almacenar y trasladar sus pertenencias. El concepto gira en torno al uso de contenedores de almacenamiento port\u00e1tiles que pueden ser entregados en su casa, lo que le permite cargar y descargar sus pertenencias personales a su propio ritmo - y luego, una vez embalado, el contenedor se almacena en una instalaci\u00f3n segura o transportado a su nuevo destino.<\/p>\r\n\r\n\r\n\r\n<p>Veamos algunos ejemplos de costes.<\/p>\r\n\r\n\r\n\n<table id=\"tablepress-354\" class=\"tablepress tablepress-id-354\">\n<thead>\n<tr class=\"row-1\">\n\t<th class=\"column-1\">Distancia de la mudanza<\/th><th class=\"column-2\">Coste por habitaci\u00f3n<\/th><th class=\"column-3\">Coste total por casa de 3 camas<\/th>\n<\/tr>\n<\/thead>\n<tbody class=\"row-striping row-hover\">\n<tr class=\"row-2\">\n\t<td class=\"column-1\">Local (en un radio de 250 millas)<\/td><td class=\"column-2\">$200 a $225<\/td><td class=\"column-3\">$600 a $675<\/td>\n<\/tr>\n<tr class=\"row-3\">\n\t<td class=\"column-1\">M\u00e1s de 250 millas<\/td><td class=\"column-2\">$400 a $460<\/td><td class=\"column-3\">$1.200 a $1.380<\/td>\n<\/tr>\n<tr class=\"row-4\">\n\t<td class=\"column-1\">Campo a trav\u00e9s<\/td><td class=\"column-2\">$2.000 a $2.250<\/td><td class=\"column-3\">$6.000 a $6.750<\/td>\n<\/tr>\n<\/tbody>\n<\/table>\n<!-- #tablepress-354 from cache -->\n\r\n\r\n\r\n<p>Aunque los presupuestos exactos deben obtenerse directamente de PODS, teniendo en cuenta sus disposiciones reales y el volumen de los art\u00edculos, como estimaci\u00f3n aproximada, una mudanza local de menos de 250 millas puede costar alrededor de $200 a $225 por habitaci\u00f3n. En el caso de una vivienda est\u00e1ndar de tres camas, el coste total puede oscilar entre $600 y $675.<\/p>\r\n\r\n\r\n\r\n<p>Las viviendas m\u00e1s grandes y las distancias m\u00e1s largas conllevan precios m\u00e1s elevados: una mudanza de m\u00e1s de 800 km a trav\u00e9s del pa\u00eds cuesta cerca de $2.000 por habitaci\u00f3n, lo que supone un total de $6.000 a $6.750 por una mudanza de una casa de tres dormitorios.<\/p>\r\n\r\n\r\n\r\n<h2 class=\"wp-block-heading\"><span class=\"ez-toc-section\" id=\"What_Affects_the_Cost_of_PODS\"><\/span><b>\u00bfQu\u00e9 influye en el coste de los PODS?<\/b><span class=\"ez-toc-section-end\"><\/span><\/h2>\r\n\r\n\r\n\r\n<p>PODS ofrece una soluci\u00f3n a medida para sus necesidades de almacenamiento y mudanza, lo que significa que hay una gran variedad de precios disponibles para los distintos servicios. Hablemos de los principales puntos que pueden afectar al coste del alquiler de PODS.<\/p>\r\n\r\n\r\n\r\n<p><strong><a href=\"https:\/\/moverdb.com\/es\/shipping-container-sizes-and-dimensions\/\" data-internallinksmanager029f6b8e52c=\"247\" title=\"Gu\u00eda definitiva de tama\u00f1os y dimensiones de contenedores mar\u00edtimos\">Tama\u00f1o del envase<\/a><\/strong><\/p>\r\n\r\n\r\n\r\n<p>El tama\u00f1o del contenedor que elija afectar\u00e1 directamente al coste. Los contenedores m\u00e1s grandes ofrecen m\u00e1s espacio pero tienen un precio m\u00e1s elevado, as\u00ed que lo mejor es elegir un tama\u00f1o que se adapte a tus pertenencias para optimizar el valor.<\/p>\r\n<p>Del mismo modo, elegir un contenedor demasiado peque\u00f1o es contraproducente, ya que tendr\u00e1 que llenar y volver a llenar el contenedor para completar su mudanza.\u00a0<\/p>\r\n\r\n\r\n\r\n<p><strong>Distancia y ubicaci\u00f3n<\/strong><\/p>\r\n\r\n\r\n\r\n<p>La distancia entre su ubicaci\u00f3n y el almac\u00e9n PODS puede influir en el coste, incluidos los gastos de entrega y transporte. Trasladar el contenedor m\u00e1s lejos puede suponer unos gastos ligeramente superiores, como se muestra en la tabla anterior.<\/p>\r\n<p>Al considerar el uso de PODS, compare el coste de un servicio de mudanza tradicional para ver si es una inversi\u00f3n que merece la pena por la comodidad que ofrece.<\/p>\r\n\r\n\r\n\r\n<p><strong>Duraci\u00f3n del uso<\/strong><\/p>\r\n\r\n\r\n\r\n<p>Cuanto m\u00e1s tiempo necesite el contenedor, m\u00e1s le costar\u00e1. Los precios tienen en cuenta el periodo de alquiler, as\u00ed que ten en cuenta cu\u00e1nto tiempo necesitas, ya que a\u00f1adir d\u00edas o semanas extra puede repercutir sustancialmente en tus costes.<\/p>\r\n\r\n\r\n\r\n<p><strong>Servicios adicionales<\/strong><\/p>\r\n\r\n\r\n\r\n<p>PODS ofrece varios servicios, como asistencia en la carga o almacenamiento. Optar por estos servicios puede aumentar el coste, as\u00ed que ten cuidado de no a\u00f1adirlos a menos que sean necesarios para facilitar tu mudanza.<\/p>\r\n\r\n\r\n\r\n<h2 class=\"wp-block-heading\"><span class=\"ez-toc-section\" id=\"How_Can_I_Save_Money_on_PODS\"><\/span><strong>\u00bfC\u00f3mo puedo ahorrar dinero con los PODS?<\/strong><span class=\"ez-toc-section-end\"><\/span><\/h2>\r\n\r\n\r\n\r\n<figure class=\"wp-block-image size-full\"><img loading=\"lazy\" decoding=\"async\" width=\"1000\" height=\"667\" class=\"wp-image-11008\" src=\"https:\/\/moverdb.com\/wp-content\/uploads\/PODS-storage-unit-costs-2.jpg\" alt=\"\" srcset=\"https:\/\/moverdb.com\/wp-content\/uploads\/PODS-storage-unit-costs-2.jpg 1000w, https:\/\/moverdb.com\/wp-content\/uploads\/PODS-storage-unit-costs-2-300x200.jpg 300w, https:\/\/moverdb.com\/wp-content\/uploads\/PODS-storage-unit-costs-2-18x12.jpg 18w, https:\/\/moverdb.com\/wp-content\/uploads\/PODS-storage-unit-costs-2-600x400.jpg 600w\" sizes=\"auto, (max-width: 1000px) 100vw, 1000px\" \/><\/figure>\r\n\r\n\r\n\r\n<p>Ahora que ya sabemos lo que afecta al coste del alquiler de PODS, echemos un vistazo a las formas en las que puede ahorrar dinero al utilizar el servicio.<\/p>\r\n\r\n\r\n\r\n<p>Ante todo, aseg\u00farese de elegir el tama\u00f1o de contenedor adecuado, lo que significa seleccionar un tama\u00f1o de contenedor que se ajuste a sus necesidades sin exceso de espacio. Los contenedores m\u00e1s grandes cuestan m\u00e1s, as\u00ed que opte por el tama\u00f1o m\u00e1s peque\u00f1o en el que quepan c\u00f3modamente sus pertenencias, pero aseg\u00farese de que es lo suficientemente grande, ya que el alquiler de contenedores adicionales a\u00f1adir\u00e1 sin duda m\u00e1s ceros a su factura.<\/p>\r\n\r\n\r\n\r\n<p>Siempre que sea posible, considere la posibilidad de reservar su contenedor PODS durante las temporadas de menor demanda. Esto puede dar lugar a posibles descuentos en las tarifas de alquiler, ahorr\u00e1ndole dinero en su proceso de mudanza, ya que las empresas de contenedores querr\u00e1n llenar sus horarios durante estos per\u00edodos de calma estacional.<\/p>\r\n\r\n\r\n\r\n<p>Aunque pueda resultar tedioso, es buena idea aprovechar al m\u00e1ximo el espacio del contenedor empaquetando los objetos de forma eficiente. Aseg\u00farate de aprovechar el espacio vertical, desmonta los muebles si es posible y utiliza cajas que encajen bien para minimizar el espacio desaprovechado.<\/p>\r\n\r\n\r\n\r\n<p>Si puede, cargar y descargar el contenedor usted mismo puede ahorrarle dinero en comparaci\u00f3n con la contrataci\u00f3n de mano de obra. Recurra a la ayuda de amigos y familiares para que el proceso sea m\u00e1s sencillo, pero recuerde que puede contratar a alguien si no le resulta posible.<\/p>\r\n\r\n\r\n\r\n<p>Por \u00faltimo, considere la posibilidad de acortar el periodo de alquiler. Cuanto m\u00e1s tiempo se quede con el contenedor, m\u00e1s puede aumentar sus costes: tener un plan claro y mantenerse organizado puede ayudarle a completar el proceso m\u00e1s r\u00e1pidamente.<\/p>\r\n\r\n\r\n\r\n<h2 class=\"wp-block-heading\"><span class=\"ez-toc-section\" id=\"Whats_Involved_in_Hiring_PODS\"><\/span><strong>\u00bfQu\u00e9 implica la contrataci\u00f3n de PODS?<\/strong><span class=\"ez-toc-section-end\"><\/span><\/h2>\r\n\r\n\r\n\r\n<p>Explicado de forma sencilla, cuando contrata un servicio PODS, le entregan un contenedor de almacenamiento port\u00e1til en su domicilio. Usted lo embala a su ritmo y luego la empresa lo recoge y puede almacenarlo en sus instalaciones o trasladarlo a su nuevo destino, lo que lo convierte en una forma flexible y c\u00f3moda de gestionar la mudanza sin las prisas de cargar y descargar en un solo d\u00eda.<\/p>\r\n\r\n\r\n\r\n<p>Para ponerte en contacto con PODS y organizar el alquiler, visita su p\u00e1gina web o llama a su n\u00famero de atenci\u00f3n al cliente. Puedes dar detalles sobre tus necesidades, obtener un presupuesto y programar la entrega de un contenedor de almacenamiento port\u00e1til en tu ubicaci\u00f3n.<\/p>\r\n\r\n\r\n\r\n<h2 class=\"wp-block-heading\"><span class=\"ez-toc-section\" id=\"Are_PODS_the_Best_Choice_for_My_Home_Move\"><\/span><strong>\u00bfSon los PODS la mejor opci\u00f3n para mi mudanza?<\/strong><span class=\"ez-toc-section-end\"><\/span><\/h2>\r\n\r\n\r\n\r\n<p>Aunque no son un m\u00e9todo de mudanza convencional, los PODS son cada vez m\u00e1s populares para agilizar el proceso de mudanza, eliminando parte del ajetreo que normalmente se siente durante una mudanza. Veamos las principales ventajas y desventajas de utilizar este servicio en comparaci\u00f3n con los m\u00e9todos de mudanza tradicionales.<\/p>\r\n\r\n\r\n\n<table id=\"tablepress-341\" class=\"tablepress tablepress-id-341\">\n<thead>\n<tr class=\"row-1\">\n\t<th class=\"column-1\">Ventajas de los PODS<\/th><th class=\"column-2\">Desventajas de los PODS<\/th>\n<\/tr>\n<\/thead>\n<tbody class=\"row-striping row-hover\">\n<tr class=\"row-2\">\n\t<td class=\"column-1\">Flexibilidad: la principal ventaja de utilizar PODS en una mudanza es la flexibilidad que ofrece en comparaci\u00f3n con los m\u00e9todos de mudanza tradicionales, en los que tiene que cargar y descargar sus pertenencias en el mismo d\u00eda.<\/td><td class=\"column-2\">Autocarga - Los PODS son atendidos por usted, lo que significa que tendr\u00e1 que cargarlos y descargarlos sin ayuda de mano de obra.<\/td>\n<\/tr>\n<tr class=\"row-3\">\n\t<td class=\"column-1\">Coste fijo: los PODS se cobran a un precio fijo, lo que le permite controlar mejor sus finanzas.<\/td><td class=\"column-2\">Seguro: las empresas de mudanzas tradicionales disponen de un seguro que cubre sus bienes durante el transporte; con los PODS tendr\u00e1 que contratarlo usted mismo.<\/td>\n<\/tr>\n<tr class=\"row-4\">\n\t<td class=\"column-1\">Opciones: hay muchos tama\u00f1os de contenedores y duraciones de alquiler entre los que elegir, lo que le ofrece una gran variedad de opciones.<\/td><td class=\"column-2\">Posibilidad de retrasos: la disponibilidad y la demanda pueden afectar al calendario, lo que significa que las fechas podr\u00edan cambiar en un plazo muy breve.<\/td>\n<\/tr>\n<\/tbody>\n<\/table>\n<!-- #tablepress-341 from cache -->\n\r\n\r\n\r\n<p>La principal ventaja es una mayor flexibilidad para usted, como empresa de mudanzas, a la hora de cargar y descargar sus pertenencias, ya que no tiene que hacerlo el mismo d\u00eda, como ocurre con las empresas de mudanzas tradicionales. Sin embargo, las desventajas son similares: tiene que cargar y descargar usted mismo, lo que puede requerir mucho tiempo y trabajo.<\/p>\r\n\r\n\r\n\r\n<h2 class=\"wp-block-heading\"><span class=\"ez-toc-section\" id=\"How_Do_I_Find_and_Hire_PODS\"><\/span><strong>\u00bfC\u00f3mo encontrar y contratar PODS?<\/strong><span class=\"ez-toc-section-end\"><\/span><\/h2>\r\n\r\n\r\n\r\n<figure class=\"wp-block-image size-full\"><img loading=\"lazy\" decoding=\"async\" width=\"1000\" height=\"667\" class=\"wp-image-11009\" src=\"https:\/\/moverdb.com\/wp-content\/uploads\/PODS-storage-unit-costs-3.jpg\" alt=\"\" srcset=\"https:\/\/moverdb.com\/wp-content\/uploads\/PODS-storage-unit-costs-3.jpg 1000w, https:\/\/moverdb.com\/wp-content\/uploads\/PODS-storage-unit-costs-3-300x200.jpg 300w, https:\/\/moverdb.com\/wp-content\/uploads\/PODS-storage-unit-costs-3-18x12.jpg 18w, https:\/\/moverdb.com\/wp-content\/uploads\/PODS-storage-unit-costs-3-600x400.jpg 600w\" sizes=\"auto, (max-width: 1000px) 100vw, 1000px\" \/><\/figure>\r\n\r\n\r\n\r\n<p>Encontrar y contratar PODS es un proceso sencillo.<\/p>\r\n\r\n\r\n\r\n<p>En primer lugar, deber\u00e1 visitar el sitio web y solicitar un presupuesto, introduciendo los datos de su ubicaci\u00f3n y sus requisitos para obtener un presupuesto de los servicios que necesita. A partir de ah\u00ed, tendr\u00e1 que seleccionar el tama\u00f1o de contenedor que se adapte a sus necesidades y los servicios adicionales que desee, como la duraci\u00f3n del almacenamiento del contenedor o la asistencia de carga.<\/p>\r\n\r\n\r\n\r\n\r\n\r\n<p>A continuaci\u00f3n, se puede fijar una fecha para la entrega del contenedor PODS en su domicilio. Despu\u00e9s, una vez que el contenedor PODS haya llegado, puede tomarse su tiempo para empaquetar sus pertenencias en el contenedor a su propio ritmo.<\/p>\r\n\r\n\r\n\r\n<p>Una vez que est\u00e9 listo, programe la recogida del contenedor para su transporte o almacenamiento en una instalaci\u00f3n PODS.<\/p>\r\n\r\n\r\n\r\n<h2 class=\"wp-block-heading\"><span class=\"ez-toc-section\" id=\"Finding_the_Best_Container_Shipping_Service_For_Your_Needs\"><\/span><strong>Encuentre el mejor servicio de transporte de contenedores para sus necesidades<\/strong><span class=\"ez-toc-section-end\"><\/span><\/h2>\r\n\r\n\r\n\r\n<p>Para determinar si los PODS son la mejor opci\u00f3n para usted, debe tener en cuenta sus necesidades y preferencias espec\u00edficas. Si prefiere embalar y cargar sus pertenencias a su propio ritmo y tiene un calendario de mudanzas flexible, los PODS pueden proporcionarle la comodidad que est\u00e1 buscando.<\/p>\r\n\r\n\r\n\r\n<p>Adem\u00e1s, si necesita almacenamiento temporal entre mudanzas, las opciones de almacenamiento de PODS podr\u00edan ser ideales, ya que ofrecen servicios tanto de mudanza como de almacenamiento. Y lo que es m\u00e1s importante, si se siente c\u00f3modo con la autocarga y descarga, PODS puede ser una opci\u00f3n adecuada.<\/p>\r\n\r\n\r\n\r\n<p>Sin embargo, si desea algo m\u00e1s estandarizado, las empresas de mudanzas tradicionales suelen ofrecer horarios fijos de entrega y recogida, lo que puede ser beneficioso si trabaja con fechas concretas de mudanza y traslado. Esto es especialmente importante si trabaja con un calendario ajustado y necesita mudarse r\u00e1pidamente, ya que la experiencia de las empresas de mudanzas tradicionales en embalaje y transporte eficientes podr\u00eda ayudarle m\u00e1s que los PODS.<\/p>\r\n\r\n\r\n\r\n<h2 class=\"wp-block-heading\"><span class=\"ez-toc-section\" id=\"Final_Checklist\"><\/span><strong>Lista de control final<\/strong><span class=\"ez-toc-section-end\"><\/span><\/h2>\r\n\r\n\r\n\r\n<p>Cuando llega el momento de la mudanza, conviene despejar toda la incertidumbre posible, y organizar las opciones de almacenamiento y mudanza con antelaci\u00f3n puede ser una buena forma de lograr esa tranquilidad.<\/p>\r\n\r\n\r\n\r\n<ul class=\"wp-block-list\">\r\n<li>Eche un vistazo a nuestra tabla de ventajas y desventajas para comparar el servicio con las empresas de mudanzas tradicionales.<\/li>\r\n\r\n\r\n\r\n<li>Si se conforma con el trabajo manual (carga y descarga de su contenedor) PODS puede ofrecerle una soluci\u00f3n flexible para su mudanza.<\/li>\r\n\r\n\r\n\r\n<li>Hable con un profesional de ventas de PODS y com\u00e9ntele sus necesidades, asegur\u00e1ndose de elegir un tama\u00f1o de contenedor adecuado para usted (sin optar por algo m\u00e1s grande de lo que necesita).<\/li>\r\n\r\n\r\n\r\n<li>Discutir los plazos y cuando la entrega puede ser<\/li>\r\n\r\n\r\n\r\n<li>Conf\u00edrmelo todo y prep\u00e1rese para la gran mudanza.<\/li>\r\n<\/ul>\r\n\r\n\r\n\r\n<h2 class=\"wp-block-heading\"><span class=\"ez-toc-section\" id=\"Frequently_Asked_Questions\"><\/span><strong>Preguntas frecuentes<\/strong><span class=\"ez-toc-section-end\"><\/span><\/h2>\r\n\r\n\r\n<div id=\"rank-math-faq\" class=\"rank-math-block\">\n<div class=\"rank-math-list\">\n<div id=\"faq-question-1692186207327\" class=\"rank-math-list-item\">\n<h3 class=\"rank-math-question\"><span class=\"ez-toc-section\" id=\"What_Is_PODS_and_How_Does_It_Work\"><\/span><strong>\u00bfQu\u00e9 es PODS y c\u00f3mo funciona?<\/strong><span class=\"ez-toc-section-end\"><\/span><\/h3>\n<div class=\"rank-math-answer\">\n\n<p>PODS son las siglas de \"Almacenamiento Port\u00e1til Bajo Demanda\". Es un servicio que proporciona contenedores de almacenamiento port\u00e1tiles entregados en su ubicaci\u00f3n. Usted empaca el contenedor a su propio ritmo, y luego PODS lo recoge y lo almacena en sus instalaciones, o lo transporta a su nuevo destino.<\/p>\n\n<\/div>\n<\/div>\n<div id=\"faq-question-1692186261517\" class=\"rank-math-list-item\">\n<h3 class=\"rank-math-question\"><span class=\"ez-toc-section\" id=\"How_Much_Does_PODS_Cost\"><\/span><strong>\u00bfCu\u00e1nto cuestan los PODS?<\/strong><span class=\"ez-toc-section-end\"><\/span><\/h3>\n<div class=\"rank-math-answer\">\n\n<p>El coste de PODS depende de factores como el tama\u00f1o del contenedor, la duraci\u00f3n del uso, la distancia y los servicios adicionales que elija. Para obtener una estimaci\u00f3n precisa, puede solicitar un presupuesto en el sitio web de PODS.<\/p>\n\n<\/div>\n<\/div>\n<div id=\"faq-question-1692186274267\" class=\"rank-math-list-item\">\n<h3 class=\"rank-math-question\"><span class=\"ez-toc-section\" id=\"Can_I_Use_PODS_for_Both_Moving_and_Storage\"><\/span><strong>\u00bfPuedo utilizar PODS tanto para la mudanza como para el almacenamiento?<\/strong><span class=\"ez-toc-section-end\"><\/span><\/h3>\n<div class=\"rank-math-answer\">\n\n<p>Por supuesto. PODS ofrece soluciones tanto de mudanza como de almacenamiento. Puede utilizar los contenedores PODS para el almacenamiento temporal durante una mudanza o para necesidades de almacenamiento a largo plazo.<\/p>\n\n<\/div>\n<\/div>\n<div id=\"faq-question-1692186288599\" class=\"rank-math-list-item\">\n<h3 class=\"rank-math-question\"><span class=\"ez-toc-section\" id=\"Do_I_Need_to_Load_the_PODS_Container_Myself\"><\/span><strong>\u00bfTengo que cargar yo mismo el contenedor PODS?<\/strong><span class=\"ez-toc-section-end\"><\/span><\/h3>\n<div class=\"rank-math-answer\">\n\n<p>S\u00ed, usted es responsable de cargar sus pertenencias en el contenedor PODS. Este aspecto de autocarga le permite embalar a su propio ritmo y garantiza que sus art\u00edculos se embalan exactamente como usted quiere.<\/p>\n\n<\/div>\n<\/div>\n<\/div>\n<\/div>","protected":false},"excerpt":{"rendered":"<p>The stress of moving house can be exasperated by the need to load and unload a vehicle in the same day, leaving your new home full of boxes, making it hard for you to see the wood from the trees. An alternative method of shipment is to use PODS, portable containers that can be loaded [&hellip;]<\/p>\n","protected":false},"author":1,"featured_media":0,"parent":0,"menu_order":0,"comment_status":"closed","ping_status":"closed","template":"","meta":{"_genesis_hide_title":false,"_genesis_hide_breadcrumbs":false,"_genesis_hide_singular_image":false,"_genesis_hide_footer_widgets":false,"_genesis_custom_body_class":"","_genesis_custom_post_class":"","_genesis_layout":"","footnotes":""},"class_list":{"0":"post-17394","1":"page","2":"type-page","3":"status-publish","5":"entry"},"_links":{"self":[{"href":"https:\/\/moverdb.com\/es\/wp-json\/wp\/v2\/pages\/17394","targetHints":{"allow":["GET"]}}],"collection":[{"href":"https:\/\/moverdb.com\/es\/wp-json\/wp\/v2\/pages"}],"about":[{"href":"https:\/\/moverdb.com\/es\/wp-json\/wp\/v2\/types\/page"}],"author":[{"embeddable":true,"href":"https:\/\/moverdb.com\/es\/wp-json\/wp\/v2\/users\/1"}],"replies":[{"embeddable":true,"href":"https:\/\/moverdb.com\/es\/wp-json\/wp\/v2\/comments?post=17394"}],"version-history":[{"count":1,"href":"https:\/\/moverdb.com\/es\/wp-json\/wp\/v2\/pages\/17394\/revisions"}],"predecessor-version":[{"id":17395,"href":"https:\/\/moverdb.com\/es\/wp-json\/wp\/v2\/pages\/17394\/revisions\/17395"}],"wp:attachment":[{"href":"https:\/\/moverdb.com\/es\/wp-json\/wp\/v2\/media?parent=17394"}],"curies":[{"name":"wp","href":"https:\/\/api.w.org\/{rel}","templated":true}]}}