{"id":1684,"date":"2017-02-23T19:16:05","date_gmt":"2017-02-23T19:16:05","guid":{"rendered":"http:\/\/moverdb.com\/?page_id=1684"},"modified":"2026-01-08T14:45:54","modified_gmt":"2026-01-08T14:45:54","slug":"1-800-paquete-rata","status":"publish","type":"page","link":"https:\/\/moverdb.com\/es\/1-800-pack-rat\/","title":{"rendered":"1-800-Pack-Rat - Rese\u00f1as sobre mudanzas internacionales"},"content":{"rendered":"<p>1-800-Pack-Rat ofrece a sus clientes una opci\u00f3n f\u00e1cil a la hora de realizar una mudanza. Los detalles se enumeran a continuaci\u00f3n, junto con un perfil de la empresa y rese\u00f1as.<\/p>\n<p><strong>Mudanzas de larga distancia y locales<\/strong><\/p>\n<ul>\n<li> Entregar el contenedor al menos 30 d\u00edas antes de la mudanza<\/li>\n<li> Empaquetar el contenedor uno mismo o contratar a un empaquetador profesional<\/li>\n<li> Cerradura de contenedor sin cortes de regalo<\/li>\n<li> Protecci\u00f3n de contenidos $10.000 de regalo<\/li>\n<li> Opci\u00f3n de almacenamiento largo y corto<\/li>\n<li> Recogida de contenedores y entrega en destino<\/li>\n<\/ul>\n<p><strong>Movimientos militares<\/strong><\/p>\n<ul>\n<li> El personal militar puede elegir una mudanza de adquisici\u00f3n personal (PPM)<\/li>\n<li> El Gobierno reembolsar\u00e1 95% de profesionales <a href=\"https:\/\/moverdb.com\/es\/gastos-de-mudanza\/\">gastos de mudanza<\/a><\/li>\n<li> Contenedor entregado en la puerta<\/li>\n<li> 30 d\u00edas o m\u00e1s para empacar<\/li>\n<li> <a href=\"https:\/\/moverdb.com\/es\/transporte-de-contenedores\/\">Env\u00edo de contenedores<\/a> a la nueva ubicaci\u00f3n<\/li>\n<\/ul>\n<p><strong>Almacenamiento<\/strong><\/p>\n<ul>\n<li> Videovigilancia 24\/7<\/li>\n<li> Aspersores autom\u00e1ticos<\/li>\n<li> Climatizado<\/li>\n<li> F\u00e1cil acceso a las instalaciones<\/li>\n<li> Entrega sin complicaciones<\/li>\n<\/ul>\n<p><strong>Uso del contenedor<\/strong><\/p>\n<ul>\n<li> Restauraci\u00f3n y saneamiento<\/li>\n<li> Servicios para contratistas<\/li>\n<li> Almacenamiento estacional<\/li>\n<li> Servicios inmobiliarios<\/li>\n<li> Ayuda en caso de cat\u00e1strofe<\/li>\n<li> Almacenamiento de eventos<\/li>\n<li> Almacenamiento comercial y minorista<\/li>\n<li> Compa\u00f1\u00edas de seguros<\/li>\n<li> Reubicaci\u00f3n empresarial o militar<\/li>\n<li> Soluciones de transporte y log\u00edstica<\/li>\n<\/ul>\n<h2>Perfil de la empresa 1-800-Pack-Rat<\/h2>\n<p>1-800-Pack-Rat cuenta con numerosas instalaciones en el <a href=\"https:\/\/moverdb.com\/es\/moving-to-the-united-states\/\" data-internallinksmanager029f6b8e52c=\"94\" title=\"\u00bfSe muda a Estados Unidos? 2026 Costes de vida y consejos de reubicaci\u00f3n\">Estados Unidos<\/a> y <a href=\"https:\/\/moverdb.com\/es\/moving-to-canada\/\" data-internallinksmanager029f6b8e52c=\"265\" title=\"\u00bfMudarse a Canad\u00e1? 2026 Coste de la vida y consejos para la reubicaci\u00f3n\">Canad\u00e1<\/a>. La empresa cuenta con m\u00e1s de 10 a\u00f1os de experiencia en el almacenamiento y traslado de personas y empresas a escala local y a larga distancia.<\/p>\n<p>1-800-Pack-Rat tiene las siguientes acreditaciones y afiliaciones:<\/p>\n<ul>\n<li> No se muestra en el sitio web, aunque el <a href=\"https:\/\/moverdb.com\/es\/soy\/\" target=\"_blank\" rel=\"noopener\">Asociaci\u00f3n Internacional de Empresas de Mudanzas<\/a> s\u00ed los incluye en su directorio de miembros.<\/li>\n<\/ul>\n<h2>Opiniones de 1-800-Pack-Rat<\/h2>\n<p><strong>Positivo:<\/strong><\/p>\n<ul>\n<li> <em>\"Fue maravilloso no tener que preocuparse por este aspecto de nuestro traslado. Toda la experiencia, desde mi llamada inicial, hasta la obtenci\u00f3n de presupuestos competitivos, la programaci\u00f3n en l\u00ednea, el pago autom\u00e1tico, y el trato con el personal experto y amable cuando ten\u00eda preguntas, fue libre de estr\u00e9s. A\u00fan no he terminado de desembalar, pero hasta ahora, mis pertenencias han llegado sanas y salvas\".<\/em> - Heather v\u00eda <a href=\"https:\/\/www.1800packrat.com\/reviews\" target=\"_blank\" rel=\"noopener\">testimonio de un cliente<\/a><\/li>\n<li> <em>\"Trasladamos todas nuestras pertenencias con 1-800-PACK-RAT y la experiencia fue genial. Estaban disponibles para preguntas, incluso por la noche y fueron educados y amables. Cumplieron con todos los plazos, nos permitieron empacar nuestras propias cosas durante un par de d\u00edas y luego, en 10 d\u00edas, las llevaron a nuestra nueva ubicaci\u00f3n.\"<\/em> - a trav\u00e9s de <a href=\"https:\/\/uk.trustpilot.com\/reviews\/58acb46d883cc60a283ce37e\" target=\"_blank\" rel=\"noopener\">TrustPilot<\/a><\/li>\n<li> <em>\"Hace poco hice una mudanza de larga distancia desde <a href=\"https:\/\/moverdb.com\/es\/moving-to-the-united-states\/moving-to-california\/\" data-internallinksmanager029f6b8e52c=\"330\" title=\"\u00bfMudarse a California? 2026 Coste de la vida y consejos para la reubicaci\u00f3n\">California<\/a> a <a href=\"https:\/\/moverdb.com\/es\/moving-to-the-united-states\/moving-to-florida\/\" data-internallinksmanager029f6b8e52c=\"331\" title=\"\u00bfMudarse a Florida? 2026 Coste de la vida y consejos de reubicaci\u00f3n\">Florida<\/a> utilizando Pack Rat almacenamiento. Y los usar\u00e9 otra vez, ellos estaban a tiempo de dejar a entrega y Rata de Paquete eran m\u00e1s baratos que PODS\".<\/em> - Paul v\u00eda <a href=\"https:\/\/www.yelp.co.uk\/biz\/1-800-pack-rat-tampa?hrid=sQKUV3MPkChipe8OJiZIcQ&#038;utm_campaign=www_review_share_popup&#038;utm_medium=copy_link&#038;utm_source=(direct)\" target=\"_blank\" rel=\"noopener\">Yelp<\/a><\/li>\n<\/ul>\n<p><strong>Negativo:<\/strong><\/p>\n<ul>\n<li> <em>\"Son una pesadilla. Nadie sabe lo que hace el otro\".<\/em> - Mia v\u00eda <a href=\"https:\/\/www.yelp.com\/biz\/1-800-pack-rat-fremont?hrid=YhOaE8BWuhGeu6UpKuLVVQ&#038;utm_campaign=www_review_share_popup&#038;utm_medium=copy_link&#038;utm_source=(direct)\" target=\"_blank\" rel=\"noopener\">Yelp<\/a><\/li>\n<li> <em>\"No pudieron o m\u00e1s bien no quisieron siquiera entregar la vaina en mi casa. El conductor no midi\u00f3 nada. Estuvo all\u00ed 2 minutos y se fue. Cuando llam\u00e9 al servicio de atenci\u00f3n al cliente fueron incre\u00edblemente groseros\".<\/em> - Leila v\u00eda <a href=\"https:\/\/www.bbb.org\/boston\/business-reviews\/storage-units-household-and-commercial\/1-800-pack-rat-in-foxboro-ma-116673\/reviews-and-complaints\" target=\"_blank\" rel=\"noopener\">BBB.org<\/a><\/li>\n<li> <em>\"Tan enfadado con 1-800-PackRat\"<\/em> - a trav\u00e9s de <a href=\"https:\/\/www.pissedconsumer.com\/company\/1800-pack-rat\/so-angry-with-1-800-packrat-20161024942159.html\" target=\"_blank\" rel=\"noopener\">Consumidor cabreado<\/a><\/li>\n<\/ul>\n<div itemprop=\"review\" itemscope itemtype=\"http:\/\/schema.org\/Review\">\n<span itemprop=\"author\" itemscope=\"\" itemtype=\"http:\/\/schema.org\/Organization\"><span itemprop=\"name\">MoverDB.com<\/span><\/span> Revisi\u00f3n del sitio web en l\u00ednea para <span itemprop=\"itemreviewed\" itemscope=\"\" itemtype=\"http:\/\/schema.org\/Brand\"><span itemprop=\"name\">1-800-Pack-Rat<\/span><\/span>:<\/p>\n<ol>\n<li> Datos de contacto claros en el sitio web (incluido el n\u00famero de tel\u00e9fono): <strong>S\u00ed<\/strong><\/li>\n<li> F\u00e1cil de conseguir <a href=\"https:\/\/moverdb.com\/es\/citas\/\">presupuestos de mudanzas<\/a>? (Formulario de solicitud de presupuesto en l\u00ednea): <strong>S\u00ed<\/strong><\/li>\n<li> Informaci\u00f3n clara en el sitio web: <strong>S\u00ed,<\/strong> El sitio web describe claramente todos los servicios que ofrece la empresa.<\/li>\n<li> Pertenencia a organizaciones de mudanzas reconocidas internacionalmente: <strong>S\u00ed<\/strong>pero no aparece en el sitio web.<\/li>\n<li> Lista de clientes y\/o testimonios de clientes anteriores: <strong>S\u00ed,<\/strong> pero las cr\u00edticas del resto de Internet son muy variadas.<\/li>\n<\/ol>\n<div itemprop=\"reviewRating\" itemscope itemtype=\"http:\/\/schema.org\/Rating\"><meta itemprop=\"worstRating\" content = \"0\" \/><meta itemprop=\"bestRating\" content=\"5\" \/><meta itemprop=\"ratingValue\" content=\"4\"><\/div>\n<p><strong>Puntuaci\u00f3n global: 4\/5<\/strong><br \/>\n<strong>Fecha de revisi\u00f3n:<\/strong> <span itemprop=\"datePublished\" content=\"2017-02-23\">23\/02\/2017<\/span>\n<\/div>\n<p>M\u00e1s informaci\u00f3n <a href=\"https:\/\/moverdb.com\/es\/empresas-de-mudanzas\/\">mudanzas internacionales<\/a> y nuestro <a href=\"https:\/\/moverdb.com\/es\/resenas\/\">proceso de revisi\u00f3n<\/a>.<\/p>\n<p><strong>P\u00e1gina web:<\/strong> <a href=\"https:\/\/www.1800packrat.com\/\" target=\"_blank\" rel=\"noopener\">https:\/\/www.1800packrat.com\/<\/a><\/p>","protected":false},"excerpt":{"rendered":"<p>1-800-Pack-Rat offers its customers an easy option when it comes to moving. The details are listed below, together with a company profile and reviews. Long Distance and Local Moves Deliver container at least 30 days prior to moving Self-pack container or employ professional packers Complimentary no-cut container lock Complimentary $10,000 contents protection Long and short [&hellip;]<\/p>\n","protected":false},"author":1,"featured_media":0,"parent":0,"menu_order":0,"comment_status":"closed","ping_status":"closed","template":"","meta":{"_genesis_hide_title":false,"_genesis_hide_breadcrumbs":false,"_genesis_hide_singular_image":false,"_genesis_hide_footer_widgets":false,"_genesis_custom_body_class":"","_genesis_custom_post_class":"","_genesis_layout":"","footnotes":""},"class_list":{"0":"post-1684","1":"page","2":"type-page","3":"status-publish","5":"entry"},"_links":{"self":[{"href":"https:\/\/moverdb.com\/es\/wp-json\/wp\/v2\/pages\/1684","targetHints":{"allow":["GET"]}}],"collection":[{"href":"https:\/\/moverdb.com\/es\/wp-json\/wp\/v2\/pages"}],"about":[{"href":"https:\/\/moverdb.com\/es\/wp-json\/wp\/v2\/types\/page"}],"author":[{"embeddable":true,"href":"https:\/\/moverdb.com\/es\/wp-json\/wp\/v2\/users\/1"}],"replies":[{"embeddable":true,"href":"https:\/\/moverdb.com\/es\/wp-json\/wp\/v2\/comments?post=1684"}],"version-history":[{"count":3,"href":"https:\/\/moverdb.com\/es\/wp-json\/wp\/v2\/pages\/1684\/revisions"}],"predecessor-version":[{"id":6165,"href":"https:\/\/moverdb.com\/es\/wp-json\/wp\/v2\/pages\/1684\/revisions\/6165"}],"wp:attachment":[{"href":"https:\/\/moverdb.com\/es\/wp-json\/wp\/v2\/media?parent=1684"}],"curies":[{"name":"wp","href":"https:\/\/api.w.org\/{rel}","templated":true}]}}