{"id":1680,"date":"2017-01-25T11:25:11","date_gmt":"2017-01-25T11:25:11","guid":{"rendered":"http:\/\/moverdb.com\/?page_id=1680"},"modified":"2026-01-08T14:47:26","modified_gmt":"2026-01-08T14:47:26","slug":"agilidad","status":"publish","type":"page","link":"https:\/\/moverdb.com\/es\/agility\/","title":{"rendered":"Agility - Rese\u00f1as sobre mudanzas y env\u00edos internacionales"},"content":{"rendered":"<p>Agility es la mayor empresa de log\u00edstica y <a href=\"https:\/\/moverdb.com\/es\/moving-companies\/\" data-internallinksmanager029f6b8e52c=\"79\" title=\"Las 25 mejores empresas de mudanzas internacionales en l\u00ednea\">empresa de mudanzas<\/a> en Oriente Medio. Ofrece a sus clientes una amplia gama de servicios que se enumeran a continuaci\u00f3n, junto con un perfil de la empresa y rese\u00f1as. <strong>Tenga en cuenta que Agility no se encarga de trasladar los enseres dom\u00e9sticos ni los efectos personales de los particulares<\/strong>.<\/p>\n<p><strong>Mudanzas internacionales<\/strong><\/p>\n<ul>\n<li> Servicio puerta a puerta<\/li>\n<li> Transporte mar\u00edtimo o a\u00e9reo<\/li>\n<li> Servicio de embalaje experto<\/li>\n<li> Servicio de desembalaje experto<\/li>\n<li> Eliminaci\u00f3n de residuos<\/li>\n<li> Gestionar las cuestiones de despacho de aduanas y de autorizaci\u00f3n<\/li>\n<li> Supervisi\u00f3n in situ de la carga de contenedores especiales<\/li>\n<li> Almacenamiento a corto y largo plazo<\/li>\n<li> Seguros<\/li>\n<li> Embalaje especializado<\/li>\n<li> Mantenimiento de electrodom\u00e9sticos<\/li>\n<li> Servicio de manutenci\u00f3n<\/li>\n<li> Electricista<\/li>\n<li> Desmontaje y montaje de muebles y mercanc\u00edas<\/li>\n<li> Manipulaci\u00f3n especial de art\u00edculos grandes y\/o fr\u00e1giles<\/li>\n<\/ul>\n<p><strong>Almacenamiento y distribuci\u00f3n<\/strong><\/p>\n<ul>\n<li> Gesti\u00f3n de servicios completos<\/li>\n<li> Transporte de mercanc\u00edas por carretera, a\u00e9reo y mar\u00edtimo<\/li>\n<li> Flexibilidad en el tama\u00f1o y tipo de las instalaciones<\/li>\n<li> Gestionar la planificaci\u00f3n y el reabastecimiento del inventario de principio a fin<\/li>\n<\/ul>\n<p><strong>Soluciones industriales<\/strong><\/p>\n<ul>\n<li> Mudanzas de autom\u00f3viles<\/li>\n<li> Movimientos qu\u00edmicos seguros y fiables<\/li>\n<li> Bienes de consumo<\/li>\n<li> Movilizaci\u00f3n de organizaciones internacionales, gobiernos, grupos de ayuda y militares<\/li>\n<li> Traslados industriales<\/li>\n<li> Soluciones log\u00edsticas para el petr\u00f3leo y el gas<\/li>\n<li> Cadena de suministro de productos farmac\u00e9uticos y ciencias de la vida<\/li>\n<li> Tecnolog\u00eda<\/li>\n<li> Las ferias y eventos se mueven<\/li>\n<\/ul>\n<h2>Perfil de la empresa Agility<\/h2>\n<p>Agility es una empresa de log\u00edstica global con sede en Sulaibiya, <a href=\"https:\/\/moverdb.com\/es\/moving-to-kuwait\/\" data-internallinksmanager029f6b8e52c=\"354\" title=\"\u00bfSe muda a Kuwait? 2026 Coste de la vida y consejos para el traslado\">Kuwait<\/a>. Agility presta servicios a empresas, gobiernos, organismos de ayuda humanitaria, fuerzas armadas y organizaciones internacionales proporcionando transporte, almacenamiento, <a href=\"https:\/\/moverdb.com\/es\/transitario\/\">transporte de mercanc\u00edas<\/a> y soluciones log\u00edsticas. La empresa emplea a m\u00e1s de 22.000 personas y tiene m\u00e1s de 500 oficinas repartidas por 100 pa\u00edses.<\/p>\n<p>Agility naci\u00f3 en 1979 como una empresa estatal kuwait\u00ed, Public Warehousing Co. En 1997, la empresa se privatiz\u00f3 y Tarek Sultan Al Essa se convirti\u00f3 en presidente. Agility decidi\u00f3 introducirse en mercados sin explotar, como \u00c1frica, Asia, Oriente Medio y Am\u00e9rica Latina. La empresa se expandi\u00f3 r\u00e1pidamente comprando m\u00e1s de 40 empresas y activos log\u00edsticos en todo el mundo. <\/p>\n<p>En 2004, Agility era el mayor proveedor log\u00edstico de Oriente Medio. No fue hasta 2006, cuando PWC pas\u00f3 a llamarse Agility, con su nuevo eslogan \"Un nuevo l\u00edder log\u00edstico\".<\/p>\n<p>Agility tiene dos ramas de negocio: Agility Global Integrated Logistics y Agility Infrastructure. La primera proporciona a sus clientes soluciones para la cadena de suministro. Agility ha realizado 2,14 millones de env\u00edos, prestando servicio a 60.500 clientes. La empresa ha movido 372.700 toneladas de carga a\u00e9rea y 513.100 TEU's de carga a\u00e9rea. Agility Infrastructure ayuda a los mercados emergentes con problemas relacionados con la log\u00edstica.<\/p>\n<p>Agility retribuye proporcionando apoyo log\u00edstico gratuito en caso de cat\u00e1strofes humanitarias. Su personal tambi\u00e9n apoya a las comunidades locales<br \/>\n.<br \/>\nAgility cuenta con las siguientes afiliaciones y acreditaciones:<\/p>\n<ul>\n<li> No aparece en el sitio web<\/li>\n<\/ul>\n<h2>Rese\u00f1as de Agility Moving<\/h2>\n<p><em>Por favor, tenga en cuenta que en el momento de escribir este art\u00edculo no pudimos encontrar ninguna rese\u00f1a en l\u00ednea sobre los servicios de mudanza de Agility.<\/em> <\/p>\n<div itemprop=\"review\" itemscope itemtype=\"http:\/\/schema.org\/Review\">\n<span itemprop=\"author\" itemscope=\"\" itemtype=\"http:\/\/schema.org\/Organization\"><span itemprop=\"name\">MoverDB.com<\/span><\/span> Revisi\u00f3n del sitio web en l\u00ednea para <span itemprop=\"itemreviewed\" itemscope=\"\" itemtype=\"http:\/\/schema.org\/Brand\"><span itemprop=\"name\">Agilidad en los desplazamientos<\/span><\/span>:<\/p>\n<ol>\n<li> Datos de contacto claros en el sitio web (incluido el n\u00famero de tel\u00e9fono): <strong>S\u00ed<\/strong><\/li>\n<li> F\u00e1cil de conseguir <a href=\"https:\/\/moverdb.com\/es\/citas\/\">presupuestos de mudanzas internacionales<\/a>? (Formulario de solicitud de presupuesto en l\u00ednea): <strong>S\u00ed<\/strong><\/li>\n<li> Informaci\u00f3n clara en el sitio web: <strong>S\u00ed,<\/strong> La lista de los servicios que ofrecen.<\/li>\n<li> Pertenencia a organizaciones de mudanzas reconocidas internacionalmente: <strong>No aparece en el sitio web<\/strong><\/li>\n<li> Lista de clientes y\/o testimonios de clientes anteriores. <strong>S\u00ed,<\/strong> En el sitio web hay relatos detallados de varios movimientos especializados.<\/li>\n<\/ol>\n<div itemprop=\"reviewRating\" itemscope itemtype=\"http:\/\/schema.org\/Rating\"><meta itemprop=\"worstRating\" content = \"0\" \/><meta itemprop=\"bestRating\" content=\"5\" \/><meta itemprop=\"ratingValue\" content=\"4\"><\/div>\n<p><strong>Puntuaci\u00f3n global: 4\/5<\/strong><br \/>\n<strong>Fecha de revisi\u00f3n:<\/strong> <span itemprop=\"datePublished\" content=\"2017-01-25\">25\/01\/2017<\/span>\n<\/div>\n<p>M\u00e1s informaci\u00f3n <a href=\"https:\/\/moverdb.com\/es\/empresas-de-mudanzas\/\">las mejores empresas de mudanzas internacionales<\/a> y nuestro <a href=\"https:\/\/moverdb.com\/es\/resenas\/\">proceso de revisi\u00f3n<\/a>.<\/p>\n<p><strong>P\u00e1ginas web:<\/strong> <a href=\"http:\/\/www.agility.com\/EN\/products-and-services\/Pages\/Household-Goods-Movement.aspx\" target=\"_blank\" rel=\"noopener\">Agilidad en el movimiento de mercanc\u00edas dom\u00e9sticas<\/a><\/p>","protected":false},"excerpt":{"rendered":"<p>Agility is the largest logistics and moving company in the Middle East. It offers its customers a wide range of services which are listed below, together with a company profile and reviews. Note that Agility does not move household goods or personal effects for individuals. International Moves Door to door service Sea freight or airfreight [&hellip;]<\/p>\n","protected":false},"author":1,"featured_media":0,"parent":0,"menu_order":0,"comment_status":"closed","ping_status":"closed","template":"","meta":{"_genesis_hide_title":false,"_genesis_hide_breadcrumbs":false,"_genesis_hide_singular_image":false,"_genesis_hide_footer_widgets":false,"_genesis_custom_body_class":"","_genesis_custom_post_class":"","_genesis_layout":"","footnotes":""},"class_list":{"0":"post-1680","1":"page","2":"type-page","3":"status-publish","5":"entry"},"_links":{"self":[{"href":"https:\/\/moverdb.com\/es\/wp-json\/wp\/v2\/pages\/1680","targetHints":{"allow":["GET"]}}],"collection":[{"href":"https:\/\/moverdb.com\/es\/wp-json\/wp\/v2\/pages"}],"about":[{"href":"https:\/\/moverdb.com\/es\/wp-json\/wp\/v2\/types\/page"}],"author":[{"embeddable":true,"href":"https:\/\/moverdb.com\/es\/wp-json\/wp\/v2\/users\/1"}],"replies":[{"embeddable":true,"href":"https:\/\/moverdb.com\/es\/wp-json\/wp\/v2\/comments?post=1680"}],"version-history":[{"count":3,"href":"https:\/\/moverdb.com\/es\/wp-json\/wp\/v2\/pages\/1680\/revisions"}],"predecessor-version":[{"id":6167,"href":"https:\/\/moverdb.com\/es\/wp-json\/wp\/v2\/pages\/1680\/revisions\/6167"}],"wp:attachment":[{"href":"https:\/\/moverdb.com\/es\/wp-json\/wp\/v2\/media?parent=1680"}],"curies":[{"name":"wp","href":"https:\/\/api.w.org\/{rel}","templated":true}]}}