{"id":1678,"date":"2017-01-25T12:00:23","date_gmt":"2017-01-25T12:00:23","guid":{"rendered":"http:\/\/moverdb.com\/?page_id=1678"},"modified":"2026-01-08T14:47:27","modified_gmt":"2026-01-08T14:47:27","slug":"aires","status":"publish","type":"page","link":"https:\/\/moverdb.com\/es\/aires\/","title":{"rendered":"Aires - Rese\u00f1as sobre mudanzas internacionales"},"content":{"rendered":"<p>Aires ofrece a sus clientes, tanto particulares como empresas, una variedad de servicios de mudanza. Estos se enumeran a continuaci\u00f3n, junto con un perfil de la empresa y rese\u00f1as.<\/p>\n<p><strong>Mudanzas internacionales<\/strong><\/p>\n<ul>\n<li> Embalaje completo y envoltura de todos los enseres dom\u00e9sticos y efectos personales<\/li>\n<li> De puerta a puerta<\/li>\n<li> Carga directa de los enseres dom\u00e9sticos en el contenedor o furgoneta correspondiente<\/li>\n<li> Preparaci\u00f3n de toda la documentaci\u00f3n<\/li>\n<li> Entrega normal y directa de la residencia y retirada de residuos<\/li>\n<li> Devoluci\u00f3n de los contenedores vac\u00edos en el destino internacional<\/li>\n<li> Seguimiento completo y comunicaci\u00f3n del estado del env\u00edo<\/li>\n<li> Autom\u00f3viles<\/li>\n<li> Almacenamiento a corto y largo plazo<\/li>\n<li> Traslado de mascotas<\/li>\n<\/ul>\n<p><strong>Servicios de destino e instalaci\u00f3n<\/strong><\/p>\n<ul>\n<li> Encuentro y saludo<\/li>\n<li> Orientaci\u00f3n del \u00e1rea<\/li>\n<li> B\u00fasqueda y registro de escuelas<\/li>\n<li> Ayuda para encontrar una vivienda de alquiler<\/li>\n<li> Asistencia en la negociaci\u00f3n del contrato de arrendamiento<\/li>\n<li> Servicios de instalaci\u00f3n<\/li>\n<li> Asistencia al c\u00f3nyuge\/pareja<\/li>\n<li> Servicio de alojamiento temporal<\/li>\n<li> Asistencia en materia de visados, pasaportes e inmigraci\u00f3n<\/li>\n<li> Servicios de formaci\u00f3n cultural y ling\u00fc\u00edstica<\/li>\n<li> Asistencia a la repatriaci\u00f3n<\/li>\n<\/ul>\n<p><strong>Servicios corporativos<\/strong><\/p>\n<ul>\n<li> Servicios de gesti\u00f3n de mudanzas<\/li>\n<li> Gesti\u00f3n del programa de reubicaci\u00f3n<\/li>\n<li> Sitio de servicios web de ReloNet - Herramientas corporativas<\/li>\n<li> Revisi\u00f3n y desarrollo de pol\u00edticas<\/li>\n<li> Servicios inmobiliarios<\/li>\n<li> Gesti\u00f3n de la propiedad y del arrendamiento<\/li>\n<li> Servicios de inspecci\u00f3n<\/li>\n<li> Proyecciones del coste de la vida<\/li>\n<li> Gesti\u00f3n de gastos<\/li>\n<li> Seguros y gesti\u00f3n de riesgos<\/li>\n<li> Servicios de mudanza en grupo<\/li>\n<li> Servicios de compensaci\u00f3n y recopilaci\u00f3n de datos a nivel internacional<\/li>\n<li> Gesti\u00f3n de la cadena de suministro<\/li>\n<\/ul>\n<h2>Perfil de la empresa Aires<\/h2>\n<p>Aires, o American International Relocation Solutions LLC, fue fundada en 1981 por Jim Putt. La empresa se centraba en las mudanzas internacionales y el almacenamiento para las empresas y sus empleados. Esto ha crecido hasta incluir un servicio completo de reubicaci\u00f3n, ayudando a los empleados a establecerse r\u00e1pidamente en sus nuevos entornos. Aires sigue siendo una empresa privada de propiedad y gesti\u00f3n familiar.<\/p>\n<p>Aires se toma muy en serio sus responsabilidades medioambientales y \"aborda la ecolog\u00eda desde todos los \u00e1ngulos\". Sus sistemas totalmente automatizados reducen en gran medida la necesidad de papeleo y todas sus oficinas y ubicaciones ahorran energ\u00eda y son respetuosas con el medio ambiente.<\/p>\n<p>Aires cuenta con las siguientes acreditaciones y afiliaciones:<\/p>\n<ul>\n<li> <a href=\"https:\/\/moverdb.com\/es\/consejo-de-reubicacion-de-empleados\/\">ERC en todo el mundo<\/a><\/li>\n<li> CERC (Consejo Canadiense de Reubicaci\u00f3n de Empleados)<\/li>\n<li> SHRM (Sociedad de Gesti\u00f3n de Recursos Humanos)<\/li>\n<li> <a href=\"https:\/\/moverdb.com\/es\/soy\/\">IAM<\/a> (<a href=\"https:\/\/moverdb.com\/es\/iam\/\" data-internallinksmanager029f6b8e52c=\"23\" title=\"Explicaci\u00f3n de la Asociaci\u00f3n Internacional de Empresas de Mudanzas (IAM)\">Asociaci\u00f3n Internacional de Empresas de Mudanzas<\/a>)<\/li>\n<li> OSA (Asociaci\u00f3n de Cargadores de Ultramar)<\/li>\n<li> <a href=\"https:\/\/moverdb.com\/es\/fidi-faim\/\">FIDI<\/a> (Federaci\u00f3n Internacional de Empresas de Mudanzas)<\/li>\n<li> <a href=\"https:\/\/moverdb.com\/es\/eura\/\">EuRA<\/a> (<a href=\"https:\/\/moverdb.com\/es\/eura\/\" data-internallinksmanager029f6b8e52c=\"13\" title=\"La Asociaci\u00f3n Europea de Reubicaci\u00f3n (EuRA) explicada\">EuRA<\/a> Reubicaci\u00f3n)<\/li>\n<li> PAIMA (Asociaci\u00f3n Panamericana de Mudanzas Internacionales)<\/li>\n<li> <a href=\"https:\/\/moverdb.com\/es\/lacma\/\">LACMA<\/a> (Asociaci\u00f3n de empresas de mudanzas de Am\u00e9rica Latina y el Caribe)<\/li>\n<li> OMNI (Red Internacional de Mudanzas)<\/li>\n<\/ul>\n<h2>Rese\u00f1as de Aires<\/h2>\n<p><em>En el momento de escribir este art\u00edculo no hemos podido encontrar ninguna rese\u00f1a sobre Aires en l\u00ednea.<\/em><\/p>\n<div itemprop=\"review\" itemscope itemtype=\"http:\/\/schema.org\/Review\">\n<span itemprop=\"author\" itemscope=\"\" itemtype=\"http:\/\/schema.org\/Organization\"><span itemprop=\"name\">MoverDB.com<\/span><\/span> Revisi\u00f3n del sitio web en l\u00ednea para <span itemprop=\"itemreviewed\" itemscope=\"\" itemtype=\"http:\/\/schema.org\/Brand\"><span itemprop=\"name\">Aires<\/span><\/span>:<\/p>\n<ol>\n<li> Datos de contacto claros en el sitio web (incluido el n\u00famero de tel\u00e9fono): <strong>S\u00ed<\/strong><\/li>\n<li> F\u00e1cil de conseguir <a href=\"https:\/\/moverdb.com\/es\/citas\/\">presupuestos de mudanzas internacionales<\/a>? (Formulario de solicitud de presupuesto en l\u00ednea): <strong>S\u00ed<\/strong><\/li>\n<li> Informaci\u00f3n clara en el sitio web: <strong>S\u00ed,<\/strong> contiene mucha informaci\u00f3n muy detallada sobre los servicios que ofrece la empresa.<\/li>\n<li> Pertenencia a organizaciones de mudanzas reconocidas internacionalmente: <strong>S\u00ed<\/strong>(v\u00e9ase m\u00e1s arriba)<\/li>\n<li> Lista de clientes y\/o testimonios de clientes anteriores. <strong>No,<\/strong> aunque tienen una secci\u00f3n de premios.<\/li>\n<\/ol>\n<div itemprop=\"reviewRating\" itemscope itemtype=\"http:\/\/schema.org\/Rating\"><meta itemprop=\"worstRating\" content = \"0\" \/><meta itemprop=\"bestRating\" content=\"5\" \/><meta itemprop=\"ratingValue\" content=\"4\"><\/div>\n<p><strong>Puntuaci\u00f3n global: 4\/5<\/strong><br \/>\n<strong>Fecha de revisi\u00f3n:<\/strong> <span itemprop=\"datePublished\" content=\"2017-01-25\">25\/01\/2017<\/span>\n<\/div>\n<p>M\u00e1s informaci\u00f3n <a href=\"https:\/\/moverdb.com\/es\/empresas-de-mudanzas\/\">empresas de mudanzas internacionales<\/a> y nuestro <a href=\"https:\/\/moverdb.com\/es\/resenas\/\">proceso de revisi\u00f3n<\/a>.<\/p>\n<p><strong>P\u00e1ginas web:<\/strong> <a href=\"https:\/\/www.aires.com\/\" target=\"_blank\" rel=\"noopener\">https:\/\/www.aires.com\/<\/a><\/p>","protected":false},"excerpt":{"rendered":"<p>Aires offers its clients, both individual and corporate, a variety of moving services. These are listed below together with a company profile and reviews. International Moves Complete packing and wrapping of all household goods and personal effects Door to door Direct loading of household goods into appropriate container or van Preparation of all documentation Normal, [&hellip;]<\/p>\n","protected":false},"author":1,"featured_media":0,"parent":0,"menu_order":0,"comment_status":"closed","ping_status":"closed","template":"","meta":{"_genesis_hide_title":false,"_genesis_hide_breadcrumbs":false,"_genesis_hide_singular_image":false,"_genesis_hide_footer_widgets":false,"_genesis_custom_body_class":"","_genesis_custom_post_class":"","_genesis_layout":"","footnotes":""},"class_list":{"0":"post-1678","1":"page","2":"type-page","3":"status-publish","5":"entry"},"_links":{"self":[{"href":"https:\/\/moverdb.com\/es\/wp-json\/wp\/v2\/pages\/1678","targetHints":{"allow":["GET"]}}],"collection":[{"href":"https:\/\/moverdb.com\/es\/wp-json\/wp\/v2\/pages"}],"about":[{"href":"https:\/\/moverdb.com\/es\/wp-json\/wp\/v2\/types\/page"}],"author":[{"embeddable":true,"href":"https:\/\/moverdb.com\/es\/wp-json\/wp\/v2\/users\/1"}],"replies":[{"embeddable":true,"href":"https:\/\/moverdb.com\/es\/wp-json\/wp\/v2\/comments?post=1678"}],"version-history":[{"count":3,"href":"https:\/\/moverdb.com\/es\/wp-json\/wp\/v2\/pages\/1678\/revisions"}],"predecessor-version":[{"id":6168,"href":"https:\/\/moverdb.com\/es\/wp-json\/wp\/v2\/pages\/1678\/revisions\/6168"}],"wp:attachment":[{"href":"https:\/\/moverdb.com\/es\/wp-json\/wp\/v2\/media?parent=1678"}],"curies":[{"name":"wp","href":"https:\/\/api.w.org\/{rel}","templated":true}]}}