{"id":1662,"date":"2017-02-23T10:26:07","date_gmt":"2017-02-23T10:26:07","guid":{"rendered":"http:\/\/moverdb.com\/?page_id=1662"},"modified":"2026-01-08T14:47:48","modified_gmt":"2026-01-08T14:47:48","slug":"bolliger","status":"publish","type":"page","link":"https:\/\/moverdb.com\/es\/bolliger\/","title":{"rendered":"Bolliger - Rese\u00f1as de mudanzas internacionales"},"content":{"rendered":"<p>Bolliger ofrece a sus clientes una amplia variedad de servicios de mudanza. Estos se enumeran a continuaci\u00f3n junto con el perfil de la empresa y las rese\u00f1as.<\/p>\n<p><strong>Mudanzas internacionales<\/strong><\/p>\n<ul>\n<li> Red mundial de recursos para mudanzas<\/li>\n<li> De puerta a puerta<\/li>\n<li> Gestor de mudanzas con al menos 5 a\u00f1os de experiencia<\/li>\n<li> Siga su env\u00edo las 24 horas del d\u00eda, los 7 d\u00edas de la semana<\/li>\n<li> Inspecci\u00f3n de la casa para determinar las necesidades de embalaje, etc.<\/li>\n<li> Seguro contratado<\/li>\n<li> El coordinador personal le ayudar\u00e1 con la documentaci\u00f3n necesaria<\/li>\n<li> Embalaje y carga<\/li>\n<li> Despacho de aduanas<\/li>\n<li> Entrega y desembalaje<\/li>\n<li> Todos los art\u00edculos se descargar\u00e1n cuidadosamente y se cotejar\u00e1n con su lista de inventario y se colocar\u00e1n en las salas correctas<\/li>\n<li> Los objetos fr\u00e1giles, como el cristal y <a href=\"https:\/\/moverdb.com\/es\/moving-to-china\/\" data-internallinksmanager029f6b8e52c=\"357\" title=\"\u00bfSe muda a China? 2026 Coste de la vida y consejos para el traslado\">China<\/a>se desembalar\u00e1 sobre superficies planas<\/li>\n<li> Todo el material de embalaje y los restos ser\u00e1n retirados r\u00e1pidamente de su casa<\/li>\n<\/ul>\n<p><strong>Servicios de reubicaci\u00f3n de empresas<\/strong><\/p>\n<ul>\n<li> Instalaci\u00f3n de los servicios<\/li>\n<li> B\u00fasqueda de escuelas y viviendas<\/li>\n<li> Informaci\u00f3n cultural<\/li>\n<li> Asistencia a la pareja o al c\u00f3nyuge<\/li>\n<li> Alojamiento de corta duraci\u00f3n<\/li>\n<li> Alquiler de muebles<\/li>\n<\/ul>\n<p><strong>Servicios de mudanza<\/strong><\/p>\n<ul>\n<li> Suministro de material de embalaje<\/li>\n<li> Servicios completos de embalaje<\/li>\n<li> Embalaje especializado<\/li>\n<li> Cajas personalizadas<\/li>\n<li> Manipulaci\u00f3n de pianos y cajas fuertes<\/li>\n<li> Escaleras motorizadas<\/li>\n<li> Env\u00edo por carretera, aire y mar<\/li>\n<li> Operaciones aduaneras<\/li>\n<li> Agentes en todo el mundo.<\/li>\n<\/ul>\n<p><strong>Mudanza de oficinas<\/strong><\/p>\n<ul>\n<li> Dise\u00f1ar y planificar las mudanzas<\/li>\n<li> Personal y equipos especializados<\/li>\n<li> Escaleras y gr\u00faas motorizadas<\/li>\n<li> Establecimiento de oficinas<\/li>\n<li> Reciclaje y eliminaci\u00f3n de residuos<\/li>\n<li> Operaciones diurnas y nocturnas<\/li>\n<\/ul>\n<p><strong>Bellas Artes<\/strong><\/p>\n<ul>\n<li> Dise\u00f1o y construcci\u00f3n de cajas y cajones a medida<\/li>\n<li> Tr\u00e1mites de Bellas Artes para la importaci\u00f3n\/exportaci\u00f3n de obras de arte modernas y antiguas<\/li>\n<li> Env\u00edo por carretera \/ mar \/ aire<\/li>\n<li> Agentes especializados en todo el mundo<\/li>\n<li> Montaje de espacios de exposici\u00f3n<\/li>\n<\/ul>\n<p><strong>Almacenamiento<\/strong><\/p>\n<ul>\n<li> Almacenamiento a corto y largo plazo<\/li>\n<li> Contenedores met\u00e1licos, cajas o pal\u00e9s<\/li>\n<li> Seguridad 24\/7<\/li>\n<li> Alarmas de humo<\/li>\n<li> Temperatura y humedad controladas<\/li>\n<li> Archivos de documentos<\/li>\n<\/ul>\n<h2>Perfil de la empresa Bolliger<\/h2>\n<p>Arthur Bolliger abri\u00f3 la primera oficina Bolliger en Roma en 1909. En la actualidad, la empresa est\u00e1 dirigida por la cuarta generaci\u00f3n de Bolliger's y cuenta con oficinas en Mil\u00e1n, Lugano y Florencia, adem\u00e1s de <a href=\"https:\/\/moverdb.com\/es\/moving-to-switzerland\/\" data-internallinksmanager029f6b8e52c=\"327\" title=\"\u00bfSe muda a Suiza? 2026 Coste de la vida y consejos para el traslado\">Suiza<\/a>El <a href=\"https:\/\/moverdb.com\/es\/moving-to-the-uk\/\" data-internallinksmanager029f6b8e52c=\"93\" title=\"\u00bfSe muda al Reino Unido? 2026 Costes de vida y consejos de reubicaci\u00f3n\">REINO UNIDO<\/a>El <a href=\"https:\/\/moverdb.com\/es\/moving-to-the-united-states\/\" data-internallinksmanager029f6b8e52c=\"94\" title=\"\u00bfSe muda a Estados Unidos? 2026 Costes de vida y consejos de reubicaci\u00f3n\">EE.UU.<\/a> y <a href=\"https:\/\/moverdb.com\/es\/moving-to-spain\/\" data-internallinksmanager029f6b8e52c=\"266\" title=\"\u00bfSe muda a Espa\u00f1a? 2026 Coste de la vida y consejos de reubicaci\u00f3n\">Espa\u00f1a<\/a>.<\/p>\n<p>Los primeros camiones de la empresa se compraron en 1919 y se utilizaron en la Primera Guerra Mundial. En la actualidad, la empresa dispone de una flota de m\u00e1s de 200 veh\u00edculos de mudanzas y env\u00eda mercanc\u00edas para particulares y empresas de todo el mundo. Bolliger fue uno de los miembros fundadores de <a href=\"https:\/\/moverdb.com\/es\/fidi-faim\/\" data-internallinksmanager029f6b8e52c=\"16\" title=\"Explicaci\u00f3n del FIDI y del FAIM (FIDI Accredited International Mover)\">FIDI<\/a>. En la actualidad, la FIDI es la mayor asociaci\u00f3n de este tipo en el mundo, con 600 agentes en 100 pa\u00edses. <\/p>\n<p>En 1982, Bolliger se convirti\u00f3 en el \u00fanico agente italiano de Allied International.<\/p>\n<p>En 1985, Bolliger se convirti\u00f3 en uno de los miembros fundadores de Overseas Moving Network International (OMNI). En 2002, la experiencia de la empresa se vio recompensada con la certificaci\u00f3n ISO 9001, la primera <a href=\"https:\/\/moverdb.com\/es\/moving-companies\/\" data-internallinksmanager029f6b8e52c=\"79\" title=\"Las 25 mejores empresas de mudanzas internacionales en l\u00ednea\">empresa de mudanzas<\/a> en <a href=\"https:\/\/moverdb.com\/es\/moving-to-italy\/\" data-internallinksmanager029f6b8e52c=\"346\" title=\"\u00bfSe muda a Italia? 2026 Coste de la vida y consejos para el traslado\">Italia<\/a> para conseguirlo.<\/p>\n<p>Bollinger intenta constantemente reducir el impacto medioambiental de la empresa en el planeta, prestando especial atenci\u00f3n a los materiales de embalaje que utiliza, a los veh\u00edculos que utiliza y tratando de reciclar todo lo que puede. Tambi\u00e9n llevan a cabo programas de caridad en pa\u00edses subdesarrollados de Sudam\u00e9rica y \u00c1frica.<\/p>\n<p>Bolliger cuenta con las siguientes acreditaciones y afiliaciones:<\/p>\n<ul>\n<li> <a href=\"https:\/\/moverdb.com\/es\/allied-van-lines\/\">Allied International<\/a><\/li>\n<li> ISO 9001<\/li>\n<li> <a href=\"https:\/\/moverdb.com\/es\/fidi-faim\/\">Federaci\u00f3n de empresas de mudanzas internacionales<\/a> (FIDI)<\/li>\n<li> Red Internacional de Mudanzas en el Extranjero (OMNI)<\/li>\n<li> <a href=\"https:\/\/moverdb.com\/es\/fidi-faim\/\">Empresa de mudanzas internacionales acreditada por la FIDI<\/a> (FAIM)<\/li>\n<li> <a href=\"https:\/\/moverdb.com\/es\/soy\/\">Asociaci\u00f3n Internacional de Empresas de Mudanzas<\/a> (<a href=\"https:\/\/moverdb.com\/es\/iam\/\" data-internallinksmanager029f6b8e52c=\"23\" title=\"Explicaci\u00f3n de la Asociaci\u00f3n Internacional de Empresas de Mudanzas (IAM)\">IAM<\/a>)<\/li>\n<li> <a href=\"https:\/\/moverdb.com\/es\/iata\/\">Asociaci\u00f3n Internacional de Transporte A\u00e9reo<\/a> (<a href=\"https:\/\/moverdb.com\/es\/iata\/\" data-internallinksmanager029f6b8e52c=\"22\" title=\"Explicaci\u00f3n de la Asociaci\u00f3n Internacional de Transporte A\u00e9reo (IATA)\">IATA<\/a>)<\/li>\n<li> <a href=\"https:\/\/moverdb.com\/es\/fedemac\/\">Federaci\u00f3n de la Asociaci\u00f3n Europea de Empresas de Mudanzas<\/a> (<a href=\"https:\/\/moverdb.com\/es\/fedemac\/\" data-internallinksmanager029f6b8e52c=\"15\" title=\"Explicaci\u00f3n de la Federaci\u00f3n de Asociaciones Europeas de Empresas de Mudanzas (FEDEMAC)\">FEDEMAC<\/a>)<\/li>\n<\/ul>\n<h2>Rese\u00f1as de Bolliger<\/h2>\n<p><strong>Positivo:<\/strong><\/p>\n<ul>\n<li> \"Nuestra coordinadora fue extremadamente profesional y servicial. Respondi\u00f3 a todas nuestras preguntas e hizo que nuestra mudanza de Roma a <a href=\"https:\/\/moverdb.com\/es\/moving-to-london\/\">Londres<\/a> sentirse f\u00e1cil y seguro. Se encarg\u00f3 de absolutamente todo. Definitivamente usaremos Bolliger de nuevo para nuestra pr\u00f3xima mudanza y podemos recomendarlos a todo el mundo.\" - Cliente de Bolliger <a href=\"http:\/\/www.bolliger.co.uk\/testimonials.html\" target=\"_blank\" rel=\"noopener\">Testimonio<\/a><\/li>\n<li> <em>\"En general, muy contento con esta experiencia de mudanza. Eran tambores y platillos, por lo que eran cosas bastante delicadas. Todo lleg\u00f3 seguro y a tiempo. Los contactos y la comunicaci\u00f3n fueron impecables y oportunos\".<\/em> - Andrea v\u00eda <a href=\"http:\/\/www.removalreviews.co.uk\/movers\/bolliger-352#2761  Read more: http:\/\/www.removalreviews.co.uk\/movers\/bolliger-352\" target=\"_blank\" rel=\"noopener\">Rese\u00f1as de mudanzas<\/a><\/li>\n<li> <em>\"No suelo escribir este tipo de recomendaciones o rese\u00f1as, pero ten\u00eda que dedicar unos minutos a agradecer a Bolliger el gran trabajo realizado en mi traslado de Londres a Berl\u00edn recientemente\".<\/em> - davelucas v\u00eda <a href=\"https:\/\/www.yell.com\/biz\/bolliger-uk-ltd-west-drayton-7150125\/\" target=\"_blank\" rel=\"noopener\">Grita<\/a><\/li>\n<\/ul>\n<p><strong>Negativo:<\/strong><\/p>\n<ul>\n<li> <em>\"No se deje enga\u00f1ar por el discurso de ventas de Bolliger y sus afirmaciones de excelencia...\"<\/em> - Sr. D Bruce v\u00eda <a href=\"http:\/\/www.removalreviews.co.uk\/movers\/bolliger-352#10617  Read more: http:\/\/www.removalreviews.co.uk\/movers\/bolliger-352\" target=\"_blank\" rel=\"noopener\">Rese\u00f1as de mudanzas<\/a><\/li>\n<li> <em>\"Bolliger UK fueron absolutamente terribles...... El equipo de la agencia, inexperto y malhablado, lleg\u00f3 tarde y sin equipo de mudanza a pesar de que nuestra mudanza reservada inclu\u00eda nuestro piano de cola\".<\/em> - Don.Br v\u00eda <a href=\"http:\/\/www.reviewcentre.com\/Removal-Companies\/Bolliger-www-bolliger-co-uk-reviews_2387554\" target=\"_blank\" rel=\"noopener\">Centro de Revisi\u00f3n<\/a><\/li>\n<\/ul>\n<div itemprop=\"review\" itemscope itemtype=\"http:\/\/schema.org\/Review\">\n<span itemprop=\"author\" itemscope=\"\" itemtype=\"http:\/\/schema.org\/Organization\"><span itemprop=\"name\">MoverDB.com<\/span><\/span> Revisi\u00f3n del sitio web en l\u00ednea para <span itemprop=\"itemreviewed\" itemscope=\"\" itemtype=\"http:\/\/schema.org\/Brand\"><span itemprop=\"name\">Bolliger<\/span><\/span>:<\/p>\n<ol>\n<li> Datos de contacto claros en el sitio web (incluido el n\u00famero de tel\u00e9fono): <strong>S\u00ed<\/strong><\/li>\n<li> F\u00e1cil de conseguir <a href=\"https:\/\/moverdb.com\/es\/citas\/\">presupuestos de mudanzas internacionales<\/a>? (Formulario de solicitud de presupuesto en l\u00ednea): <strong>S\u00ed<\/strong><\/li>\n<li> Informaci\u00f3n clara en el sitio web: <strong>S\u00ed,<\/strong> pero no siempre muy detallada.<\/li>\n<li> Pertenencia a organizaciones de mudanzas reconocidas internacionalmente: <strong>S\u00ed<\/strong>(v\u00e9ase m\u00e1s arriba)<\/li>\n<li> Lista de clientes y\/o testimonios de clientes anteriores: <strong>S\u00ed,<\/strong> muchos testimonios positivos de clientes y, en general, buenas cr\u00edticas del resto de la web.<\/li>\n<\/ol>\n<div itemprop=\"reviewRating\" itemscope itemtype=\"http:\/\/schema.org\/Rating\"><meta itemprop=\"worstRating\" content = \"0\" \/><meta itemprop=\"bestRating\" content=\"5\" \/><meta itemprop=\"ratingValue\" content=\"4.5\"><\/div>\n<p><strong>Puntuaci\u00f3n global: 4,5\/5<\/strong><br \/>\n<strong>Fecha de revisi\u00f3n:<\/strong> <span itemprop=\"datePublished\" content=\"2017-02-23\">23\/02\/2017<\/span>\n<\/div>\n<p>M\u00e1s informaci\u00f3n <a href=\"https:\/\/moverdb.com\/es\/empresas-de-mudanzas\/\">empresas de mudanzas internacionales<\/a> y nuestro <a href=\"https:\/\/moverdb.com\/es\/resenas\/\">proceso de revisi\u00f3n<\/a>.<\/p>\n<p><strong>P\u00e1ginas web:<\/strong> IT: <a href=\"http:\/\/www.bolliger.it\/\" target=\"_blank\" rel=\"noopener\">http:\/\/www.bolliger.it\/<\/a> REINO UNIDO: <a href=\"http:\/\/www.bolliger.co.uk\/\" target=\"_blank\" rel=\"noopener\">http:\/\/www.bolliger.co.uk\/<\/a><\/p>","protected":false},"excerpt":{"rendered":"<p>Bolliger offers its customers a wide variety of moving services. These are listed below together with a company profile and reviews. International Moving Worldwide network of moving resources Door to door Move Manager with at least 5 years&#8217; experience Track your shipment 24\/7 House survey to ascertain packing requirements etc Insurance arranged Personal coordinator will [&hellip;]<\/p>\n","protected":false},"author":1,"featured_media":0,"parent":0,"menu_order":0,"comment_status":"closed","ping_status":"closed","template":"","meta":{"_genesis_hide_title":false,"_genesis_hide_breadcrumbs":false,"_genesis_hide_singular_image":false,"_genesis_hide_footer_widgets":false,"_genesis_custom_body_class":"","_genesis_custom_post_class":"","_genesis_layout":"","footnotes":""},"class_list":{"0":"post-1662","1":"page","2":"type-page","3":"status-publish","5":"entry"},"_links":{"self":[{"href":"https:\/\/moverdb.com\/es\/wp-json\/wp\/v2\/pages\/1662","targetHints":{"allow":["GET"]}}],"collection":[{"href":"https:\/\/moverdb.com\/es\/wp-json\/wp\/v2\/pages"}],"about":[{"href":"https:\/\/moverdb.com\/es\/wp-json\/wp\/v2\/types\/page"}],"author":[{"embeddable":true,"href":"https:\/\/moverdb.com\/es\/wp-json\/wp\/v2\/users\/1"}],"replies":[{"embeddable":true,"href":"https:\/\/moverdb.com\/es\/wp-json\/wp\/v2\/comments?post=1662"}],"version-history":[{"count":5,"href":"https:\/\/moverdb.com\/es\/wp-json\/wp\/v2\/pages\/1662\/revisions"}],"predecessor-version":[{"id":6184,"href":"https:\/\/moverdb.com\/es\/wp-json\/wp\/v2\/pages\/1662\/revisions\/6184"}],"wp:attachment":[{"href":"https:\/\/moverdb.com\/es\/wp-json\/wp\/v2\/media?parent=1662"}],"curies":[{"name":"wp","href":"https:\/\/api.w.org\/{rel}","templated":true}]}}