{"id":1650,"date":"2017-04-24T10:40:56","date_gmt":"2017-04-24T10:40:56","guid":{"rendered":"http:\/\/moverdb.com\/?page_id=1650"},"modified":"2026-01-08T14:48:05","modified_gmt":"2026-01-08T14:48:05","slug":"cosco-shipping","status":"publish","type":"page","link":"https:\/\/moverdb.com\/es\/cosco-shipping\/","title":{"rendered":"COSCO Shipping Lines - Servicios internacionales y opiniones"},"content":{"rendered":"<p>COSCO Shipping Lines (<a href=\"https:\/\/moverdb.com\/es\/moving-to-china\/\" data-internallinksmanager029f6b8e52c=\"357\" title=\"\u00bfSe muda a China? 2026 Coste de la vida y consejos para el traslado\">China<\/a> Ocean Shipping (Group) Company) ofrece a sus clientes una amplia gama de servicios. Estos se enumeran a continuaci\u00f3n junto con un perfil de la empresa y rese\u00f1as.<\/p>\n<p><strong><a href=\"https:\/\/moverdb.com\/es\/container-shipping\/\" data-internallinksmanager029f6b8e52c=\"3\" title=\"Tabla de tarifas de transporte mar\u00edtimo internacional de contenedores: Abril 2026\">Env\u00edo de contenedores<\/a><\/strong><\/p>\n<ul>\n<li> Flota de buques - 170 modernos portacontenedores<\/li>\n<li> Rutas de servicio: 84 rutas mar\u00edtimas internacionales y 23 nacionales<\/li>\n<li> Red mundial<\/li>\n<li> 22.000 contenedores refrigerados<\/li>\n<\/ul>\n<p><strong>Transporte de carga seca a granel<\/strong><\/p>\n<ul>\n<li> Flota de buques - 380 buques, capacidad de transporte de 34 millones de TPM<\/li>\n<li> Mineral de hierro<\/li>\n<li> Carb\u00f3n<\/li>\n<li> Grano<\/li>\n<li> Acero<\/li>\n<li> Otras cargas a granel<\/li>\n<li> 1,000 <a href=\"https:\/\/moverdb.com\/es\/top-49-container-ports\/\" data-internallinksmanager029f6b8e52c=\"80\" title=\"Los 49 puertos de contenedores m\u00e1s grandes y activos en 2025\">puertos<\/a> en m\u00e1s de 100 pa\u00edses<\/li>\n<li> Sistema de sincronizaci\u00f3n barco-tierra<\/li>\n<\/ul>\n<p><strong>Transporte de petr\u00f3leo y gas<\/strong><\/p>\n<ul>\n<li> Env\u00edo a m\u00e1s de 300 puertos en todo el mundo<\/li>\n<li> Petr\u00f3leo crudo<\/li>\n<li> Aceite del producto<\/li>\n<li> GLP y GNL<\/li>\n<\/ul>\n<p><strong>Transporte de mercanc\u00edas especializadas y generales<\/strong><\/p>\n<ul>\n<li> Buques polivalentes de elevaci\u00f3n de cargas pesadas<\/li>\n<li> Buques semisumergibles<\/li>\n<li> Barcos de asfalto<\/li>\n<li> Portadores de madera<\/li>\n<li> Transportadores de autom\u00f3viles<\/li>\n<\/ul>\n<p><strong>Sector de la financiaci\u00f3n del transporte mar\u00edtimo<\/strong><\/p>\n<ul>\n<li> Fletamento de buques<\/li>\n<li> Arrendamiento de contenedores<\/li>\n<li> Instalaciones de almacenamiento de la terminal<\/li>\n<li> Seguro de transporte<\/li>\n<\/ul>\n<p><strong>Servicios de l\u00ednea de pasajeros<\/strong><\/p>\n<ul>\n<li> La costa nacional china<\/li>\n<li> China - <a href=\"https:\/\/moverdb.com\/es\/moving-to-japan\/\" data-internallinksmanager029f6b8e52c=\"342\" title=\"\u00bfSe muda a Jap\u00f3n? 2026 Coste de la vida y consejos para el traslado\">Jap\u00f3n<\/a><\/li>\n<li> China - Corea<\/li>\n<li> Taiw\u00e1n continental<\/li>\n<\/ul>\n<h2>Perfil de la empresa COSCO Shipping Lines<\/h2>\n<p>China Ocean Shipping (Group) Company es propiedad del gobierno chino y tiene su sede en Shanghai. COSCO es el mayor transportista de carga seca a granel de China y uno de los mayores del mundo. Cuenta con un total de 1.114 buques, con una capacidad de 85,32 millones de TPM. Tambi\u00e9n posee 46 terminales de contenedores en todo el mundo con 190 espacios de atraque.<\/p>\n<p>En febrero de 2016, el Grupo COSCO se fusion\u00f3 con China Shipping Group, formando as\u00ed China COSCO Shipping Corporation. Se trata de una empresa diversa que presta servicios de transporte mar\u00edtimo, construcci\u00f3n y reparaci\u00f3n de buques, explotaci\u00f3n de terminales y fabricaci\u00f3n de contenedores, por citar solo algunos de sus intereses.<\/p>\n<p>China COSCO Shipping Corporation Ltd tiene las siguientes acreditaciones y afiliaciones:<\/p>\n<ul>\n<li> Certificado internacional de protecci\u00f3n del buque<\/li>\n<li> Certificado de gesti\u00f3n de la seguridad<\/li>\n<li> Certificado de acreditaci\u00f3n del sistema de gesti\u00f3n<\/li>\n<li> Acreditaci\u00f3n del sistema de gesti\u00f3n medioambiental<\/li>\n<li> Acreditaci\u00f3n del sistema de gesti\u00f3n de la seguridad en el trabajo<\/li>\n<li> Certificado de gesti\u00f3n de la eficiencia energ\u00e9tica de la empresa<\/li>\n<\/ul>\n<h2>Opiniones de COSCO Shipping Lines<\/h2>\n<p>En el momento de la publicaci\u00f3n no pudimos encontrar ninguna opini\u00f3n positiva o negativa sobre los servicios de COSCO Shipping Lines.<\/p>\n<div itemprop=\"review\" itemscope itemtype=\"http:\/\/schema.org\/Review\">\n<strong><span itemprop=\"author\" itemscope=\"\" itemtype=\"http:\/\/schema.org\/Organization\"><span itemprop=\"name\">MoverDB.com<\/span><\/span> Revisi\u00f3n del sitio web en l\u00ednea para <span itemprop=\"itemreviewed\" itemscope=\"\" itemtype=\"http:\/\/schema.org\/Brand\"><span itemprop=\"name\">COSCO Shipping Lines<\/span><\/span>:<\/strong><\/p>\n<ol>\n<li> Datos de contacto claros en el sitio web (incluido el n\u00famero de tel\u00e9fono): <strong>S\u00ed<\/strong><\/li>\n<li> \u00bfEs f\u00e1cil obtener presupuestos de env\u00edos internacionales? (Formulario de solicitud de presupuesto en l\u00ednea): <strong>S\u00ed<\/strong>Ofrecen un servicio de presupuestos en l\u00ednea y tambi\u00e9n un servicio de comercio electr\u00f3nico para el seguimiento de sus env\u00edos.<\/li>\n<li> Informaci\u00f3n clara en el sitio web: <strong>Parcial,<\/strong> el sitio web tiene mucha informaci\u00f3n, pero no es el m\u00e1s f\u00e1cil de usar.<\/li>\n<li> Pertenencia a organizaciones mar\u00edtimas internacionales reconocidas: <strong>S\u00ed<\/strong><\/li>\n<li> Lista de clientes y\/o testimonios de clientes anteriores. <strong>No,<\/strong> no hemos podido encontrar ninguno en el momento de la publicaci\u00f3n.<\/li>\n<\/ol>\n<div itemprop=\"reviewRating\" itemscope itemtype=\"http:\/\/schema.org\/Rating\"><meta itemprop=\"worstRating\" content = \"0\" \/><meta itemprop=\"bestRating\" content=\"5\" \/><meta itemprop=\"ratingValue\" content=\"3.5\"><\/div>\n<p><strong>Puntuaci\u00f3n global: 3,5\/5<\/strong><br \/>\n<strong>Fecha de revisi\u00f3n:<\/strong> <span itemprop=\"datePublished\" content=\"2017-04-24\">24\/04\/2017<\/span>\n<\/div>\n<p>M\u00e1s sobre otros <a href=\"https:\/\/moverdb.com\/es\/empresas-de-transporte\/\">empresas de transporte internacional<\/a>, <a href=\"https:\/\/moverdb.com\/es\/transporte-de-contenedores\/\">tarifas de env\u00edo de contenedores<\/a> y nuestro <a href=\"https:\/\/moverdb.com\/es\/resenas\/\">proceso de revisi\u00f3n<\/a>.<\/p>\n<p><strong>P\u00e1gina web:<\/strong> <a href=\"http:\/\/lines.coscoshipping.com\/home.do\" target=\"_blank\" rel=\"noopener\">http:\/\/lines.coscoshipping.com\/home.do<\/a><\/p>","protected":false},"excerpt":{"rendered":"<p>COSCO Shipping Lines (China Ocean Shipping (Group) Company) offers its clients a wide array of services. These are listed below together with a company profile and reviews. Container Shipping Vessel fleet &#8211; 170 modern container vessels Service routes &#8211; 84 international shipping routes and 23 domestic Global network 22,000 refrigerated containers Dry Bulk Cargo Shipping [&hellip;]<\/p>\n","protected":false},"author":1,"featured_media":0,"parent":0,"menu_order":0,"comment_status":"closed","ping_status":"closed","template":"","meta":{"_genesis_hide_title":false,"_genesis_hide_breadcrumbs":false,"_genesis_hide_singular_image":false,"_genesis_hide_footer_widgets":false,"_genesis_custom_body_class":"","_genesis_custom_post_class":"","_genesis_layout":"","footnotes":""},"class_list":{"0":"post-1650","1":"page","2":"type-page","3":"status-publish","5":"entry"},"_links":{"self":[{"href":"https:\/\/moverdb.com\/es\/wp-json\/wp\/v2\/pages\/1650","targetHints":{"allow":["GET"]}}],"collection":[{"href":"https:\/\/moverdb.com\/es\/wp-json\/wp\/v2\/pages"}],"about":[{"href":"https:\/\/moverdb.com\/es\/wp-json\/wp\/v2\/types\/page"}],"author":[{"embeddable":true,"href":"https:\/\/moverdb.com\/es\/wp-json\/wp\/v2\/users\/1"}],"replies":[{"embeddable":true,"href":"https:\/\/moverdb.com\/es\/wp-json\/wp\/v2\/comments?post=1650"}],"version-history":[{"count":3,"href":"https:\/\/moverdb.com\/es\/wp-json\/wp\/v2\/pages\/1650\/revisions"}],"predecessor-version":[{"id":6196,"href":"https:\/\/moverdb.com\/es\/wp-json\/wp\/v2\/pages\/1650\/revisions\/6196"}],"wp:attachment":[{"href":"https:\/\/moverdb.com\/es\/wp-json\/wp\/v2\/media?parent=1650"}],"curies":[{"name":"wp","href":"https:\/\/api.w.org\/{rel}","templated":true}]}}