{"id":1648,"date":"2017-04-21T14:26:25","date_gmt":"2017-04-21T14:26:25","guid":{"rendered":"http:\/\/moverdb.com\/?page_id=1648"},"modified":"2026-01-08T14:47:58","modified_gmt":"2026-01-08T14:47:58","slug":"cma-cgm","status":"publish","type":"page","link":"https:\/\/moverdb.com\/es\/cma-cgm\/","title":{"rendered":"CMA CGM Group - Servicios de transporte mar\u00edtimo internacional y opiniones"},"content":{"rendered":"<p>El Grupo CMA CGM ofrece a sus clientes una amplia gama de soluciones de transporte y log\u00edstica. A continuaci\u00f3n se enumeran junto con un perfil de la empresa y rese\u00f1as.<\/p>\n<h3>Env\u00edos internacionales<\/h3>\n<p><strong>Contenedores secos<\/strong><\/p>\n<ul>\n<li> Contenedores de uso general (20'\/40'\/40\u2032 HC\/45\u2032 HC);<\/li>\n<li> Contenedores de ancho de paleta (40\u2032 HC PW\/45\u2032 HC PW);<\/li>\n<li> Contenedores especializados (flat-rack, open-top, open-side, plataforma, tanque, etc.)<\/li>\n<li> Servicio personalizado<\/li>\n<\/ul>\n<p><strong>Contenedores refrigerados<\/strong><\/p>\n<ul>\n<li> Contenedores de 20\u2032 RE\/40\u2032 RH Reefer,<\/li>\n<li> La mayor flota del mercado de contenedores de 45\u2032 de ancho RH Pallet, dedicada al comercio intraeuropeo.<\/li>\n<li> Departamento dedicado<\/li>\n<\/ul>\n<p><strong>XXL Cargo<\/strong><\/p>\n<ul>\n<li> Embarca cargas con dimensiones y pesos no est\u00e1ndar<\/li>\n<li> Coches de lujo<\/li>\n<li> Helic\u00f3pteros<\/li>\n<li> Maquinaria de gran tama\u00f1o<\/li>\n<li> Vagones de ferrocarril<\/li>\n<li> Turbinas y generadores sobredimensionados<\/li>\n<li> Experiencia en el transporte de mercanc\u00edas a granel<\/li>\n<\/ul>\n<p><strong>Interior - Servicios intermodales - Todos los continentes<\/strong><\/p>\n<ul>\n<li> Servicio integral puerta a puerta<\/li>\n<li> Soluciones interiores a medida (ferroviarias, de carretera y fluviales)<\/li>\n<li> Optimizar la cadena de suministro con oportunidades de ahorro de costes puerta a puerta<\/li>\n<li> Atractiva detenci\u00f3n y demora espec\u00edficas<\/li>\n<li> Control preciso de las entregas a tiempo<\/li>\n<li> Facilidad de reserva y seguimiento a trav\u00e9s de un<a>Plataforma de comercio electr\u00f3nico<\/a><\/li>\n<\/ul>\n<p><strong>AQUAVIVA - Env\u00edo de langostas vivas<\/strong><\/p>\n<ul>\n<li> Servicio puerta a puerta<\/li>\n<li> Nueva alternativa a la congelaci\u00f3n y al costoso transporte a\u00e9reo<\/li>\n<li> Mantiene el h\u00e1bitat natural de la langosta<\/li>\n<li> Garantiza la frescura y la calidad del primer d\u00eda incluso en una conservaci\u00f3n a largo plazo<\/li>\n<li> Respetuoso con el medio ambiente<\/li>\n<\/ul>\n<p><strong>RORO (Roll on Roll off)<\/strong><\/p>\n<ul>\n<li> <strong><a href=\"https:\/\/moverdb.com\/es\/moving-companies\/algeria\/\" data-internallinksmanager029f6b8e52c=\"166\" title=\"3 mejores empresas de mudanzas internacionales en Argelia\">Argelia<\/a><\/strong>un servicio a Mostaganem y Or\u00e1n y un servicio a B\u00e9ja<\/li>\n<li> <strong><a href=\"https:\/\/moverdb.com\/es\/moving-companies\/moving-companies-morocco\/\" data-internallinksmanager029f6b8e52c=\"287\" title=\"4 Mejores Empresas de Mudanzas Internacionales en Marruecos\">Marruecos<\/a><\/strong>: un servicio a Casablanca<\/li>\n<li> <strong>T\u00fanez<\/strong>: un servicio a Rades y La Goulette<\/li>\n<\/ul>\n<p><strong>Cruceros de carga<\/strong><\/p>\n<ul>\n<li> Compartir el d\u00eda a d\u00eda con la tripulaci\u00f3n<\/li>\n<li> 170 l\u00edneas mar\u00edtimas, 450 <a href=\"https:\/\/moverdb.com\/es\/top-49-container-ports\/\" data-internallinksmanager029f6b8e52c=\"80\" title=\"Los 49 puertos de contenedores m\u00e1s grandes y activos en 2025\">puertos<\/a> y 150 pa\u00edses<\/li>\n<li> Reservar por unos d\u00edas o por unos meses<\/li>\n<li> Desembarcar un d\u00eda o una semana y coger el siguiente barco<\/li>\n<\/ul>\n<h2>Perfil de la empresa CMA CGM Group<\/h2>\n<p>El grupo CMA CGM fue fundado en Marsella por Jacques R. Saad\u00e9 en 1978, quien puso en marcha la Compagnie Maritime d'Affr\u00e8tement (CMA). CMA ten\u00eda un barco y cuatro empleados que trabajaban en una l\u00ednea mar\u00edtima entre Beirut, Lattakia, Marsella y Livorno. <\/p>\n<p>En 1980 CMA cuenta con dos buques, una plantilla de 65 personas y ha abierto oficinas en Europa. En 1983, CMA inicia su servicio multimodal, que permite el env\u00edo de mercanc\u00edas de puerta a puerta.<\/p>\n<p>En 1999 CGM y CMA se fusionaron, convirtiendo a la compa\u00f1\u00eda en la n\u00famero 12 del mundo. En 2003, la empresa hab\u00eda ascendido al 5<sup>th<\/sup> posici\u00f3n. En 2006, CMA CGM se convirti\u00f3 en el 3er<sup>rd<\/sup> m\u00e1s grande <a href=\"https:\/\/moverdb.com\/es\/empresas-de-transporte\/\" target=\"_blank\" rel=\"noopener\">empresa de env\u00edo y transporte de contenedores<\/a>que sigue siendo hasta hoy.<\/p>\n<p>En la actualidad, el grupo CMA CGM emplea a cerca de 25.000 personas en todo el mundo y cuenta con 64 oficinas y agencias en todo el planeta. Tiene dos sedes principales, una en Marsella y otra en Norfolk, <a href=\"https:\/\/moverdb.com\/es\/moving-to-the-united-states\/moving-to-virginia\/\" data-internallinksmanager029f6b8e52c=\"442\" title=\"\u00bfMudarse a Virginia? 2026 Coste de la vida y consejos para la reubicaci\u00f3n\">Virginia<\/a>. La compa\u00f1\u00eda opera en 170 l\u00edneas mar\u00edtimas y hace escala en 450 puertos de 150 pa\u00edses. En la actualidad es la tercera <a href=\"https:\/\/moverdb.com\/es\/shipping-companies\/\" data-internallinksmanager029f6b8e52c=\"4\" title=\"Las 10 mejores empresas de transporte internacional de contenedores\">empresa de transporte<\/a> del mundo y cuenta con una flota de 428 buques.<\/p>\n<p>CMA CGM cuenta con las siguientes acreditaciones y afiliaciones:<\/p>\n<ul>\n<li> Certificado Internacional de Seguridad del Buque (CSI)<\/li>\n<li> Certificado de gesti\u00f3n de la seguridad (SMC)<\/li>\n<li> Convenio sobre el trabajo mar\u00edtimo (MLC)<\/li>\n<li> <a href=\"https:\/\/moverdb.com\/es\/world-shipping-council\/\">Consejo Mundial del Transporte Mar\u00edtimo<\/a> (<a href=\"https:\/\/moverdb.com\/es\/world-shipping-council\/\" data-internallinksmanager029f6b8e52c=\"82\" title=\"Explicaci\u00f3n del Consejo Mundial del Transporte Mar\u00edtimo (WSC)\">WSC<\/a>)<\/li>\n<\/ul>\n<h2>Rese\u00f1as del Grupo CMA CGM<\/h2>\n<p><em>En el momento de escribir este art\u00edculo no hemos podido encontrar ninguna opini\u00f3n sobre los servicios de transporte de CMA CGM Group en l\u00ednea.<\/em><\/p>\n<div itemprop=\"review\" itemscope itemtype=\"http:\/\/schema.org\/Review\">\n<strong><span itemprop=\"author\" itemscope=\"\" itemtype=\"http:\/\/schema.org\/Organization\"><span itemprop=\"name\">MoverDB.com<\/span><\/span> Revisi\u00f3n del sitio web en l\u00ednea para <span itemprop=\"itemreviewed\" itemscope=\"\" itemtype=\"http:\/\/schema.org\/Brand\"><span itemprop=\"name\">Grupo CMA CGM<\/span><\/span>:<\/strong><\/p>\n<ol>\n<li> Datos de contacto claros en el sitio web (incluido el n\u00famero de tel\u00e9fono): <strong>S\u00ed<\/strong><\/li>\n<li> F\u00e1cil de conseguir <a href=\"https:\/\/moverdb.com\/es\/container-shipping\/\" data-internallinksmanager029f6b8e52c=\"3\" title=\"Tabla de tarifas de transporte mar\u00edtimo internacional de contenedores: Abril 2026\">env\u00edos internacionales<\/a> \u00bfpresupuestos? (Formulario de solicitud de presupuesto en l\u00ednea): <strong>No<\/strong>Parece que hay que registrarse para obtener presupuestos.<\/li>\n<li> Informaci\u00f3n clara en el sitio web: <strong>S\u00ed,<\/strong> el sitio web tiene informaci\u00f3n detallada sobre todos sus servicios.<\/li>\n<li> Pertenencia a organizaciones mar\u00edtimas internacionales reconocidas: <strong>S\u00ed<\/strong><\/li>\n<li> Lista de clientes y\/o testimonios de clientes anteriores. <strong>No,<\/strong> no hay ninguno en su p\u00e1gina web.<\/li>\n<\/ol>\n<div itemprop=\"reviewRating\" itemscope itemtype=\"http:\/\/schema.org\/Rating\"><meta itemprop=\"worstRating\" content = \"0\" \/><meta itemprop=\"bestRating\" content=\"5\" \/><meta itemprop=\"ratingValue\" content=\"3.5\"><\/div>\n<p><strong>Puntuaci\u00f3n global: 3,5\/5<\/strong><br \/>\n<strong>Fecha de revisi\u00f3n:<\/strong> <span itemprop=\"datePublished\" content=\"2017-04-21\">21\/04\/2017<\/span>\n<\/div>\n<p>M\u00e1s sobre otros <a href=\"https:\/\/moverdb.com\/es\/empresas-de-transporte\/\">empresas de transporte internacional<\/a>, <a href=\"https:\/\/moverdb.com\/es\/transporte-de-contenedores\/\">tarifas de env\u00edo de contenedores<\/a> y nuestro <a href=\"https:\/\/moverdb.com\/es\/resenas\/\">proceso de revisi\u00f3n<\/a>.<\/p>\n<p><strong>P\u00e1gina web:<\/strong> <a href=\"http:\/\/www.cma-cgm.com\/\" target=\"_blank\" rel=\"noopener\">http:\/\/www.cma-cgm.com\/<\/a><\/p>","protected":false},"excerpt":{"rendered":"<p>CMA CGM Group offers its clients a wide range of shipping and logistics solutions. These are listed below together with a company profile and reviews. International Shipping Dry Containers General-use containers (20&#8217;\/40&#8217;\/40&#8242; HC\/45&#8242; HC); Pallet wide containers (40&#8242; HC PW\/45&#8242; HC PW); Specialised containers (flat-rack, open-top, open-side, platform, tank, etc.) Personalised service Reefer Containers 20&#8242; [&hellip;]<\/p>\n","protected":false},"author":1,"featured_media":0,"parent":0,"menu_order":0,"comment_status":"closed","ping_status":"closed","template":"","meta":{"_genesis_hide_title":false,"_genesis_hide_breadcrumbs":false,"_genesis_hide_singular_image":false,"_genesis_hide_footer_widgets":false,"_genesis_custom_body_class":"","_genesis_custom_post_class":"","_genesis_layout":"","footnotes":""},"class_list":{"0":"post-1648","1":"page","2":"type-page","3":"status-publish","5":"entry"},"_links":{"self":[{"href":"https:\/\/moverdb.com\/es\/wp-json\/wp\/v2\/pages\/1648","targetHints":{"allow":["GET"]}}],"collection":[{"href":"https:\/\/moverdb.com\/es\/wp-json\/wp\/v2\/pages"}],"about":[{"href":"https:\/\/moverdb.com\/es\/wp-json\/wp\/v2\/types\/page"}],"author":[{"embeddable":true,"href":"https:\/\/moverdb.com\/es\/wp-json\/wp\/v2\/users\/1"}],"replies":[{"embeddable":true,"href":"https:\/\/moverdb.com\/es\/wp-json\/wp\/v2\/comments?post=1648"}],"version-history":[{"count":5,"href":"https:\/\/moverdb.com\/es\/wp-json\/wp\/v2\/pages\/1648\/revisions"}],"predecessor-version":[{"id":6192,"href":"https:\/\/moverdb.com\/es\/wp-json\/wp\/v2\/pages\/1648\/revisions\/6192"}],"wp:attachment":[{"href":"https:\/\/moverdb.com\/es\/wp-json\/wp\/v2\/media?parent=1648"}],"curies":[{"name":"wp","href":"https:\/\/api.w.org\/{rel}","templated":true}]}}