{"id":1644,"date":"2017-02-23T09:28:26","date_gmt":"2017-02-23T09:28:26","guid":{"rendered":"http:\/\/moverdb.com\/?page_id=1644"},"modified":"2026-01-08T14:48:02","modified_gmt":"2026-01-08T14:48:02","slug":"conroy-removals","status":"publish","type":"page","link":"https:\/\/moverdb.com\/es\/conroy-removals\/","title":{"rendered":"Conroy Removals - Rese\u00f1as de mudanzas internacionales"},"content":{"rendered":"<p>Conroy Mudanzas ofrece a sus clientes una amplia variedad de servicios de mudanza tanto en <a href=\"https:\/\/moverdb.com\/es\/moving-to-australia\/living-in-australia\/\" data-internallinksmanager029f6b8e52c=\"240\" title=\"21 secretos sobre la vida en Australia que debes conocer antes de mudarte\">Australia<\/a> y <a href=\"https:\/\/moverdb.com\/es\/moving-to-new-zealand\/\" data-internallinksmanager029f6b8e52c=\"324\" title=\"\u00bfSe muda a Nueva Zelanda? 2026 Coste de la vida y consejos de reubicaci\u00f3n\">Nueva Zelanda<\/a>. A continuaci\u00f3n se enumeran, junto con un perfil de empresa y rese\u00f1as.<\/p>\n<p><strong><a href=\"https:\/\/moverdb.com\/es\/international-removals\/\" data-internallinksmanager029f6b8e52c=\"27\" title=\"36 mejores empresas de mudanzas internacionales del Reino Unido\">Mudanzas internacionales<\/a><\/strong><\/p>\n<ul>\n<li> Coordinador personal de mudanzas<\/li>\n<li> De puerta a puerta<\/li>\n<li> Servicio completo de embalaje, embalaje parcial y embalaje de bricolaje<\/li>\n<li> Desmontaje y montaje de muebles<\/li>\n<li> <a href=\"https:\/\/moverdb.com\/es\/transporte-embarque-de-coches\/\">Env\u00edo de coches<\/a>motos, barcos y remolques<\/li>\n<li> Transporte mar\u00edtimo - <a href=\"https:\/\/moverdb.com\/es\/transporte-de-contenedores\/\">Env\u00edo de contenedores FCL\/LCL<\/a><\/li>\n<li> Transporte a\u00e9reo<\/li>\n<li> Almacenamiento a corto y largo plazo disponible<\/li>\n<li> Servicio completo de desembalaje disponible<\/li>\n<li> Eliminaci\u00f3n de residuos<\/li>\n<li> Despacho de aduanas y asistencia con la documentaci\u00f3n necesaria<\/li>\n<li> Seguros organizados<\/li>\n<li> Servicios de cambio de divisas<\/li>\n<\/ul>\n<p><strong>Mudanzas interestatales, de larga distancia y locales<\/strong><\/p>\n<ul>\n<li> Experto en mudanzas<\/li>\n<li> De puerta a puerta<\/li>\n<li> Variedad de paquetes disponibles<\/li>\n<li> Servicio de embalaje completo, art\u00edculos fr\u00e1giles o embalaje de bricolaje<\/li>\n<li> Desmontaje y montaje de muebles<\/li>\n<li> Almacenamiento a corto y largo plazo disponible<\/li>\n<li> Servicio de desembalaje disponible<\/li>\n<li> Seguro contratado<\/li>\n<\/ul>\n<p><strong>Desplazamientos de empresas<\/strong><\/p>\n<ul>\n<li> Mudanza de enseres dom\u00e9sticos<\/li>\n<li> B\u00fasqueda en el hogar<\/li>\n<li> B\u00fasqueda de escuelas<\/li>\n<li> Orientaci\u00f3n<\/li>\n<li> Formaci\u00f3n ling\u00fc\u00edstica<\/li>\n<li> Alojamiento de corta duraci\u00f3n<\/li>\n<li> <a href=\"https:\/\/moverdb.com\/es\/transporte-embarque-de-coches\/\">Transporte y env\u00edo de veh\u00edculos de motor<\/a><\/li>\n<li> Transporte de mascotas<\/li>\n<li> Limpieza de la casa<\/li>\n<li> Desembalaje con valet<\/li>\n<li> Cambio de divisas<\/li>\n<\/ul>\n<h2>Perfil de la empresa de mudanzas Conroy<\/h2>\n<p>Conroy Removals of Australia and New Zealand, comenz\u00f3 en 1972. Tienen sucursales en toda Australia y Nueva Zelanda y se consideran la principal empresa de mudanzas de la regi\u00f3n. Conroy cuenta con una amplia red de socios y afiliados nacionales e internacionales, lo que le permite acceder a m\u00e1s de 350 socios internacionales.<\/p>\n<p>La empresa se dedica a reducir su huella de carbono reduciendo, reutilizando y reciclando. Tambi\u00e9n conf\u00eda en que sus empleados est\u00e1n bien formados y conf\u00edan en su capacidad para ofrecer un servicio excelente en todo lo que hacen.<\/p>\n<p>Conroy Removals (Australia y Nueva Zelanda) tiene las siguientes acreditaciones y afiliaciones:<\/p>\n<ul>\n<li> <a href=\"https:\/\/moverdb.com\/es\/soy\/\">Asociaci\u00f3n Internacional de Empresas de Mudanzas<\/a> (<a href=\"https:\/\/moverdb.com\/es\/iam\/\" data-internallinksmanager029f6b8e52c=\"23\" title=\"Explicaci\u00f3n de la Asociaci\u00f3n Internacional de Empresas de Mudanzas (IAM)\">IAM<\/a>)<\/li>\n<li> <a href=\"https:\/\/moverdb.com\/es\/british-association-of-removers\/\">Asociaci\u00f3n Brit\u00e1nica de Empresas de Mudanzas<\/a> (<a href=\"https:\/\/moverdb.com\/es\/british-association-of-removers\/\" data-internallinksmanager029f6b8e52c=\"9\" title=\"Explicaci\u00f3n de la Asociaci\u00f3n Brit\u00e1nica de Empresas de Mudanzas (BAR)\">BAR<\/a>)<\/li>\n<li> <a href=\"https:\/\/moverdb.com\/es\/afra\/\">Asociaci\u00f3n Australiana de Empresas de Mudanzas<\/a> (<a href=\"https:\/\/moverdb.com\/es\/afra\/\" data-internallinksmanager029f6b8e52c=\"7\" title=\"Explicaci\u00f3n de la Asociaci\u00f3n Australiana de Empresas de Mudanzas (AFRA)\">AFRA<\/a>)<\/li>\n<li> <a href=\"https:\/\/moverdb.com\/es\/aima\/\">Asociaci\u00f3n Australiana de Empresas de Mudanzas Internacionales<\/a> (<a href=\"https:\/\/moverdb.com\/es\/aima\/\" data-internallinksmanager029f6b8e52c=\"8\" title=\"Explicaci\u00f3n de la Asociaci\u00f3n Australiana de Empresas de Mudanzas Internacionales (AIMA)\">AIMA<\/a>)<\/li>\n<li> Asociaci\u00f3n Sudafricana de Mudanzas Internacionales (SAIMA)<\/li>\n<li> Asociaci\u00f3n Panamericana de Mudanzas Internacionales (PAIMA)<\/li>\n<li> Asociaci\u00f3n de Mudanzas al Extranjero de Nueva Zelanda (NZOMA)<\/li>\n<li> <a href=\"https:\/\/moverdb.com\/es\/fidi-faim\/\">Alianza Global FIDI<\/a><\/li>\n<\/ul>\n<p>Tienen oficinas australianas en:<\/p>\n<ul>\n<li> <a href=\"https:\/\/moverdb.com\/es\/moving-to-brisbane\/\" data-internallinksmanager029f6b8e52c=\"255\" title=\"\u00bfSe muda a Brisbane? 2026 Coste de la vida y consejos para el traslado\">Brisbane<\/a><\/li>\n<li> <a href=\"https:\/\/moverdb.com\/es\/mudanza-a-sidney\/\">Sydney<\/a><\/li>\n<li> Melbourne<\/li>\n<li> Perth<\/li>\n<li> Townsville<\/li>\n<\/ul>\n<p>Oficinas de Nueva Zelanda en:<\/p>\n<ul>\n<li> Napier<\/li>\n<li> Auckland<\/li>\n<li> Tauranga<\/li>\n<li> Wellington<\/li>\n<li> Christchurch<\/li>\n<li> Nelson<\/li>\n<\/ul>\n<h2>Rese\u00f1as de Mudanzas Conroy<\/h2>\n<p><strong>Positivo:<\/strong><\/p>\n<ul>\n<li> <em>\"El embalaje de mi casa se hizo de manera brillante con gran cuidado de todas mis pertenencias en un marco de tiempo muy eficiente. Todo fue catalogado claramente y el desembalaje fue f\u00e1cil con todos los art\u00edculos f\u00e1cilmente localizados y las cajas bien nombradas para cada habitaci\u00f3n. Toda la basura fue retirada e incluso se llevaron algunas cajas viejas por m\u00ed, lo que fue una gran ayuda a la hora de limpiar la casa vac\u00eda.\"<\/em> - Testimonio de un cliente <a href=\"https:\/\/www.conroy.co.nz\/customer-reviews\/nz-to-overseas\" target=\"_blank\" rel=\"noopener\">a trav\u00e9s del sitio web de NZ<\/a><\/li>\n<li> <em>\"Excelente comunicaci\u00f3n antes de la entrega y los dos hombres que nos entregaron la mercanc\u00eda fueron educados, amables, r\u00e1pidos y muy eficientes.\"<\/em> - Opini\u00f3n del cliente a trav\u00e9s de <a href=\"https:\/\/www.conroyremovals.com.au\/customer-reviews\/overseas-to-australia\" target=\"_blank\" rel=\"noopener\">Sitio web de la UA<\/a><\/li>\n<li> <em>\"Me he mudado 25 veces y esta ha sido con diferencia la mejor experiencia de mudanza. Gracias Conroys!\"<\/em> - Jackie v\u00eda <a href=\"http:\/\/www.productreview.com.au\/p\/conroy-removals.html?rating=5#reviews\" target=\"_blank\" rel=\"noopener\">Revisi\u00f3n del producto<\/a><\/li>\n<li> <em>\"Trasladar art\u00edculos grandes por Nz y a aussie puede ser dif\u00edcil pero estos chicos lo hicieron realmente f\u00e1cil\".<\/em> - Dave a trav\u00e9s de <a href=\"https:\/\/yellow.co.nz\/y\/conroy-removals-airpark-drive#detailsRatingsReviews\" target=\"_blank\" rel=\"noopener\">Amarillo<\/a><\/li>\n<\/ul>\n<p><strong>Negativo:<\/strong><\/p>\n<ul>\n<li> <em>\"A pesar de las m\u00faltiples llamadas (todas fueron al buz\u00f3n de voz) y los correos electr\u00f3nicos, no tuve noticias durante dos semanas entre el momento en que mi mercanc\u00eda pas\u00f3 por la aduana y la llamada de los repartidores\".<\/em> - Opini\u00f3n del cliente a trav\u00e9s de <a href=\"https:\/\/www.conroy.co.nz\/customer-reviews\/overseas-to-nz\" target=\"_blank\" rel=\"noopener\">Sitio web de NZ<\/a><\/li>\n<li> <em>\"La mercanc\u00eda pas\u00f3 por la aduana hace dos semanas. Aparte de la exigencia de pago del impuesto sobre el valor a\u00f1adido (GST) y de los derechos de aduana (que hice al d\u00eda siguiente), no he o\u00eddo nada sobre cu\u00e1ndo se entregar\u00e1n mis art\u00edculos. He dejado mensajes de voz, correos electr\u00f3nicos y todav\u00eda nada. Me he resignado a no volver a ver mis art\u00edculos\".<\/em> - opini\u00f3n del cliente a trav\u00e9s de <a href=\"https:\/\/www.conroyremovals.com.au\/customer-reviews\/australia-to-overseas\" target=\"_blank\" rel=\"noopener\">Sitio web de la UA<\/a><\/li>\n<li> <em>\"Desgraciadamente no tuvimos suerte con nuestro traslado, la mercanc\u00eda se da\u00f1\u00f3 debido a un embalaje inadecuado y Conroy no quiere asumir ninguna responsabilidad con el asunto\".<\/em> - Karen v\u00eda <a href=\"https:\/\/www.mymovingreviews.com\/movers\/conroy-removals-1807#58945\" target=\"_blank\" rel=\"noopener\">Mis revisiones de mudanzas<\/a><\/li>\n<li> <em>\"Muy tarde, me decepcion\u00f3 pero se mantuvieron en contacto, as\u00ed que hay que reconocerlo. Tambi\u00e9n un precio razonable\".<\/em> - Jon v\u00eda <a href=\"https:\/\/www.nocowboys.co.nz\/businesses\/conroy-removals-\" target=\"_blank\" rel=\"noopener\">NoCowboys<\/a><\/li>\n<\/ul>\n<div itemprop=\"review\" itemscope itemtype=\"http:\/\/schema.org\/Review\">\n<span itemprop=\"author\" itemscope=\"\" itemtype=\"http:\/\/schema.org\/Organization\"><span itemprop=\"name\">MoverDB.com<\/span><\/span> Revisi\u00f3n del sitio web en l\u00ednea para <span itemprop=\"itemreviewed\" itemscope=\"\" itemtype=\"http:\/\/schema.org\/Brand\"><span itemprop=\"name\">Mudanzas Conroy<\/span><\/span>:<\/p>\n<ol>\n<li> Datos de contacto claros en el sitio web (incluido el n\u00famero de tel\u00e9fono): <strong>S\u00ed<\/strong><\/li>\n<li> F\u00e1cil de conseguir <a href=\"https:\/\/moverdb.com\/es\/citas\/\">presupuestos de mudanzas internacionales<\/a>? (Formulario de solicitud de presupuesto en l\u00ednea): <strong>S\u00ed<\/strong><\/li>\n<li> Informaci\u00f3n clara en el sitio web: <strong>S\u00ed,<\/strong> el sitio web tiene mucha informaci\u00f3n muy detallada.<\/li>\n<li> Pertenencia a organizaciones de mudanzas reconocidas internacionalmente: <strong>S\u00ed<\/strong>(muchos, ver arriba)<\/li>\n<li> Lista de clientes y\/o testimonios de clientes anteriores: <strong>S\u00ed,<\/strong> En el sitio web de la empresa hay testimonios de clientes, tanto positivos como negativos, que se pueden clasificar por puntuaci\u00f3n y tipo de movimiento.<\/li>\n<\/ol>\n<div itemprop=\"reviewRating\" itemscope itemtype=\"http:\/\/schema.org\/Rating\"><meta itemprop=\"worstRating\" content = \"0\" \/><meta itemprop=\"bestRating\" content=\"5\" \/><meta itemprop=\"ratingValue\" content=\"5\"><\/div>\n<p><strong>Puntuaci\u00f3n global: 5\/5<\/strong><br \/>\n<strong>Fecha de revisi\u00f3n:<\/strong> <span itemprop=\"datePublished\" content=\"2017-02-23\">23\/02\/2017<\/span>\n<\/div>\n<p>M\u00e1s informaci\u00f3n <a href=\"https:\/\/moverdb.com\/es\/empresas-de-mudanzas\/\">empresas de mudanzas internacionales<\/a> y nuestro <a href=\"https:\/\/moverdb.com\/es\/resenas\/\">proceso de revisi\u00f3n<\/a>.<\/p>\n<p><strong>P\u00e1ginas web:<\/strong> AU: <a href=\"https:\/\/www.conroyremovals.com.au\/\" target=\"_blank\" rel=\"noopener\">https:\/\/www.conroyremovals.com.au\/<\/a>, NZ: <a href=\"https:\/\/www.conroy.co.nz\/\" target=\"_blank\" rel=\"noopener\">https:\/\/www.conroy.co.nz\/<\/a><\/p>","protected":false},"excerpt":{"rendered":"<p>Conroy Removals offers its customers a wide variety of removal services in both Australia and New Zealand. These are listed below, together with a company profile and reviews. International Removals Personal moving coordinator Door to door Full service packing, partial packing and DIY packing Dismantling and reassembly of furniture Shipping of cars, motorbikes, boats and [&hellip;]<\/p>\n","protected":false},"author":1,"featured_media":0,"parent":0,"menu_order":0,"comment_status":"closed","ping_status":"closed","template":"","meta":{"_genesis_hide_title":false,"_genesis_hide_breadcrumbs":false,"_genesis_hide_singular_image":false,"_genesis_hide_footer_widgets":false,"_genesis_custom_body_class":"","_genesis_custom_post_class":"","_genesis_layout":"","footnotes":""},"class_list":{"0":"post-1644","1":"page","2":"type-page","3":"status-publish","5":"entry"},"_links":{"self":[{"href":"https:\/\/moverdb.com\/es\/wp-json\/wp\/v2\/pages\/1644","targetHints":{"allow":["GET"]}}],"collection":[{"href":"https:\/\/moverdb.com\/es\/wp-json\/wp\/v2\/pages"}],"about":[{"href":"https:\/\/moverdb.com\/es\/wp-json\/wp\/v2\/types\/page"}],"author":[{"embeddable":true,"href":"https:\/\/moverdb.com\/es\/wp-json\/wp\/v2\/users\/1"}],"replies":[{"embeddable":true,"href":"https:\/\/moverdb.com\/es\/wp-json\/wp\/v2\/comments?post=1644"}],"version-history":[{"count":10,"href":"https:\/\/moverdb.com\/es\/wp-json\/wp\/v2\/pages\/1644\/revisions"}],"predecessor-version":[{"id":6194,"href":"https:\/\/moverdb.com\/es\/wp-json\/wp\/v2\/pages\/1644\/revisions\/6194"}],"wp:attachment":[{"href":"https:\/\/moverdb.com\/es\/wp-json\/wp\/v2\/media?parent=1644"}],"curies":[{"name":"wp","href":"https:\/\/api.w.org\/{rel}","templated":true}]}}