{"id":1640,"date":"2017-02-01T15:26:12","date_gmt":"2017-02-01T15:26:12","guid":{"rendered":"http:\/\/moverdb.com\/?page_id=1640"},"modified":"2026-01-08T14:48:08","modified_gmt":"2026-01-08T14:48:08","slug":"corona-ubicaciones","status":"publish","type":"page","link":"https:\/\/moverdb.com\/es\/crown-relocations\/","title":{"rendered":"Crown Relocations - Rese\u00f1as sobre mudanzas internacionales"},"content":{"rendered":"<p>Crown Relocations tiene su sede en <a href=\"https:\/\/moverdb.com\/es\/moving-to-hong-kong\/\" data-internallinksmanager029f6b8e52c=\"350\" title=\"\u00bfSe muda a Hong Kong? 2026 Coste de la vida y consejos para el traslado\">Hong Kong<\/a>. Ofrece a sus clientes una serie de servicios de reubicaci\u00f3n y mudanza que se enumeran a continuaci\u00f3n, junto con un perfil de la empresa y rese\u00f1as.<\/p>\n<p><strong>Reubicaci\u00f3n internacional<\/strong><\/p>\n<ul>\n<li> Servicio personalizado<\/li>\n<li> Servicio puerta a puerta<\/li>\n<li> Embalaje: h\u00e1galo usted mismo, art\u00edculos seleccionados o servicio completo<\/li>\n<li> Almacenamiento - a corto y largo plazo<\/li>\n<li> Herramientas de seguimiento en l\u00ednea<\/li>\n<li> Traslado de mascotas<\/li>\n<li> Servicios de inmigraci\u00f3n<\/li>\n<li> Formaci\u00f3n intercultural<\/li>\n<li> Formaci\u00f3n ling\u00fc\u00edstica<\/li>\n<li> Servicios de venta de viviendas<\/li>\n<li> Gesti\u00f3n de la propiedad<\/li>\n<li> Previsi\u00f3n de servicios de viaje<\/li>\n<li> Asistencia en la b\u00fasqueda de vivienda<\/li>\n<li> B\u00fasqueda de escuelas<\/li>\n<li> Orientaci\u00f3n posterior a la llegada<\/li>\n<li> Apoyo a la carrera de los socios<\/li>\n<li> Servicios de manutenci\u00f3n y ayuda dom\u00e9stica<\/li>\n<li> Alquiler de muebles<\/li>\n<li> Apoyo en el momento de la asignaci\u00f3n<\/li>\n<\/ul>\n<p><strong>Traslado local y de larga distancia<\/strong><\/p>\n<ul>\n<li> Servicio personalizado<\/li>\n<li> Servicio puerta a puerta<\/li>\n<li> Servicio completo de embalaje, art\u00edculos fr\u00e1giles o embalaje de bricolaje<\/li>\n<li> Servicio de desembalaje<\/li>\n<li> Eliminaci\u00f3n de residuos<\/li>\n<li> Traslado de mascotas<\/li>\n<li> Almacenamiento a corto y largo plazo<\/li>\n<li> Seguros<\/li>\n<\/ul>\n<h2>Perfil de la empresa Crown Relocations<\/h2>\n<p>Crown Relocations forma parte del grupo Crown Worldwide, con sede en Hong Kong. James E Thompson fund\u00f3 el grupo en 1965 mientras viv\u00eda en Yokohama, <a href=\"https:\/\/moverdb.com\/es\/moving-to-japan\/\" data-internallinksmanager029f6b8e52c=\"342\" title=\"\u00bfSe muda a Jap\u00f3n? 2026 Coste de la vida y consejos para el traslado\">Jap\u00f3n<\/a>. Empez\u00f3 con $1.000 y consigui\u00f3 un contrato con el <a href=\"https:\/\/moverdb.com\/es\/moving-to-the-united-states\/\" data-internallinksmanager029f6b8e52c=\"94\" title=\"\u00bfSe muda a Estados Unidos? 2026 Costes de vida y consejos de reubicaci\u00f3n\">EE.UU.<\/a> militar para mover al personal dentro y fuera de Jap\u00f3n. <\/p>\n<p>Thompson sigue siendo el director general del grupo y se traslad\u00f3 a s\u00ed mismo y a la sede de la empresa a Hong Kong en 1978. La empresa tiene ahora m\u00e1s de 265 oficinas en 58 pa\u00edses de todo el mundo y emplea a m\u00e1s de 3.100 personas de 70 nacionalidades diferentes. Crown Relocations realiza una media de 120.000 traslados al a\u00f1o y cuenta con aproximadamente 3,4 millones de pies cuadrados de espacio de almacenamiento.<\/p>\n<p>Crown Relocations aprovecha la amplia experiencia del grupo Crown y traslada a personas de todo el mundo, ayud\u00e1ndolas en cada paso del camino. La idea es minimizar los trastornos y permitir que el personal de la empresa y los individuos se adapten r\u00e1pidamente a su nueva vida.<\/p>\n<p>Crown Relocation Services cuenta con las siguientes acreditaciones y afiliaciones: -<\/p>\n<ul>\n<li> ISO 9001:2008<\/li>\n<li> <a href=\"https:\/\/moverdb.com\/es\/soy\/\">Asociaci\u00f3n Internacional de Empresas de Mudanzas<\/a> (<a href=\"https:\/\/moverdb.com\/es\/iam\/\" data-internallinksmanager029f6b8e52c=\"23\" title=\"Explicaci\u00f3n de la Asociaci\u00f3n Internacional de Empresas de Mudanzas (IAM)\">IAM<\/a>)<\/li>\n<\/ul>\n<h2>Opiniones de Crown Relocations<\/h2>\n<p><strong>Positivo:<\/strong><\/p>\n<ul>\n<li> <em>\"Estamos totalmente abrumados por la profesionalidad, la amabilidad y la competencia con la que se ha llevado a cabo todo el proceso, \u00a1absolutamente magn\u00edfico de principio a fin!\"<\/em> - Sr. G. y Sra. J. Webb v\u00eda <a href=\"https:\/\/www.crownrelo.com\/intl\/en-gb\/page\/testimonials\" target=\"_blank\" rel=\"noopener\">p\u00e1gina de testimonios de la empresa<\/a><\/li>\n<li> <em>\"Estamos muy contentos con los servicios de Crown y lo recomendar\u00edamos a cualquiera\".<\/em> - Phuc Do v\u00eda <a href=\"http:\/\/www.productreview.com.au\/p\/crown-relocations-australia.html?rating=5#reviews\" target=\"_blank\" rel=\"noopener\">ProductReview.com.au<\/a><\/li>\n<li> <em>\"Un amigo nos recomend\u00f3 Crown para nuestra mudanza desde Doha, el servicio fue excelente\".<\/em> - Hilary v\u00eda <a href=\"https:\/\/www.facebook.com\/pg\/CrownRelocations\/reviews\/\" target=\"_blank\" rel=\"noopener\">P\u00e1gina de Facebook<\/a><\/li>\n<li> <em>\"Estos chicos fueron geniales. Llegaron a tiempo y me sorprendi\u00f3 lo r\u00e1pidos que fueron\".<\/em> - Yana v\u00eda <a href=\"https:\/\/www.yelp.com\/biz\/crown-relocations-mililani?hrid=gPhaBuTV20YimRwN7q4Wyw&#038;utm_campaign=www_review_share_popup&#038;utm_medium=copy_link&#038;utm_source=(direct)\" target=\"_blank\" rel=\"noopener\">Yelp<\/a><\/li>\n<\/ul>\n<p><strong>Negativo:<\/strong><\/p>\n<ul>\n<li> <em>\"La peor empresa con la que he tratado. No tienen integridad y no se hacen cargo de los da\u00f1os que le hicieron a mi casa\".<\/em> - Benjam\u00edn v\u00eda <a href=\"https:\/\/www.yelp.com\/biz\/crown-relocations-mililani?hrid=R9s-xC375R-HSBYSZZI_ag&#038;utm_campaign=www_review_share_popup&#038;utm_medium=copy_link&#038;utm_source=(direct)\" target=\"_blank\" rel=\"noopener\">Yelp<\/a><\/li>\n<li> <em>\"Tuvimos una cantidad masiva de da\u00f1os puramente por un embalaje descuidado. Tardaron varias semanas en responder a nuestros numerosos correos electr\u00f3nicos y admitieron que fueron causados por un embalaje descuidado\"<\/em> - Elizabeth a trav\u00e9s de <a href=\"https:\/\/www.facebook.com\/pg\/CrownRelocations\/reviews\/\" target=\"_blank\" rel=\"noopener\">P\u00e1gina de Facebook<\/a><\/li>\n<li> \"Horrible. Caro y descuidado. El personal no responde r\u00e1pidamente a las consultas\" - LillithQ via <a href=\"http:\/\/www.productreview.com.au\/p\/crown-relocations-australia.html?rating=1#reviews\" target=\"_blank\" rel=\"noopener\">ProductReview.com.au<\/a><\/li>\n<\/ul>\n<div itemprop=\"review\" itemscope itemtype=\"http:\/\/schema.org\/Review\">\n<span itemprop=\"author\" itemscope=\"\" itemtype=\"http:\/\/schema.org\/Organization\"><span itemprop=\"name\">MoverDB.com<\/span><\/span> Revisi\u00f3n del sitio web en l\u00ednea para <span itemprop=\"itemreviewed\" itemscope=\"\" itemtype=\"http:\/\/schema.org\/Brand\"><span itemprop=\"name\">Reubicaciones de la Corona<\/span><\/span>:<\/p>\n<ol>\n<li> Datos de contacto claros en el sitio web (incluido el n\u00famero de tel\u00e9fono): <strong>S\u00ed<\/strong><\/li>\n<li> F\u00e1cil de conseguir <a href=\"https:\/\/moverdb.com\/es\/citas\/\">presupuestos de mudanzas internacionales<\/a>? (Formulario de solicitud de presupuesto en l\u00ednea): <strong>S\u00ed<\/strong><\/li>\n<li> Informaci\u00f3n clara en el sitio web: <strong>S\u00ed.<\/strong> El sitio web describe claramente todos los servicios ofrecidos e incluye gu\u00edas de destinos.<\/li>\n<li> Pertenencia a organizaciones de mudanzas reconocidas internacionalmente: <strong>S\u00ed<\/strong>(v\u00e9ase m\u00e1s arriba)<\/li>\n<li> Lista de clientes y\/o testimonios de clientes anteriores. <strong>S\u00ed,<\/strong> Tienen una p\u00e1gina de testimonios y los comentarios de toda la web parecen ser generalmente positivos.<\/li>\n<\/ol>\n<div itemprop=\"reviewRating\" itemscope itemtype=\"http:\/\/schema.org\/Rating\"><meta itemprop=\"worstRating\" content = \"0\" \/><meta itemprop=\"bestRating\" content=\"5\" \/><meta itemprop=\"ratingValue\" content=\"5\"><\/div>\n<p><strong>Puntuaci\u00f3n global: 5\/5<\/strong><br \/>\n<strong>Fecha de revisi\u00f3n:<\/strong> <span itemprop=\"datePublished\" content=\"2017-02-01\">01\/02\/2017<\/span>\n<\/div>\n<p>M\u00e1s informaci\u00f3n <a href=\"https:\/\/moverdb.com\/es\/empresas-de-mudanzas\/\">empresas de mudanzas internacionales<\/a> y nuestro <a href=\"https:\/\/moverdb.com\/es\/resenas\/\">proceso de revisi\u00f3n<\/a>.<\/p>\n<p><strong>P\u00e1ginas web:<\/strong> <a href=\"https:\/\/www.crownrelo.com\/\" target=\"_blank\" rel=\"noopener\">https:\/\/www.crownrelo.com\/<\/a>; EE.UU: <a href=\"https:\/\/www.crownworldwide.com\/en-us\" rel=\"noopener\" target=\"_blank\">https:\/\/www.crownworldwide.com\/en-us<\/a><\/p>","protected":false},"excerpt":{"rendered":"<p>Crown Relocations has its headquarters in Hong Kong. It offers its customers a range of relocation and moving services and these are listed below, together with a company profile and reviews. International Relocation Personalised service Door to door service Packing &#8211; do it yourself, selected items or full service Storage &#8211; short and long term [&hellip;]<\/p>\n","protected":false},"author":1,"featured_media":0,"parent":0,"menu_order":0,"comment_status":"closed","ping_status":"closed","template":"","meta":{"_genesis_hide_title":false,"_genesis_hide_breadcrumbs":false,"_genesis_hide_singular_image":false,"_genesis_hide_footer_widgets":false,"_genesis_custom_body_class":"","_genesis_custom_post_class":"","_genesis_layout":"","footnotes":""},"class_list":{"0":"post-1640","1":"page","2":"type-page","3":"status-publish","5":"entry"},"_links":{"self":[{"href":"https:\/\/moverdb.com\/es\/wp-json\/wp\/v2\/pages\/1640","targetHints":{"allow":["GET"]}}],"collection":[{"href":"https:\/\/moverdb.com\/es\/wp-json\/wp\/v2\/pages"}],"about":[{"href":"https:\/\/moverdb.com\/es\/wp-json\/wp\/v2\/types\/page"}],"author":[{"embeddable":true,"href":"https:\/\/moverdb.com\/es\/wp-json\/wp\/v2\/users\/1"}],"replies":[{"embeddable":true,"href":"https:\/\/moverdb.com\/es\/wp-json\/wp\/v2\/comments?post=1640"}],"version-history":[{"count":6,"href":"https:\/\/moverdb.com\/es\/wp-json\/wp\/v2\/pages\/1640\/revisions"}],"predecessor-version":[{"id":6199,"href":"https:\/\/moverdb.com\/es\/wp-json\/wp\/v2\/pages\/1640\/revisions\/6199"}],"wp:attachment":[{"href":"https:\/\/moverdb.com\/es\/wp-json\/wp\/v2\/media?parent=1640"}],"curies":[{"name":"wp","href":"https:\/\/api.w.org\/{rel}","templated":true}]}}