{"id":1628,"date":"2017-04-24T11:01:52","date_gmt":"2017-04-24T11:01:52","guid":{"rendered":"http:\/\/moverdb.com\/?page_id=1628"},"modified":"2026-01-08T14:48:18","modified_gmt":"2026-01-08T14:48:18","slug":"evergreen-marine","status":"publish","type":"page","link":"https:\/\/moverdb.com\/es\/evergreen-marine\/","title":{"rendered":"Evergreen Marine (Line) - Servicios de transporte internacional y rese\u00f1as"},"content":{"rendered":"<p>Evergreen Marine, tambi\u00e9n conocida como Evergreen Line, es una empresa taiwanesa de transporte de contenedores y <a href=\"https:\/\/moverdb.com\/es\/shipping-companies\/\" data-internallinksmanager029f6b8e52c=\"4\" title=\"Las 10 mejores empresas de transporte internacional de contenedores\">empresa de transporte<\/a>. Ofrece a sus clientes una amplia gama de servicios. A continuaci\u00f3n se enumeran estos servicios, junto con el perfil de la empresa y las rese\u00f1as.<\/p>\n<h3>Env\u00edos internacionales<\/h3>\n<p><strong>Servicio todo en uno<\/strong><\/p>\n<ul>\n<li> Resumen de env\u00edos<\/li>\n<li> Reservar<\/li>\n<li> Instrucci\u00f3n B\/L<\/li>\n<li> Correcci\u00f3n de B\/L<\/li>\n<li> <a href=\"https:\/\/moverdb.com\/es\/moving-to-the-united-states\/\" data-internallinksmanager029f6b8e52c=\"94\" title=\"\u00bfSe muda a Estados Unidos? 2026 Costes de vida y consejos de reubicaci\u00f3n\">EE.UU.<\/a> archivo de seguridad del importador (ISF)<\/li>\n<\/ul>\n<p><strong>Servicios intermodales<\/strong><\/p>\n<ul>\n<li> Entrega puerta a puerta<\/li>\n<li> Mar, r\u00edo, carretera y ferrocarril<\/li>\n<\/ul>\n<p><strong>Contenedores de carga seca<\/strong><\/p>\n<ul>\n<li> Persona de venta especialmente asignada<\/li>\n<li> Contenedor de carga seca de acero de 20\u2032.<\/li>\n<li> Contenedor de carga seca de acero de 40\u2032.<\/li>\n<li> Contenedor de carga seca Hi-Cube de 40\u2032<\/li>\n<li> Contenedor de carga seca Hi-Cube de 45\u2032.<\/li>\n<\/ul>\n<p><strong>Contenedor refrigerado<\/strong><\/p>\n<ul>\n<li> Contenedor refrigerado MGSS de 20\u2032.<\/li>\n<li> Contenedor refrigerado de aluminio de 20\u2032.<\/li>\n<li> Contenedor refrigerado Hi-Cube de 40\u2032.<\/li>\n<li> Contenedor refrigerado de aluminio Hi-Cube de 40\u2032.<\/li>\n<\/ul>\n<p><strong>Contenedor especial<\/strong><\/p>\n<ul>\n<li> Contenedor abierto de 20\u2032 de altura completa<\/li>\n<li> Contenedor de estanter\u00eda plana de 20\u2032 con cuatro postes independientes<\/li>\n<li> Contenedor de estanter\u00eda plana de 20\u2032 con extremo abatible<\/li>\n<li> Contenedor de estanter\u00eda plana de 40\u2032 con cuatro postes independientes<\/li>\n<li> Contenedor de estanter\u00eda plana de 40\u2032 con extremo abatible<\/li>\n<li> Contenedor abierto de altura completa de 40\u2032.<\/li>\n<li> Contenedor hangar de 40\u2032 Hi-cube<\/li>\n<\/ul>\n<h2>Perfil de la empresa Evergreen Marine<\/h2>\n<p>La primera empresa del Grupo Evergreen, Evergreen Marine Corporation, se cre\u00f3 en Taiw\u00e1n el 1 de<sup>st<\/sup> Septiembre de 1968 por el Dr. Yung-Fa Chang con un buque de carga de segunda mano. Evergreen comenz\u00f3 <a href=\"https:\/\/moverdb.com\/es\/container-shipping\/\" data-internallinksmanager029f6b8e52c=\"3\" title=\"Tabla de tarifas de transporte mar\u00edtimo internacional de contenedores: Abril 2026\">env\u00edo de contenedores<\/a> en 1975 y en 1985 la empresa se hab\u00eda convertido en la mayor del mundo en el transporte de contenedores.<\/p>\n<p>Ahora opera bajo la marca \"Evergreen Line\", junto con Evergreen Marine Corp. (Taiwan) Ltd., Evergreen Marine (<a href=\"https:\/\/moverdb.com\/es\/moving-to-the-uk\/\" data-internallinksmanager029f6b8e52c=\"93\" title=\"\u00bfSe muda al Reino Unido? 2026 Costes de vida y consejos de reubicaci\u00f3n\">REINO UNIDO<\/a>) Ltd., Evergreen Marine (<a href=\"https:\/\/moverdb.com\/es\/moving-to-hong-kong\/\" data-internallinksmanager029f6b8e52c=\"350\" title=\"\u00bfSe muda a Hong Kong? 2026 Coste de la vida y consejos para el traslado\">Hong Kong<\/a>) Ltd., Italia Marittima S.p.A. y Evergreen Marine (<a href=\"https:\/\/moverdb.com\/es\/moving-to-singapore\/\" data-internallinksmanager029f6b8e52c=\"68\" title=\"\u00bfMudarse a Singapur? 2026 Costes de vida y consejos de reubicaci\u00f3n\">Singapur<\/a>) Pte Ltd.<\/p>\n<p>Evergreen hace honor a su nombre, ya que sus buques m\u00e1s grandes son los de la serie S, de 7024 TEU, dise\u00f1ados espec\u00edficamente para causar el menor impacto posible en el medio ambiente.<\/p>\n<p>Evergreen Marine cuenta con las siguientes acreditaciones y afiliaciones:<\/p>\n<ul>\n<li> ISO 9001 2000<\/li>\n<li> ISO 9002<\/li>\n<li> Gesti\u00f3n internacional de la seguridad (ISM)<\/li>\n<li> SOLAS<\/li>\n<li> OPA90<\/li>\n<li> IMDG<\/li>\n<li> <a href=\"https:\/\/moverdb.com\/es\/world-shipping-council\/\">Consejo Mundial del Transporte Mar\u00edtimo<\/a> (<a href=\"https:\/\/moverdb.com\/es\/world-shipping-council\/\" data-internallinksmanager029f6b8e52c=\"82\" title=\"Explicaci\u00f3n del Consejo Mundial del Transporte Mar\u00edtimo (WSC)\">WSC<\/a>)<\/li>\n<li> Medici\u00f3n de gases de efecto invernadero en el Pac\u00edfico (PGGM)<\/li>\n<\/ul>\n<h2>Rese\u00f1as de Evergreen Marine<\/h2>\n<p>En el momento de la publicaci\u00f3n no pudimos encontrar ninguna rese\u00f1a positiva o negativa para las l\u00edneas Evergreen Marine o Evergreen en l\u00ednea.<\/p>\n<div itemprop=\"review\" itemscope itemtype=\"http:\/\/schema.org\/Review\">\n<strong><span itemprop=\"author\" itemscope=\"\" itemtype=\"http:\/\/schema.org\/Organization\"><span itemprop=\"name\">MoverDB.com<\/span><\/span> Revisi\u00f3n del sitio web en l\u00ednea para <span itemprop=\"itemreviewed\" itemscope=\"\" itemtype=\"http:\/\/schema.org\/Brand\"><span itemprop=\"name\">Evergreen Marine<\/span><\/span>:<\/strong><\/p>\n<ol>\n<li> Datos de contacto claros en el sitio web (incluido el n\u00famero de tel\u00e9fono): <strong>S\u00ed<\/strong><\/li>\n<li> \u00bfEs f\u00e1cil obtener presupuestos de env\u00edos internacionales? (Formulario de solicitud de presupuesto en l\u00ednea): <strong>S\u00ed<\/strong>puede solicitarse a trav\u00e9s del formulario de contacto.<\/li>\n<li> Informaci\u00f3n clara en el sitio web: <strong>S\u00ed,<\/strong> el sitio web tiene informaci\u00f3n detallada sobre todos sus servicios.<\/li>\n<li> Pertenencia a organizaciones mar\u00edtimas internacionales reconocidas: <strong>S\u00ed<\/strong><\/li>\n<li> Lista de clientes y\/o testimonios de clientes anteriores. <strong>No,<\/strong> no hay ninguno en su p\u00e1gina web.<\/li>\n<\/ol>\n<div itemprop=\"reviewRating\" itemscope itemtype=\"http:\/\/schema.org\/Rating\"><meta itemprop=\"worstRating\" content = \"0\" \/><meta itemprop=\"bestRating\" content=\"5\" \/><meta itemprop=\"ratingValue\" content=\"4\"><\/div>\n<p><strong>Puntuaci\u00f3n global: 4\/5<\/strong><br \/>\n<strong>Fecha de revisi\u00f3n:<\/strong> <span itemprop=\"datePublished\" content=\"2017-04-24\">24\/04\/2017<\/span>\n<\/div>\n<p>M\u00e1s sobre otros <a href=\"https:\/\/moverdb.com\/es\/empresas-de-transporte\/\">empresas de transporte de contenedores<\/a>, <a href=\"https:\/\/moverdb.com\/es\/transporte-de-contenedores\/\">gastos de env\u00edo de contenedores internacionales<\/a> y nuestro <a href=\"https:\/\/moverdb.com\/es\/resenas\/\">proceso de revisi\u00f3n<\/a>.<\/p>\n<p><strong>P\u00e1ginas web:<\/strong> <\/p>\n<ul>\n<li> <a href=\"http:\/\/www.evergreen-line.com\/\" target=\"_blank\" rel=\"noopener\">http:\/\/www.evergreen-line.com\/<\/a><\/li>\n<li> <a href=\"http:\/\/www.evergreen-marine.co.uk\/\" target=\"_blank\" rel=\"noopener\">http:\/\/www.evergreen-marine.co.uk\/<\/a><\/li>\n<li> <a href=\"http:\/\/www.evergreen-marine.com\/\" target=\"_blank\" rel=\"noopener\">http:\/\/www.evergreen-marine.com\/<\/a><\/li>\n<li> <a href=\"http:\/\/www.evergreen-marine.com.hk\/\" target=\"_blank\" rel=\"noopener\">http:\/\/www.evergreen-marine.com.hk\/<\/a><\/li>\n<li> <a href=\"http:\/\/www.evergreen-marine.com.sg\/\" target=\"_blank\" rel=\"noopener\">http:\/\/www.evergreen-marine.com.sg\/<\/a><\/li>\n<li> <a href=\"http:\/\/www.italiamarittima.it\/\" target=\"_blank\" rel=\"noopener\">http:\/\/www.italiamarittima.it\/<\/a><\/li>\n<\/ul>","protected":false},"excerpt":{"rendered":"<p>Evergreen Marine, also known as Evergreen Line, is a Taiwanese container transportation and shipping company. It offers its clients a wide array of services. These are listed below together with a company profile and reviews. International Shipping All-in-one Service Shipment overview Booking B\/L instruction B\/L proofreading US importer security filing (ISF) Intermodal Services Door to [&hellip;]<\/p>\n","protected":false},"author":1,"featured_media":0,"parent":0,"menu_order":0,"comment_status":"closed","ping_status":"closed","template":"","meta":{"_genesis_hide_title":false,"_genesis_hide_breadcrumbs":false,"_genesis_hide_singular_image":false,"_genesis_hide_footer_widgets":false,"_genesis_custom_body_class":"","_genesis_custom_post_class":"","_genesis_layout":"","footnotes":""},"class_list":{"0":"post-1628","1":"page","2":"type-page","3":"status-publish","5":"entry"},"_links":{"self":[{"href":"https:\/\/moverdb.com\/es\/wp-json\/wp\/v2\/pages\/1628","targetHints":{"allow":["GET"]}}],"collection":[{"href":"https:\/\/moverdb.com\/es\/wp-json\/wp\/v2\/pages"}],"about":[{"href":"https:\/\/moverdb.com\/es\/wp-json\/wp\/v2\/types\/page"}],"author":[{"embeddable":true,"href":"https:\/\/moverdb.com\/es\/wp-json\/wp\/v2\/users\/1"}],"replies":[{"embeddable":true,"href":"https:\/\/moverdb.com\/es\/wp-json\/wp\/v2\/comments?post=1628"}],"version-history":[{"count":3,"href":"https:\/\/moverdb.com\/es\/wp-json\/wp\/v2\/pages\/1628\/revisions"}],"predecessor-version":[{"id":6206,"href":"https:\/\/moverdb.com\/es\/wp-json\/wp\/v2\/pages\/1628\/revisions\/6206"}],"wp:attachment":[{"href":"https:\/\/moverdb.com\/es\/wp-json\/wp\/v2\/media?parent=1628"}],"curies":[{"name":"wp","href":"https:\/\/api.w.org\/{rel}","templated":true}]}}