{"id":1624,"date":"2017-02-24T09:47:42","date_gmt":"2017-02-24T09:47:42","guid":{"rendered":"http:\/\/moverdb.com\/?page_id=1624"},"modified":"2026-01-08T13:18:22","modified_gmt":"2026-01-08T13:18:22","slug":"gil-stauffer","status":"publish","type":"page","link":"https:\/\/moverdb.com\/es\/gil-stauffer\/","title":{"rendered":"Gil Stauffer - Rese\u00f1as de mudanzas internacionales"},"content":{"rendered":"<p>Gil Stauffer es un espa\u00f1ol <a href=\"https:\/\/moverdb.com\/es\/international-removals\/\" data-internallinksmanager029f6b8e52c=\"27\" title=\"36 mejores empresas de mudanzas internacionales del Reino Unido\">empresa de mudanzas<\/a> con sede en <a href=\"https:\/\/moverdb.com\/es\/moving-to-spain\/moving-to-madrid\/\" data-internallinksmanager029f6b8e52c=\"413\" title=\"\u00bfSe muda a Madrid? 2026 Coste de vida y consejos de reubicaci\u00f3n\">Madrid<\/a>. La empresa ofrece muchos servicios a sus clientes, que se enumeran a continuaci\u00f3n junto con un perfil de la empresa y rese\u00f1as.<\/p>\n<p><strong>Mudanzas internacionales<\/strong><\/p>\n<ul>\n<li> Plan de mudanza personalizado<\/li>\n<li> De puerta a puerta<\/li>\n<li> Transporte mar\u00edtimo o a\u00e9reo<\/li>\n<li> Servicio de embalaje completo, embalaje parcial o autoembalaje<\/li>\n<li> Desmontaje y montaje de muebles<\/li>\n<li> Servicio de desembalaje disponible<\/li>\n<li> Despacho de aduanas y asistencia con la documentaci\u00f3n<\/li>\n<li> Seguro contratado<\/li>\n<li> Almacenamiento a corto y largo plazo disponible<\/li>\n<\/ul>\n<p><strong>Mudanzas nacionales y locales<\/strong><\/p>\n<ul>\n<li> Plan de mudanza personalizado<\/li>\n<li> De puerta a puerta<\/li>\n<li> Servicio de embalaje completo, embalaje parcial o autoembalaje<\/li>\n<li> Servicio de desembalaje disponible<\/li>\n<li> Desmontaje y montaje de muebles<\/li>\n<li> Limpieza de escombros<\/li>\n<li> Seguro contratado<\/li>\n<li> Almacenamiento a corto y largo plazo disponible<\/li>\n<\/ul>\n<p><strong>Mudanzas comerciales<\/strong><\/p>\n<ul>\n<li> Plan log\u00edstico<\/li>\n<li> Mudanza fuera de horario<\/li>\n<li> De puerta a puerta<\/li>\n<li> Desmontaje y montaje de todo el mobiliario<\/li>\n<li> Desmontaje y reinstalaci\u00f3n de ordenadores<\/li>\n<li> Limpieza de escombros<\/li>\n<li> Reubicaci\u00f3n del personal<\/li>\n<\/ul>\n<p><strong>Reubicaci\u00f3n de empleados<\/strong><\/p>\n<ul>\n<li> Permisos de trabajo<\/li>\n<li> Buscar casa<\/li>\n<li> Clases de idiomas<\/li>\n<li> Alojamiento temporal<\/li>\n<li> Alquiler de muebles<\/li>\n<li> B\u00fasqueda de escuelas<\/li>\n<li> Reservas de hotel<\/li>\n<li> Cuentas bancarias<\/li>\n<li> Contratos de arrendamiento financiero y de alquiler<\/li>\n<li> Acuerdos sobre servicios esenciales<\/li>\n<li> Cursos de cultura y costumbres<\/li>\n<\/ul>\n<p><strong>Contenedores y almacenamiento<\/strong><\/p>\n<ul>\n<li> Mercanc\u00edas almacenadas en contenedores de madera herm\u00e9ticamente cerrados<\/li>\n<li> Seguridad 24\/7<\/li>\n<li> Climatizado<\/li>\n<li> Contenedores tratados para el control de plagas<\/li>\n<li> Precauciones contra incendios adoptadas<\/li>\n<\/ul>\n<p><strong>Divisi\u00f3n de Documentos<\/strong><\/p>\n<ul>\n<li> Archivos de documentos<\/li>\n<li> Almacenamiento de documentaci\u00f3n confidencial<\/li>\n<li> Almacenamiento electr\u00f3nico de archivos disponible<\/li>\n<li> Seguridad de alto nivel<\/li>\n<li> Climatizado<\/li>\n<\/ul>\n<p><strong>Transporte de obras de arte<\/strong><\/p>\n<ul>\n<li> Exposiciones en movimiento<\/li>\n<li> Alto nivel de conocimientos t\u00e9cnicos<\/li>\n<li> T\u00e9cnicas especiales de manipulaci\u00f3n<\/li>\n<li> Los veh\u00edculos de mudanza est\u00e1n climatizados<\/li>\n<\/ul>\n<p><strong>Servicio de mensajer\u00eda<\/strong><\/p>\n<ul>\n<li> Local e internacional<\/li>\n<li> Paquetes o documentos<\/li>\n<li> Seguimiento en l\u00ednea<\/li>\n<li> Sin l\u00edmite de peso<\/li>\n<li> Transporte a\u00e9reo, mar\u00edtimo o terrestre<\/li>\n<\/ul>\n<h2>Perfil de la empresa Gil Stauffer<\/h2>\n<p>Gil Stauffer es una empresa espa\u00f1ola de mudanzas fundada en 1905. Su sede central est\u00e1 en Madrid y cuenta con 33 oficinas repartidas por todo el pa\u00eds. <a href=\"https:\/\/moverdb.com\/es\/moving-to-spain\/\" data-internallinksmanager029f6b8e52c=\"266\" title=\"\u00bfSe muda a Espa\u00f1a? 2026 Coste de la vida y consejos de reubicaci\u00f3n\">Espa\u00f1a<\/a> y las Baleares. Presume de trasladar clientes a cualquier lugar, cualquier d\u00eda del a\u00f1o. Tiene oficinas en Europa, el <a href=\"https:\/\/moverdb.com\/es\/moving-to-the-united-states\/\" data-internallinksmanager029f6b8e52c=\"94\" title=\"\u00bfSe muda a Estados Unidos? 2026 Costes de vida y consejos de reubicaci\u00f3n\">Estados Unidos<\/a>, Ocean\u00eda, Asia y \u00c1frica.<\/p>\n<p>Gil Stauffer est\u00e1 orgulloso de su esp\u00edritu pionero. En los a\u00f1os 50, la empresa dise\u00f1\u00f3 el \u00fanico cami\u00f3n en Espa\u00f1a que pod\u00eda mover cargas individuales de hasta 200 toneladas. Tambi\u00e9n fue una de las primeras en utilizar el sistema de tren expr\u00e9s de contenedores (TECO) hace m\u00e1s de 70 a\u00f1os.<\/p>\n<p>La empresa cuenta con programas de formaci\u00f3n especializados e insiste en que el personal de su divisi\u00f3n internacional hable un excelente ingl\u00e9s, adem\u00e1s de otros idiomas. Dispone de una impresionante flota de veh\u00edculos, que abarca todas las necesidades posibles de los clientes.<\/p>\n<p>La empresa ofrece a sus clientes mudanzas internacionales y nacionales, as\u00ed como traslados de empresas y oficinas y reubicaci\u00f3n de empleados.<br \/>\nGil Stauffer tiene las siguientes acreditaciones y afiliaciones:<\/p>\n<ul>\n<li> <a href=\"https:\/\/moverdb.com\/es\/fidi-faim\/\">FIDI<\/a><\/li>\n<li> <a href=\"https:\/\/moverdb.com\/es\/soy\/\">IAM<\/a><\/li>\n<li> <a href=\"https:\/\/moverdb.com\/es\/amsa\/\">AMSA<\/a><\/li>\n<li> <a href=\"https:\/\/moverdb.com\/es\/fedemac\/\">FEDEMAC<\/a><\/li>\n<li> <a href=\"https:\/\/moverdb.com\/es\/lacma\/\">LACMA<\/a><\/li>\n<li> PAIMA<\/li>\n<\/ul>\n<h2>Rese\u00f1as de la empresa Gil Stauffer<\/h2>\n<p><strong>Positivo:<\/strong><\/p>\n<ul>\n<li> No hay ninguno disponible y no se han encontrado testimonios en el sitio<\/li>\n<\/ul>\n<p><strong>Negativo:<\/strong><\/p>\n<ul>\n<li> <em>\"No uses a Gil Stauffer para mover tus cosas. Te arrepentir\u00e1s\".<\/em> - Craig Bugden v\u00eda <a href=\"https:\/\/uk.trustpilot.com\/reviews\/56ec28640000ff00094734c0\" target=\"_blank\" rel=\"noopener\">Trustpilot<\/a><\/li>\n<\/ul>\n<div itemprop=\"review\" itemscope itemtype=\"http:\/\/schema.org\/Review\">\n<span itemprop=\"author\" itemscope=\"\" itemtype=\"http:\/\/schema.org\/Organization\"><span itemprop=\"name\">MoverDB.com<\/span><\/span> Revisi\u00f3n del sitio web en l\u00ednea para <span itemprop=\"itemreviewed\" itemscope=\"\" itemtype=\"http:\/\/schema.org\/Brand\"><span itemprop=\"name\">Gil Stauffer<\/span><\/span>:<\/p>\n<ol>\n<li> Datos de contacto claros en el sitio web (incluido el n\u00famero de tel\u00e9fono): <strong>S\u00ed<\/strong><\/li>\n<li> F\u00e1cil de conseguir <a href=\"https:\/\/moverdb.com\/es\/citas\/\">presupuestos de mudanzas internacionales<\/a>? (Formulario de solicitud de presupuesto en l\u00ednea): <strong>S\u00ed<\/strong>pero s\u00f3lo por correo electr\u00f3nico (sin formulario)<\/li>\n<li> Informaci\u00f3n clara en el sitio web: <strong>Algunos,<\/strong> El sitio web tiene una cantidad decente de informaci\u00f3n sobre sus servicios, pero no entra en grandes detalles.<\/li>\n<li> Pertenencia a organizaciones de mudanzas reconocidas internacionalmente: <strong>S\u00ed<\/strong>pero no aparecen en su p\u00e1gina web<\/li>\n<li> Lista de clientes y\/o testimonios de clientes anteriores: <strong>No,<\/strong> y la \u00fanica cr\u00edtica que pudimos encontrar sobre ellos en ingl\u00e9s fue negativa.<\/li>\n<\/ol>\n<div itemprop=\"reviewRating\" itemscope itemtype=\"http:\/\/schema.org\/Rating\"><meta itemprop=\"worstRating\" content = \"0\" \/><meta itemprop=\"bestRating\" content=\"5\" \/><meta itemprop=\"ratingValue\" content=\"3.5\"><\/div>\n<p><strong>Puntuaci\u00f3n global: 3,5\/5<\/strong><br \/>\n<strong>Fecha de revisi\u00f3n:<\/strong> <span itemprop=\"datePublished\" content=\"2017-02-24\">24\/02\/2017<\/span>\n<\/div>\n<p>M\u00e1s informaci\u00f3n <a href=\"https:\/\/moverdb.com\/es\/empresas-de-mudanzas\/\">empresas de mudanzas internacionales<\/a> y nuestro <a href=\"https:\/\/moverdb.com\/es\/resenas\/\">proceso de revisi\u00f3n<\/a>.<\/p>\n<p><strong>P\u00e1gina web:<\/strong> <a href=\"http:\/\/www.gil-stauffer.com\/?lang=en\" target=\"_blank\" rel=\"noopener\">http:\/\/www.gil-stauffer.com\/<\/a><\/p>","protected":false},"excerpt":{"rendered":"<p>Gil Stauffer is a Spanish removal company with its headquarters in Madrid. The company has many services to offer its customers and these are listed below together with a company profile and reviews. International Moves Personalised moving plan Door to door Sea freight or air freight Full packing service, partial packing or self-packing Disassembly and [&hellip;]<\/p>\n","protected":false},"author":1,"featured_media":0,"parent":0,"menu_order":0,"comment_status":"closed","ping_status":"closed","template":"","meta":{"_genesis_hide_title":false,"_genesis_hide_breadcrumbs":false,"_genesis_hide_singular_image":false,"_genesis_hide_footer_widgets":false,"_genesis_custom_body_class":"","_genesis_custom_post_class":"","_genesis_layout":"","footnotes":""},"class_list":{"0":"post-1624","1":"page","2":"type-page","3":"status-publish","5":"entry"},"_links":{"self":[{"href":"https:\/\/moverdb.com\/es\/wp-json\/wp\/v2\/pages\/1624","targetHints":{"allow":["GET"]}}],"collection":[{"href":"https:\/\/moverdb.com\/es\/wp-json\/wp\/v2\/pages"}],"about":[{"href":"https:\/\/moverdb.com\/es\/wp-json\/wp\/v2\/types\/page"}],"author":[{"embeddable":true,"href":"https:\/\/moverdb.com\/es\/wp-json\/wp\/v2\/users\/1"}],"replies":[{"embeddable":true,"href":"https:\/\/moverdb.com\/es\/wp-json\/wp\/v2\/comments?post=1624"}],"version-history":[{"count":3,"href":"https:\/\/moverdb.com\/es\/wp-json\/wp\/v2\/pages\/1624\/revisions"}],"predecessor-version":[{"id":6215,"href":"https:\/\/moverdb.com\/es\/wp-json\/wp\/v2\/pages\/1624\/revisions\/6215"}],"wp:attachment":[{"href":"https:\/\/moverdb.com\/es\/wp-json\/wp\/v2\/media?parent=1624"}],"curies":[{"name":"wp","href":"https:\/\/api.w.org\/{rel}","templated":true}]}}