{"id":1614,"date":"2017-04-27T14:28:26","date_gmt":"2017-04-27T14:28:26","guid":{"rendered":"http:\/\/moverdb.com\/?page_id=1614"},"modified":"2026-01-08T13:18:27","modified_gmt":"2026-01-08T13:18:27","slug":"hamburgo-sur","status":"publish","type":"page","link":"https:\/\/moverdb.com\/es\/hamburg-sud\/","title":{"rendered":"Hamburg S\u00fcd Group - Servicios de transporte mar\u00edtimo internacional y opiniones"},"content":{"rendered":"<p>Hamburg S\u00fcd es una empresa alemana <a href=\"https:\/\/moverdb.com\/es\/shipping-companies\/\" data-internallinksmanager029f6b8e52c=\"4\" title=\"Las 10 mejores empresas de transporte internacional de contenedores\">empresa de transporte<\/a> que ofrece a sus clientes una serie de servicios. A continuaci\u00f3n se enumeran estos servicios, junto con el perfil de la empresa y las rese\u00f1as. (<em><strong>Nota:<\/strong> <a href=\"https:\/\/moverdb.com\/es\/maersk\/\" target=\"_blank\" rel=\"noopener\">Maersk Line<\/a> est\u00e1 en proceso de comprar la empresa<\/em>).<\/p>\n<h3>Transporte internacional de contenedores<\/h3>\n<ul>\n<li> Planificaci\u00f3n por parte de expertos<\/li>\n<li> De puerta a puerta<\/li>\n<li> Servicios intermodales disponibles<\/li>\n<\/ul>\n<p><strong>Carga seca<\/strong><\/p>\n<p><strong>Carga peligrosa<\/strong><\/p>\n<ul>\n<li> Cada solicitud es examinada por expertos<\/li>\n<li> Debe cumplir la normativa legal<\/li>\n<li> El Consejero de Seguridad de Mercanc\u00edas Peligrosas certificado (DGSA) asesora sobre todos los env\u00edos<\/li>\n<li> Buques modernos para el transporte de cargas peligrosas<\/li>\n<li> Estricta atenci\u00f3n al cumplimiento de la estiba<\/li>\n<\/ul>\n<p><strong>Carga refrigerada<\/strong><\/p>\n<ul>\n<li> Frutas, verduras, flores y plantas<\/li>\n<li> Carne, pescado y marisco<\/li>\n<li> Productos farmac\u00e9uticos, material fotogr\u00e1fico y productos qu\u00edmicos<\/li>\n<li> L\u00e1cteos y zumos<\/li>\n<li> <a href=\"https:\/\/moverdb.com\/es\/transporte-de-contenedores\/\">Contenedores de 20\u2032 y 40\u2032<\/a><\/li>\n<li> Cadena de suministro de fr\u00edo ininterrumpida<\/li>\n<li> Gesti\u00f3n de la atm\u00f3sfera para las frutas y verduras cosechadas<\/li>\n<li> Modo multitemperatura<\/li>\n<li> Modo bombilla<\/li>\n<\/ul>\n<p><strong>Carga especial<\/strong><\/p>\n<ul>\n<li> Romper con el volumen<\/li>\n<li> Fuera de calibre<\/li>\n<li> Alta densidad<\/li>\n<\/ul>\n<p><strong>Otros servicios de env\u00edo<\/strong><\/p>\n<ul>\n<li> Tramitaci\u00f3n de toda la documentaci\u00f3n pertinente de importaci\u00f3n y exportaci\u00f3n<\/li>\n<li> Almacenamiento temporal<\/li>\n<li> Dividir los env\u00edos m\u00e1s grandes en partidas individuales<\/li>\n<li> Etiquetado<\/li>\n<li> Despacho de aduanas para importaciones y exportaciones<\/li>\n<\/ul>\n<p><strong>Recipientes<\/strong><\/p>\n<ul>\n<li> Flota moderna<\/li>\n<li> <a href=\"https:\/\/moverdb.com\/es\/empresas-de-transporte\/\">Buques portacontenedores<\/a><\/li>\n<li> Graneleros<\/li>\n<li> Cisternas de productos<\/li>\n<\/ul>\n<p><strong>Venta de contenedores usados<\/strong><\/p>\n<ul>\n<li> Gran variedad de tipos de contenedores<\/li>\n<li> Acceso a contenedores usados en todo el mundo<\/li>\n<li> Contenedores de alta calidad<\/li>\n<li> Personal con experiencia<\/li>\n<li> Apoyo al idioma local<\/li>\n<\/ul>\n<p><strong>Comercio electr\u00f3nico<\/strong><\/p>\n<ul>\n<li> Horarios precisos al minuto<\/li>\n<li> Track &amp; Trace (seguimiento de contenedores)<\/li>\n<li> Resumen de reservas<\/li>\n<li> Recreaci\u00f3n de las reservas<\/li>\n<li> Resumen de las instrucciones de env\u00edo<\/li>\n<li> Presentaci\u00f3n de nuevas instrucciones de env\u00edo<\/li>\n<li> Comprobaci\u00f3n de los borradores de B\/L<\/li>\n<li> Creaci\u00f3n de informes estandarizados para un env\u00edo<\/li>\n<li> Seguimiento de la carga<\/li>\n<\/ul>\n<h2>Perfil de la empresa Hamburg S\u00fcd<\/h2>\n<p>Hamburg S\u00fcd fue fundada en 1871 por representantes de once casas mercantiles de Hamburgo y se conoc\u00eda como Hamburg S\u00fcdamerikanische Dampfschifffahrts-Gesellschaft. En 1914, la empresa contaba con 50 buques de vapor, todos ellos destruidos durante la Primera Guerra Mundial. <\/p>\n<p>La compa\u00f1\u00eda comienza a reconstruirse en 1920 y pone en marcha una compa\u00f1\u00eda de cruceros. En 1939, Hamburg S\u00fcd cuenta con la mayor flota del mundo, un total de 52 buques.<\/p>\n<p>La Segunda Guerra Mundial supuso de nuevo la p\u00e9rdida total de la flota de la compa\u00f1\u00eda. Hamburg S\u00fcd retom\u00f3 lentamente el negocio de los cruceros y se diversific\u00f3 en el \u00e1mbito de los trampolines. Comenzaron a realizar env\u00edos de buques cisterna y refrigerados y, en 1971, hab\u00edan entrado en <a href=\"https:\/\/moverdb.com\/es\/container-shipping\/\" data-internallinksmanager029f6b8e52c=\"3\" title=\"Tabla de tarifas de transporte mar\u00edtimo internacional de contenedores: Mayo 2026\">env\u00edo de contenedores<\/a>.<\/p>\n<p>La empresa se encuentra ahora entre las diez primeras compa\u00f1\u00edas de transporte de contenedores a nivel mundial. Cuenta con 127 <a href=\"https:\/\/moverdb.com\/es\/top-10-largest-container-ships-in-2022\/\" data-internallinksmanager029f6b8e52c=\"84\" title=\"Los 10 mayores portacontenedores en 2026\">buques portacontenedores<\/a> con una capacidad de franqueo de m\u00e1s de 600.000 TEU y 50 servicios de l\u00ednea. Hamburg S\u00fcd emplea a m\u00e1s de 6.000 personas en 250 oficinas en todo el mundo.<\/p>\n<p>Hamburg S\u00fcd cuenta con las siguientes acreditaciones y afiliaciones:<\/p>\n<ul>\n<li> <a href=\"https:\/\/moverdb.com\/es\/world-shipping-council\/\">Consejo Mundial del Transporte Mar\u00edtimo<\/a> (<a href=\"https:\/\/moverdb.com\/es\/world-shipping-council\/\" data-internallinksmanager029f6b8e52c=\"82\" title=\"Explicaci\u00f3n del Consejo Mundial del Transporte Mar\u00edtimo (WSC)\">WSC<\/a>)<\/li>\n<li> Grupo de Trabajo de Carga Limpia (CCWG)<\/li>\n<li> <a href=\"https:\/\/moverdb.com\/es\/moving-to-the-united-states\/\" data-internallinksmanager029f6b8e52c=\"94\" title=\"\u00bfSe muda a Estados Unidos? 2026 Costes de vida y consejos de reubicaci\u00f3n\">EE.UU.<\/a> Agencia de Protecci\u00f3n del Medio Ambiente (EPA)<\/li>\n<li> Verband Deutsche Reeder (VDR)<\/li>\n<li> Certificado internacional de seguridad mar\u00edtima (ISSC)<\/li>\n<li> Junta Consultiva de Normas del PEI<\/li>\n<\/ul>\n<p><strong>Rese\u00f1as del Grupo Hamburg S\u00fcd<\/strong><\/p>\n<p><em>En el momento de escribir este art\u00edculo no hemos podido encontrar ninguna opini\u00f3n positiva o negativa sobre los servicios de transporte mar\u00edtimo de Hamburg S\u00fcd en Internet.<\/em><\/p>\n<p><strong><\/p>\n<div itemprop=\"review\" itemscope itemtype=\"http:\/\/schema.org\/Review\">\n<span itemprop=\"author\" itemscope=\"\" itemtype=\"http:\/\/schema.org\/Organization\"><span itemprop=\"name\">MoverDB.com<\/span><\/span> Revisi\u00f3n del sitio web en l\u00ednea para <span itemprop=\"itemreviewed\" itemscope=\"\" itemtype=\"http:\/\/schema.org\/Brand\"><span itemprop=\"name\">Hamburgo S\u00fcd<\/span><\/span>:<\/strong><\/p>\n<ol>\n<li> Datos de contacto claros en el sitio web (incluido el n\u00famero de tel\u00e9fono): <strong>S\u00ed<\/strong><\/li>\n<li> \u00bfEs f\u00e1cil obtener presupuestos de env\u00edos internacionales? (Formulario de solicitud de presupuesto en l\u00ednea): <strong>M\u00e1s o menos<\/strong>es necesario registrarse para hacer una nueva reserva.<\/li>\n<li> Informaci\u00f3n clara en el sitio web: <strong>S\u00ed,<\/strong> El sitio web expone claramente todos los servicios que ofrece la empresa.<\/li>\n<li> Pertenencia a organizaciones mar\u00edtimas internacionales reconocidas: <strong>S\u00ed<\/strong>, v\u00e9ase m\u00e1s arriba.<\/li>\n<li> Lista de clientes y\/o testimonios de clientes anteriores. <strong>No,<\/strong> pero s\u00ed que enumeran los numerosos premios que han ganado.<\/li>\n<\/ol>\n<div itemprop=\"reviewRating\" itemscope itemtype=\"http:\/\/schema.org\/Rating\"><meta itemprop=\"worstRating\" content = \"0\" \/><meta itemprop=\"bestRating\" content=\"5\" \/><meta itemprop=\"ratingValue\" content=\"4\"><\/div>\n<p><strong>Puntuaci\u00f3n global: 4\/5<\/strong><br \/>\n<strong>Fecha de revisi\u00f3n:<\/strong> <span itemprop=\"datePublished\" content=\"2017-04-27\">27\/04\/2017<\/span>\n<\/div>\n<p>M\u00e1s sobre otros <a href=\"https:\/\/moverdb.com\/es\/empresas-de-transporte\/\">empresas de transporte internacional<\/a>, <a href=\"https:\/\/moverdb.com\/es\/transporte-de-contenedores\/\">tarifas de env\u00edo de contenedores<\/a> y nuestro <a href=\"https:\/\/moverdb.com\/es\/resenas\/\">proceso de revisi\u00f3n<\/a>.<\/p>\n<p><strong>P\u00e1gina web:<\/strong> <a href=\"http:\/\/www.hamburgsud.com\" target=\"_blank\" rel=\"noopener\">http:\/\/www.hamburgsud.com<\/a><\/p>","protected":false},"excerpt":{"rendered":"<p>Hamburg S\u00fcd is a German shipping company which offers its customers a range of services. These are listed below together with a company profile and reviews. (Note: Maersk Line is in the process of buying the company). International Container Shipping Planning by experts Door to door Intermodal services available Dry Cargo Hazardous Cargo Each request [&hellip;]<\/p>\n","protected":false},"author":1,"featured_media":0,"parent":0,"menu_order":0,"comment_status":"closed","ping_status":"closed","template":"","meta":{"_genesis_hide_title":false,"_genesis_hide_breadcrumbs":false,"_genesis_hide_singular_image":false,"_genesis_hide_footer_widgets":false,"_genesis_custom_body_class":"","_genesis_custom_post_class":"","_genesis_layout":"","footnotes":""},"class_list":{"0":"post-1614","1":"page","2":"type-page","3":"status-publish","5":"entry"},"_links":{"self":[{"href":"https:\/\/moverdb.com\/es\/wp-json\/wp\/v2\/pages\/1614","targetHints":{"allow":["GET"]}}],"collection":[{"href":"https:\/\/moverdb.com\/es\/wp-json\/wp\/v2\/pages"}],"about":[{"href":"https:\/\/moverdb.com\/es\/wp-json\/wp\/v2\/types\/page"}],"author":[{"embeddable":true,"href":"https:\/\/moverdb.com\/es\/wp-json\/wp\/v2\/users\/1"}],"replies":[{"embeddable":true,"href":"https:\/\/moverdb.com\/es\/wp-json\/wp\/v2\/comments?post=1614"}],"version-history":[{"count":4,"href":"https:\/\/moverdb.com\/es\/wp-json\/wp\/v2\/pages\/1614\/revisions"}],"predecessor-version":[{"id":6217,"href":"https:\/\/moverdb.com\/es\/wp-json\/wp\/v2\/pages\/1614\/revisions\/6217"}],"wp:attachment":[{"href":"https:\/\/moverdb.com\/es\/wp-json\/wp\/v2\/media?parent=1614"}],"curies":[{"name":"wp","href":"https:\/\/api.w.org\/{rel}","templated":true}]}}