{"id":1610,"date":"2017-04-24T11:17:52","date_gmt":"2017-04-24T11:17:52","guid":{"rendered":"http:\/\/moverdb.com\/?page_id=1610"},"modified":"2026-01-08T13:18:28","modified_gmt":"2026-01-08T13:18:28","slug":"hapag-lloyd","status":"publish","type":"page","link":"https:\/\/moverdb.com\/es\/hapag-lloyd\/","title":{"rendered":"Hapag-Lloyd - Servicios de Transporte Internacional y Rese\u00f1as"},"content":{"rendered":"<p>Hapag-Lloyd es una empresa global <a href=\"https:\/\/moverdb.com\/es\/shipping-companies\/\" data-internallinksmanager029f6b8e52c=\"4\" title=\"Las 10 mejores empresas de transporte internacional de contenedores\">empresa de transporte<\/a> con sede en Hamburgo, <a href=\"https:\/\/moverdb.com\/es\/moving-to-germany\/\" data-internallinksmanager029f6b8e52c=\"321\" title=\"\u00bfSe muda a Alemania? 2026 Coste de la vida y consejos para el traslado\">Alemania<\/a>. Ofrece a sus clientes una amplia gama de soluciones de transporte y log\u00edstica. Estas se enumeran a continuaci\u00f3n junto con un perfil de la empresa y rese\u00f1as.<\/p>\n<h3>Env\u00edos internacionales<\/h3>\n<p><strong>Carga seca<\/strong><\/p>\n<ul>\n<li> Amplia gama de soluciones de contenedores<\/li>\n<li> Tiempos de tr\u00e1nsito r\u00e1pidos<\/li>\n<li> Fiabilidad de los horarios<\/li>\n<li> Se ofrece un servicio puerta a puerta<\/li>\n<li> Env\u00edos de productos qu\u00edmicos, cumplimiento de la normativa<\/li>\n<\/ul>\n<p><strong>Carga refrigerada<\/strong><\/p>\n<ul>\n<li> Frutas, verduras, carne, pescado, flores<\/li>\n<li> Productos farmac\u00e9uticos de alto valor<\/li>\n<li> Atm\u00f3sfera controlada<\/li>\n<li> Tecnolog\u00eda ExtraFresh y EverFresh para reducir la condensaci\u00f3n<\/li>\n<li> Manipuladores profesionales<\/li>\n<\/ul>\n<p><strong>Mercanc\u00edas peligrosas<\/strong><\/p>\n<ul>\n<li> Soluciones personalizadas para cada transporte complejo de mercanc\u00edas peligrosas<\/li>\n<li> Asistencia 24 horas al d\u00eda, 7 d\u00edas a la semana, de expertos en mercanc\u00edas peligrosas en todas las sedes regionales (Hamburgo, Valpara\u00edso, Piscataway y <a href=\"https:\/\/moverdb.com\/es\/moving-to-singapore\/\" data-internallinksmanager029f6b8e52c=\"68\" title=\"\u00bfMudarse a Singapur? 2026 Costes de vida y consejos de reubicaci\u00f3n\">Singapur<\/a>)<\/li>\n<li> Varios expertos en mercanc\u00edas peligrosas de guardia durante los fines de semana<\/li>\n<li> Comprobaci\u00f3n r\u00e1pida y fiable de la reserva para salvaguardar los requisitos legales internacionales y un transporte de mercanc\u00edas sin problemas<\/li>\n<li> Estiba y segregaci\u00f3n adecuadas a bordo para garantizar un viaje mar\u00edtimo seguro para toda la carga<\/li>\n<li> En su caso, utilizar medidas de seguridad en el transporte incluso m\u00e1s all\u00e1 de los requisitos del C\u00f3digo IMDG<\/li>\n<\/ul>\n<p><strong>Carga especial<\/strong><\/p>\n<ul>\n<li> Equipo especializado<\/li>\n<li> Breakbulk: los expertos planifican proyectos de gran tama\u00f1o<\/li>\n<\/ul>\n<p><strong>Contenedores<\/strong><\/p>\n<ul>\n<li> Cumplir con los requisitos de la ISO<\/li>\n<li> Carga seca - Est\u00e1ndar, Est\u00e1ndar High Cube, Est\u00e1ndar Hardtop, Est\u00e1ndar High Cube Hardtop<\/li>\n<li> Carga refrigerada - Mantener la temperatura de -35\u00b0C a +30\u00b0C<\/li>\n<li> Baja tara = dise\u00f1o de alta carga \u00fatil<\/li>\n<li> Carga especial - Flatrack\/Plataforma, Flatrack High Cube, Open Top\/Hard Top, Open Top High Cube, Hard Top High Cube.<\/li>\n<\/ul>\n<p><strong>Cruceros<\/strong><\/p>\n<ul>\n<li> 125 a\u00f1os de experiencia<\/li>\n<li> Cruceros por el mundo<\/li>\n<\/ul>\n<h2>Perfil de la compa\u00f1\u00eda Hapag-Lloyd<\/h2>\n<p>Hapag-Lloyd se fund\u00f3 en 1970 cuando se fusionaron Hamburg-Amerikanische Packetfahrt-Actien-Gesellschaft (Hapag) y Norddeutscher Lloyd. Ambas compa\u00f1\u00edas comenzaron a mediados del siglo XIX, cuando la emigraci\u00f3n de Europa a <a href=\"https:\/\/moverdb.com\/es\/moving-to-the-united-states\/\" data-internallinksmanager029f6b8e52c=\"94\" title=\"\u00bfSe muda a Estados Unidos? 2026 Costes de vida y consejos de reubicaci\u00f3n\">Estados Unidos<\/a> comenz\u00f3 en serio.<\/p>\n<p>Hoy en d\u00eda, Hapag-Lloyd sirve a mercados y clientes a nivel global y tiene una extensa red de servicios de l\u00ednea que conecta el mundo. Cuenta con m\u00e1s de 190 buques que transportan una media de 7,4 TEU anuales. La compa\u00f1\u00eda emplea alrededor de 9,300 personas y tiene m\u00e1s de 600 oficinas localizadas en 120 pa\u00edses alrededor del mundo. <\/p>\n<p>La flota de Hapag-Lloyd tiene una capacidad total de 955.000 TEU y un stock de contenedores de 1,5 millones de TEU. Tiene una de las flotas de contenedores refrigerados m\u00e1s grandes y modernas del mundo.<\/p>\n<p>Hapag-Lloyd tiene las siguientes acreditaciones y afiliaciones:<\/p>\n<ul>\n<li> Certificado Internacional de Seguridad del Buque (CSI)<\/li>\n<li> Certificado de gesti\u00f3n de la seguridad (SMC)<\/li>\n<li> Convenio sobre el trabajo mar\u00edtimo (MLC)<\/li>\n<li> <a href=\"https:\/\/moverdb.com\/es\/world-shipping-council\/\">Consejo Mundial del Transporte Mar\u00edtimo<\/a> (<a href=\"https:\/\/moverdb.com\/es\/world-shipping-council\/\" data-internallinksmanager029f6b8e52c=\"82\" title=\"Explicaci\u00f3n del Consejo Mundial del Transporte Mar\u00edtimo (WSC)\">WSC<\/a>)<\/li>\n<\/ul>\n<h2>Rese\u00f1as de Hapag-Lloyd Shipping<\/h2>\n<p><em>En el momento de escribir este art\u00edculo no hemos podido encontrar ninguna opini\u00f3n sobre los servicios de transporte de Hapag-Lloyd en l\u00ednea.<\/em>  <\/p>\n<p><strong><\/p>\n<div itemprop=\"review\" itemscope itemtype=\"http:\/\/schema.org\/Review\">\n<span itemprop=\"author\" itemscope=\"\" itemtype=\"http:\/\/schema.org\/Organization\"><span itemprop=\"name\">MoverDB.com<\/span><\/span> Revisi\u00f3n del sitio web en l\u00ednea para <span itemprop=\"itemreviewed\" itemscope=\"\" itemtype=\"http:\/\/schema.org\/Brand\"><span itemprop=\"name\">Hapag-Lloyd<\/span><\/span>:<\/strong><\/p>\n<ol>\n<li> Datos de contacto claros en el sitio web (incluido el n\u00famero de tel\u00e9fono): <strong>S\u00ed<\/strong><\/li>\n<li> F\u00e1cil de conseguir <a href=\"https:\/\/moverdb.com\/es\/container-shipping\/\" data-internallinksmanager029f6b8e52c=\"3\" title=\"Tabla de tarifas de transporte mar\u00edtimo internacional de contenedores: Abril 2026\">env\u00edos internacionales<\/a> \u00bfpresupuestos? (Formulario de solicitud de presupuesto en l\u00ednea): <strong>S\u00ed<\/strong><\/li>\n<li> Informaci\u00f3n clara en el sitio web: <strong>S\u00ed,<\/strong> El sitio web es extremadamente detallado y est\u00e1 bien dise\u00f1ado.<\/li>\n<li> Pertenencia a organizaciones mar\u00edtimas internacionales reconocidas: <strong>S\u00ed<\/strong>(v\u00e9ase m\u00e1s arriba).<\/li>\n<li> Lista de clientes y\/o testimonios de clientes anteriores. <strong>No,<\/strong> pero s\u00ed que se enumeran los premios y la certificaci\u00f3n.<\/li>\n<\/ol>\n<div itemprop=\"reviewRating\" itemscope itemtype=\"http:\/\/schema.org\/Rating\"><meta itemprop=\"worstRating\" content = \"0\" \/><meta itemprop=\"bestRating\" content=\"5\" \/><meta itemprop=\"ratingValue\" content=\"4.5\"><\/div>\n<p><strong>Puntuaci\u00f3n global: 4,5\/5<\/strong><br \/>\n<strong>Fecha de revisi\u00f3n:<\/strong> <span itemprop=\"datePublished\" content=\"2017-04-24\">24\/04\/2017<\/span>\n<\/div>\n<p>M\u00e1s sobre otros <a href=\"https:\/\/moverdb.com\/es\/empresas-de-transporte\/\">empresas de transporte internacional<\/a>, <a href=\"https:\/\/moverdb.com\/es\/transporte-de-contenedores\/\">gastos de env\u00edo de contenedores<\/a> y nuestro <a href=\"https:\/\/moverdb.com\/es\/resenas\/\">proceso de revisi\u00f3n<\/a>.<\/p>\n<p><strong>P\u00e1gina web:<\/strong> <a href=\"https:\/\/www.hapag-lloyd.com\/en\/home.html\" target=\"_blank\" rel=\"noopener\">https:\/\/www.hapag-lloyd.com\/en\/home.html<\/a><\/p>","protected":false},"excerpt":{"rendered":"<p>Hapag-Lloyd is a global shipping company with its head office in Hamburg, Germany. It offers its clients a wide range of shipping and logistics solutions. These are listed below together with a company profile and reviews. International Shipping Dry Cargo Broad range of container solutions Fast transit times On point schedule reliability Door to door [&hellip;]<\/p>\n","protected":false},"author":1,"featured_media":0,"parent":0,"menu_order":0,"comment_status":"closed","ping_status":"closed","template":"","meta":{"_genesis_hide_title":false,"_genesis_hide_breadcrumbs":false,"_genesis_hide_singular_image":false,"_genesis_hide_footer_widgets":false,"_genesis_custom_body_class":"","_genesis_custom_post_class":"","_genesis_layout":"","footnotes":""},"class_list":{"0":"post-1610","1":"page","2":"type-page","3":"status-publish","5":"entry"},"_links":{"self":[{"href":"https:\/\/moverdb.com\/es\/wp-json\/wp\/v2\/pages\/1610","targetHints":{"allow":["GET"]}}],"collection":[{"href":"https:\/\/moverdb.com\/es\/wp-json\/wp\/v2\/pages"}],"about":[{"href":"https:\/\/moverdb.com\/es\/wp-json\/wp\/v2\/types\/page"}],"author":[{"embeddable":true,"href":"https:\/\/moverdb.com\/es\/wp-json\/wp\/v2\/users\/1"}],"replies":[{"embeddable":true,"href":"https:\/\/moverdb.com\/es\/wp-json\/wp\/v2\/comments?post=1610"}],"version-history":[{"count":3,"href":"https:\/\/moverdb.com\/es\/wp-json\/wp\/v2\/pages\/1610\/revisions"}],"predecessor-version":[{"id":6218,"href":"https:\/\/moverdb.com\/es\/wp-json\/wp\/v2\/pages\/1610\/revisions\/6218"}],"wp:attachment":[{"href":"https:\/\/moverdb.com\/es\/wp-json\/wp\/v2\/media?parent=1610"}],"curies":[{"name":"wp","href":"https:\/\/api.w.org\/{rel}","templated":true}]}}