{"id":1592,"date":"2017-04-21T13:39:38","date_gmt":"2017-04-21T13:39:38","guid":{"rendered":"http:\/\/moverdb.com\/?page_id=1592"},"modified":"2026-01-08T14:40:07","modified_gmt":"2026-01-08T14:40:07","slug":"maersk","status":"publish","type":"page","link":"https:\/\/moverdb.com\/es\/maersk\/","title":{"rendered":"Maersk Line - Servicios de transporte mar\u00edtimo internacional y opiniones"},"content":{"rendered":"<p>Maersk Line, forma parte del Grupo A.P. Moller-Maersk, una empresa mundial <a href=\"https:\/\/moverdb.com\/es\/shipping-companies\/\" data-internallinksmanager029f6b8e52c=\"4\" title=\"Las 10 mejores empresas de transporte internacional de contenedores\">empresa de transporte<\/a> con sede en Copenhague, <a href=\"https:\/\/moverdb.com\/es\/moving-to-denmark\/\" data-internallinksmanager029f6b8e52c=\"335\" title=\"\u00bfSe muda a Dinamarca? 2026 Coste de la vida y consejos para el traslado\">Dinamarca<\/a>. Ofrece a sus clientes una amplia gama de servicios que se enumeran a continuaci\u00f3n, junto con un perfil de empresa y rese\u00f1as.<\/p>\n<p><strong>Servicios de transporte internacional de mercanc\u00edas y env\u00edos<\/strong><\/p>\n<ul>\n<li> Carga seca<\/li>\n<li> De puerta a puerta<\/li>\n<li> Contenedores de 20\u2032 con carga \u00fatil de hasta 28,2 toneladas m\u00e9tricas<\/li>\n<li> Contenedores de 40\u2032 8\u2032 6\u2033 con carga \u00fatil de hasta 28,8 toneladas m\u00e9tricas<\/li>\n<li> 45\u2032 9\u2032 6\u2033 de altura con una capacidad total de 85 metros c\u00fabicos<\/li>\n<li> Vigas de percha que permiten transportar las prendas en perchas sin necesidad de embalarlas.<\/li>\n<li> Barras de amarre y anillos de amarre para dar a su carga una seguridad adicional<\/li>\n<li> Almacenamiento disponible<\/li>\n<li> Despacho de aduanas<\/li>\n<\/ul>\n<p><strong>Carga refrigerada<\/strong><\/p>\n<ul>\n<li> Contenedores de transporte refrigerados<\/li>\n<li> De puerta a puerta<\/li>\n<li> Manipulaci\u00f3n meticulosa de la carga para garantizar la frescura de los productos<\/li>\n<li> El dise\u00f1o \u00fanico del contenedor garantiza la m\u00e1xima carga \u00fatil<\/li>\n<li> Reducci\u00f3n de las emisiones de CO2<\/li>\n<li> Temperatura \u00f3ptima del producto<\/li>\n<li> Reducci\u00f3n del consumo de energ\u00eda<\/li>\n<li> 3 tipos de contenedores frigor\u00edficos, de 27 a 67 CBM de espacio de carga<\/li>\n<li> Despacho de aduanas<\/li>\n<\/ul>\n<p><strong>Carga especial<\/strong><\/p>\n<ul>\n<li> Entrega a tiempo de cargas fuera de calibre, en calibre y a granel<\/li>\n<li> Entrega puntual de su carga especial en todo el mundo<\/li>\n<li> Expertos en cargas especiales en todas las zonas horarias para su respuesta y apoyo inmediatos<\/li>\n<li> Flota de estanter\u00edas planas y abiertas de \u00faltima generaci\u00f3n, disponibles donde y cuando las necesite<\/li>\n<li> De puerta a puerta<\/li>\n<li> Almacenamiento disponible<\/li>\n<li> Despacho de aduanas<\/li>\n<\/ul>\n<p><strong>Servicios de transporte terrestre<\/strong><\/p>\n<ul>\n<li> Soluci\u00f3n de transporte de servicio completo<\/li>\n<li> De puerta a puerta<\/li>\n<li> Recogida y entrega puntual<\/li>\n<li> Amplia red de proveedores de transporte de calidad<\/li>\n<li> Un \u00fanico punto de venta que combina sus necesidades de transporte terrestre y mar\u00edtimo<\/li>\n<li> Control constante y garant\u00eda de calidad<\/li>\n<li> Seguro contratado<\/li>\n<\/ul>\n<p><strong>Venta de contenedores usados<\/strong><\/p>\n<ul>\n<li> Se puede utilizar como almac\u00e9n, como oficina, como casa o incluso como piscina<\/li>\n<li> Acceso a las existencias para satisfacer sus necesidades<\/li>\n<li> Una amplia red de contenedores usados<\/li>\n<li> Sistemas sencillos para cumplir con su horario de recogida<\/li>\n<li> Calidad garantizada de los envases<\/li>\n<\/ul>\n<h2>Maersk Line<\/h2>\n<p>Maersk Line fue fundada en 1928. Maersk Line es propiedad del Grupo A.P. Moller-Maersk y es una de las compa\u00f1\u00edas m\u00e1s importantes del mundo. <a href=\"https:\/\/moverdb.com\/es\/empresas-de-transporte\/\">mayor empresa de transporte de contenedores<\/a>, conocida por su flexibilidad, fiabilidad y servicios ecoeficientes. <\/p>\n<p>Su sede central se encuentra en Copenhague, Dinamarca. La empresa cuenta con m\u00e1s de 630 buques con una capacidad de 3,3 millones de TEU que sirven a 59.000 clientes en todo el mundo.<\/p>\n<p>El a\u00f1o pasado, Maersk transport\u00f3 aproximadamente 12 millones de contenedores por todo el mundo y realiz\u00f3 46.000 escalas en 343 puertos. <a href=\"https:\/\/moverdb.com\/es\/top-49-container-ports\/\" data-internallinksmanager029f6b8e52c=\"80\" title=\"Los 49 puertos de contenedores m\u00e1s grandes y activos en 2025\">puertos<\/a> en 121 pa\u00edses. Maersk ofrece m\u00faltiples salidas diarias en las principales rutas mar\u00edtimas. Para que todo funcione bien, la empresa emplea a 7.000 marinos y 25.000 empleados en tierra en 374 oficinas de todo el mundo.<\/p>\n<p>Maersk se compromete a devolver a la comunidad y apoya proyectos en todo el mundo que se engloban en tres planes globales: ayuda y preparaci\u00f3n ante cat\u00e1strofes, protecci\u00f3n del medio ambiente y fomento del esp\u00edritu empresarial en comunidades desfavorecidas.<\/p>\n<p>Maersk Line cuenta con las siguientes acreditaciones y afiliaciones:<\/p>\n<ul>\n<li> Asociaci\u00f3n Internacional de Transporte A\u00e9reo y Mar\u00edtimo (IASA)<\/li>\n<li> <a href=\"https:\/\/moverdb.com\/es\/camara-de-comercio-internacional\/\">La C\u00e1mara Naviera Internacional<\/a> (<a href=\"https:\/\/moverdb.com\/es\/international-chamber-shipping\/\" data-internallinksmanager029f6b8e52c=\"78\" title=\"La C\u00e1mara Naviera Internacional (ICS) explicada\">ICS<\/a>)<\/li>\n<li> Alianza Mundial para la Facilitaci\u00f3n del Comercio de la OMC<\/li>\n<li> Seguridad de la vida en el mar (SOLAS)<\/li>\n<li> La Federaci\u00f3n de Asociaciones Nacionales de Agentes y Corredores de Buques (FONASBA)<\/li>\n<\/ul>\n<h2>Rese\u00f1as de la compa\u00f1\u00eda Maersk Line<\/h2>\n<p><em>En el momento de escribir este art\u00edculo no pudimos encontrar ninguna rese\u00f1a en l\u00ednea sobre los servicios de transporte de Maersk Line.<\/em><\/p>\n<p><strong><\/p>\n<div itemprop=\"review\" itemscope itemtype=\"http:\/\/schema.org\/Review\">\n<span itemprop=\"author\" itemscope=\"\" itemtype=\"http:\/\/schema.org\/Organization\"><span itemprop=\"name\">MoverDB.com<\/span><\/span> Revisi\u00f3n del sitio web en l\u00ednea para <span itemprop=\"itemreviewed\" itemscope=\"\" itemtype=\"http:\/\/schema.org\/Brand\"><span itemprop=\"name\">Maersk Line<\/span><\/span>:<\/strong><\/p>\n<ol>\n<li> Datos de contacto claros en el sitio web (incluido el n\u00famero de tel\u00e9fono): <strong>S\u00ed<\/strong><\/li>\n<li> F\u00e1cil de conseguir <a href=\"https:\/\/moverdb.com\/es\/container-shipping\/\" data-internallinksmanager029f6b8e52c=\"3\" title=\"Tabla de tarifas de transporte mar\u00edtimo internacional de contenedores: Abril 2026\">env\u00edos internacionales<\/a> \u00bfpresupuestos? (Formulario de solicitud de presupuesto en l\u00ednea): <strong>S\u00ed<\/strong><\/li>\n<li> Informaci\u00f3n clara en el sitio web: <strong>S\u00ed,<\/strong> El sitio web expone claramente todos los servicios que ofrece la empresa<\/li>\n<li> Pertenencia a organizaciones mar\u00edtimas internacionales reconocidas: <strong>S\u00ed<\/strong>pero no hay muchos que figuren en su sitio web.<\/li>\n<li> Lista de clientes y\/o testimonios de clientes anteriores. <strong>No,<\/strong> no hay ninguno en su p\u00e1gina web.<\/li>\n<\/ol>\n<div itemprop=\"reviewRating\" itemscope itemtype=\"http:\/\/schema.org\/Rating\"><meta itemprop=\"worstRating\" content = \"0\" \/><meta itemprop=\"bestRating\" content=\"5\" \/><meta itemprop=\"ratingValue\" content=\"4\"><\/div>\n<p><strong>Puntuaci\u00f3n global: 4\/5<\/strong><br \/>\n<strong>Fecha de revisi\u00f3n:<\/strong> <span itemprop=\"datePublished\" content=\"2017-04-21\">21\/04\/2017<\/span>\n<\/div>\n<p>M\u00e1s sobre otros <a href=\"https:\/\/moverdb.com\/es\/empresas-de-transporte\/\">empresas de transporte internacional<\/a>, <a href=\"https:\/\/moverdb.com\/es\/transporte-de-contenedores\/\">tarifas de env\u00edo de contenedores<\/a> y nuestro <a href=\"https:\/\/moverdb.com\/es\/resenas\/\">proceso de revisi\u00f3n<\/a>.<\/p>\n<p><strong>P\u00e1gina web:<\/strong> <a href=\"https:\/\/www2.maerskline.com\/\" target=\"_blank\" rel=\"noopener\">https:\/\/www2.maerskline.com\/<\/a><\/p>","protected":false},"excerpt":{"rendered":"<p>Maersk Line, is part of A.P. Moller\u2013Maersk Group, a worldwide shipping company based in Copenhagen, Denmark. It offers its customers a wide range of services which are listed below, together with a company profile and reviews. International Freight and Shipping Services Dry Cargo Door to door 20&#8242; containers with payload up to 28.2 metric tons [&hellip;]<\/p>\n","protected":false},"author":1,"featured_media":0,"parent":0,"menu_order":0,"comment_status":"closed","ping_status":"closed","template":"","meta":{"_genesis_hide_title":false,"_genesis_hide_breadcrumbs":false,"_genesis_hide_singular_image":false,"_genesis_hide_footer_widgets":false,"_genesis_custom_body_class":"","_genesis_custom_post_class":"","_genesis_layout":"","footnotes":""},"class_list":{"0":"post-1592","1":"page","2":"type-page","3":"status-publish","5":"entry"},"_links":{"self":[{"href":"https:\/\/moverdb.com\/es\/wp-json\/wp\/v2\/pages\/1592","targetHints":{"allow":["GET"]}}],"collection":[{"href":"https:\/\/moverdb.com\/es\/wp-json\/wp\/v2\/pages"}],"about":[{"href":"https:\/\/moverdb.com\/es\/wp-json\/wp\/v2\/types\/page"}],"author":[{"embeddable":true,"href":"https:\/\/moverdb.com\/es\/wp-json\/wp\/v2\/users\/1"}],"replies":[{"embeddable":true,"href":"https:\/\/moverdb.com\/es\/wp-json\/wp\/v2\/comments?post=1592"}],"version-history":[{"count":7,"href":"https:\/\/moverdb.com\/es\/wp-json\/wp\/v2\/pages\/1592\/revisions"}],"predecessor-version":[{"id":13172,"href":"https:\/\/moverdb.com\/es\/wp-json\/wp\/v2\/pages\/1592\/revisions\/13172"}],"wp:attachment":[{"href":"https:\/\/moverdb.com\/es\/wp-json\/wp\/v2\/media?parent=1592"}],"curies":[{"name":"wp","href":"https:\/\/api.w.org\/{rel}","templated":true}]}}