{"id":1590,"date":"2017-01-25T12:24:31","date_gmt":"2017-01-25T12:24:31","guid":{"rendered":"http:\/\/moverdb.com\/?page_id=1590"},"modified":"2026-01-08T15:20:28","modified_gmt":"2026-01-08T15:20:28","slug":"nippon-express","status":"publish","type":"page","link":"https:\/\/moverdb.com\/es\/nippon-express\/","title":{"rendered":"Nippon Express - Rese\u00f1as sobre mudanzas internacionales"},"content":{"rendered":"<p>Nippon Express tiene su sede en Tokio, <a href=\"https:\/\/moverdb.com\/es\/moving-to-japan\/\" data-internallinksmanager029f6b8e52c=\"342\" title=\"\u00bfSe muda a Jap\u00f3n? 2026 Coste de la vida y consejos para el traslado\">Jap\u00f3n<\/a>. Ofrece a sus clientes diversos servicios de mudanzas. Estos se enumeran a continuaci\u00f3n junto con un perfil de la empresa y opiniones.<\/p>\n<p><strong>Mudanzas internacionales<\/strong><\/p>\n<ul>\n<li> Gestor de mudanzas personales<\/li>\n<li> Servicio puerta a puerta<\/li>\n<li> Asistencia con las aduanas y la documentaci\u00f3n<\/li>\n<li> Servicio de embalaje completo, s\u00f3lo para art\u00edculos fr\u00e1giles o para que lo haga usted mismo<\/li>\n<li> Desmontaje y montaje de muebles<\/li>\n<li> Servicio de desembalaje<\/li>\n<li> Eliminaci\u00f3n de residuos<\/li>\n<li> Almacenamiento a corto y largo plazo<\/li>\n<li> Mudanza de autom\u00f3viles<\/li>\n<li> Motos<\/li>\n<li> Pianos<\/li>\n<\/ul>\n<p><strong>Servicios de reubicaci\u00f3n - A Jap\u00f3n<\/strong><\/p>\n<ul>\n<li> Consulta de reubicaci\u00f3n<\/li>\n<li> Orientaci\u00f3n\".<\/li>\n<li> B\u00fasqueda en el hogar<\/li>\n<li> Mudanza nacional internacional<\/li>\n<li> B\u00fasqueda de escuelas<\/li>\n<li> Servicio de salida, es decir, finalizaci\u00f3n del contrato de alquiler, desconexi\u00f3n del tel\u00e9fono y los servicios p\u00fablicos, reenv\u00edo de correo<\/li>\n<\/ul>\n<p><strong>Mudanzas nacionales - Dentro de Jap\u00f3n<\/strong><\/p>\n<ul>\n<li> Servicio puerta a puerta<\/li>\n<li> Embalaje completo, parcial o de bricolaje<\/li>\n<li> Desmontaje y montaje de muebles<\/li>\n<li> Servicio de desembalaje<\/li>\n<li> Eliminaci\u00f3n de residuos<\/li>\n<li> Almacenamiento a corto y largo plazo disponible<\/li>\n<li> Seguro contratado<\/li>\n<\/ul>\n<p><strong>Transporte de mercanc\u00edas<\/strong><\/p>\n<ul>\n<li> Bienes y componentes generales<\/li>\n<li> Bellas artes y antig\u00fcedades<\/li>\n<li> Ferias y exposiciones<\/li>\n<\/ul>\n<h2>Perfil de la empresa Nippon Express<\/h2>\n<p>Nippon Express es uno de los principales <a href=\"https:\/\/moverdb.com\/es\/moving-companies\/\" data-internallinksmanager029f6b8e52c=\"79\" title=\"Las 25 mejores empresas de mudanzas internacionales en l\u00ednea\">empresas de mudanzas<\/a> para el traslado de particulares y empresas a Jap\u00f3n y sus alrededores. Est\u00e1 especializada en traslados de empresas y gobiernos para empleados y sus familias que llegan y salen de Jap\u00f3n. Nippon Express tambi\u00e9n es conocida por sus <a href=\"https:\/\/moverdb.com\/es\/transitario\/\">transporte de mercanc\u00edas<\/a> experiencia, enviando mercanc\u00edas por todo el mundo.<\/p>\n<p>Nippon Express empez\u00f3 a funcionar en 1937 como empresa p\u00fablica 53%. Tras la segunda guerra mundial, la empresa fue privatizada. En 1949, la empresa comenz\u00f3 a realizar transportes internacionales de mercanc\u00edas, actuando como agente de varias compa\u00f1\u00edas a\u00e9reas internacionales. En 1958, Nippon Express abri\u00f3 su primera oficina en el extranjero en <a href=\"https:\/\/moverdb.com\/es\/moving-to-nyc\/\">Nueva York<\/a>En 1991 hab\u00eda 97 oficinas en la <a href=\"https:\/\/moverdb.com\/es\/moving-to-the-united-states\/\" data-internallinksmanager029f6b8e52c=\"94\" title=\"\u00bfSe muda a Estados Unidos? 2026 Costes de vida y consejos de reubicaci\u00f3n\">Estados Unidos<\/a>. <\/p>\n<p>En 1973 la empresa compr\u00f3 su primera <a href=\"https:\/\/moverdb.com\/es\/empresas-de-transporte\/\">buque contenedor<\/a> y comenz\u00f3 un servicio de carga entre Tokio y Tomakomai.<\/p>\n<p>En la actualidad, Nippon Express tiene oficinas e instalaciones en 260 ciudades de 42 pa\u00edses y emplea a 36.700 personas en Jap\u00f3n y otras 16.000 en el extranjero.<\/p>\n<p>Nippon Express cuenta con las siguientes acreditaciones y afiliaciones:<\/p>\n<ul>\n<li> <a href=\"https:\/\/moverdb.com\/es\/fidi-faim\/\">FIDI<\/a><\/li>\n<li> <a href=\"https:\/\/moverdb.com\/es\/soy\/\">Asociaci\u00f3n Internacional de Empresas de Mudanzas<\/a> (<a href=\"https:\/\/moverdb.com\/es\/iam\/\" data-internallinksmanager029f6b8e52c=\"23\" title=\"Explicaci\u00f3n de la Asociaci\u00f3n Internacional de Empresas de Mudanzas (IAM)\">IAM<\/a>)<\/li>\n<li> ISO 9001<\/li>\n<li> <a href=\"https:\/\/moverdb.com\/es\/iata\/\">IATA<\/a><\/li>\n<\/ul>\n<h2>Rese\u00f1as de Nippon Express<\/h2>\n<p><strong>Positivo:<\/strong><\/p>\n<ul>\n<li> <em>\"Al m\u00e1s puro estilo japon\u00e9s, son educados y respetuosos, \u00a1incluso se quitan los zapatos para meter tus cosas en casa! No hay ninguna tonter\u00eda: se dejan la piel, paran para un descanso cronometrado y vuelven a la carga directamente hasta que terminan el trabajo\".<\/em> - KK W v\u00eda <a href=\"https:\/\/www.yelp.co.uk\/biz\/nippon-express-usa-el-segundo?hrid=ilixQzfFmyj3IAX32d0E-A&#038;utm_campaign=www_review_share_popup&#038;utm_medium=copy_link&#038;utm_source=(direct)\" target=\"_blank\" rel=\"noopener\">Yelp<\/a><\/li>\n<\/ul>\n<p><strong>Negativo:<\/strong><\/p>\n<p><em>No hemos podido encontrar ninguna rese\u00f1a negativa para Nippon Express en l\u00ednea.<\/em><\/p>\n<div itemprop=\"review\" itemscope itemtype=\"http:\/\/schema.org\/Review\">\n<span itemprop=\"author\" itemscope=\"\" itemtype=\"http:\/\/schema.org\/Organization\"><span itemprop=\"name\">MoverDB.com<\/span><\/span> Revisi\u00f3n del sitio web en l\u00ednea para <span itemprop=\"itemreviewed\" itemscope=\"\" itemtype=\"http:\/\/schema.org\/Brand\"><span itemprop=\"name\">Nippon Express<\/span><\/span>:<\/p>\n<ol>\n<li> Datos de contacto claros en el sitio web (incluido el n\u00famero de tel\u00e9fono): <strong>S\u00ed<\/strong><\/li>\n<li> F\u00e1cil de conseguir <a href=\"https:\/\/moverdb.com\/es\/citas\/\">presupuestos de mudanzas internacionales<\/a>? (Formulario de solicitud de presupuesto en l\u00ednea): <strong>S\u00ed<\/strong><\/li>\n<li> Informaci\u00f3n clara en el sitio web: <strong>S\u00ed,<\/strong> Aunque sus p\u00e1ginas web parecen un poco anticuadas, describen todos sus servicios.<\/li>\n<li> Pertenencia a organizaciones de mudanzas reconocidas internacionalmente: <strong>S\u00ed<\/strong>(v\u00e9ase m\u00e1s arriba)<\/li>\n<li> Lista de clientes y\/o testimonios de clientes anteriores. <strong>No,<\/strong> pero tienen una muy buena reputaci\u00f3n basada en sus comentarios en l\u00ednea.<\/li>\n<\/ol>\n<div itemprop=\"reviewRating\" itemscope itemtype=\"http:\/\/schema.org\/Rating\"><meta itemprop=\"worstRating\" content = \"0\" \/><meta itemprop=\"bestRating\" content=\"5\" \/><meta itemprop=\"ratingValue\" content=\"4.5\"><\/div>\n<p><strong>Puntuaci\u00f3n global: 4,5\/5<\/strong><br \/>\n<strong>Fecha de revisi\u00f3n:<\/strong> <span itemprop=\"datePublished\" content=\"2017-01-25\">25\/01\/2017<\/span>\n<\/div>\n<p>M\u00e1s informaci\u00f3n <a href=\"https:\/\/moverdb.com\/es\/empresas-de-mudanzas\/\">empresas de mudanzas internacionales<\/a>y nuestro <a href=\"https:\/\/moverdb.com\/es\/resenas\/\">proceso de revisi\u00f3n<\/a>.<\/p>\n<p><strong>P\u00e1ginas web:<\/strong> Global: <a href=\"http:\/\/www.nipponexpress.com\/\" target=\"_blank\" rel=\"noopener\">http:\/\/www.nipponexpress.com\/<\/a>, ESTADOS UNIDOS: <a href=\"https:\/\/nipponexpressusa.com\/\" target=\"_blank\" rel=\"noopener\">https:\/\/nipponexpressusa.com\/<\/a> y <a href=\"https:\/\/moverdb.com\/es\/moving-to-the-uk\/\" data-internallinksmanager029f6b8e52c=\"93\" title=\"\u00bfSe muda al Reino Unido? 2026 Costes de vida y consejos de reubicaci\u00f3n\">REINO UNIDO<\/a>: <a href=\"http:\/\/www.nipponexpress.co.uk\/\" target=\"_blank\" rel=\"noopener\">http:\/\/www.nipponexpress.co.uk\/<\/a><\/p>","protected":false},"excerpt":{"rendered":"<p>Nippon Express is based in Tokyo, Japan. It offers its clients a variety of moving services. These are listed below together with a company profile and reviews. International Moves Personal move manager Door to door service Assistance with customs and documentation Full packing service, fragile items only or do-it-yourself packing Disassembly and reassembly of furniture [&hellip;]<\/p>\n","protected":false},"author":1,"featured_media":0,"parent":0,"menu_order":0,"comment_status":"closed","ping_status":"closed","template":"","meta":{"_genesis_hide_title":false,"_genesis_hide_breadcrumbs":false,"_genesis_hide_singular_image":false,"_genesis_hide_footer_widgets":false,"_genesis_custom_body_class":"","_genesis_custom_post_class":"","_genesis_layout":"","footnotes":""},"class_list":{"0":"post-1590","1":"page","2":"type-page","3":"status-publish","5":"entry"},"_links":{"self":[{"href":"https:\/\/moverdb.com\/es\/wp-json\/wp\/v2\/pages\/1590","targetHints":{"allow":["GET"]}}],"collection":[{"href":"https:\/\/moverdb.com\/es\/wp-json\/wp\/v2\/pages"}],"about":[{"href":"https:\/\/moverdb.com\/es\/wp-json\/wp\/v2\/types\/page"}],"author":[{"embeddable":true,"href":"https:\/\/moverdb.com\/es\/wp-json\/wp\/v2\/users\/1"}],"replies":[{"embeddable":true,"href":"https:\/\/moverdb.com\/es\/wp-json\/wp\/v2\/comments?post=1590"}],"version-history":[{"count":4,"href":"https:\/\/moverdb.com\/es\/wp-json\/wp\/v2\/pages\/1590\/revisions"}],"predecessor-version":[{"id":6226,"href":"https:\/\/moverdb.com\/es\/wp-json\/wp\/v2\/pages\/1590\/revisions\/6226"}],"wp:attachment":[{"href":"https:\/\/moverdb.com\/es\/wp-json\/wp\/v2\/media?parent=1590"}],"curies":[{"name":"wp","href":"https:\/\/api.w.org\/{rel}","templated":true}]}}