{"id":1578,"date":"2017-04-21T14:09:10","date_gmt":"2017-04-21T14:09:10","guid":{"rendered":"http:\/\/moverdb.com\/?page_id=1578"},"modified":"2026-01-08T14:40:13","modified_gmt":"2026-01-08T14:40:13","slug":"mediterranean-shipping-company","status":"publish","type":"page","link":"https:\/\/moverdb.com\/es\/mediterranean-shipping-company\/","title":{"rendered":"Mediterranean Shipping Company - Servicios internacionales y opiniones"},"content":{"rendered":"<p>Mediterr\u00e1neo <a href=\"https:\/\/moverdb.com\/es\/shipping-companies\/\" data-internallinksmanager029f6b8e52c=\"4\" title=\"Las 10 mejores empresas de transporte internacional de contenedores\">Empresa de transporte<\/a> (MSC) ofrece a sus clientes una amplia gama de servicios de transporte mar\u00edtimo y de otro tipo. A continuaci\u00f3n se enumeran, junto con un perfil de la empresa y rese\u00f1as.<\/p>\n<h3>Env\u00edos internacionales<\/h3>\n<p><strong>Carga seca<\/strong><\/p>\n<ul>\n<li> Contenedores c\u00fabicos est\u00e1ndar de 20 pies, 40 pies o 40 pies de altura<\/li>\n<li> Carga sobredimensionada y a granel<\/li>\n<li> Servicios de env\u00edo semanales y regulares a destinos mundiales<\/li>\n<li> Despacho de aduanas y documentaci\u00f3n<\/li>\n<\/ul>\n<p><strong>Carga refrigerada<\/strong><\/p>\n<ul>\n<li> Soluciones de transporte a medida de principio a fin<\/li>\n<li> Servicios de env\u00edo semanales y regulares a destinos mundiales<\/li>\n<li> Experiencia en el transporte de productos refrigerados y congelados<\/li>\n<li> Inspecci\u00f3n previa al viaje: <\/li>\n<li> Aseg\u00farese de que el contenedor se limpia para eliminar la suciedad y los olores<\/li>\n<li> Comprueba que el interior del contenedor cumple con las especificaciones de calidad alimentaria<\/li>\n<li> Comprobaci\u00f3n del funcionamiento de la maquinaria seg\u00fan las normas de la industria<\/li>\n<li> Aseg\u00farese de que la temperatura del recipiente se reduce hasta el punto correcto seleccionado<\/li>\n<li> Despacho de aduanas y documentaci\u00f3n<\/li>\n<\/ul>\n<p><strong>Servicios fuera del g\u00e1libo y de carga suelta<\/strong><\/p>\n<ul>\n<li> Equipo experto en log\u00edstica de carga de proyectos<\/li>\n<li> Cargar, amarrar y asegurar la carga en su origen <a href=\"https:\/\/moverdb.com\/es\/top-49-container-ports\/\" data-internallinksmanager029f6b8e52c=\"80\" title=\"Los 49 puertos de contenedores m\u00e1s grandes y activos en 2025\">puerto<\/a> o un dep\u00f3sito cercano<\/li>\n<li> Recogida y entrega en el interior del pa\u00eds utilizando diversos equipos<\/li>\n<li> Organizaci\u00f3n de las notificaciones de la polic\u00eda\/transporte terrestre si es necesario<\/li>\n<li> Estiba, amarre y almacenamiento portuario<\/li>\n<li> Equipo especializado<\/li>\n<li> Tarifas competitivas<\/li>\n<li> Despacho de aduanas y documentaci\u00f3n<\/li>\n<\/ul>\n<p><strong>Transporte intermodal<\/strong><\/p>\n<ul>\n<li> De puerta a puerta<\/li>\n<li> De la f\u00e1brica al consumidor<\/li>\n<li> Combinaci\u00f3n de transportes disponibles para cumplir con las obligaciones de entrega<\/li>\n<\/ul>\n<p><strong>Almacenamiento de contenedores y carga<\/strong><\/p>\n<ul>\n<li> Red mundial y dep\u00f3sito y almacenamiento<\/li>\n<li> Ayudar en la creaci\u00f3n de redes de distribuci\u00f3n<\/li>\n<li> Amplios servicios e instalaciones de recogida\/embalaje, desempacado\/paletizado y almacenamiento de pilas a granel<\/li>\n<\/ul>\n<p><strong>Comercio cruzado<\/strong><\/p>\n<ul>\n<li> Env\u00edo desde cualquier origen a cualquier destino<\/li>\n<li> Carga seca<\/li>\n<li> Carga refrigerada<\/li>\n<li> Fuera de calibre<\/li>\n<li> Cargas preciosas y peligrosas<\/li>\n<li> Tratamiento de la documentaci\u00f3n<\/li>\n<li> Seguimiento de<\/li>\n<li> Despacho de aduanas<\/li>\n<\/ul>\n<p><strong>Remolques de carga<\/strong><\/p>\n<ul>\n<li> R\u00edgido<\/li>\n<li> Plano<\/li>\n<li> Volquete<\/li>\n<li> Cargador bajo<\/li>\n<li> Remolque porta-contenedores<\/li>\n<li> Remolque del grupo electr\u00f3geno<\/li>\n<\/ul>\n<p><strong>Equipo de contenedores<\/strong><\/p>\n<ul>\n<li> Contenedores de 20 pies \/ 40 pies est\u00e1ndar y de cubo alto<\/li>\n<li> Contenedores abiertos de 20 pies \/ 40 pies<\/li>\n<li> Contenedores frigor\u00edficos de 20 pies \/ 40 pies y de cubo alto<\/li>\n<li> Rampas de 20 pies \/ 40 pies<\/li>\n<li> Plataformas de 20 pies \/ 40 pies<\/li>\n<li> Contenedores abiertos de 20 pies \/ 40 pies<\/li>\n<\/ul>\n<h2>Mediterranean Shipping Company (MSC)<\/h2>\n<p>Mediterranean Shipping Company es una empresa privada de \u00e1mbito mundial <a href=\"https:\/\/moverdb.com\/es\/empresas-de-transporte\/\">empresa de transporte internacional<\/a> que funciona desde hace m\u00e1s de 40 a\u00f1os. Fue fundada en N\u00e1poles por Gianluigi Aponte y sigue siendo dirigida por la familia Aponte. Su sede mundial est\u00e1 en <a href=\"https:\/\/moverdb.com\/es\/moving-to-switzerland\/moving-to-geneva\/\" data-internallinksmanager029f6b8e52c=\"416\" title=\"\u00bfSe muda a Ginebra? 2026 Coste de la vida y consejos para el traslado\">Ginebra<\/a> y cuenta con 480 oficinas en 150 pa\u00edses y m\u00e1s de 60.000 empleados en todo el mundo.<\/p>\n<p>La flota de MSC consta de 500 buques portacontenedores con una capacidad de unos 3,0 millones de TEU. Cada a\u00f1o, la compa\u00f1\u00eda hace escala en 315 puertos de todo el mundo, entregando cargas de todo tipo.<\/p>\n<p>Mediterranean Shipping Company cuenta con las siguientes acreditaciones y afiliaciones:<\/p>\n<ul>\n<li> Seguridad de la vida en el mar (SOLAS)<\/li>\n<li> Asociaci\u00f3n Internacional de Transporte A\u00e9reo y Mar\u00edtimo (IASA)<\/li>\n<li> <a href=\"https:\/\/moverdb.com\/es\/camara-de-comercio-internacional\/\">La C\u00e1mara Naviera Internacional<\/a> (<a href=\"https:\/\/moverdb.com\/es\/international-chamber-shipping\/\" data-internallinksmanager029f6b8e52c=\"78\" title=\"La C\u00e1mara Naviera Internacional (ICS) explicada\">ICS<\/a>)<\/li>\n<li> La Federaci\u00f3n de Asociaciones Nacionales de Agentes y Corredores de Buques (FONASBA)<\/li>\n<\/ul>\n<p><strong>Rese\u00f1as de Mediterranean Shipping Company<\/strong><\/p>\n<p><em>En el momento de escribir este art\u00edculo no hemos podido encontrar ninguna opini\u00f3n sobre los servicios de transporte de Mediterranean Shipping Company en l\u00ednea.<\/em> <\/p>\n<div itemprop=\"review\" itemscope itemtype=\"http:\/\/schema.org\/Review\">\n<strong><span itemprop=\"author\" itemscope=\"\" itemtype=\"http:\/\/schema.org\/Organization\"><span itemprop=\"name\">MoverDB.com<\/span><\/span> Revisi\u00f3n del sitio web en l\u00ednea para <span itemprop=\"itemreviewed\" itemscope=\"\" itemtype=\"http:\/\/schema.org\/Brand\"><span itemprop=\"name\">Compa\u00f1\u00eda naviera del Mediterr\u00e1neo<\/span><\/span>:<\/strong><\/p>\n<ol>\n<li> Datos de contacto claros en el sitio web (incluido el n\u00famero de tel\u00e9fono): <strong>S\u00ed<\/strong><\/li>\n<li> F\u00e1cil de conseguir <a href=\"https:\/\/moverdb.com\/es\/container-shipping\/\" data-internallinksmanager029f6b8e52c=\"3\" title=\"Tabla de tarifas de transporte mar\u00edtimo internacional de contenedores: Abril 2026\">env\u00edos internacionales<\/a> \u00bfpresupuestos? (Formulario de solicitud de presupuesto en l\u00ednea): <strong>S\u00ed<\/strong><\/li>\n<li> Informaci\u00f3n clara en el sitio web: <strong>S\u00ed,<\/strong> El sitio web tiene una gran cantidad de informaci\u00f3n sobre env\u00edos internacionales.<\/li>\n<li> Pertenencia a organizaciones mar\u00edtimas internacionales reconocidas: <strong>S\u00ed<\/strong>.<\/li>\n<li> Lista de clientes y\/o testimonios de clientes anteriores. <strong>S\u00ed,<\/strong> tienen un n\u00famero limitado de casos pr\u00e1cticos en su p\u00e1gina web.<\/li>\n<\/ol>\n<div itemprop=\"reviewRating\" itemscope itemtype=\"http:\/\/schema.org\/Rating\"><meta itemprop=\"worstRating\" content = \"0\" \/><meta itemprop=\"bestRating\" content=\"5\" \/><meta itemprop=\"ratingValue\" content=\"5\"><\/div>\n<p><strong>Puntuaci\u00f3n global: 5\/5<\/strong><br \/>\n<strong>Fecha de revisi\u00f3n:<\/strong> <span itemprop=\"datePublished\" content=\"2017-04-21\">21\/04\/2017<\/span>\n<\/div>\n<p>M\u00e1s sobre otros <a href=\"https:\/\/moverdb.com\/es\/empresas-de-transporte\/\">empresas de transporte internacional<\/a>, <a href=\"https:\/\/moverdb.com\/es\/transporte-de-contenedores\/\">tarifas de env\u00edo de contenedores<\/a> y nuestro <a href=\"https:\/\/moverdb.com\/es\/resenas\/\">proceso de revisi\u00f3n<\/a>.<\/p>\n<p><strong>P\u00e1gina web:<\/strong> <a href=\"https:\/\/www.msc.com\/\" target=\"_blank\" rel=\"noopener\">https:\/\/www.msc.com\/<\/a><\/p>","protected":false},"excerpt":{"rendered":"<p>Mediterranean Shipping Company (MSC) offers its customers a wide range of shipping and other services. These are listed below, together with a company profile and reviews. International Shipping Dry Cargo Standard 20ft, 40ft or 40ft high cube containers Oversized and breakbulk cargo Weekly and regular shipping services to global destinations Customs clearance and documentation Reefer [&hellip;]<\/p>\n","protected":false},"author":1,"featured_media":0,"parent":0,"menu_order":0,"comment_status":"closed","ping_status":"closed","template":"","meta":{"_genesis_hide_title":false,"_genesis_hide_breadcrumbs":false,"_genesis_hide_singular_image":false,"_genesis_hide_footer_widgets":false,"_genesis_custom_body_class":"","_genesis_custom_post_class":"","_genesis_layout":"","footnotes":""},"class_list":{"0":"post-1578","1":"page","2":"type-page","3":"status-publish","5":"entry"},"_links":{"self":[{"href":"https:\/\/moverdb.com\/es\/wp-json\/wp\/v2\/pages\/1578","targetHints":{"allow":["GET"]}}],"collection":[{"href":"https:\/\/moverdb.com\/es\/wp-json\/wp\/v2\/pages"}],"about":[{"href":"https:\/\/moverdb.com\/es\/wp-json\/wp\/v2\/types\/page"}],"author":[{"embeddable":true,"href":"https:\/\/moverdb.com\/es\/wp-json\/wp\/v2\/users\/1"}],"replies":[{"embeddable":true,"href":"https:\/\/moverdb.com\/es\/wp-json\/wp\/v2\/comments?post=1578"}],"version-history":[{"count":6,"href":"https:\/\/moverdb.com\/es\/wp-json\/wp\/v2\/pages\/1578\/revisions"}],"predecessor-version":[{"id":13177,"href":"https:\/\/moverdb.com\/es\/wp-json\/wp\/v2\/pages\/1578\/revisions\/13177"}],"wp:attachment":[{"href":"https:\/\/moverdb.com\/es\/wp-json\/wp\/v2\/media?parent=1578"}],"curies":[{"name":"wp","href":"https:\/\/api.w.org\/{rel}","templated":true}]}}