{"id":1570,"date":"2017-02-24T09:05:40","date_gmt":"2017-02-24T09:05:40","guid":{"rendered":"http:\/\/moverdb.com\/?page_id=1570"},"modified":"2026-01-08T15:20:24","modified_gmt":"2026-01-08T15:20:24","slug":"mudanzas-gou","status":"publish","type":"page","link":"https:\/\/moverdb.com\/es\/mudanzas-gou\/","title":{"rendered":"Mudanzas Gou - Rese\u00f1as de mudanzas internacionales"},"content":{"rendered":"<p>Mudanzas Gou es un mexicano <a href=\"https:\/\/moverdb.com\/es\/moving-companies\/\" data-internallinksmanager029f6b8e52c=\"79\" title=\"Las 25 mejores empresas de mudanzas internacionales en l\u00ednea\">empresa de mudanzas<\/a> que ofrece a sus clientes una amplia gama de servicios que se enumeran a continuaci\u00f3n, junto con un perfil de la empresa y rese\u00f1as.<\/p>\n<p><strong>Mudanzas internacionales<\/strong><\/p>\n<ul>\n<li> De puerta a puerta<\/li>\n<li> Servicio de embalaje completo, embalaje fr\u00e1gil o de bricolaje<\/li>\n<li> Desmontaje y montaje de muebles<\/li>\n<li> Despacho de aduanas y asistencia con la documentaci\u00f3n<\/li>\n<li> Seguro contratado<\/li>\n<li> Servicio de desembalaje disponible<\/li>\n<li> Almacenamiento a corto y largo plazo disponible<\/li>\n<\/ul>\n<p><strong>Mudanzas nacionales y de larga distancia<\/strong><\/p>\n<ul>\n<li> De puerta a puerta<\/li>\n<li> Servicio de embalaje completo, embalaje fr\u00e1gil o de bricolaje<\/li>\n<li> Desmontaje y montaje de muebles<\/li>\n<li> Seguro contratado<\/li>\n<li> Servicio de desembalaje disponible<\/li>\n<li> Almacenamiento a corto y largo plazo disponible<\/li>\n<\/ul>\n<p><strong>Mudanzas comerciales<\/strong><\/p>\n<ul>\n<li> Mudanza fuera de horario<\/li>\n<li> Plan log\u00edstico<\/li>\n<li> Mudanza de TI<\/li>\n<li> Desmontaje y montaje de todo el mobiliario<\/li>\n<\/ul>\n<p><strong>Transportes y env\u00edos especiales<\/strong><\/p>\n<ul>\n<li> <a href=\"https:\/\/moverdb.com\/es\/transporte-embarque-de-coches\/\">Autom\u00f3viles<\/a><\/li>\n<li> Furgonetas<\/li>\n<li> Motos<\/li>\n<li> Veh\u00edculos blindados<\/li>\n<li> Veh\u00edculos de recogida<\/li>\n<li> Maquinaria variada<\/li>\n<li> Barcos de motor<\/li>\n<li> Barcos de vela<\/li>\n<li> Suministros m\u00e9dicos y hospitales<\/li>\n<li> Instituciones educativas<\/li>\n<li> Arte y antig\u00fcedades<\/li>\n<li> Equipos especializados<\/li>\n<\/ul>\n<p><strong>Almacenamiento<\/strong><\/p>\n<ul>\n<li> A largo y corto plazo<\/li>\n<li> Seguridad 24\/7<\/li>\n<li> Sistema de inventario<\/li>\n<li> Climatizaci\u00f3n disponible<\/li>\n<li> Control de plagas<\/li>\n<li> Sistema contra incendios<\/li>\n<li> Almacenamiento de archivos<\/li>\n<\/ul>\n<h2>Perfil de la empresa Mudanzas Gou<\/h2>\n<p>Mudanzas Gou es una de las m\u00e1s antiguas <a href=\"https:\/\/moverdb.com\/es\/moving-companies\/moving-companies-mexico\/\" data-internallinksmanager029f6b8e52c=\"288\" title=\"18 Mejores Empresas de Mudanzas Internacionales en M\u00e9xico\">empresas de mudanzas en M\u00e9xico<\/a>donde comenz\u00f3 en 1900. Ahora tiene 10 oficinas en M\u00e9xico y v\u00ednculos con agentes de todo el mundo. Gou fue miembro fundador de <a href=\"https:\/\/moverdb.com\/es\/fidi-faim\/\" data-internallinksmanager029f6b8e52c=\"16\" title=\"Explicaci\u00f3n del FIDI y del FAIM (FIDI Accredited International Mover)\">FIDI<\/a>OMNI, <a href=\"https:\/\/moverdb.com\/es\/lacma\/\" data-internallinksmanager029f6b8e52c=\"28\" title=\"Asociaci\u00f3n de empresas de mudanzas internacionales de Am\u00e9rica Latina y el Caribe (LACMA)\">LACMA<\/a>, AMI y <a href=\"https:\/\/moverdb.com\/es\/amsa\/\" data-internallinksmanager029f6b8e52c=\"5\" title=\"Explicaci\u00f3n de la Asociaci\u00f3n Americana de Mudanzas y Almacenamiento (AMSA)\">AMSA<\/a>.<\/p>\n<p>Gou se enorgullece de su servicio personal e insiste en hablar con cada cliente cara a cara para darle el mejor servicio posible. Todos sus veh\u00edculos tienen seguimiento por sat\u00e9lite y son cargados y conducidos por su propio personal.<\/p>\n<p>Mudanzas Gou tiene las siguientes acreditaciones y afiliaciones:<\/p>\n<ul>\n<li> <a href=\"https:\/\/moverdb.com\/es\/fidi-faim\/\">Federaci\u00f3n Internacional de Empresarios Internacionales<\/a> (FIDI)<\/li>\n<li> Red Internacional de Mudanzas en el Extranjero (OMNI)<\/li>\n<li> <a href=\"https:\/\/moverdb.com\/es\/lacma\/\">Asociaci\u00f3n de empresas de mudanzas internacionales de Am\u00e9rica Latina y el Caribe<\/a> (LACMA)<\/li>\n<li> <a href=\"https:\/\/moverdb.com\/es\/hgfaa\/\">Asociaci\u00f3n de Transitarios de Am\u00e9rica (Household Goods Forwarders Association of America)<\/a> (HHGFA)<\/li>\n<li> <a href=\"https:\/\/moverdb.com\/es\/amsa\/\" target=\"_blank\" rel=\"noopener\">Asociaci\u00f3n Americana de Mudanzas y Almacenamiento<\/a> (AMSA)<\/li>\n<li> Asociaci\u00f3n Panamericana de Mudanzas Internacionales (PAIMA)<\/li>\n<li> <a href=\"https:\/\/moverdb.com\/es\/fidi-faim\/\">FAIM<\/a><\/li>\n<li> Asociaci\u00f3n aduanera y comercial contra el terrorismo (C-PAT)<\/li>\n<\/ul>\n<h2>Rese\u00f1as de Mudanzas Gou<\/h2>\n<p>No pudimos encontrar ninguna rese\u00f1a en ingl\u00e9s para Mudanzas Gou en l\u00ednea, ni parece que tengan testimonios de clientes en el sitio.<\/p>\n<div itemprop=\"review\" itemscope itemtype=\"http:\/\/schema.org\/Review\">\n<span itemprop=\"author\" itemscope=\"\" itemtype=\"http:\/\/schema.org\/Organization\"><span itemprop=\"name\">MoverDB.com<\/span><\/span> Revisi\u00f3n del sitio web en l\u00ednea para <span itemprop=\"itemreviewed\" itemscope=\"\" itemtype=\"http:\/\/schema.org\/Brand\"><span itemprop=\"name\">Mudanzas Gou<\/span><\/span>:<\/p>\n<ol>\n<li> Datos de contacto claros en el sitio web (incluido el n\u00famero de tel\u00e9fono): <strong>S\u00ed<\/strong><\/li>\n<li> F\u00e1cil de conseguir <a href=\"https:\/\/moverdb.com\/es\/citas\/\">presupuestos de mudanzas<\/a>? (Formulario de solicitud de presupuesto en l\u00ednea): <strong>S\u00ed<\/strong><\/li>\n<li> Informaci\u00f3n clara en el sitio web: <strong>S\u00ed,<\/strong> Aunque es b\u00e1sico, describe sus servicios tanto en ingl\u00e9s como en espa\u00f1ol.<\/li>\n<li> Pertenencia a organizaciones de mudanzas reconocidas internacionalmente: <strong>S\u00ed<\/strong>, (muchos ver arriba)<\/li>\n<li> Lista de clientes y\/o testimonios de clientes anteriores: <strong>No,<\/strong> no pudimos encontrar ninguna rese\u00f1a o testimonio de clientes.<\/li>\n<\/ol>\n<div itemprop=\"reviewRating\" itemscope itemtype=\"http:\/\/schema.org\/Rating\"><meta itemprop=\"worstRating\" content = \"0\" \/><meta itemprop=\"bestRating\" content=\"5\" \/><meta itemprop=\"ratingValue\" content=\"4\"><\/div>\n<p><strong>Puntuaci\u00f3n global: 4\/5<\/strong><br \/>\n<strong>Fecha de revisi\u00f3n:<\/strong> <span itemprop=\"datePublished\" content=\"2017-02-24\">24\/02\/2017<\/span>\n<\/div>\n<p>M\u00e1s informaci\u00f3n <a href=\"https:\/\/moverdb.com\/es\/empresas-de-mudanzas\/\">empresas de mudanzas internacionales<\/a> y nuestro <a href=\"https:\/\/moverdb.com\/es\/resenas\/\">proceso de revisi\u00f3n<\/a>.<\/p>\n<p><strong>P\u00e1ginas web:<\/strong> Espa\u00f1ol: <a href=\"http:\/\/www.mudanzasgou.com.mx\/\" target=\"_blank\" rel=\"noopener\">http:\/\/www.mudanzasgou.com.mx\/<\/a> Ingl\u00e9s: <a href=\"http:\/\/www.mudanzasgou.com\/\" target=\"_blank\" rel=\"noopener\">http:\/\/www.mudanzasgou.com\/<\/a><\/p>","protected":false},"excerpt":{"rendered":"<p>Mudanzas Gou is a Mexican moving company which offers its clients a wide range of services which are listed below, together with a company profile and reviews. International Moves Door to door Full packing service, fragile packing or DIY packing Disassembly and reassembly of furniture Customs clearance and assistance with documentation Insurance arranged Unpacking service [&hellip;]<\/p>\n","protected":false},"author":1,"featured_media":0,"parent":0,"menu_order":0,"comment_status":"closed","ping_status":"closed","template":"","meta":{"_genesis_hide_title":false,"_genesis_hide_breadcrumbs":false,"_genesis_hide_singular_image":false,"_genesis_hide_footer_widgets":false,"_genesis_custom_body_class":"","_genesis_custom_post_class":"","_genesis_layout":"","footnotes":""},"class_list":{"0":"post-1570","1":"page","2":"type-page","3":"status-publish","5":"entry"},"_links":{"self":[{"href":"https:\/\/moverdb.com\/es\/wp-json\/wp\/v2\/pages\/1570","targetHints":{"allow":["GET"]}}],"collection":[{"href":"https:\/\/moverdb.com\/es\/wp-json\/wp\/v2\/pages"}],"about":[{"href":"https:\/\/moverdb.com\/es\/wp-json\/wp\/v2\/types\/page"}],"author":[{"embeddable":true,"href":"https:\/\/moverdb.com\/es\/wp-json\/wp\/v2\/users\/1"}],"replies":[{"embeddable":true,"href":"https:\/\/moverdb.com\/es\/wp-json\/wp\/v2\/comments?post=1570"}],"version-history":[{"count":4,"href":"https:\/\/moverdb.com\/es\/wp-json\/wp\/v2\/pages\/1570\/revisions"}],"predecessor-version":[{"id":6222,"href":"https:\/\/moverdb.com\/es\/wp-json\/wp\/v2\/pages\/1570\/revisions\/6222"}],"wp:attachment":[{"href":"https:\/\/moverdb.com\/es\/wp-json\/wp\/v2\/media?parent=1570"}],"curies":[{"name":"wp","href":"https:\/\/api.w.org\/{rel}","templated":true}]}}