{"id":1568,"date":"2017-02-01T16:22:03","date_gmt":"2017-02-01T16:22:03","guid":{"rendered":"http:\/\/moverdb.com\/?page_id=1568"},"modified":"2026-01-08T14:40:03","modified_gmt":"2026-01-08T14:40:03","slug":"leo-packers-movers","status":"publish","type":"page","link":"https:\/\/moverdb.com\/es\/leo-packers-movers\/","title":{"rendered":"Leo Packers and Movers - Rese\u00f1as de mudanzas internacionales"},"content":{"rendered":"<p>Leo Packers and Movers tiene su sede en Bangalore, <a href=\"https:\/\/moverdb.com\/es\/moving-to-india\/\" data-internallinksmanager029f6b8e52c=\"356\" title=\"\u00bfSe muda a la India? 2026 Coste de la vida y consejos para el traslado\">India<\/a>. La empresa ofrece a sus clientes una amplia gama de servicios que se enumeran a continuaci\u00f3n, junto con un perfil de empresa y rese\u00f1as.<\/p>\n<p><strong>Mudanzas internacionales<\/strong><\/p>\n<ul>\n<li> De puerta a puerta<\/li>\n<li> Puerta a la terminal<\/li>\n<li> Servicio de embalaje completo, art\u00edculos fr\u00e1giles o embalaje de bricolaje<\/li>\n<li> Desmontaje y montaje de muebles<\/li>\n<li> Servicio completo de desembalaje disponible<\/li>\n<li> Eliminaci\u00f3n de residuos<\/li>\n<li> Almacenamiento a corto y largo plazo disponible<\/li>\n<li> Despacho de aduanas y asistencia con la documentaci\u00f3n\".<\/li>\n<li> Carga a\u00e9rea<\/li>\n<li> Transporte mar\u00edtimo<\/li>\n<li> Seguro contratado<\/li>\n<\/ul>\n<p><strong>Mudanzas residenciales<\/strong><\/p>\n<ul>\n<li> De puerta a puerta<\/li>\n<li> Servicio de embalaje completo disponible<\/li>\n<li> Desmontaje y montaje de muebles<\/li>\n<li> Servicio de desembalaje disponible<\/li>\n<li> Eliminaci\u00f3n de residuos<\/li>\n<li> Veh\u00edculos en contenedores construidos a medida<\/li>\n<li> Almacenamiento a corto y largo plazo<\/li>\n<li> Seguro contratado<\/li>\n<\/ul>\n<p><strong>Traslado de empresas<\/strong><\/p>\n<ul>\n<li> Servicio puerta a puerta<\/li>\n<li> Desmontaje y montaje de muebles<\/li>\n<li> Servicio completo de embalaje<\/li>\n<li> Etiquetado correcto<\/li>\n<li> Instalaci\u00f3n de los puestos de trabajo<\/li>\n<li> Traslados fuera de horario y en fin de semana<\/li>\n<li> Eliminaci\u00f3n de residuos<\/li>\n<\/ul>\n<p><strong>Almacenamiento<\/strong><\/p>\n<ul>\n<li> Cabinas individuales hechas a medida<\/li>\n<li> Sin polvo, sin termitas, sin olores (control de plagas)<\/li>\n<li> Edificio RCC con instalaciones en el primer piso<\/li>\n<li> Almacenes propios<\/li>\n<li> Seguridad las 24 horas del d\u00eda<\/li>\n<li> Vigilancia<\/li>\n<\/ul>\n<h2>Perfil de la empresa Leo Packers and Movers<\/h2>\n<p>Leo Packers and Movers abri\u00f3 sus puertas en 1975 en Bangalore, India. La empresa sigue siendo dirigida por la familia fundadora, los Shah, y ahora cuenta con tres generaciones trabajando para ella. La empresa es una compa\u00f1\u00eda de reubicaci\u00f3n independiente y es conocida en la India como una de las principales empresas de mudanzas dom\u00e9sticas y corporativas, tanto a nivel local como regional e internacional.<\/p>\n<p>La empresa cree en fomentar y mantener una buena relaci\u00f3n con sus clientes. Saben que el coste es un factor importante y se esfuerzan por mantener los precios bajos, al tiempo que mantienen un servicio excelente. Leo Packers and Movers afirma que cada mudanza es diferente, por lo que cada traslado se personaliza para adaptarse al cliente.<\/p>\n<p>Leo Packers and Movers tiene las siguientes acreditaciones y afiliaciones: -<\/p>\n<ul>\n<li> No se menciona en el sitio web de la empresa<\/li>\n<\/ul>\n<h2>Opiniones de Leo Packers and Movers<\/h2>\n<p><strong>Positivo:<\/strong><\/p>\n<ul>\n<li> <em>\"Los miembros del equipo no s\u00f3lo se comportaron bien, sino que se ci\u00f1eron a su tarea y se concentraron y llevaron a cabo su trabajo con paciencia\".<\/em> rarami20000 v\u00eda <a href=\"http:\/\/www.mouthshut.com\/review\/Leo-Packers-and-Movers-Hyderabad-review-mmqtqrslsnm\" target=\"_blank\" rel=\"noopener\">MouthShut.com<\/a>\n<\/ul>\n<p><strong>Negativo:<\/strong><\/p>\n<ul>\n<li> <em>\"Esta gente es de lo peor, primero te quitan el dinero y despu\u00e9s no te hacen caso\".<\/em> subbu2001978 v\u00eda <a href=\"http:\/\/www.mouthshut.com\/review\/Leo-Packers-and-Movers-Hyderabad-review-sqtrrrmoqqm\" target=\"_blank\" rel=\"noopener\">MouthShut.com<\/a><\/li>\n<\/ul>\n<div itemprop=\"review\" itemscope itemtype=\"http:\/\/schema.org\/Review\">\n<span itemprop=\"author\" itemscope=\"\" itemtype=\"http:\/\/schema.org\/Organization\"><span itemprop=\"name\">MoverDB.com<\/span><\/span> Revisi\u00f3n del sitio web en l\u00ednea para <span itemprop=\"itemreviewed\" itemscope=\"\" itemtype=\"http:\/\/schema.org\/Brand\"><span itemprop=\"name\">Embaladores y Mudanzas Leo<\/span><\/span>:<\/p>\n<ol>\n<li> Datos de contacto claros en el sitio web (incluido el n\u00famero de tel\u00e9fono): <strong>S\u00ed<\/strong><\/li>\n<li> F\u00e1cil de conseguir <a href=\"https:\/\/moverdb.com\/es\/citas\/\">presupuestos de mudanzas internacionales<\/a>? (Formulario de solicitud de presupuesto en l\u00ednea): <strong>S\u00ed<\/strong><\/li>\n<li> Informaci\u00f3n clara en el sitio web: <strong>Limitado<\/strong> el sitio web s\u00f3lo ofrece informaci\u00f3n limitada sobre sus servicios.<\/li>\n<li> Pertenencia a organizaciones de mudanzas reconocidas internacionalmente: <strong>No est\u00e1 en la lista<\/strong><\/li>\n<li> Lista de clientes y\/o testimonios de clientes anteriores. <strong>No,<\/strong> pero tienen una galer\u00eda de fotos.<\/li>\n<\/ol>\n<div itemprop=\"reviewRating\" itemscope itemtype=\"http:\/\/schema.org\/Rating\"><meta itemprop=\"worstRating\" content = \"0\" \/><meta itemprop=\"bestRating\" content=\"5\" \/><meta itemprop=\"ratingValue\" content=\"3\"><\/div>\n<p><strong>Puntuaci\u00f3n global: 3\/5<\/strong><br \/>\n<strong>Fecha de revisi\u00f3n:<\/strong> <span itemprop=\"datePublished\" content=\"2017-02-01\">01\/02\/2017<\/span>\n<\/div>\n<p>M\u00e1s informaci\u00f3n <a href=\"https:\/\/moverdb.com\/es\/empresas-de-mudanzas\/\">empresas de mudanzas internacionales<\/a> y nuestro <a href=\"https:\/\/moverdb.com\/es\/resenas\/\">proceso de revisi\u00f3n<\/a>.<\/p>\n<p><strong>P\u00e1gina web:<\/strong> <a href=\"http:\/\/www.leopackersindia.com\/\" target=\"_blank\" rel=\"noopener\">http:\/\/www.leopackersindia.com\/<\/a><\/p>","protected":false},"excerpt":{"rendered":"<p>Leo Packers and Movers is based in Bangalore, India. The company offers its customers a wide range of services which are listed below, together with a company profile and reviews. International Moves Door to door Door to terminal Full packing service, fragile items or DIY packing Dismantling and reassembly of furniture Full unpacking service available [&hellip;]<\/p>\n","protected":false},"author":1,"featured_media":0,"parent":0,"menu_order":0,"comment_status":"closed","ping_status":"closed","template":"","meta":{"_genesis_hide_title":false,"_genesis_hide_breadcrumbs":false,"_genesis_hide_singular_image":false,"_genesis_hide_footer_widgets":false,"_genesis_custom_body_class":"","_genesis_custom_post_class":"","_genesis_layout":"","footnotes":""},"class_list":{"0":"post-1568","1":"page","2":"type-page","3":"status-publish","5":"entry"},"_links":{"self":[{"href":"https:\/\/moverdb.com\/es\/wp-json\/wp\/v2\/pages\/1568","targetHints":{"allow":["GET"]}}],"collection":[{"href":"https:\/\/moverdb.com\/es\/wp-json\/wp\/v2\/pages"}],"about":[{"href":"https:\/\/moverdb.com\/es\/wp-json\/wp\/v2\/types\/page"}],"author":[{"embeddable":true,"href":"https:\/\/moverdb.com\/es\/wp-json\/wp\/v2\/users\/1"}],"replies":[{"embeddable":true,"href":"https:\/\/moverdb.com\/es\/wp-json\/wp\/v2\/comments?post=1568"}],"version-history":[{"count":3,"href":"https:\/\/moverdb.com\/es\/wp-json\/wp\/v2\/pages\/1568\/revisions"}],"predecessor-version":[{"id":13170,"href":"https:\/\/moverdb.com\/es\/wp-json\/wp\/v2\/pages\/1568\/revisions\/13170"}],"wp:attachment":[{"href":"https:\/\/moverdb.com\/es\/wp-json\/wp\/v2\/media?parent=1568"}],"curies":[{"name":"wp","href":"https:\/\/api.w.org\/{rel}","templated":true}]}}