{"id":1558,"date":"2017-07-10T10:38:01","date_gmt":"2017-07-10T10:38:01","guid":{"rendered":"http:\/\/moverdb.com\/?page_id=1558"},"modified":"2026-01-08T15:20:30","modified_gmt":"2026-01-08T15:20:30","slug":"packimpex","status":"publish","type":"page","link":"https:\/\/moverdb.com\/es\/packimpex\/","title":{"rendered":"Packimpex - Rese\u00f1as sobre mudanzas internacionales"},"content":{"rendered":"<p>Packimpex es una empresa de reubicaci\u00f3n y <a href=\"https:\/\/moverdb.com\/es\/international-removals\/\" data-internallinksmanager029f6b8e52c=\"27\" title=\"36 mejores empresas de mudanzas internacionales del Reino Unido\">empresa de mudanzas<\/a> con sede en <a href=\"https:\/\/moverdb.com\/es\/moving-to-bern\/\" data-internallinksmanager029f6b8e52c=\"262\" title=\"\u00bfSe muda a Berna? 2026 Coste de la vida y consejos para el traslado\">Berna<\/a>, <a href=\"https:\/\/moverdb.com\/es\/moving-to-switzerland\/\" data-internallinksmanager029f6b8e52c=\"327\" title=\"\u00bfSe muda a Suiza? 2026 Coste de la vida y consejos para el traslado\">Suiza<\/a>. Ofrece a sus clientes una serie de servicios que se enumeran a continuaci\u00f3n, junto con un perfil de empresa y rese\u00f1as.<\/p>\n<p><strong>Mudanzas internacionales<\/strong><\/p>\n<ul>\n<li> Gestor de mudanzas dedicado<\/li>\n<li> Servicio de embalaje completo, parcial o de bricolaje<\/li>\n<li> Embaladores multiling\u00fces<\/li>\n<li> Embalaje reutilizable y reciclable siempre que sea posible<\/li>\n<li> Transporte a\u00e9reo, por carretera o mar\u00edtimo<\/li>\n<li> Traslado de mascotas<\/li>\n<li> <a href=\"https:\/\/moverdb.com\/es\/transporte-embarque-de-coches\/\">Coches<\/a><\/li>\n<li> Almacenamiento a corto y largo plazo<\/li>\n<li> Asistencia en el despacho de aduanas y la documentaci\u00f3n<\/li>\n<li> Servicio completo de desembalaje disponible<\/li>\n<li> Seguro contratado<\/li>\n<\/ul>\n<p><strong>Servicios en destino - Suiza<\/strong><\/p>\n<ul>\n<li> Consultor\u00eda<\/li>\n<li> Servicios de inmigraci\u00f3n<\/li>\n<li> Visita de orientaci\u00f3n<\/li>\n<li> Servicio de llegada<\/li>\n<li> Alojamiento temporal concertado<\/li>\n<li> B\u00fasqueda en el hogar<\/li>\n<li> Ayuda a la educaci\u00f3n y al cuidado de los ni\u00f1os<\/li>\n<li> Instalaci\u00f3n de los servicios<\/li>\n<li> Programa de apoyo a la integraci\u00f3n<\/li>\n<li> Coches: importaci\u00f3n o compra<\/li>\n<li> Movimientos de grupo<\/li>\n<li> Servicios de salida<\/li>\n<\/ul>\n<p><strong>Servicios corporativos de vivienda<\/strong><\/p>\n<ul>\n<li> Gesti\u00f3n de reservas<\/li>\n<li> Gesti\u00f3n de apartamentos<\/li>\n<li> Gesti\u00f3n de gastos<\/li>\n<li> Apoyo al cambio de inquilino<\/li>\n<li> Puesta en com\u00fan de apartamentos para empresas<\/li>\n<li> Alquiler de muebles<\/li>\n<li> Gesti\u00f3n del mobiliario<\/li>\n<li> Apartamentos amueblados de Packimpex<\/li>\n<\/ul>\n<p><strong>Mudanzas locales<\/strong><\/p>\n<ul>\n<li> De puerta a puerta<\/li>\n<li> Servicio completo de mudanza<\/li>\n<li> Movimiento de servicio limitado<\/li>\n<li> Almacenamiento a corto y largo plazo<\/li>\n<li> Servicio de desembalaje disponible<\/li>\n<li> Seguro proporcionado<\/li>\n<li> Eliminaci\u00f3n de residuos<\/li>\n<\/ul>\n<h2>Perfil de la empresa Packimpex<\/h2>\n<p>Packimpex empez\u00f3 a concentrarse en mudanzas internacionales en 1977 y ahora es la empresa precursora en mudanzas y traslados internacionales en Suiza. La empresa cuenta con diez oficinas en distintos lugares de Suiza y una en <a href=\"https:\/\/moverdb.com\/es\/moving-to-germany\/\" data-internallinksmanager029f6b8e52c=\"321\" title=\"\u00bfSe muda a Alemania? 2026 Coste de la vida y consejos para el traslado\">Alemania<\/a>. Packimpex cuenta con m\u00e1s de 300 empleados, todos ellos expertos en su campo. La empresa cuenta con su propia academia de formaci\u00f3n para mantenerse al d\u00eda de las \u00faltimas innovaciones en el sector de los traslados y las mudanzas.<\/p>\n<p>M\u00e1s de 60% de las 100 principales empresas de Suiza utilizan Packimpex para sus mudanzas locales y traslados de personal. Packimpex forma parte de la red UniGroup Relocation Network, que le da acceso a empresas de mudanzas en 63 pa\u00edses y 1.200 localidades. La empresa tambi\u00e9n posee 40 apartamentos amueblados en las principales ciudades de Suiza que se alquilan a empresas y a su personal en el extranjero.<\/p>\n<p>Packimpex se enorgullece de su modelo de negocio respetuoso con el medio ambiente y recicla sus envases siempre que es posible. Tiene varios proyectos de compensaci\u00f3n de carbono en marcha en todo momento para reducir la huella de carbono de la empresa.<\/p>\n<p>Packimpex cuenta con las siguientes acreditaciones y afiliaciones:<\/p>\n<ul>\n<li> <a href=\"https:\/\/moverdb.com\/es\/fidi-faim\/\">FIDI<\/a><\/li>\n<li> <a href=\"https:\/\/moverdb.com\/es\/fidi-faim\/\" data-internallinksmanager029f6b8e52c=\"16\" title=\"Explicaci\u00f3n del FIDI y del FAIM (FIDI Accredited International Mover)\">FAIM<\/a>-ISO<\/li>\n<li> Red de reubicaci\u00f3n de UniGroup<\/li>\n<li> OMNI<\/li>\n<li> <a href=\"https:\/\/moverdb.com\/es\/consejo-de-reubicacion-de-empleados\/\">Consejo de Reubicaci\u00f3n Laboral<\/a> (<a href=\"https:\/\/moverdb.com\/es\/employee-relocation-council\/\" data-internallinksmanager029f6b8e52c=\"83\" title=\"Explicaci\u00f3n del Consejo Mundial de Reubicaci\u00f3n de Empleados (ERC)\">ERC<\/a>)<\/li>\n<li> <a href=\"https:\/\/moverdb.com\/es\/eura\/\">Asociaci\u00f3n Europea de Reubicaci\u00f3n<\/a> (<a href=\"https:\/\/moverdb.com\/es\/eura\/\" data-internallinksmanager029f6b8e52c=\"13\" title=\"La Asociaci\u00f3n Europea de Reubicaci\u00f3n (EuRA) explicada\">EURA<\/a>)<\/li>\n<li> ISO 9001<\/li>\n<li> ISO 14001<\/li>\n<li> ISO 27001<\/li>\n<\/ul>\n<h2>Rese\u00f1as de Packimpex<\/h2>\n<p><strong>Positivo:<\/strong><\/p>\n<p><em>\"Estos chicos fueron geniales. No tengo ni idea de la <a href=\"https:\/\/moverdb.com\/es\/gastos-de-mudanza\/\" target=\"_blank\" rel=\"noopener\">costo<\/a> ya que la empresa se encarg\u00f3 de ello, pero el cuidado que tuvieron al embalar mi casa en <a href=\"https:\/\/moverdb.com\/es\/moving-to-london\/\" target=\"_blank\" rel=\"noopener\">Londres<\/a> y el cuidado que tuvieron al volver a montar todo en este lado fue genial\".<\/em> - a trav\u00e9s de <a href=\"https:\/\/www.englishforum.ch\/housing-general\/131431-packimpex-review.html\" target=\"_blank\" rel=\"noopener\">Foro Ingl\u00e9s Suiza<\/a><\/p>\n<p><strong>Negativo: <\/strong><\/p>\n<p><em>\"Manejo extremadamente pobre de los arreglos de salida\"<\/em> - Anu v\u00eda <a href=\"https:\/\/www.facebook.com\/pg\/packimpex\/reviews\/?ref=page_internal\" target=\"_blank\" rel=\"noopener\">Facebook<\/a><\/p>\n<div itemprop=\"review\" itemscope itemtype=\"http:\/\/schema.org\/Review\">\n<span itemprop=\"author\" itemscope=\"\" itemtype=\"http:\/\/schema.org\/Organization\"><span itemprop=\"name\">MoverDB.com<\/span><\/span> Revisi\u00f3n del sitio web en l\u00ednea para <span itemprop=\"itemreviewed\" itemscope=\"\" itemtype=\"http:\/\/schema.org\/Brand\"><span itemprop=\"name\">Packimpex<\/span><\/span>:<\/p>\n<ol>\n<li> Datos de contacto claros en el sitio web (incluido el n\u00famero de tel\u00e9fono): <strong>S\u00ed<\/strong><\/li>\n<li> F\u00e1cil de conseguir <a href=\"https:\/\/moverdb.com\/es\/citas\/\">presupuestos de mudanzas internacionales<\/a>? (Formulario de solicitud de presupuesto en l\u00ednea): <strong>S\u00ed<\/strong><\/li>\n<li> Informaci\u00f3n clara en el sitio web: <strong>S\u00ed,<\/strong> El sitio web expone claramente todos los servicios que ofrecen.<\/li>\n<li> Pertenencia a organizaciones de mudanzas reconocidas internacionalmente: <strong>S\u00ed<\/strong>(v\u00e9ase m\u00e1s arriba)<\/li>\n<li> Lista de clientes y\/o testimonios de clientes anteriores. <strong>No,<\/strong> pero la mayor\u00eda de los comentarios en l\u00ednea sobre la empresa parecen ser positivos.<\/li>\n<\/ol>\n<div itemprop=\"reviewRating\" itemscope itemtype=\"http:\/\/schema.org\/Rating\"><meta itemprop=\"worstRating\" content = \"0\" \/><meta itemprop=\"bestRating\" content=\"5\" \/><meta itemprop=\"ratingValue\" content=\"4.5\"><\/div>\n<p><strong>Puntuaci\u00f3n global: 4,5\/5<\/strong><br \/>\n<strong>Fecha de revisi\u00f3n:<\/strong> <span itemprop=\"datePublished\" content=\"2017-07-10\">10\/07\/2017<\/span>\n<\/div>\n<p>M\u00e1s informaci\u00f3n <a href=\"https:\/\/moverdb.com\/es\/empresas-de-mudanzas\/\">empresas de mudanzas internacionales<\/a> y nuestro <a href=\"https:\/\/moverdb.com\/es\/resenas\/\">proceso de revisi\u00f3n explicado<\/a>.<\/p>\n<p><strong>P\u00e1gina web:<\/strong> <a href=\"http:\/\/www.packimpex.ch\/\" target=\"_blank\" rel=\"noopener\">http:\/\/www.packimpex.ch\/<\/a><\/p>","protected":false},"excerpt":{"rendered":"<p>Packimpex is a relocation and removal company based in Bern, Switzerland. It offers its clients a range of services which are listed below, together with a company profile and reviews. International Moves Dedicated move manager Full packing service, partial packing or DIY packing Multilingual packers Reusable and recyclable packing where possible Air, road or sea [&hellip;]<\/p>\n","protected":false},"author":1,"featured_media":0,"parent":0,"menu_order":0,"comment_status":"closed","ping_status":"closed","template":"","meta":{"_genesis_hide_title":false,"_genesis_hide_breadcrumbs":false,"_genesis_hide_singular_image":false,"_genesis_hide_footer_widgets":false,"_genesis_custom_body_class":"","_genesis_custom_post_class":"","_genesis_layout":"","footnotes":""},"class_list":{"0":"post-1558","1":"page","2":"type-page","3":"status-publish","5":"entry"},"_links":{"self":[{"href":"https:\/\/moverdb.com\/es\/wp-json\/wp\/v2\/pages\/1558","targetHints":{"allow":["GET"]}}],"collection":[{"href":"https:\/\/moverdb.com\/es\/wp-json\/wp\/v2\/pages"}],"about":[{"href":"https:\/\/moverdb.com\/es\/wp-json\/wp\/v2\/types\/page"}],"author":[{"embeddable":true,"href":"https:\/\/moverdb.com\/es\/wp-json\/wp\/v2\/users\/1"}],"replies":[{"embeddable":true,"href":"https:\/\/moverdb.com\/es\/wp-json\/wp\/v2\/comments?post=1558"}],"version-history":[{"count":4,"href":"https:\/\/moverdb.com\/es\/wp-json\/wp\/v2\/pages\/1558\/revisions"}],"predecessor-version":[{"id":6228,"href":"https:\/\/moverdb.com\/es\/wp-json\/wp\/v2\/pages\/1558\/revisions\/6228"}],"wp:attachment":[{"href":"https:\/\/moverdb.com\/es\/wp-json\/wp\/v2\/media?parent=1558"}],"curies":[{"name":"wp","href":"https:\/\/api.w.org\/{rel}","templated":true}]}}