{"id":1548,"date":"2017-02-01T15:00:53","date_gmt":"2017-02-01T15:00:53","guid":{"rendered":"http:\/\/moverdb.com\/?page_id=1548"},"modified":"2026-01-08T15:20:43","modified_gmt":"2026-01-08T15:20:43","slug":"sirva","status":"publish","type":"page","link":"https:\/\/moverdb.com\/es\/sirva\/","title":{"rendered":"SIRVA - Rese\u00f1as sobre mudanzas internacionales y traslados"},"content":{"rendered":"<p>SIRVA es una empresa global de reubicaci\u00f3n con sede en <a href=\"https:\/\/moverdb.com\/es\/moving-to-the-united-states\/moving-to-illinois\/\" data-internallinksmanager029f6b8e52c=\"401\" title=\"\u00bfMudarse a Illinois? 2026 Coste de la vida y consejos para la reubicaci\u00f3n\">Illinois<\/a>. Ofrece a sus clientes corporativos e individuales una variedad de servicios de mudanza. Estos se enumeran a continuaci\u00f3n junto con un perfil de la empresa y rese\u00f1as.<\/p>\n<p><strong>Mudanzas internacionales<\/strong><\/p>\n<ul>\n<li> Red mundial de recursos para mudanzas<\/li>\n<li> Siga su env\u00edo las 24 horas del d\u00eda, los 7 d\u00edas de la semana<\/li>\n<li> Inspecci\u00f3n de la casa para determinar las necesidades de embalaje, etc.<\/li>\n<li> Seguro contratado<\/li>\n<li> El coordinador personal le ayudar\u00e1 con la documentaci\u00f3n necesaria<\/li>\n<li> Embalaje y carga<\/li>\n<li> Despacho de aduanas<\/li>\n<li> Entrega y desembalaje<\/li>\n<li> Los l\u00edderes de la tripulaci\u00f3n de habla inglesa estar\u00e1n disponibles para ayudarle en la entrega<\/li>\n<li> Todos los art\u00edculos se descargar\u00e1n cuidadosamente y se cotejar\u00e1n con su lista de inventario y se colocar\u00e1n en las salas correctas<\/li>\n<li> Los objetos fr\u00e1giles, como el cristal y <a href=\"https:\/\/moverdb.com\/es\/moving-to-china\/\" data-internallinksmanager029f6b8e52c=\"357\" title=\"\u00bfSe muda a China? 2026 Coste de la vida y consejos para el traslado\">China<\/a>se desembalar\u00e1 sobre superficies planas<\/li>\n<li> Todo el material de embalaje y los restos ser\u00e1n retirados r\u00e1pidamente de su casa<\/li>\n<\/ul>\n<p><strong>Servicios de reubicaci\u00f3n de empresas<\/strong><\/p>\n<ul>\n<li> Instalaci\u00f3n de los servicios<\/li>\n<li> Visados y permisos de trabajo<\/li>\n<li> B\u00fasqueda de escuelas y viviendas<\/li>\n<li> Informaci\u00f3n cultural<\/li>\n<li> Asistencia a la pareja o al c\u00f3nyuge<\/li>\n<li> Embalaje especializado<\/li>\n<\/ul>\n<p><strong>Servicios de mudanza<\/strong><\/p>\n<ul>\n<li> Mudanza dom\u00e9stica<\/li>\n<li> Mudanza corporativa<\/li>\n<li> Traslado local<\/li>\n<li> Mudanza interestatal<\/li>\n<li> Mudanza internacional<\/li>\n<li> Plan de mudanza personal<\/li>\n<\/ul>\n<h2>Perfil de la empresa SIRVA<\/h2>\n<p>Sirva Inc se constituy\u00f3 en 1997 y es una empresa que presta servicios de mudanza y reubicaci\u00f3n a empresas y particulares. Opera en m\u00e1s de 170 pa\u00edses en m\u00e1s de 1.400 ciudades y sus marcas norteamericanas incluyen <a href=\"https:\/\/moverdb.com\/es\/allied-van-lines\/\">Allied Van Lines<\/a> y <a href=\"https:\/\/moverdb.com\/es\/north-american-van-lines\/\">North American Van Lines<\/a>.<\/p>\n<p>Sirva realiza unos 385.000 traslados al a\u00f1o en 43 pa\u00edses de todo el mundo. Entre ellos se encuentran clientes corporativos, as\u00ed como personal militar y gubernamental.<\/p>\n<p>Sirva cuenta con las siguientes acreditaciones y afiliaciones:<\/p>\n<ul>\n<li> <a href=\"https:\/\/moverdb.com\/es\/soy\/\">Asociaci\u00f3n Internacional de Empresas de Mudanzas<\/a> (<a href=\"https:\/\/moverdb.com\/es\/iam\/\" data-internallinksmanager029f6b8e52c=\"23\" title=\"Explicaci\u00f3n de la Asociaci\u00f3n Internacional de Empresas de Mudanzas (IAM)\">IAM<\/a>)<\/li>\n<\/ul>\n<h2>Rese\u00f1as de SIRVA<\/h2>\n<p><strong>Positivo:<\/strong><\/p>\n<ul>\n<li> <em>\"Mi esposo y yo tuvimos una experiencia maravillosa al usar la hipoteca Sirva para nuestra reciente reubicaci\u00f3n\".<\/em> Karlee v\u00eda <a href=\"https:\/\/www.reputada.com\/company\/sirva.com\" target=\"_blank\" rel=\"noopener\">Reputada<\/a>.\n<\/ul>\n<p><strong>Negativo:<\/strong><\/p>\n<ul>\n<li> <em>\"Para que mi respuesta no sea considerada como una \"difamaci\u00f3n\", me esforzar\u00e9 por describir lo que ocurri\u00f3, intentando utilizar el menor n\u00famero de palabras entusiastas posible\" <\/em> - Lilaora v\u00eda <a href=\"https:\/\/www.trulia.com\/voices\/Home_Selling\/Has_anyone_dealt_with_a_relocation_firm_called_SIR-29232\" target=\"_blank\" rel=\"noopener\">Trulia<\/a>.\n<\/ul>\n<p>Para las marcas de SIRVA tambi\u00e9n deber\u00eda leer <a href=\"https:\/\/moverdb.com\/es\/allied-van-lines\/\">Opiniones de Allied Van Lines<\/a> y <a href=\"https:\/\/moverdb.com\/es\/north-american-van-lines\/\">Opiniones de North American Van Lines<\/a>.<\/p>\n<div itemprop=\"review\" itemscope itemtype=\"http:\/\/schema.org\/Review\">\n<span itemprop=\"author\" itemscope=\"\" itemtype=\"http:\/\/schema.org\/Organization\"><span itemprop=\"name\">MoverDB.com<\/span><\/span> Revisi\u00f3n del sitio web en l\u00ednea para <span itemprop=\"itemreviewed\" itemscope=\"\" itemtype=\"http:\/\/schema.org\/Brand\"><span itemprop=\"name\">SIRVA<\/span><\/span>:<\/p>\n<ol>\n<li> Datos de contacto claros en el sitio web (incluido el n\u00famero de tel\u00e9fono): <strong>S\u00ed<\/strong><\/li>\n<li> F\u00e1cil de conseguir <a href=\"https:\/\/moverdb.com\/es\/citas\/\">presupuestos de mudanzas internacionales<\/a>? (Formulario de solicitud de presupuesto en l\u00ednea): <strong>S\u00ed<\/strong><\/li>\n<li> Informaci\u00f3n clara en el sitio web: <strong>S\u00ed,<\/strong> El sitio web expone claramente todos los servicios que ofrecen.<\/li>\n<li> Pertenencia a organizaciones de mudanzas reconocidas internacionalmente: <strong>S\u00ed<\/strong>(aunque s\u00f3lo IAM)<\/li>\n<li> Lista de clientes y\/o testimonios de clientes anteriores. <strong>S\u00ed,<\/strong> Tienen una secci\u00f3n de estudios de casos en su sitio web. Sin embargo, hay un n\u00famero limitado de opiniones en la web, la mayor\u00eda de las cuales son neutrales o negativas.<\/li>\n<\/ol>\n<div itemprop=\"reviewRating\" itemscope itemtype=\"http:\/\/schema.org\/Rating\"><meta itemprop=\"worstRating\" content = \"0\" \/><meta itemprop=\"bestRating\" content=\"5\" \/><meta itemprop=\"ratingValue\" content=\"4.5\"><\/div>\n<p><strong>Puntuaci\u00f3n global: 4,5\/5<\/strong><br \/>\n<strong>Fecha de revisi\u00f3n:<\/strong> <span itemprop=\"datePublished\" content=\"2016-02-01\">01\/02\/2017<\/span>\n<\/div>\n<p>M\u00e1s informaci\u00f3n <a href=\"https:\/\/moverdb.com\/es\/empresas-de-mudanzas\/\">mudanzas internacionales<\/a> y nuestro <a href=\"https:\/\/moverdb.com\/es\/resenas\/\">proceso de revisi\u00f3n<\/a>.<\/p>\n<p><strong>P\u00e1gina web:<\/strong> <a href=\"https:\/\/www.sirva.com\/\" target=\"_blank\" rel=\"noopener\">https:\/\/www.sirva.com\/<\/a> <\/p>","protected":false},"excerpt":{"rendered":"<p>SIRVA is a global relocation company with its head office in Illinois. It offers its corporate and individual clients a variety of moving services. These are listed below together with a company profile and reviews. International Moving Worldwide network of moving resources Track your shipment 24\/7 House survey to ascertain packing requirements etc Insurance arranged [&hellip;]<\/p>\n","protected":false},"author":1,"featured_media":0,"parent":0,"menu_order":0,"comment_status":"closed","ping_status":"closed","template":"","meta":{"_genesis_hide_title":false,"_genesis_hide_breadcrumbs":false,"_genesis_hide_singular_image":false,"_genesis_hide_footer_widgets":false,"_genesis_custom_body_class":"","_genesis_custom_post_class":"","_genesis_layout":"","footnotes":""},"class_list":{"0":"post-1548","1":"page","2":"type-page","3":"status-publish","5":"entry"},"_links":{"self":[{"href":"https:\/\/moverdb.com\/es\/wp-json\/wp\/v2\/pages\/1548","targetHints":{"allow":["GET"]}}],"collection":[{"href":"https:\/\/moverdb.com\/es\/wp-json\/wp\/v2\/pages"}],"about":[{"href":"https:\/\/moverdb.com\/es\/wp-json\/wp\/v2\/types\/page"}],"author":[{"embeddable":true,"href":"https:\/\/moverdb.com\/es\/wp-json\/wp\/v2\/users\/1"}],"replies":[{"embeddable":true,"href":"https:\/\/moverdb.com\/es\/wp-json\/wp\/v2\/comments?post=1548"}],"version-history":[{"count":5,"href":"https:\/\/moverdb.com\/es\/wp-json\/wp\/v2\/pages\/1548\/revisions"}],"predecessor-version":[{"id":6239,"href":"https:\/\/moverdb.com\/es\/wp-json\/wp\/v2\/pages\/1548\/revisions\/6239"}],"wp:attachment":[{"href":"https:\/\/moverdb.com\/es\/wp-json\/wp\/v2\/media?parent=1548"}],"curies":[{"name":"wp","href":"https:\/\/api.w.org\/{rel}","templated":true}]}}