{"id":1542,"date":"2017-02-01T16:45:14","date_gmt":"2017-02-01T16:45:14","guid":{"rendered":"http:\/\/moverdb.com\/?page_id=1542"},"modified":"2026-01-08T15:30:38","modified_gmt":"2026-01-08T15:30:38","slug":"vip-transporte","status":"publish","type":"page","link":"https:\/\/moverdb.com\/es\/vip-transport\/","title":{"rendered":"VIP Transport - Rese\u00f1as de mudanzas internacionales"},"content":{"rendered":"<p>La oficina central de VIP Transport est\u00e1 en Corona, CA. La empresa ofrece a sus clientes una variedad de servicios de mudanza que se enumeran a continuaci\u00f3n, junto con un perfil de la empresa y opiniones.<\/p>\n<p><strong>Mudanzas internacionales<\/strong><\/p>\n<p>Servicios de preasignaci\u00f3n<\/p>\n<ul>\n<li>Servicios de visado e inmigraci\u00f3n<\/li>\n<li>Viaje previo y orientaci\u00f3n de la zona<\/li>\n<li>Informaci\u00f3n sobre el pa\u00eds y la cultura<\/li>\n<\/ul>\n<p>Servicios de mudanza<\/p>\n<ul>\n<li>Planificaci\u00f3n previa a la mudanza<\/li>\n<li>Transporte de pertenencias<\/li>\n<li>Gesti\u00f3n de la mudanza<\/li>\n<li>Seguimiento del env\u00edo<\/li>\n<\/ul>\n<p>Servicios de destino internacional<\/p>\n<ul>\n<li>Formaci\u00f3n cultural y ling\u00fc\u00edstica<\/li>\n<li>Asistencia escolar<\/li>\n<li>Apoyo de la pareja\/del c\u00f3nyuge<\/li>\n<li>Instalaci\u00f3n en el servicio<\/li>\n<li>Asistencia a la salida<\/li>\n<\/ul>\n<p>Servicios de protecci\u00f3n<\/p>\n<ul>\n<li>Multiplicador de peso<\/li>\n<li>Inventario de alto valor<\/li>\n<li>Inventario valorado pormenorizadamente<\/li>\n<\/ul>\n<p>Ayuda a la vivienda<\/p>\n<ul>\n<li>Servicios de b\u00fasqueda de vivienda<\/li>\n<li>Alojamiento temporal<\/li>\n<li>Gesti\u00f3n de la propiedad y del arrendamiento<\/li>\n<\/ul>\n<p><strong>Reubicaci\u00f3n de viviendas<\/strong><\/p>\n<ul>\n<li>Mudanzas locales, de larga distancia e internacionales<\/li>\n<li>Almacenamiento y climatizaci\u00f3n<\/li>\n<li>Embalaje a medida<\/li>\n<li>Servicios de embalaje y desembalaje<\/li>\n<li>Transporte de autom\u00f3viles<\/li>\n<li>Conexi\u00f3n a la red, al PC y al teatro<\/li>\n<li>Servicios inmobiliarios<\/li>\n<li>Servicios de guante blanco<\/li>\n<\/ul>\n<p><strong>Traslado de empresas<\/strong><\/p>\n<ul>\n<li>Coordinador personal<\/li>\n<li>De puerta a puerta<\/li>\n<li>Servicio completo de embalaje y desembalaje<\/li>\n<li>Almacenamiento a corto y largo plazo<\/li>\n<li>Seguimiento exhaustivo de los informes y los gastos<\/li>\n<li>Ofertas de servicios por niveles<\/li>\n<li>Servicios flexibles para el gasto basado en dietas<\/li>\n<li>Folletos de bienvenida personalizados<\/li>\n<li>Seguimiento en l\u00ednea<\/li>\n<li>Gestor de cuentas dedicado exclusivamente a los empleados<\/li>\n<li>Alojamiento temporal<\/li>\n<\/ul>\n<p><strong>Servicios especializados<\/strong><\/p>\n<ul>\n<li>Servicios de traslado y env\u00edo de vinos<\/li>\n<li>Embalaje a medida<\/li>\n<li>Servicio de guante blanco<\/li>\n<li>Coleccionables de alto valor<\/li>\n<li>Transporte de equipos m\u00e9dicos<\/li>\n<li>Electr\u00f3nica y rob\u00f3tica<\/li>\n<li>Hosteler\u00eda y sanidad<\/li>\n<li>M\u00fasica y entretenimiento<\/li>\n<li>Log\u00edstica aeroespacial<\/li>\n<li>Reubicaci\u00f3n de deportistas y equipos deportivos<\/li>\n<li>Servicio a las islas de Hawai<\/li>\n<li>Traslado de laboratorio<\/li>\n<li>Bellas artes y antig\u00fcedades<\/li>\n<li>Militares y GSA<\/li>\n<li>Desplazamientos universitarios y acad\u00e9micos<\/li>\n<\/ul>\n<p><strong>Log\u00edstica<\/strong><\/p>\n<ul>\n<li>Log\u00edstica\/ LTL\/ Cami\u00f3n de carga<\/li>\n<li>Almacenamiento y distribuci\u00f3n<\/li>\n<li>Capacidades de la flota<\/li>\n<li>Servicios de ferias<\/li>\n<li>Traslado comercial<\/li>\n<li>Servicios de plataforma<\/li>\n<li>Servicios de aparejo<\/li>\n<li><a href=\"https:\/\/moverdb.com\/es\/container-shipping\/\" data-internallinksmanager029f6b8e52c=\"3\" title=\"Tabla de tarifas de transporte mar\u00edtimo internacional de contenedores: Abril 2026\">Env\u00edos internacionales<\/a><\/li>\n<\/ul>\n<p><strong>Almacenamiento<\/strong><\/p>\n<ul>\n<li>A largo y corto plazo<\/li>\n<li>Climatizado con un m\u00ednimo de luz ultravioleta<\/li>\n<li>Almacenamiento privado de vinos<\/li>\n<li>Seguridad 24 horas<\/li>\n<li>Pruebas estrictas de incendio, alarma y seguridad<\/li>\n<li>Habitaciones privadas climatizadas disponibles con sistemas de entrada con c\u00f3digo seguro<\/li>\n<\/ul>\n<h2>Perfil de la empresa VIP Transport<\/h2>\n<p>VIP Transport forma parte del UniGroup, que es la empresa matriz de <a href=\"https:\/\/moverdb.com\/es\/mayflower-transit\/\">Tr\u00e1nsito Mayflower<\/a> y <a href=\"https:\/\/moverdb.com\/es\/united-van-lines\/\">United Van Lines<\/a>. La empresa, que inici\u00f3 su andadura en 1982, transporta personas y mercanc\u00edas por todo el mundo, aprovechando la red de agencias de UniGroup. <\/p>\n<p>En el <a href=\"https:\/\/moverdb.com\/es\/moving-to-the-united-states\/\" data-internallinksmanager029f6b8e52c=\"94\" title=\"\u00bfSe muda a Estados Unidos? 2026 Costes de vida y consejos de reubicaci\u00f3n\">Estados Unidos<\/a> S\u00f3lo en el Reino Unido hay 1.100 agentes a los que recurrir, y a nivel internacional hay m\u00e1s de 1.350 agentes. VIP Transport tambi\u00e9n tiene acceso a 46 millones de pies cuadrados de almacenes, de los cuales 7 millones est\u00e1n climatizados.<\/p>\n<p>VIP Transport dispone de una flota especializada de veh\u00edculos que incluye remolques con climatizaci\u00f3n, furgonetas de laboratorio con generador y plataformas con capacidad de carga especial. La empresa sigue un estricto programa ecol\u00f3gico para minimizar su huella de carbono.<br \/>\nVIP Transport cuenta con las siguientes acreditaciones y afiliaciones:<\/p>\n<ul>\n<li> <a href=\"https:\/\/moverdb.com\/es\/amsa\/\">Asociaci\u00f3n Americana de Mudanzas y Almacenamiento<\/a> (<a href=\"https:\/\/moverdb.com\/es\/amsa\/\" data-internallinksmanager029f6b8e52c=\"5\" title=\"Explicaci\u00f3n de la Asociaci\u00f3n Americana de Mudanzas y Almacenamiento (AMSA)\">AMSA<\/a>)<\/li>\n<li> <a href=\"https:\/\/moverdb.com\/es\/rim-promover\/\">ProMover<\/a><\/li>\n<li> Better Business Bureau (BBB) A+<\/li>\n<li> Certificado WBENC<\/li>\n<li> ISO 9001<\/li>\n<\/ul>\n<h2>Comentarios sobre el transporte VIP<\/h2>\n<p><strong>Positivo:<\/strong><\/p>\n<ul>\n<li> <em>\"El <a href=\"https:\/\/moverdb.com\/es\/mudarse-a-los-angeles\/\">Los \u00c1ngeles<\/a> Los Clippers y VIP Transport han mantenido una magn\u00edfica relaci\u00f3n a lo largo de los a\u00f1os. Siempre han estado dispuestos a ayudarnos con los traslados de varios jugadores clave y lo han hecho sin una queja de ninguno de ellos.\"<\/em> - a trav\u00e9s de <a href=\"http:\/\/www.viptransport.com\/testimonials\/\" target=\"_blank\" rel=\"noopener\">testimonio de la empresa<\/a> p\u00e1gina.<\/li>\n<li> <em>\"Estos chicos reciben un 10 de 10.  Desde el primer punto de contacto, hasta cuando se complet\u00f3 el trabajo, recibimos un \"Servicio A-1\".  \"<\/em> - Robert v\u00eda <a href=\"https:\/\/www.yelp.com\/biz\/vip-transport-corona-6?hrid=nuC3r_2wy6HRLOm4owqitg&#038;utm_campaign=www_review_share_popup&#038;utm_medium=copy_link&#038;utm_source=(direct)\" target=\"_blank\" rel=\"noopener\">Yelp<\/a><\/li>\n<li> <em>\"\u00a1Tuve una gran experiencia con VIP!\"<\/em> - Michelle v\u00eda <a href=\"https:\/\/www.mymovingreviews.com\/movers\/vip-transport-781#53376\" target=\"_blank\" rel=\"noopener\">MyMovingReviews<\/a><\/li>\n<\/ul>\n<p><strong>Negativo:<\/strong><\/p>\n<ul>\n<li><em>\"Me gustar\u00eda poder darles cero estrellas\".<\/em> - Nancy T v\u00eda <a href=\"https:\/\/www.yelp.com\/biz\/vip-transport-corona-6?hrid=DvJSu2LKWnFvj2WuqZXtoQ&#038;utm_campaign=www_review_share_popup&#038;utm_medium=copy_link&#038;utm_source=(direct)\" target=\"_blank\" rel=\"noopener\">Yelp<\/a><\/li>\n<li> <em>\"Eleg\u00ed Mayflower\/VIP Transport por el representante que vino a hacer un presupuesto in situ. Sus explicaciones fueron las que m\u00e1s sentido tuvieron para m\u00ed respecto a otros presupuestos. Sin embargo, result\u00f3 que su estimaci\u00f3n de peso estaba 6.000 libras por encima de lo que result\u00f3 ser mi peso real.\"<\/em> - Ruthie v\u00eda <a href=\"https:\/\/www.mymovingreviews.com\/movers\/vip-transport-781#50382\" target=\"_blank\" rel=\"noopener\">MyMovingReviews<\/a><\/li>\n<\/ul>\n<div itemprop=\"review\" itemscope itemtype=\"http:\/\/schema.org\/Review\">\n<span itemprop=\"author\" itemscope=\"\" itemtype=\"http:\/\/schema.org\/Organization\"><span itemprop=\"name\">MoverDB.com<\/span><\/span> Revisi\u00f3n del sitio web en l\u00ednea para <span itemprop=\"itemreviewed\" itemscope=\"\" itemtype=\"http:\/\/schema.org\/Brand\"><span itemprop=\"name\">Transporte VIP<\/span><\/span>:<\/p>\n<ol>\n<li> Datos de contacto claros en el sitio web (incluido el n\u00famero de tel\u00e9fono): <strong>S\u00ed<\/strong><\/li>\n<li> F\u00e1cil de conseguir <a href=\"https:\/\/moverdb.com\/es\/citas\/\">presupuestos de mudanzas internacionales<\/a>? (Formulario de solicitud de presupuesto en l\u00ednea): <strong>S\u00ed<\/strong><\/li>\n<li> Informaci\u00f3n clara en el sitio web: <strong>S\u00ed,<\/strong> el sitio web contiene mucha informaci\u00f3n detallada sobre la mudanza.<\/li>\n<li> Pertenencia a organizaciones de mudanzas reconocidas internacionalmente: <strong>S\u00ed<\/strong>(v\u00e9ase m\u00e1s arriba)<\/li>\n<li> Lista de clientes y\/o testimonios de clientes anteriores. <strong>S\u00ed,<\/strong> se pueden encontrar muchos testimonios positivos de clientes en su sitio web y tienen en su mayor\u00eda cr\u00edticas positivas en otros lugares de la web.<\/li>\n<\/ol>\n<div itemprop=\"reviewRating\" itemscope itemtype=\"http:\/\/schema.org\/Rating\"><meta itemprop=\"worstRating\" content = \"0\" \/><meta itemprop=\"bestRating\" content=\"5\" \/><meta itemprop=\"ratingValue\" content=\"5\"><\/div>\n<p><strong>Puntuaci\u00f3n global: 5\/5<\/strong><br \/>\n<strong>Fecha de revisi\u00f3n:<\/strong> <span itemprop=\"datePublished\" content=\"2017-02-01\">01\/02\/2017<\/span>\n<\/div>\n<p>M\u00e1s informaci\u00f3n <a href=\"https:\/\/moverdb.com\/es\/empresas-de-mudanzas\/\">empresas de mudanzas internacionales<\/a> y nuestro <a href=\"https:\/\/moverdb.com\/es\/resenas\/\">proceso de revisi\u00f3n<\/a>.<\/p>\n<p><strong>P\u00e1ginas web:<\/strong> <a href=\"http:\/\/www.viptransport.com\/\" target=\"_blank\" rel=\"noopener\">http:\/\/www.viptransport.com\/<\/a><\/p>","protected":false},"excerpt":{"rendered":"<p>VIP Transport&#8217;s head office is in Corona, CA. The company offers its clients a variety of moving services which are listed below, together with a company profile and reviews. International Moves Pre-assignment Services Visa and immigration services Preview trip and area orientation Country and culture information Moving Services Pre-move planning Transportation of belongings Managing the [&hellip;]<\/p>\n","protected":false},"author":1,"featured_media":0,"parent":0,"menu_order":0,"comment_status":"closed","ping_status":"closed","template":"","meta":{"_genesis_hide_title":false,"_genesis_hide_breadcrumbs":false,"_genesis_hide_singular_image":false,"_genesis_hide_footer_widgets":false,"_genesis_custom_body_class":"","_genesis_custom_post_class":"","_genesis_layout":"","footnotes":""},"class_list":{"0":"post-1542","1":"page","2":"type-page","3":"status-publish","5":"entry"},"_links":{"self":[{"href":"https:\/\/moverdb.com\/es\/wp-json\/wp\/v2\/pages\/1542","targetHints":{"allow":["GET"]}}],"collection":[{"href":"https:\/\/moverdb.com\/es\/wp-json\/wp\/v2\/pages"}],"about":[{"href":"https:\/\/moverdb.com\/es\/wp-json\/wp\/v2\/types\/page"}],"author":[{"embeddable":true,"href":"https:\/\/moverdb.com\/es\/wp-json\/wp\/v2\/users\/1"}],"replies":[{"embeddable":true,"href":"https:\/\/moverdb.com\/es\/wp-json\/wp\/v2\/comments?post=1542"}],"version-history":[{"count":5,"href":"https:\/\/moverdb.com\/es\/wp-json\/wp\/v2\/pages\/1542\/revisions"}],"predecessor-version":[{"id":6250,"href":"https:\/\/moverdb.com\/es\/wp-json\/wp\/v2\/pages\/1542\/revisions\/6250"}],"wp:attachment":[{"href":"https:\/\/moverdb.com\/es\/wp-json\/wp\/v2\/media?parent=1542"}],"curies":[{"name":"wp","href":"https:\/\/api.w.org\/{rel}","templated":true}]}}