{"id":1540,"date":"2017-02-26T17:21:37","date_gmt":"2017-02-26T17:21:37","guid":{"rendered":"http:\/\/moverdb.com\/?page_id=1540"},"modified":"2026-01-08T15:20:37","modified_gmt":"2026-01-08T15:20:37","slug":"royal-hawaiian-movers","status":"publish","type":"page","link":"https:\/\/moverdb.com\/es\/royal-hawaiian-movers\/","title":{"rendered":"Royal Hawaiian Movers - Rese\u00f1as de mudanzas internacionales"},"content":{"rendered":"<p>Royal Hawaiian Movers ofrece a sus clientes diversas mudanzas locales, interinsulares y continentales. Sus servicios se enumeran a continuaci\u00f3n, junto con un perfil de la empresa y rese\u00f1as.<\/p>\n<p><strong>Mudanzas internacionales, peninsulares e interinsulares<\/strong><\/p>\n<ul>\n<li> De puerta a puerta<\/li>\n<li >Servicio de embalaje completo, s\u00f3lo art\u00edculos fr\u00e1giles o embalaje de bricolaje<\/li>\n<li> Desmontaje y montaje de muebles<\/li>\n<li> Desmontaje y puesta en marcha de la inform\u00e1tica<\/li>\n<li> Servicio de desembalaje<\/li>\n<li> Almacenamiento a corto y largo plazo<\/li>\n<li> Transporte a\u00e9reo o mar\u00edtimo<\/li>\n<li> Seguro contratado<\/li>\n<\/ul>\n<p><strong>Mudanzas locales y militares<\/strong><\/p>\n<ul>\n<li> De puerta a puerta<\/li>\n<li> Material de embalaje suministrado<\/li>\n<li> Almacenamiento a corto y largo plazo<\/li>\n<li> Servicio completo de embalaje disponible o embalaje de bricolaje<\/li>\n<li> Desmontaje y montaje de muebles<\/li>\n<li> Servicio de desembalaje<\/li>\n<li> Seguro contratado<\/li>\n<\/ul>\n<p><strong>Servicios especializados de mudanza<\/strong><\/p>\n<ul>\n<li> Maquinaria pesada<\/li>\n<li> Servicios de mudanzas m\u00e9dicas<\/li>\n<li> Equipos sobredimensionados<\/li>\n<\/ul>\n<p><strong>Instalaci\u00f3n<\/strong><\/p>\n<ul>\n<li> Hotel<\/li>\n<li> FF&amp;E (mobiliario, instalaciones y equipos)<\/li>\n<li> Oficina<\/li>\n<li> Especialidad<\/li>\n<\/ul>\n<h2>Perfil de la empresa Royal Hawaiian Movers<\/h2>\n<p>Royal Hawaiian Movers fue fundada por Richard L DeWitt en 1982. La empresa comenz\u00f3 con una oficina en Honolulu, sirviendo a los militares en la isla de Oahu. A\u00fan hoy, los militares son el n\u00facleo de Royal Hawaiian Movers. A finales de los a\u00f1os 80, la empresa decidi\u00f3 expandirse y entrar en el sector de los camiones y el transporte de mercanc\u00edas. La empresa cuenta ahora con una flota de m\u00e1s de 60 veh\u00edculos de mudanzas.<\/p>\n<p>Desde entonces, Royal Hawaiian Movers ha ampliado su negocio para incluir mudanzas residenciales, comerciales y militares a nivel local, interinsular e internacional. El grupo de empresas DeWitt lleva m\u00e1s de 80 a\u00f1os trasladando personas y empresas por todo el mundo y Royal Hawaiian Movers disfruta transmitiendo la experiencia aprendida durante d\u00e9cadas. <\/p>\n<p>Su filosof\u00eda es desarrollar relaciones de confianza con sus clientes para que vuelvan en cada mudanza.<\/p>\n<p>Royal Hawaiian Movers tiene las siguientes acreditaciones y afiliaciones:<\/p>\n<ul>\n<li> <a href=\"https:\/\/moverdb.com\/es\/rim-promover\/\">AMSA Pro Movers<\/a><\/li>\n<li> Consultores certificados de mudanzas<\/li>\n<li> Conductores certificados para materiales peligrosos<\/li>\n<li> Tarjeta de identificaci\u00f3n de trabajador del transporte<\/li>\n<li> Better Business Bureau (BBB)<\/li>\n<li> DeWitt Move Worldwide - un miembro de la <a href=\"https:\/\/moverdb.com\/es\/soy\/\">IAM<\/a><\/li>\n<li> Licencia DOT #227698<\/li>\n<li> Licencia de transporte del DOT #165352<\/li>\n<li> DOT <a href=\"https:\/\/moverdb.com\/es\/freight-forwarder\/\" data-internallinksmanager029f6b8e52c=\"17\" title=\"Gu\u00eda de empresas y costes internacionales de transitarios y NVOCC\">Transportista<\/a> Licencia #003549<\/li>\n<\/ul>\n<h2>Rese\u00f1as de Royal Hawaiian Movers<\/h2>\n<p><strong>Positivo:<\/strong><\/p>\n<ul>\n<li> <em>\"Trasladarse de Honolulu a <a href=\"https:\/\/moverdb.com\/es\/moving-to-the-united-states\/moving-to-california\/\" data-internallinksmanager029f6b8e52c=\"330\" title=\"\u00bfMudarse a California? 2026 Coste de la vida y consejos para la reubicaci\u00f3n\">California<\/a>el conjunto militar <a href=\"https:\/\/moverdb.com\/es\/moving-to-the-united-states\/\" data-internallinksmanager029f6b8e52c=\"94\" title=\"\u00bfSe muda a Estados Unidos? 2026 Costes de vida y consejos de reubicaci\u00f3n\">us<\/a> con Royal Hawaiian Movers... ***Asombroso*** servicio al cliente.... Fueron informativos, corteses, limpios y eficientes. Royal Hawaiian Movers es todo lo que necesitas para tus problemas de mudanzas y env\u00edos!!!\"<\/em> - Kelly G <a href=\"http:\/\/royalhawaiianmovers.com\/our-difference\/what-customers-say\/\" target=\"_blank\" rel=\"noopener\">testimonio de un cliente<\/a><\/li>\n<li> <em>\"Profesionales y cuidaron muy bien de mis pertenencias. Me mud\u00e9 a la pen\u00ednsula... pero me facilitaron las cosas para irme. <a href=\"https:\/\/moverdb.com\/es\/moving-to-the-united-states\/moving-to-hawaii\/\" data-internallinksmanager029f6b8e52c=\"403\" title=\"\u00bfSe muda a Hawai? 2026 Coste de la vida y consejos de reubicaci\u00f3n\">Haw\u00e1i<\/a>.\"<\/em> - Robin v\u00eda <a href=\"https:\/\/www.facebook.com\/pg\/RoyalHawaiianMV\/reviews\/\" target=\"_blank\" rel=\"noopener\">Facebook<\/a><\/li>\n<li> <em>\"En definitiva, los recomendar\u00eda por el precio y la calidad del servicio\".<\/em> - Ryan v\u00eda <a href=\"https:\/\/www.yelp.com\/biz\/royal-hawaiian-movers-honolulu-2?hrid=ClTUD764MZQoXt6f0DBLoA&#038;utm_campaign=www_review_share_popup&#038;utm_medium=copy_link&#038;utm_source=(direct)\" target=\"_blank\" rel=\"noopener\">Yelp<\/a><\/li>\n<\/ul>\n<p><strong>Negativo:<\/strong><\/p>\n<ul>\n<li> <em>\"\u00a1Lamento decir que Royal Hawaiian Movers es una empresa de mudanzas horrible! Rompieron nuestras cosas, algunas de las de mis abuelos desaparecieron\".<\/em> - Sharon v\u00eda <a href=\"https:\/\/www.facebook.com\/pg\/RoyalHawaiianMV\/reviews\/\" target=\"_blank\" rel=\"noopener\">Facebook<\/a><\/li>\n<li> <em>\"Se apresuraron a empaquetarnos e hicieron un trabajo horrible. Un mont\u00f3n de nuestras cosas aparecieron rotas y completamente arruinadas\".<\/em> - Meghan v\u00eda <a href=\"https:\/\/www.yelp.com\/biz\/royal-hawaiian-movers-honolulu-2?hrid=2GCVIxDDbA41_6OusJ2KIQ&#038;utm_campaign=www_review_share_popup&#038;utm_medium=copy_link&#038;utm_source=(direct)\" target=\"_blank\" rel=\"noopener\">Yelp<\/a><\/li>\n<\/ul>\n<div itemprop=\"review\" itemscope itemtype=\"http:\/\/schema.org\/Review\">\n<span itemprop=\"author\" itemscope=\"\" itemtype=\"http:\/\/schema.org\/Organization\"><span itemprop=\"name\">MoverDB.com<\/span><\/span> Revisi\u00f3n del sitio web en l\u00ednea para <span itemprop=\"itemreviewed\" itemscope=\"\" itemtype=\"http:\/\/schema.org\/Brand\"><span itemprop=\"name\">Royal Hawaiian Movers<\/span><\/span>:<\/p>\n<ol>\n<li> Datos de contacto claros en el sitio web (incluido el n\u00famero de tel\u00e9fono): <strong>S\u00ed<\/strong><\/li>\n<li> F\u00e1cil de conseguir <a href=\"https:\/\/moverdb.com\/es\/citas\/\">presupuestos de mudanzas internacionales<\/a>? (Formulario de solicitud de presupuesto en l\u00ednea): <strong>S\u00ed<\/strong><\/li>\n<li> Informaci\u00f3n clara en el sitio web: <strong>S\u00ed,<\/strong> describe todos los servicios, pero sin entrar en demasiados detalles.<\/li>\n<li> Pertenencia a organizaciones de mudanzas reconocidas internacionalmente: <strong>S\u00ed<\/strong>(v\u00e9ase m\u00e1s arriba)<\/li>\n<li> Lista de clientes y\/o testimonios de clientes anteriores: <strong>S\u00ed,<\/strong> y aunque hay algunas cr\u00edticas negativas en la web, las m\u00e1s recientes son mayoritariamente positivas.<\/li>\n<\/ol>\n<div itemprop=\"reviewRating\" itemscope itemtype=\"http:\/\/schema.org\/Rating\"><meta itemprop=\"worstRating\" content = \"0\" \/><meta itemprop=\"bestRating\" content=\"5\" \/><meta itemprop=\"ratingValue\" content=\"4.5\"><\/div>\n<p><strong>Puntuaci\u00f3n global: 4,5\/5<\/strong><br \/>\n<strong>Fecha de revisi\u00f3n:<\/strong> <span itemprop=\"datePublished\" content=\"2017-02-26\">26\/02\/2017<\/span>\n<\/div>\n<p>M\u00e1s informaci\u00f3n <a href=\"https:\/\/moverdb.com\/es\/empresas-de-mudanzas\/\">empresas de mudanzas internacionales<\/a> y nuestro <a href=\"https:\/\/moverdb.com\/es\/resenas\/\">proceso de revisi\u00f3n<\/a>.<\/p>\n<p><strong>P\u00e1gina web:<\/strong> <a href=\"http:\/\/royalhawaiianmovers.com\/\" target=\"_blank\" rel=\"noopener\">http:\/\/royalhawaiianmovers.com\/<\/a><\/p>","protected":false},"excerpt":{"rendered":"<p>Royal Hawaiian Movers offers its customers various local, inter island and mainland moves. Their services are listed below, together with a company profile and reviews. International, Mainland and Inter Island Moves Door to door Full packing service, fragile items only or DIY packing Disassembly and reassembly of furniture IT removal and set up Unpacking service [&hellip;]<\/p>\n","protected":false},"author":1,"featured_media":0,"parent":0,"menu_order":0,"comment_status":"closed","ping_status":"closed","template":"","meta":{"_genesis_hide_title":false,"_genesis_hide_breadcrumbs":false,"_genesis_hide_singular_image":false,"_genesis_hide_footer_widgets":false,"_genesis_custom_body_class":"","_genesis_custom_post_class":"","_genesis_layout":"","footnotes":""},"class_list":{"0":"post-1540","1":"page","2":"type-page","3":"status-publish","5":"entry"},"_links":{"self":[{"href":"https:\/\/moverdb.com\/es\/wp-json\/wp\/v2\/pages\/1540","targetHints":{"allow":["GET"]}}],"collection":[{"href":"https:\/\/moverdb.com\/es\/wp-json\/wp\/v2\/pages"}],"about":[{"href":"https:\/\/moverdb.com\/es\/wp-json\/wp\/v2\/types\/page"}],"author":[{"embeddable":true,"href":"https:\/\/moverdb.com\/es\/wp-json\/wp\/v2\/users\/1"}],"replies":[{"embeddable":true,"href":"https:\/\/moverdb.com\/es\/wp-json\/wp\/v2\/comments?post=1540"}],"version-history":[{"count":7,"href":"https:\/\/moverdb.com\/es\/wp-json\/wp\/v2\/pages\/1540\/revisions"}],"predecessor-version":[{"id":6234,"href":"https:\/\/moverdb.com\/es\/wp-json\/wp\/v2\/pages\/1540\/revisions\/6234"}],"wp:attachment":[{"href":"https:\/\/moverdb.com\/es\/wp-json\/wp\/v2\/media?parent=1540"}],"curies":[{"name":"wp","href":"https:\/\/api.w.org\/{rel}","templated":true}]}}