{"id":1538,"date":"2017-02-23T08:47:51","date_gmt":"2017-02-23T08:47:51","guid":{"rendered":"http:\/\/moverdb.com\/?page_id=1538"},"modified":"2026-01-08T15:20:39","modified_gmt":"2026-01-08T15:20:39","slug":"settelen","status":"publish","type":"page","link":"https:\/\/moverdb.com\/es\/settelen\/","title":{"rendered":"Settelen - Rese\u00f1as de mudanzas internacionales"},"content":{"rendered":"<p>Settelen es una empresa suiza con sede en <a href=\"https:\/\/moverdb.com\/es\/moving-to-basel\/\" data-internallinksmanager029f6b8e52c=\"263\" title=\"\u00bfSe muda a Basilea? 2026 Coste de la vida y consejos para el traslado\">Basilea<\/a>. Ofrece a sus clientes una serie de servicios de mudanzas que se enumeran a continuaci\u00f3n, junto con un perfil de la empresa y rese\u00f1as.<\/p>\n<p><strong>Mudanzas internacionales<\/strong><\/p>\n<ul>\n<li> Coordinador de mudanzas dedicado<\/li>\n<li> De puerta a puerta<\/li>\n<li> Servicio de embalaje completo, s\u00f3lo art\u00edculos fr\u00e1giles o embalaje de bricolaje<\/li>\n<li> Desmontaje y montaje de muebles, etc.<\/li>\n<li> Cajas personalizadas<\/li>\n<li> Tienda de mudanzas para el embalaje de necesidades<\/li>\n<li> Servicio completo de desembalaje disponible<\/li>\n<li> Asistencia con las aduanas y la documentaci\u00f3n<\/li>\n<li> Seguro contratado<\/li>\n<li> Almacenamiento a corto y largo plazo<\/li>\n<\/ul>\n<p><strong>Mudanzas locales y de larga distancia<\/strong><\/p>\n<ul>\n<li> Coordinador de mudanzas dedicado<\/li>\n<li> De puerta a puerta<\/li>\n<li> Servicio de embalaje completo disponible si es necesario<\/li>\n<li> Desmontaje y montaje de muebles, etc.<\/li>\n<li> Servicio de desembalaje completo disponible si es necesario<\/li>\n<li> Seguro contratado<\/li>\n<li> Almacenamiento a corto y largo plazo disponible<\/li>\n<li> Tienda de mudanzas totalmente abastecida para todos los art\u00edculos de embalaje<\/li>\n<\/ul>\n<p><strong>Mudanzas de empresas<\/strong><\/p>\n<ul>\n<li> Equipo especializado en mudanzas<\/li>\n<li> De puerta a puerta<\/li>\n<li> Una medida fuera del horario de trabajo para evitar trastornos en las empresas<\/li>\n<li> Desmontaje y montaje de muebles<\/li>\n<li> Eliminaci\u00f3n y reinstalaci\u00f3n de la inform\u00e1tica<\/li>\n<li> Servicio de embalaje completo o servicio de embalaje parcial<\/li>\n<li> Seguro contratado<\/li>\n<li> Almacenamiento a corto y largo plazo disponible<\/li>\n<li> Embalaje especializado<\/li>\n<li> Mudanzas de maquinaria pesada<\/li>\n<li> Ascensor externo<\/li>\n<\/ul>\n<p><strong>Mudanzas especiales<\/strong><\/p>\n<ul>\n<li> Ferias y exposiciones<\/li>\n<li> Arte y antig\u00fcedades<\/li>\n<li> Maquinaria pesada<\/li>\n<li> Bienes fr\u00e1giles<\/li>\n<li> Pianos y otros instrumentos musicales<\/li>\n<li> Productos de exportaci\u00f3n<\/li>\n<\/ul>\n<p><strong>Transporte especial<\/strong><\/p>\n<ul>\n<li> Para objetos y lugares pesados e inusuales<\/li>\n<li> Log\u00edstica y organizaci\u00f3n<\/li>\n<li> Elecci\u00f3n del veh\u00edculo<\/li>\n<li> Trazar una ruta<\/li>\n<li> Obtenci\u00f3n de las licencias necesarias<\/li>\n<\/ul>\n<p><strong>Almacenamiento<\/strong><\/p>\n<ul>\n<li> Contenedores de madera<\/li>\n<li> Seguridad 24\/7<\/li>\n<li> Controles peri\u00f3dicos de los contenedores<\/li>\n<li> Envoltorios y embalajes especiales disponibles<\/li>\n<\/ul>\n<p><strong>Alquiler de coches en Settelen<\/strong><\/p>\n<ul>\n<li> Veh\u00edculos de pasajeros<\/li>\n<li> Furgonetas y camionetas<\/li>\n<li> Minibuses<\/li>\n<li> Veh\u00edculos especiales<\/li>\n<\/ul>\n<h2>Perfil de la empresa Settelen<\/h2>\n<p>Settelen AG tiene su sede en Basilea, <a href=\"https:\/\/moverdb.com\/es\/moving-to-switzerland\/\" data-internallinksmanager029f6b8e52c=\"327\" title=\"\u00bfSe muda a Suiza? 2026 Coste de la vida y consejos para el traslado\">Suiza<\/a>. Esta empresa privada fue fundada en 1883. Su actividad principal es el transporte y la log\u00edstica, con intereses subsidiarios en el alquiler de veh\u00edculos, los viajes en autocar y el servicio de mantenimiento y reparaci\u00f3n de veh\u00edculos de motor.<\/p>\n<p>Settelen organiza mudanzas internacionales, de larga distancia y locales para particulares y empresas.<\/p>\n<p>Settelen tiene las siguientes acreditaciones y afiliaciones:<\/p>\n<ul>\n<li> <a href=\"https:\/\/moverdb.com\/es\/fidi-faim\/\">Federaci\u00f3n de Empresas de Mudanzas Internacionales<\/a> (<a href=\"https:\/\/moverdb.com\/es\/fidi-faim\/\" data-internallinksmanager029f6b8e52c=\"16\" title=\"Explicaci\u00f3n del FIDI y del FAIM (FIDI Accredited International Mover)\">FIDI<\/a>)<\/li>\n<li> Asociaci\u00f3n Suiza de Transporte por Carretera (ASTAG)<\/li>\n<li> AGVS<\/li>\n<\/ul>\n<h2>Rese\u00f1as de la empresa Settelen<\/h2>\n<p>Actualmente no hay rese\u00f1as en espa\u00f1ol en l\u00ednea para Settelen, aunque obtiene 4,1 estrellas en Google Reviews.<\/p>\n<div itemprop=\"review\" itemscope itemtype=\"http:\/\/schema.org\/Review\">\n<span itemprop=\"author\" itemscope=\"\" itemtype=\"http:\/\/schema.org\/Organization\"><span itemprop=\"name\">MoverDB.com<\/span><\/span> Revisi\u00f3n del sitio web en l\u00ednea para <span itemprop=\"itemreviewed\" itemscope=\"\" itemtype=\"http:\/\/schema.org\/Brand\"><span itemprop=\"name\">Settelen<\/span><\/span>:<\/p>\n<ol>\n<li> Datos de contacto claros en el sitio web (incluido el n\u00famero de tel\u00e9fono): <strong>S\u00ed<\/strong><\/li>\n<li> F\u00e1cil de conseguir <a href=\"https:\/\/moverdb.com\/es\/citas\/\">presupuestos de mudanzas internacionales<\/a>? (Formulario de solicitud de presupuesto en l\u00ednea): <strong>S\u00ed<\/strong><\/li>\n<li> Informaci\u00f3n clara en el sitio web: <strong>Limitado<\/strong> el sitio web enumera sus servicios pero no ofrece muchos detalles m\u00e1s all\u00e1 de eso.<\/li>\n<li> Pertenencia a organizaciones de mudanzas reconocidas internacionalmente: <strong>S\u00ed<\/strong>(v\u00e9ase m\u00e1s arriba)<\/li>\n<li> Lista de clientes y\/o testimonios de clientes anteriores: <strong>No,<\/strong> y s\u00f3lo hay una cantidad limitada de informaci\u00f3n sobre ellos disponible en otros lugares.<\/li>\n<\/ol>\n<div itemprop=\"reviewRating\" itemscope itemtype=\"http:\/\/schema.org\/Rating\"><meta itemprop=\"worstRating\" content = \"0\" \/><meta itemprop=\"bestRating\" content=\"5\" \/><meta itemprop=\"ratingValue\" content=\"4\"><\/div>\n<p><strong>Puntuaci\u00f3n global: 4\/5<\/strong><br \/>\n<strong>Fecha de revisi\u00f3n:<\/strong> <span itemprop=\"datePublished\" content=\"2017-02-23\">23\/02\/2017<\/span>\n<\/div>\n<p>M\u00e1s informaci\u00f3n <a href=\"https:\/\/moverdb.com\/es\/empresas-de-mudanzas\/\">empresas de mudanzas internacionales<\/a> y nuestro <a href=\"https:\/\/moverdb.com\/es\/resenas\/\">proceso de revisi\u00f3n<\/a>.<\/p>\n<p><strong>P\u00e1ginas web:<\/strong> <a href=\"http:\/\/www.settelen.ch\/\" target=\"_blank\" rel=\"noopener\">http:\/\/www.settelen.ch\/<\/a><\/p>","protected":false},"excerpt":{"rendered":"<p>Settelen is Swiss company based in Basel. It offers its customers a range of moving services which are listed below, together with a company profile and reviews. International Moving &#038; Removals Dedicated move coordinator Door to door Full packing service, fragile items only or DIY packing Disassembly and reassembly of furniture etc Customised crates Removal [&hellip;]<\/p>\n","protected":false},"author":1,"featured_media":0,"parent":0,"menu_order":0,"comment_status":"closed","ping_status":"closed","template":"","meta":{"_genesis_hide_title":false,"_genesis_hide_breadcrumbs":false,"_genesis_hide_singular_image":false,"_genesis_hide_footer_widgets":false,"_genesis_custom_body_class":"","_genesis_custom_post_class":"","_genesis_layout":"","footnotes":""},"class_list":{"0":"post-1538","1":"page","2":"type-page","3":"status-publish","5":"entry"},"_links":{"self":[{"href":"https:\/\/moverdb.com\/es\/wp-json\/wp\/v2\/pages\/1538","targetHints":{"allow":["GET"]}}],"collection":[{"href":"https:\/\/moverdb.com\/es\/wp-json\/wp\/v2\/pages"}],"about":[{"href":"https:\/\/moverdb.com\/es\/wp-json\/wp\/v2\/types\/page"}],"author":[{"embeddable":true,"href":"https:\/\/moverdb.com\/es\/wp-json\/wp\/v2\/users\/1"}],"replies":[{"embeddable":true,"href":"https:\/\/moverdb.com\/es\/wp-json\/wp\/v2\/comments?post=1538"}],"version-history":[{"count":3,"href":"https:\/\/moverdb.com\/es\/wp-json\/wp\/v2\/pages\/1538\/revisions"}],"predecessor-version":[{"id":6236,"href":"https:\/\/moverdb.com\/es\/wp-json\/wp\/v2\/pages\/1538\/revisions\/6236"}],"wp:attachment":[{"href":"https:\/\/moverdb.com\/es\/wp-json\/wp\/v2\/media?parent=1538"}],"curies":[{"name":"wp","href":"https:\/\/api.w.org\/{rel}","templated":true}]}}