{"id":1536,"date":"2017-07-10T10:48:14","date_gmt":"2017-07-10T10:48:14","guid":{"rendered":"http:\/\/moverdb.com\/?page_id=1536"},"modified":"2026-01-08T15:20:49","modified_gmt":"2026-01-08T15:20:49","slug":"teletrans","status":"publish","type":"page","link":"https:\/\/moverdb.com\/es\/teletrans\/","title":{"rendered":"Teletrans - Rese\u00f1as sobre mudanzas internacionales"},"content":{"rendered":"<p>Teletrans se encuentra en \u00c1tica <a href=\"https:\/\/moverdb.com\/es\/moving-to-greece\/\" data-internallinksmanager029f6b8e52c=\"353\" title=\"\u00bfSe muda a Grecia? 2026 Coste de la vida y consejos para el traslado\">Grecia<\/a>. Se trata de una empresa de mudanzas y traslados que ofrece a sus clientes una amplia gama de servicios. Estos se enumeran a continuaci\u00f3n, junto con un perfil de la empresa y rese\u00f1as.<\/p>\n<p><strong>Mudanzas internacionales<\/strong><\/p>\n<ul>\n<li> Gestor de mudanzas dedicado<\/li>\n<li> Servicio completo de empaquetado, empaquetado parcial o empaquetado por cuenta propia<\/li>\n<li> Almacenamiento a corto y largo plazo disponible<\/li>\n<li> Desmontaje y montaje de muebles<\/li>\n<li> Traslado por tierra, mar o aire<\/li>\n<li> Asistencia con las aduanas y la documentaci\u00f3n<\/li>\n<li> Servicio de desembalaje disponible<\/li>\n<li> Eliminaci\u00f3n de residuos<\/li>\n<\/ul>\n<p><strong>Servicios de reubicaci\u00f3n<\/strong><\/p>\n<ul>\n<li> Horario del viaje<\/li>\n<li> Reserva de billetes y hoteles<\/li>\n<li> Informaci\u00f3n sobre el procedimiento de expedici\u00f3n de un visado para el pa\u00eds de destino<\/li>\n<li> Informaci\u00f3n sobre las escuelas<\/li>\n<li> Informaci\u00f3n sobre el alojamiento<\/li>\n<li> Informaci\u00f3n sobre el traslado de mascotas<\/li>\n<li> Comprobaci\u00f3n de la residencia temporal<\/li>\n<li> Cursos de idiomas locales organizados<\/li>\n<li> Sugerencias para entretenerse y \"conocer la zona\", como visitas a museos y lugares de inter\u00e9s, eventos culturales, excursiones, etc.<\/li>\n<li>Asistencia en los servicios de mudanza (electricista, fontanero, servicios de limpieza, etc.)<\/li>\n<\/ul>\n<p><strong>Desplazamiento de la empresa<\/strong><\/p>\n<ul>\n<li>Inspecci\u00f3n y planificaci\u00f3n<\/li>\n<li>Embalaje<\/li>\n<li>Almacenamiento<\/li>\n<li>Despacho de aduanas si es necesario<\/li>\n<li>Seguros<\/li>\n<li>Entrega y desembalaje en destino<\/li>\n<\/ul>\n<p><strong>Movimientos especiales<\/strong><\/p>\n<ul>\n<li>Equipos y veh\u00edculos militares<\/li>\n<li>Maquinaria pesada<\/li>\n<li>Exceso de tama\u00f1o y de carga<\/li>\n<li>Obras de arte en cajas hechas a medida<\/li>\n<li>Centros de ense\u00f1anza<\/li>\n<li>Balnearios y gimnasios<\/li>\n<\/ul>\n<p><strong>Exposiciones<\/strong><\/p>\n<ul>\n<li>Embalaje de material de exposici\u00f3n<\/li>\n<li>Preparaci\u00f3n de la documentaci\u00f3n para la exportaci\u00f3n<\/li>\n<li>Identificar la forma m\u00e1s adecuada de env\u00edo<\/li>\n<li>Entrega<\/li>\n<li>Instalaci\u00f3n del material de exposici\u00f3n<\/li>\n<li>Reembalaje del material y env\u00edo a su lugar de origen<\/li>\n<\/ul>\n<p><strong>Almacenamiento<\/strong><\/p>\n<ul>\n<li>A largo y corto plazo<\/li>\n<li>Vigilancia 24\/7<\/li>\n<li>Climatizaci\u00f3n disponible<\/li>\n<\/ul>\n<h2>Perfil de la empresa Teletrans<\/h2>\n<p>Teletrans fue fundada en el \u00c1tica (Grecia) por Ria Stergiopoulou en 1979 con el objetivo inicial de trasladar personas y mercanc\u00edas por todo el pa\u00eds. Hoy, la empresa es uno de los l\u00edderes griegos en el traslado de personas, empresas y obras de arte por todo el mundo.<\/p>\n<p>Teletrans cuenta con su propia flota de veh\u00edculos, conducidos por empleados de la empresa. Tambi\u00e9n dispone de un almac\u00e9n de \u00faltima generaci\u00f3n en el \u00c1tica, equipado para almacenar las cargas m\u00e1s delicadas antes y despu\u00e9s del env\u00edo. Teletrans cuenta con una red de agentes cuidadosamente seleccionada que le ayuda con los env\u00edos dentro y fuera de Grecia.<\/p>\n<p>Teletrans quiere reducir su huella de carbono y elige deliberadamente materiales de embalaje reciclados. Tambi\u00e9n utiliza la energ\u00eda solar cuando es posible. La empresa ha abierto una oficina en Bruselas que tambi\u00e9n aplica pr\u00e1cticas respetuosas con el medio ambiente.<\/p>\n<p>Teletrans cuenta con las siguientes acreditaciones y afiliaciones:<\/p>\n<ul>\n<li>EN ISO 9001:2008<\/li>\n<li><a href=\"https:\/\/moverdb.com\/es\/soy\/\" target=\"_blank\" rel=\"noopener\">Asociaci\u00f3n Internacional de Empresas de Mudanzas<\/a> (<a href=\"https:\/\/moverdb.com\/es\/iam\/\" data-internallinksmanager029f6b8e52c=\"23\" title=\"Explicaci\u00f3n de la Asociaci\u00f3n Internacional de Empresas de Mudanzas (IAM)\">IAM<\/a>)<\/li>\n<li><a href=\"https:\/\/moverdb.com\/es\/fedemac\/\" target=\"_blank\" rel=\"noopener\">Federaci\u00f3n de la Asociaci\u00f3n Europea de Empresas de Mudanzas<\/a> (<a href=\"https:\/\/moverdb.com\/es\/fedemac\/\" data-internallinksmanager029f6b8e52c=\"15\" title=\"Explicaci\u00f3n de la Federaci\u00f3n de Asociaciones Europeas de Empresas de Mudanzas (FEDEMAC)\">FEDEMAC<\/a>)<\/li>\n<li>Asociaci\u00f3n de Empresas de Transporte y Log\u00edstica de Grecia (SYNDDEL)<\/li>\n<\/ul>\n<h2>Rese\u00f1as de Teletrans<\/h2>\n<p>En el momento de escribir este art\u00edculo no hemos podido encontrar ninguna opini\u00f3n positiva o negativa sobre Teletrans en l\u00ednea en ingl\u00e9s. <\/p>\n<div itemprop=\"review\" itemscope itemtype=\"http:\/\/schema.org\/Review\">\n<span itemprop=\"author\" itemscope=\"\" itemtype=\"http:\/\/schema.org\/Organization\"><span itemprop=\"name\">MoverDB.com<\/span><\/span> Revisi\u00f3n del sitio web en l\u00ednea para <span itemprop=\"itemreviewed\" itemscope=\"\" itemtype=\"http:\/\/schema.org\/Brand\"><span itemprop=\"name\">Teletrans<\/span><\/span>:<\/p>\n<ol>\n<li> Datos de contacto claros en el sitio web (incluido el n\u00famero de tel\u00e9fono): <strong>S\u00ed<\/strong><\/li>\n<li> F\u00e1cil de conseguir <a href=\"https:\/\/moverdb.com\/es\/citas\/\">presupuestos de mudanzas internacionales<\/a>? (Formulario de solicitud de presupuesto en l\u00ednea): <strong>S\u00ed<\/strong><\/li>\n<li> Informaci\u00f3n clara en el sitio web: <strong>S\u00ed,<\/strong> El sitio web est\u00e1 claramente dise\u00f1ado y es razonablemente informativo.<\/li>\n<li> Pertenencia a organizaciones de mudanzas reconocidas internacionalmente: <strong>S\u00ed<\/strong>(v\u00e9ase m\u00e1s arriba)<\/li>\n<li> Lista de clientes y\/o testimonios de clientes anteriores. <strong>No,<\/strong>En la p\u00e1gina web de la empresa hay una lista de clientes, pero no hay testimonios de clientes ni rese\u00f1as.<\/li>\n<\/ol>\n<div itemprop=\"reviewRating\" itemscope itemtype=\"http:\/\/schema.org\/Rating\"><meta itemprop=\"worstRating\" content = \"0\" \/><meta itemprop=\"bestRating\" content=\"5\" \/><meta itemprop=\"ratingValue\" content=\"4.5\"><\/div>\n<p><strong>Puntuaci\u00f3n global: 4,5\/5<\/strong><br \/>\n<strong>Fecha de revisi\u00f3n:<\/strong> <span itemprop=\"datePublished\" content=\"2017-07-10\">10\/07\/2017<\/span>\n<\/div>\n<p>M\u00e1s informaci\u00f3n <a href=\"https:\/\/moverdb.com\/es\/empresas-de-mudanzas\/\">empresas de mudanzas internacionales<\/a> y nuestro <a href=\"https:\/\/moverdb.com\/es\/resenas\/\">proceso de revisi\u00f3n explicado<\/a>.<\/p>\n<p><strong>P\u00e1gina web:<\/strong> <a href=\"http:\/\/www.teletranseu.com\/\" target=\"_blank\" rel=\"noopener\">http:\/\/www.teletranseu.com\/<\/a><\/p>","protected":false},"excerpt":{"rendered":"<p>Teletrans is located in Attica Greece. It is a moving and relocation company that offers its clients a wide range of services. These are listed below, together with a company profile and reviews. International Moves Dedicated move manager Full service packing, partial packing or DIY packing Short and long term storage available Disassembly and reassembly [&hellip;]<\/p>\n","protected":false},"author":1,"featured_media":0,"parent":0,"menu_order":0,"comment_status":"closed","ping_status":"closed","template":"","meta":{"_genesis_hide_title":false,"_genesis_hide_breadcrumbs":false,"_genesis_hide_singular_image":false,"_genesis_hide_footer_widgets":false,"_genesis_custom_body_class":"","_genesis_custom_post_class":"","_genesis_layout":"","footnotes":""},"class_list":{"0":"post-1536","1":"page","2":"type-page","3":"status-publish","5":"entry"},"_links":{"self":[{"href":"https:\/\/moverdb.com\/es\/wp-json\/wp\/v2\/pages\/1536","targetHints":{"allow":["GET"]}}],"collection":[{"href":"https:\/\/moverdb.com\/es\/wp-json\/wp\/v2\/pages"}],"about":[{"href":"https:\/\/moverdb.com\/es\/wp-json\/wp\/v2\/types\/page"}],"author":[{"embeddable":true,"href":"https:\/\/moverdb.com\/es\/wp-json\/wp\/v2\/users\/1"}],"replies":[{"embeddable":true,"href":"https:\/\/moverdb.com\/es\/wp-json\/wp\/v2\/comments?post=1536"}],"version-history":[{"count":4,"href":"https:\/\/moverdb.com\/es\/wp-json\/wp\/v2\/pages\/1536\/revisions"}],"predecessor-version":[{"id":6244,"href":"https:\/\/moverdb.com\/es\/wp-json\/wp\/v2\/pages\/1536\/revisions\/6244"}],"wp:attachment":[{"href":"https:\/\/moverdb.com\/es\/wp-json\/wp\/v2\/media?parent=1536"}],"curies":[{"name":"wp","href":"https:\/\/api.w.org\/{rel}","templated":true}]}}