{"id":14486,"date":"2023-11-08T15:57:24","date_gmt":"2023-11-08T15:57:24","guid":{"rendered":"https:\/\/moverdb.com\/freight-forwarder\/freight-forwarding-uk\/barnsley-freight-forwarder\/"},"modified":"2026-01-08T14:50:46","modified_gmt":"2026-01-08T14:50:46","slug":"barnsley-freight-forwarder","status":"publish","type":"page","link":"https:\/\/moverdb.com\/es\/freight-forwarder\/freight-forwarding-uk\/barnsley-freight-forwarder\/","title":{"rendered":"1 Mejores empresas de transporte de Barnsley (2024)"},"content":{"rendered":"<p>A continuaci\u00f3n examinamos los 1 <em>\"mejor\"<\/em> Empresas de transporte de mercanc\u00edas en Barnsley de 1.<\/p>\n<p>Para saber m\u00e1s sobre c\u00f3mo elegimos a los mejores, consulte nuestra secci\u00f3n de preguntas frecuentes al final.<\/p>\n<p><em>Tenga en cuenta que los siguientes listados no siguen ning\u00fan orden en particular y que no recomendamos ninguna empresa en concreto.<\/em><\/p>\n<h2>512 (Wakefield) Limited<\/h2>\n<p><img decoding=\"async\" src=\"https:\/\/moverdb.com\/wp-content\/uploads\/AF1QipPaIpgmPejBSgiOHrBplnQMFk3ZQHRLQWfRPwyDw408-h544-k-no.jpg\" alt='512 (Wakefield) Limited' class=\"aligncenter\"><\/p>\n<p><strong>Descripci\u00f3n de la empresa: <\/strong>512 es uno de los principales transitarios del Reino Unido.<\/p>\n<p> Transportamos mercanc\u00edas por todo el mundo desde hace m\u00e1s de<br \/>\n26 a\u00f1os desde nuestras oficinas de <a href=\"\" data-internallinksmanager029f6b8e52c=\"66\" title=\"Sheffield\">Sheffield<\/a>, Doncaster, Wakefield y nuevas oficinas en Nottingham y<br \/>\n<a href=\"\" data-internallinksmanager029f6b8e52c=\"52\" title=\"Manchester\">Manchester<\/a>.<\/p>\n<p> Nuestro equipo de expertos ha enviado de todo, desde dinosaurios hasta dongles, siempre a mano para resolver<br \/>\nsus retos de transporte.<\/p>\n<p> \u00c2\u00bfNecesita mover 600 palets en pocos d\u00c3as? Lo hemos hecho todo<\/p>\n<p><strong>Servicios adicionales:<\/strong><\/p>\n<p>Servicio de mensajer\u00eda<\/p>\n<p>Agente de aduanas<\/p>\n<p>Empresa de importaci\u00f3n y exportaci\u00f3n<\/p>\n<p>Servicio de transporte<\/p>\n<p>Almac\u00e9n<\/p>\n<p><strong>Direcci\u00f3n:<\/strong> Wharncliffe Business Park, Longfields Court, Middlewoods Way, Carlton, Barnsley S71 3GN<\/p>\n<p><a href=\"http:\/\/www.5-1-2.com\/\" target=\"_new\" rel=\"noopener\">Sitio web de 512 (Wakefield) Limited<\/a><\/p>\n<p><strong>Puntuaci\u00f3n de la revisi\u00f3n: <\/strong>5<br \/> <strong>N\u00famero de rese\u00f1as:<\/strong> 3<br \/><a href=\"https:\/\/www.google.co.uk\/maps?cid=6246970246238845507&#038;hl=en&#038;gl=GB\" target=\"_new\" rel=\"noopener\">Leer comentarios<\/a><\/p>\n<h2>C\u00f3mo hemos elegido las mejores empresas transitarias de Barnsley<\/h2>\n<p>Empezamos con un conjunto de datos de 1 empresas de transporte de Barnsley que pudimos encontrar a trav\u00e9s de Google Maps y lo redujimos a las 1 mejores.<\/p>\n<p>Para ello eliminamos cualquier empresa que:<\/p>\n<ul>\n<li> No ten\u00eda p\u00e1gina web<\/li>\n<li> No ten\u00eda cr\u00edticas<\/li>\n<li> Tiene una puntuaci\u00f3n media inferior a 2,0<\/li>\n<\/ul>\n<p>En ese momento, si ten\u00edamos 17 o menos transportistas, los enumer\u00e1bamos todos.<\/p>\n<p>En las ciudades en las que nos quedamos con m\u00e1s de 17 expedidores, realizamos nuevas revisiones, bien aumentando la puntuaci\u00f3n de la revisi\u00f3n requerida (por ejemplo, pasando de un m\u00ednimo de 2,0 a 4,0) y\/o aumentando el n\u00famero m\u00ednimo de revisiones requeridas (por ejemplo, pasando de al menos 1 revisi\u00f3n a al menos 10).<\/p>\n<p>Tenga en cuenta que s\u00f3lo utilizamos datos de revisi\u00f3n de Google Maps y no de otros sitios web de terceros.<\/p>\n<p>M\u00e1s ciudades:<\/p>\n<p><a href=\"https:\/\/moverdb.com\/es\/transitario\/freight-forwarding-uk\/london-freight-forwarder\/\">Londres<\/a><br \/><a href=\"https:\/\/moverdb.com\/es\/transitario\/freight-forwarding-uk\/liverpool-freight-forwarder\/\">Transitario de Liverpool<\/a><br \/><a href=\"https:\/\/moverdb.com\/es\/transitario\/freight-forwarding-uk\/ipswich-freight-forwarder\/\">Ipswich Freight Forwarder<\/a><br \/><a href=\"https:\/\/moverdb.com\/es\/transitario\/freight-forwarding-uk\/feltham-freight-forwarder\/\">Feltham Freight Forwarder<\/a><br \/><a href=\"https:\/\/moverdb.com\/es\/transitario\/freight-forwarding-uk\/felixstowe-freight-forwarder\/\">Felixstowe Freight Forwarder<\/a><br \/><a href=\"https:\/\/moverdb.com\/es\/transitario\/freight-forwarding-uk\/southampton-freight-forwarder\/\">Transitario de Southampton<\/a><\/p>","protected":false},"excerpt":{"rendered":"<p>Below we look at the 1 &#8220;best&#8221; Freight Forwarding companies in Barnsley out of 1. To learn more about how we chose the best please consult our FAQ section at the end. Please not the following listings are in no particular order and we are not making any recommendations for any particular company. 512 (Wakefield) [&hellip;]<\/p>\n","protected":false},"author":1,"featured_media":0,"parent":13427,"menu_order":0,"comment_status":"open","ping_status":"open","template":"","meta":{"_genesis_hide_title":false,"_genesis_hide_breadcrumbs":false,"_genesis_hide_singular_image":false,"_genesis_hide_footer_widgets":false,"_genesis_custom_body_class":"","_genesis_custom_post_class":"","_genesis_layout":"","footnotes":""},"class_list":{"0":"post-14486","1":"page","2":"type-page","3":"status-publish","5":"entry"},"_links":{"self":[{"href":"https:\/\/moverdb.com\/es\/wp-json\/wp\/v2\/pages\/14486","targetHints":{"allow":["GET"]}}],"collection":[{"href":"https:\/\/moverdb.com\/es\/wp-json\/wp\/v2\/pages"}],"about":[{"href":"https:\/\/moverdb.com\/es\/wp-json\/wp\/v2\/types\/page"}],"author":[{"embeddable":true,"href":"https:\/\/moverdb.com\/es\/wp-json\/wp\/v2\/users\/1"}],"replies":[{"embeddable":true,"href":"https:\/\/moverdb.com\/es\/wp-json\/wp\/v2\/comments?post=14486"}],"version-history":[{"count":1,"href":"https:\/\/moverdb.com\/es\/wp-json\/wp\/v2\/pages\/14486\/revisions"}],"predecessor-version":[{"id":15530,"href":"https:\/\/moverdb.com\/es\/wp-json\/wp\/v2\/pages\/14486\/revisions\/15530"}],"up":[{"embeddable":true,"href":"https:\/\/moverdb.com\/es\/wp-json\/wp\/v2\/pages\/13427"}],"wp:attachment":[{"href":"https:\/\/moverdb.com\/es\/wp-json\/wp\/v2\/media?parent=14486"}],"curies":[{"name":"wp","href":"https:\/\/api.w.org\/{rel}","templated":true}]}}