{"id":14470,"date":"2023-11-08T15:57:06","date_gmt":"2023-11-08T15:57:06","guid":{"rendered":"https:\/\/moverdb.com\/freight-forwarder\/freight-forwarding-uk\/bridgwater-freight-forwarder\/"},"modified":"2026-01-08T14:50:58","modified_gmt":"2026-01-08T14:50:58","slug":"bridgwater-freight-forwarder","status":"publish","type":"page","link":"https:\/\/moverdb.com\/es\/freight-forwarder\/freight-forwarding-uk\/bridgwater-freight-forwarder\/","title":{"rendered":"1 Mejores empresas de transporte de mercanc\u00edas en Bridgwater (2024)"},"content":{"rendered":"<p>A continuaci\u00f3n examinamos los 1 <em>\"mejor\"<\/em> Empresas de transporte de mercanc\u00edas en Bridgwater de 3.<\/p>\n<p>Para saber m\u00e1s sobre c\u00f3mo elegimos a los mejores, consulte nuestra secci\u00f3n de preguntas frecuentes al final.<\/p>\n<p><em>Tenga en cuenta que los siguientes listados no siguen ning\u00fan orden en particular y que no recomendamos ninguna empresa en concreto.<\/em><\/p>\n<h2>Freight International Ltd<\/h2>\n<p><img decoding=\"async\" src=\"https:\/\/moverdb.com\/wp-content\/uploads\/AF1QipOOr74M5-4_Y3pUZyDS95KYrKzhCgZ3pCe23BfGw664-h240-k-no.png\" alt='Freight International Ltd' class=\"aligncenter\"><\/p>\n<p><strong>Descripci\u00f3n de la empresa: <\/strong>Con m\u00c3\u00a1s de 50 a\u00c3\u00b1os de experiencia en el sector de la exportaci\u00c3\u00b3n e importaci\u00c3\u00b3n, su carga est\u00c3\u00a1 en buenas manos con Freight International.<\/p>\n<p>Cotizaciones personalizadas de los principales transportistas del mundo, tarifas preferenciales y un servicio de atenci\u00c3\u00b3n al cliente de alto nivel han sido fundamentales para nuestro \u00c3\u00a9xito. <a href=\"https:\/\/moverdb.com\/es\/moving-to-the-united-states\/\" data-internallinksmanager029f6b8e52c=\"94\" title=\"\u00bfSe muda a Estados Unidos? 2026 Costes de vida y consejos de reubicaci\u00f3n\">us<\/a> el socio log\u00edstico n\u00famero 1 para fabricantes y distribuidores de todo el mundo.<\/p>\n<p>Nuestro equipo especializado est\u00e1 a su disposici\u00f3n para hablar de sus requisitos log\u00edsticos y con agentes en los 7 continentes,<br \/>\ntenemos la capacidad de ofrecer un servicio personalizado de alcance mundial.<\/p>\n<p>As\u00ed que, tanto si se trata de Maquinaria para Melbourne como de Embalaje para Penang, \u00a1nos encantar\u00eda saber de usted!<\/p>\n<p><strong>Servicios adicionales:<\/strong><\/p>\n<p>Ninguno<\/p>\n<p><strong>Direcci\u00f3n:<\/strong> Express Park, Mallard Court, <a href=\"\" data-internallinksmanager029f6b8e52c=\"36\" title=\"Bristol\">Bristol<\/a> Rd, Bridgwater TA6 4RN<\/p>\n<p><a href=\"http:\/\/www.freight-international.co.uk\/\" target=\"_new\" rel=\"noopener\">Sitio web de Freight International Ltd<\/a><\/p>\n<p><strong>Puntuaci\u00f3n de la revisi\u00f3n: <\/strong>5<br \/> <strong>N\u00famero de rese\u00f1as:<\/strong> 1<br \/><a href=\"https:\/\/www.google.co.uk\/maps?cid=14944274415594708407&#038;hl=en&#038;gl=GB\" target=\"_new\" rel=\"noopener\">Leer comentarios<\/a><\/p>\n<h2>C\u00f3mo hemos elegido las mejores empresas de transporte de Bridgwater<\/h2>\n<p>Empezamos con un conjunto de datos de 3 empresas transitarias de Bridgwater que pudimos encontrar a trav\u00e9s de Google Maps y lo redujimos a la mejor 1.<\/p>\n<p>Para ello eliminamos cualquier empresa que:<\/p>\n<ul>\n<li> No ten\u00eda p\u00e1gina web<\/li>\n<li> No ten\u00eda cr\u00edticas<\/li>\n<li> Tiene una puntuaci\u00f3n media inferior a 2,0<\/li>\n<\/ul>\n<p>En ese momento, si ten\u00edamos 17 o menos transportistas, los enumer\u00e1bamos todos.<\/p>\n<p>En las ciudades en las que nos quedamos con m\u00e1s de 17 expedidores, realizamos nuevas revisiones, bien aumentando la puntuaci\u00f3n de la revisi\u00f3n requerida (por ejemplo, pasando de un m\u00ednimo de 2,0 a 4,0) y\/o aumentando el n\u00famero m\u00ednimo de revisiones requeridas (por ejemplo, pasando de al menos 1 revisi\u00f3n a al menos 10).<\/p>\n<p>Tenga en cuenta que s\u00f3lo utilizamos datos de revisi\u00f3n de Google Maps y no de otros sitios web de terceros.<\/p>\n<p>M\u00e1s ciudades:<\/p>\n<p><a href=\"https:\/\/moverdb.com\/es\/transitario\/freight-forwarding-uk\/witney-freight-forwarder\/\">Witney Freight Forwarder<\/a><br \/><a href=\"https:\/\/moverdb.com\/es\/transitario\/freight-forwarding-uk\/rossendale-freight-forwarder\/\">Transitario Rossendale<\/a><br \/><a href=\"https:\/\/moverdb.com\/es\/transitario\/freight-forwarding-uk\/wokingham-freight-forwarder\/\">Wokingham Freight Forwarder<\/a><br \/><a href=\"https:\/\/moverdb.com\/es\/transitario\/freight-forwarding-uk\/farnborough-freight-forwarder\/\">Transitario Farnborough<\/a><br \/><a href=\"https:\/\/moverdb.com\/es\/transitario\/freight-forwarding-uk\/worcester-freight-forwarder\/\">Transitario Worcester<\/a><\/p>","protected":false},"excerpt":{"rendered":"<p>Below we look at the 1 &#8220;best&#8221; Freight Forwarding companies in Bridgwater out of 3. To learn more about how we chose the best please consult our FAQ section at the end. Please not the following listings are in no particular order and we are not making any recommendations for any particular company. Freight International [&hellip;]<\/p>\n","protected":false},"author":1,"featured_media":0,"parent":13427,"menu_order":0,"comment_status":"open","ping_status":"open","template":"","meta":{"_genesis_hide_title":false,"_genesis_hide_breadcrumbs":false,"_genesis_hide_singular_image":false,"_genesis_hide_footer_widgets":false,"_genesis_custom_body_class":"","_genesis_custom_post_class":"","_genesis_layout":"","footnotes":""},"class_list":{"0":"post-14470","1":"page","2":"type-page","3":"status-publish","5":"entry"},"_links":{"self":[{"href":"https:\/\/moverdb.com\/es\/wp-json\/wp\/v2\/pages\/14470","targetHints":{"allow":["GET"]}}],"collection":[{"href":"https:\/\/moverdb.com\/es\/wp-json\/wp\/v2\/pages"}],"about":[{"href":"https:\/\/moverdb.com\/es\/wp-json\/wp\/v2\/types\/page"}],"author":[{"embeddable":true,"href":"https:\/\/moverdb.com\/es\/wp-json\/wp\/v2\/users\/1"}],"replies":[{"embeddable":true,"href":"https:\/\/moverdb.com\/es\/wp-json\/wp\/v2\/comments?post=14470"}],"version-history":[{"count":1,"href":"https:\/\/moverdb.com\/es\/wp-json\/wp\/v2\/pages\/14470\/revisions"}],"predecessor-version":[{"id":15543,"href":"https:\/\/moverdb.com\/es\/wp-json\/wp\/v2\/pages\/14470\/revisions\/15543"}],"up":[{"embeddable":true,"href":"https:\/\/moverdb.com\/es\/wp-json\/wp\/v2\/pages\/13427"}],"wp:attachment":[{"href":"https:\/\/moverdb.com\/es\/wp-json\/wp\/v2\/media?parent=14470"}],"curies":[{"name":"wp","href":"https:\/\/api.w.org\/{rel}","templated":true}]}}