{"id":14420,"date":"2023-11-08T15:56:48","date_gmt":"2023-11-08T15:56:48","guid":{"rendered":"https:\/\/moverdb.com\/freight-forwarder\/freight-forwarding-uk\/towcester-freight-forwarder\/"},"modified":"2026-01-08T14:55:01","modified_gmt":"2026-01-08T14:55:01","slug":"towcester-freight-forwarder","status":"publish","type":"page","link":"https:\/\/moverdb.com\/es\/freight-forwarder\/freight-forwarding-uk\/towcester-freight-forwarder\/","title":{"rendered":"1 Mejores empresas de transporte de Towcester (2024)"},"content":{"rendered":"<p>A continuaci\u00f3n examinamos los 1 <em>\"mejor\"<\/em> Empresas de transporte de mercanc\u00edas en Towcester de 1.<\/p>\n<p>Para saber m\u00e1s sobre c\u00f3mo elegimos a los mejores, consulte nuestra secci\u00f3n de preguntas frecuentes al final.<\/p>\n<p><em>Tenga en cuenta que los siguientes listados no siguen ning\u00fan orden en particular y que no recomendamos ninguna empresa en concreto.<\/em><\/p>\n<h2>Soluciones log\u00edsticas de carga<\/h2>\n<p><img decoding=\"async\" src=\"https:\/\/moverdb.com\/wp-content\/uploads\/AF1QipNDFDb5KpfUyxWp5wDHwjDaPw8N5P432u7zhYtMw408-h306-k-no.jpg\" alt='Soluciones log\u00edsticas de carga' class=\"aligncenter\"><\/p>\n<p><strong>Descripci\u00f3n de la empresa: <\/strong>FLS es uno de los principales proveedores brit\u00c3\u00a1nicos de gesti\u00c3\u00b3n integral de la cadena de suministro.<\/p>\n<p> FLS ofrece soluciones log\u00edsticas derivadas de su experiencia y conocimientos en log\u00edstica operativa, de la cadena de suministro y del transporte de mercanc\u00edas, con el objetivo \u00faltimo de mejorar los niveles de servicio de transporte de nuestros clientes y reducir los costes.<\/p>\n<p>FLS cuenta con una amplia red mundial de proveedores preferentes y transportistas de calidad, lo que significa que usted se beneficia de una mayor disponibilidad, seguridad, niveles de servicio garantizados, mayor flexibilidad, trazabilidad y entregas con plazos definidos.<\/p>\n<p>FLS ofrece una gama de servicios que se adaptan a las necesidades de manipulaci\u00c3\u00b3n de mercanc\u00c3as de todos los clientes, desde el uso ocasional del transporte hasta una soluci\u00c3\u00b3n completa de gesti\u00c3\u00b3n del transporte subcontratado in situ.<\/p>\n<p><strong>Servicios adicionales:<\/strong><\/p>\n<p>Servicio de transporte<\/p>\n<p><strong>Direcci\u00f3n:<\/strong> Suite 3 The Innovation Centre Silverstone Park, Silverstone, Towcester NN12 8GX<\/p>\n<p><a href=\"http:\/\/www.freightlogisticssolutions.co.uk\/\" target=\"_new\" rel=\"noopener\">Sitio web de Freight Logistics Solutions<\/a><\/p>\n<p><strong>Puntuaci\u00f3n de la revisi\u00f3n: <\/strong>5<br \/> <strong>N\u00famero de rese\u00f1as:<\/strong> 2<br \/><a href=\"https:\/\/www.google.co.uk\/maps?cid=6827545134661727843&#038;hl=en&#038;gl=GB\" target=\"_new\" rel=\"noopener\">Leer comentarios<\/a><\/p>\n<h2>C\u00f3mo hemos elegido las mejores empresas de transporte de Towcester<\/h2>\n<p>Empezamos con un conjunto de datos de 1 empresas de transporte de Towcester que pudimos encontrar a trav\u00e9s de Google Maps y lo redujimos a las 1 mejores.<\/p>\n<p>Para ello eliminamos cualquier empresa que:<\/p>\n<ul>\n<li> No ten\u00eda p\u00e1gina web<\/li>\n<li> No ten\u00eda cr\u00edticas<\/li>\n<li> Tiene una puntuaci\u00f3n media inferior a 2,0<\/li>\n<\/ul>\n<p>En ese momento, si ten\u00edamos 17 o menos transportistas, los enumer\u00e1bamos todos.<\/p>\n<p>En las ciudades en las que nos quedamos con m\u00e1s de 17 expedidores, realizamos nuevas revisiones, bien aumentando la puntuaci\u00f3n de la revisi\u00f3n requerida (por ejemplo, pasando de un m\u00ednimo de 2,0 a 4,0) y\/o aumentando el n\u00famero m\u00ednimo de revisiones requeridas (por ejemplo, pasando de al menos 1 revisi\u00f3n a al menos 10).<\/p>\n<p>Tenga en cuenta que s\u00f3lo utilizamos datos de revisi\u00f3n de Google Maps y no de otros sitios web de terceros.<\/p>\n<p>M\u00e1s ciudades:<\/p>\n<p><a href=\"https:\/\/moverdb.com\/es\/transitario\/freight-forwarding-uk\/pulborough-freight-forwarder\/\">Pulborough Transitario<\/a><br \/><a href=\"https:\/\/moverdb.com\/es\/transitario\/freight-forwarding-uk\/upminster-freight-forwarder\/\">Upminster Freight Forwarder<\/a><br \/><a href=\"https:\/\/moverdb.com\/es\/transitario\/freight-forwarding-uk\/bala-freight-forwarder\/\">Transitario Bala<\/a><br \/><a href=\"https:\/\/moverdb.com\/es\/transitario\/freight-forwarding-uk\/hexham-freight-forwarder\/\">Transitario Hexham<\/a><br \/><a href=\"https:\/\/moverdb.com\/es\/transitario\/freight-forwarding-uk\/ramsgate-freight-forwarder\/\">Ramsgate Freight Forwarder<\/a><\/p>","protected":false},"excerpt":{"rendered":"<p>Below we look at the 1 &#8220;best&#8221; Freight Forwarding companies in Towcester out of 1. To learn more about how we chose the best please consult our FAQ section at the end. Please not the following listings are in no particular order and we are not making any recommendations for any particular company. Freight Logistics [&hellip;]<\/p>\n","protected":false},"author":1,"featured_media":0,"parent":13427,"menu_order":0,"comment_status":"open","ping_status":"open","template":"","meta":{"_genesis_hide_title":false,"_genesis_hide_breadcrumbs":false,"_genesis_hide_singular_image":false,"_genesis_hide_footer_widgets":false,"_genesis_custom_body_class":"","_genesis_custom_post_class":"","_genesis_layout":"","footnotes":""},"class_list":{"0":"post-14420","1":"page","2":"type-page","3":"status-publish","5":"entry"},"_links":{"self":[{"href":"https:\/\/moverdb.com\/es\/wp-json\/wp\/v2\/pages\/14420","targetHints":{"allow":["GET"]}}],"collection":[{"href":"https:\/\/moverdb.com\/es\/wp-json\/wp\/v2\/pages"}],"about":[{"href":"https:\/\/moverdb.com\/es\/wp-json\/wp\/v2\/types\/page"}],"author":[{"embeddable":true,"href":"https:\/\/moverdb.com\/es\/wp-json\/wp\/v2\/users\/1"}],"replies":[{"embeddable":true,"href":"https:\/\/moverdb.com\/es\/wp-json\/wp\/v2\/comments?post=14420"}],"version-history":[{"count":1,"href":"https:\/\/moverdb.com\/es\/wp-json\/wp\/v2\/pages\/14420\/revisions"}],"predecessor-version":[{"id":15657,"href":"https:\/\/moverdb.com\/es\/wp-json\/wp\/v2\/pages\/14420\/revisions\/15657"}],"up":[{"embeddable":true,"href":"https:\/\/moverdb.com\/es\/wp-json\/wp\/v2\/pages\/13427"}],"wp:attachment":[{"href":"https:\/\/moverdb.com\/es\/wp-json\/wp\/v2\/media?parent=14420"}],"curies":[{"name":"wp","href":"https:\/\/api.w.org\/{rel}","templated":true}]}}