{"id":14398,"date":"2023-11-08T15:56:48","date_gmt":"2023-11-08T15:56:48","guid":{"rendered":"https:\/\/moverdb.com\/freight-forwarder\/freight-forwarding-uk\/dudley-freight-forwarder\/"},"modified":"2026-01-08T14:51:28","modified_gmt":"2026-01-08T14:51:28","slug":"dudley-freight-forwarder","status":"publish","type":"page","link":"https:\/\/moverdb.com\/es\/freight-forwarder\/freight-forwarding-uk\/dudley-freight-forwarder\/","title":{"rendered":"1 Mejores empresas de transporte de Dudley (2024)"},"content":{"rendered":"<p>A continuaci\u00f3n examinamos los 1 <em>\"mejor\"<\/em> Empresas de transporte de mercanc\u00edas en Dudley de 1.<\/p>\n<p>Para saber m\u00e1s sobre c\u00f3mo elegimos a los mejores, consulte nuestra secci\u00f3n de preguntas frecuentes al final.<\/p>\n<p><em>Tenga en cuenta que los siguientes listados no siguen ning\u00fan orden en particular y que no recomendamos ninguna empresa en concreto.<\/em><\/p>\n<h2>Container Products Ltd Embalaje para exportaci\u00f3n West Midlands<\/h2>\n<p><img decoding=\"async\" src=\"https:\/\/moverdb.com\/wp-content\/uploads\/AF1QipOJOfAOFEK0_asMIcC5pZcKFHk3Oawm20Tb5VL8w408-h306-k-no.jpg\" alt='Container Products Ltd Embalaje para exportaci\u00f3n West Midlands' class=\"aligncenter\"><\/p>\n<p><strong>Descripci\u00f3n de la empresa: <\/strong>Aqu\u00ed, en Container Products Ltd, somos una empresa especializada en embalaje que ofrece flete mar\u00edtimo, flete a\u00e9reo, embalaje de exportaci\u00f3n, cajas de embalaje de madera y carga de contenedores para aquellos en Dudley y las \u00e1reas circundantes en West Midlands.<\/p>\n<p> Sentimos verdadera pasi\u00f3n por lo que hacemos y creemos que eso se nota en todos los servicios de embalaje y contenedores que ofrecemos en West Midlands.<\/p>\n<p> Por eso creemos que debemos ser su primera y \u00fanica <a href=\"https:\/\/moverdb.com\/es\/top-49-container-ports\/\" data-internallinksmanager029f6b8e52c=\"80\" title=\"Los 49 puertos de contenedores m\u00e1s grandes y activos en 2025\">puerto<\/a> de llamada cuando se trata de embalaje de exportaci\u00f3n, flete mar\u00edtimo, flete a\u00e9reo, cajas de embalaje de madera y carga de contenedores a los de Dudley y sus alrededores en las West Midlands.<\/p>\n<p> Si desea m\u00e1s informaci\u00f3n sobre nuestros servicios de contenedores y embalaje, p\u00f3ngase en contacto con nuestro equipo hoy mismo.<\/p>\n<p><strong>Servicios adicionales:<\/strong><\/p>\n<p>Servicio de contenedores<\/p>\n<p>Empresa de envasado<\/p>\n<p>Almac\u00e9n<\/p>\n<p><strong>Direcci\u00f3n:<\/strong> Castle Mill Works, <a href=\"\" data-internallinksmanager029f6b8e52c=\"34\" title=\"Birmingham\">Birmingham<\/a> New Rd, Dudley DY1 4DA<\/p>\n<p><a href=\"https:\/\/www.containerproducts.co.uk\/\" target=\"_new\" rel=\"noopener\">Container Products Ltd Export Packing West Midlands website<\/a><\/p>\n<p><strong>Puntuaci\u00f3n de la revisi\u00f3n: <\/strong>4.7<br \/> <strong>N\u00famero de rese\u00f1as:<\/strong> 3<br \/><a href=\"https:\/\/www.google.co.uk\/maps?cid=6089925351874330014&#038;hl=en&#038;gl=GB\" target=\"_new\" rel=\"noopener\">Leer comentarios<\/a><\/p>\n<h2>C\u00f3mo hemos elegido las mejores empresas de transporte de Dudley<\/h2>\n<p>Empezamos con un conjunto de datos de 1 empresas de transporte de Dudley que pudimos encontrar a trav\u00e9s de Google Maps y lo redujimos a las 1 mejores.<\/p>\n<p>Para ello eliminamos cualquier empresa que:<\/p>\n<ul>\n<li> No ten\u00eda p\u00e1gina web<\/li>\n<li> No ten\u00eda cr\u00edticas<\/li>\n<li> Tiene una puntuaci\u00f3n media inferior a 2,0<\/li>\n<\/ul>\n<p>En ese momento, si ten\u00edamos 17 o menos transportistas, los enumer\u00e1bamos todos.<\/p>\n<p>En las ciudades en las que nos quedamos con m\u00e1s de 17 expedidores, realizamos nuevas revisiones, bien aumentando la puntuaci\u00f3n de la revisi\u00f3n requerida (por ejemplo, pasando de un m\u00ednimo de 2,0 a 4,0) y\/o aumentando el n\u00famero m\u00ednimo de revisiones requeridas (por ejemplo, pasando de al menos 1 revisi\u00f3n a al menos 10).<\/p>\n<p>Tenga en cuenta que s\u00f3lo utilizamos datos de revisi\u00f3n de Google Maps y no de otros sitios web de terceros.<\/p>\n<p>M\u00e1s ciudades:<\/p>\n<p><a href=\"https:\/\/moverdb.com\/es\/transitario\/freight-forwarding-uk\/andover-freight-forwarder\/\">Transitario Andover<\/a><br \/><a href=\"https:\/\/moverdb.com\/es\/transitario\/freight-forwarding-uk\/port-of-tilbury-freight-forwarder\/\">Puerto de Tilbury Transitario<\/a><br \/><a href=\"https:\/\/moverdb.com\/es\/transitario\/freight-forwarding-uk\/hereford-freight-forwarder\/\">Transitario Hereford<\/a><br \/><a href=\"https:\/\/moverdb.com\/es\/transitario\/freight-forwarding-uk\/durham-freight-forwarder\/\">Transitario Durham<\/a><br \/><a href=\"https:\/\/moverdb.com\/es\/transitario\/freight-forwarding-uk\/thatcham-freight-forwarder\/\">Transitario Thatcham<\/a><\/p>","protected":false},"excerpt":{"rendered":"<p>Below we look at the 1 &#8220;best&#8221; Freight Forwarding companies in Dudley out of 1. To learn more about how we chose the best please consult our FAQ section at the end. Please not the following listings are in no particular order and we are not making any recommendations for any particular company. Container Products [&hellip;]<\/p>\n","protected":false},"author":1,"featured_media":0,"parent":13427,"menu_order":0,"comment_status":"open","ping_status":"open","template":"","meta":{"_genesis_hide_title":false,"_genesis_hide_breadcrumbs":false,"_genesis_hide_singular_image":false,"_genesis_hide_footer_widgets":false,"_genesis_custom_body_class":"","_genesis_custom_post_class":"","_genesis_layout":"","footnotes":""},"class_list":{"0":"post-14398","1":"page","2":"type-page","3":"status-publish","5":"entry"},"_links":{"self":[{"href":"https:\/\/moverdb.com\/es\/wp-json\/wp\/v2\/pages\/14398","targetHints":{"allow":["GET"]}}],"collection":[{"href":"https:\/\/moverdb.com\/es\/wp-json\/wp\/v2\/pages"}],"about":[{"href":"https:\/\/moverdb.com\/es\/wp-json\/wp\/v2\/types\/page"}],"author":[{"embeddable":true,"href":"https:\/\/moverdb.com\/es\/wp-json\/wp\/v2\/users\/1"}],"replies":[{"embeddable":true,"href":"https:\/\/moverdb.com\/es\/wp-json\/wp\/v2\/comments?post=14398"}],"version-history":[{"count":1,"href":"https:\/\/moverdb.com\/es\/wp-json\/wp\/v2\/pages\/14398\/revisions"}],"predecessor-version":[{"id":15572,"href":"https:\/\/moverdb.com\/es\/wp-json\/wp\/v2\/pages\/14398\/revisions\/15572"}],"up":[{"embeddable":true,"href":"https:\/\/moverdb.com\/es\/wp-json\/wp\/v2\/pages\/13427"}],"wp:attachment":[{"href":"https:\/\/moverdb.com\/es\/wp-json\/wp\/v2\/media?parent=14398"}],"curies":[{"name":"wp","href":"https:\/\/api.w.org\/{rel}","templated":true}]}}