{"id":14212,"date":"2023-11-08T15:55:21","date_gmt":"2023-11-08T15:55:21","guid":{"rendered":"https:\/\/moverdb.com\/freight-forwarder\/freight-forwarding-uk\/woking-freight-forwarder\/"},"modified":"2026-01-08T14:55:16","modified_gmt":"2026-01-08T14:55:16","slug":"woking-freight-forwarder","status":"publish","type":"page","link":"https:\/\/moverdb.com\/es\/freight-forwarder\/freight-forwarding-uk\/woking-freight-forwarder\/","title":{"rendered":"1 Mejores empresas de transporte de mercanc\u00edas de Woking (2024)"},"content":{"rendered":"<p>A continuaci\u00f3n examinamos los 1 <em>\"mejor\"<\/em> Empresas de transporte de mercanc\u00edas en Woking de 2.<\/p>\n<p>Para saber m\u00e1s sobre c\u00f3mo elegimos a los mejores, consulte nuestra secci\u00f3n de preguntas frecuentes al final.<\/p>\n<p><em>Tenga en cuenta que los siguientes listados no siguen ning\u00fan orden en particular y que no recomendamos ninguna empresa en concreto.<\/em><\/p>\n<h2>Perform Logistics Ltd<\/h2>\n<p><img decoding=\"async\" src=\"https:\/\/moverdb.com\/wp-content\/uploads\/thumbnailpanoid1tRaMDxSTLeo_szGr9mxBwcb_clientsearch.gws-prod.gpsw408h240yaw115.jpg\" alt='Perform Logistics Ltd' class=\"aligncenter\"><\/p>\n<p><strong>Descripci\u00f3n de la empresa: <\/strong><a href=\"https:\/\/moverdb.com\/es\/freight-forwarder\/\" data-internallinksmanager029f6b8e52c=\"17\" title=\"Gu\u00eda de empresas y costes internacionales de transitarios y NVOCC\">Transitarios<\/a> especializada en servicios de transporte de eventos y exposiciones<br \/>\nServicios completos de importaci\u00f3n y exportaci\u00f3n por v\u00eda a\u00e9rea, terrestre o mar\u00edtima<br \/>\nGrupaje y servicios especializados por Europa<br \/>\nSoluciones de comercio electr\u00f3nico<br \/>\nAlmacenamiento<\/p>\n<p><strong>Servicios adicionales:<\/strong><\/p>\n<p>Ninguno<\/p>\n<p><strong>Direcci\u00f3n:<\/strong> Parque empresarial, C5 Octimum, Forsyth Rd, Woking GU21 5SF<\/p>\n<p><a href=\"https:\/\/performlogistics.co.uk\/\" target=\"_new\" rel=\"noopener\">Sitio web de Perform Logistics Ltd<\/a><\/p>\n<p><strong>Puntuaci\u00f3n de la revisi\u00f3n: <\/strong>4<br \/> <strong>N\u00famero de rese\u00f1as:<\/strong> 3<br \/><a href=\"https:\/\/www.google.co.uk\/maps?cid=10158007387734058582&#038;hl=en&#038;gl=GB\" target=\"_new\" rel=\"noopener\">Leer comentarios<\/a><\/p>\n<h2>C\u00f3mo hemos elegido las mejores empresas de transporte de mercanc\u00edas de Woking<\/h2>\n<p>Empezamos con un conjunto de datos de 2 empresas transitarias de Woking que pudimos encontrar a trav\u00e9s de Google Maps y lo redujimos a la mejor 1.<\/p>\n<p>Para ello eliminamos cualquier empresa que:<\/p>\n<ul>\n<li> No ten\u00eda p\u00e1gina web<\/li>\n<li> No ten\u00eda cr\u00edticas<\/li>\n<li> Tiene una puntuaci\u00f3n media inferior a 2,0<\/li>\n<\/ul>\n<p>En ese momento, si ten\u00edamos 17 o menos transportistas, los enumer\u00e1bamos todos.<\/p>\n<p>En las ciudades en las que nos quedamos con m\u00e1s de 17 expedidores, realizamos nuevas revisiones, bien aumentando la puntuaci\u00f3n de la revisi\u00f3n requerida (por ejemplo, pasando de un m\u00ednimo de 2,0 a 4,0) y\/o aumentando el n\u00famero m\u00ednimo de revisiones requeridas (por ejemplo, pasando de al menos 1 revisi\u00f3n a al menos 10).<\/p>\n<p>Tenga en cuenta que s\u00f3lo utilizamos datos de revisi\u00f3n de Google Maps y no de otros sitios web de terceros.<\/p>\n<p>M\u00e1s ciudades:<\/p>\n<p><a href=\"https:\/\/moverdb.com\/es\/transitario\/freight-forwarding-uk\/launceston-freight-forwarder\/\">Transitario Launceston<\/a><br \/><a href=\"https:\/\/moverdb.com\/es\/transitario\/freight-forwarding-uk\/saltash-freight-forwarder\/\">Transitario Saltash<\/a><br \/><a href=\"https:\/\/moverdb.com\/es\/transitario\/freight-forwarding-uk\/coalville-freight-forwarder\/\">Coalville Freight Forwarder<\/a><br \/><a href=\"https:\/\/moverdb.com\/es\/transitario\/freight-forwarding-uk\/sidcup-freight-forwarder\/\">Sidcup Freight Forwarder<\/a><br \/><a href=\"https:\/\/moverdb.com\/es\/transitario\/freight-forwarding-uk\/coggeshall-freight-forwarder\/\">Coggeshall Transitario<\/a><\/p>","protected":false},"excerpt":{"rendered":"<p>Below we look at the 1 &#8220;best&#8221; Freight Forwarding companies in Woking out of 2. To learn more about how we chose the best please consult our FAQ section at the end. Please not the following listings are in no particular order and we are not making any recommendations for any particular company. Perform Logistics [&hellip;]<\/p>\n","protected":false},"author":1,"featured_media":0,"parent":13427,"menu_order":0,"comment_status":"open","ping_status":"open","template":"","meta":{"_genesis_hide_title":false,"_genesis_hide_breadcrumbs":false,"_genesis_hide_singular_image":false,"_genesis_hide_footer_widgets":false,"_genesis_custom_body_class":"","_genesis_custom_post_class":"","_genesis_layout":"","footnotes":""},"class_list":{"0":"post-14212","1":"page","2":"type-page","3":"status-publish","5":"entry"},"_links":{"self":[{"href":"https:\/\/moverdb.com\/es\/wp-json\/wp\/v2\/pages\/14212","targetHints":{"allow":["GET"]}}],"collection":[{"href":"https:\/\/moverdb.com\/es\/wp-json\/wp\/v2\/pages"}],"about":[{"href":"https:\/\/moverdb.com\/es\/wp-json\/wp\/v2\/types\/page"}],"author":[{"embeddable":true,"href":"https:\/\/moverdb.com\/es\/wp-json\/wp\/v2\/users\/1"}],"replies":[{"embeddable":true,"href":"https:\/\/moverdb.com\/es\/wp-json\/wp\/v2\/comments?post=14212"}],"version-history":[{"count":1,"href":"https:\/\/moverdb.com\/es\/wp-json\/wp\/v2\/pages\/14212\/revisions"}],"predecessor-version":[{"id":15672,"href":"https:\/\/moverdb.com\/es\/wp-json\/wp\/v2\/pages\/14212\/revisions\/15672"}],"up":[{"embeddable":true,"href":"https:\/\/moverdb.com\/es\/wp-json\/wp\/v2\/pages\/13427"}],"wp:attachment":[{"href":"https:\/\/moverdb.com\/es\/wp-json\/wp\/v2\/media?parent=14212"}],"curies":[{"name":"wp","href":"https:\/\/api.w.org\/{rel}","templated":true}]}}