{"id":14168,"date":"2023-11-08T15:55:01","date_gmt":"2023-11-08T15:55:01","guid":{"rendered":"https:\/\/moverdb.com\/freight-forwarder\/freight-forwarding-uk\/runcorn-freight-forwarder\/"},"modified":"2026-01-08T14:58:28","modified_gmt":"2026-01-08T14:58:28","slug":"runcorn-freight-forwarder","status":"publish","type":"page","link":"https:\/\/moverdb.com\/es\/freight-forwarder\/freight-forwarding-uk\/runcorn-freight-forwarder\/","title":{"rendered":"2 Mejores empresas de transporte de mercanc\u00edas de Runcorn (2024)"},"content":{"rendered":"<p>A continuaci\u00f3n examinamos los 2 <em>\"mejor\"<\/em> Empresas de transporte de mercanc\u00edas en Runcorn de 2.<\/p>\n<p>Para saber m\u00e1s sobre c\u00f3mo elegimos a los mejores, consulte nuestra secci\u00f3n de preguntas frecuentes al final.<\/p>\n<p><em>Tenga en cuenta que los siguientes listados no siguen ning\u00fan orden en particular y que no recomendamos ninguna empresa en concreto.<\/em><\/p>\n<h2>Maltacourt Ltd<\/h2>\n<p><img decoding=\"async\" src=\"https:\/\/moverdb.com\/wp-content\/uploads\/AF1QipNwLw1ucsSegmiMM1IV0FoX_N7FfFwKNLnngOyQw491-h240-k-no.jpg\" alt='Maltacourt Ltd' class=\"aligncenter\"><\/p>\n<p><strong>Descripci\u00f3n de la empresa: <\/strong>Maltacourt es una <a href=\"https:\/\/moverdb.com\/es\/container-shipping\/\" data-internallinksmanager029f6b8e52c=\"3\" title=\"Tabla de tarifas de transporte mar\u00edtimo internacional de contenedores: Abril 2026\">env\u00edos internacionales<\/a> y transitario, especializado en transporte a\u00e9reo, mar\u00edtimo, importaci\u00f3n y exportaci\u00f3n, y transporte por carretera.<\/p>\n<p> Desde su actual <a href=\"https:\/\/moverdb.com\/es\/moving-to-the-uk\/\" data-internallinksmanager029f6b8e52c=\"93\" title=\"\u00bfSe muda al Reino Unido? 2026 Costes de vida y consejos de reubicaci\u00f3n\">REINO UNIDO<\/a> En la actualidad, la empresa, que cuenta con oficinas en todo el mundo, combina un enfoque \u00c3\u00banico de las personas, los procesos y la tecnolog\u00c3a para ofrecer un nivel incomparable de comprensi\u00c3\u00b3n de los diversos negocios de sus clientes, lo que les permite construir relaciones a largo plazo basadas en la confianza, la calidad del servicio y el valor.<\/p>\n<p><strong>Servicios adicionales:<\/strong><\/p>\n<p>Agente de aduanas<\/p>\n<p><strong>Direcci\u00f3n:<\/strong> Parque empresarial y t\u00e9cnico The Heath, Runcorn WA7 4QX<\/p>\n<p><a href=\"http:\/\/www.maltacourt.com\/\" target=\"_new\" rel=\"noopener\">Sitio web de Maltacourt Ltd<\/a><\/p>\n<p><strong>Puntuaci\u00f3n de la revisi\u00f3n: <\/strong>4<br \/> <strong>N\u00famero de rese\u00f1as:<\/strong> 4<br \/><a href=\"https:\/\/www.google.co.uk\/maps?cid=17055878549425519914&#038;hl=en&#038;gl=GB\" target=\"_new\" rel=\"noopener\">Leer comentarios<\/a><\/p>\n<h2>Newbreed Freight Ltd<\/h2>\n<p><img decoding=\"async\" src=\"https:\/\/moverdb.com\/wp-content\/uploads\/thumbnailpanoiddHCDYKZy-Yym38zoiJifjwcb_clientsearch.gws-prod.gpsw408h240yaw216.jpg\" alt='Newbreed Freight Ltd' class=\"aligncenter\"><\/p>\n<p><strong>Descripci\u00f3n de la empresa: <\/strong>Ninguno<\/p>\n<p><strong>Servicios adicionales:<\/strong><\/p>\n<p>Empresa de mensajer\u00eda<\/p>\n<p><strong>Direcci\u00f3n:<\/strong> Monks Way, 10 Abbots Park, Preston Brook, Cheshire, Runcorn WA7 3GH<\/p>\n<p><a href=\"http:\/\/www.newbreed.co.uk\/\" target=\"_new\" rel=\"noopener\">Sitio web de Newbreed Freight Ltd<\/a><\/p>\n<p><strong>Puntuaci\u00f3n de la revisi\u00f3n: <\/strong>5<br \/> <strong>N\u00famero de rese\u00f1as:<\/strong> 1<br \/><a href=\"https:\/\/www.google.co.uk\/maps?cid=16772994532082885998&#038;hl=en&#038;gl=GB\" target=\"_new\" rel=\"noopener\">Leer comentarios<\/a><\/p>\n<h2>C\u00f3mo hemos elegido las mejores empresas transitarias de Runcorn<\/h2>\n<p>Empezamos con un conjunto de datos de 2 empresas transitarias de Runcorn que pudimos encontrar a trav\u00e9s de Google Maps y lo redujimos a las 2 mejores.<\/p>\n<p>Para ello eliminamos cualquier empresa que:<\/p>\n<ul>\n<li> No ten\u00eda p\u00e1gina web<\/li>\n<li> No ten\u00eda cr\u00edticas<\/li>\n<li> Tiene una puntuaci\u00f3n media inferior a 2,0<\/li>\n<\/ul>\n<p>En ese momento, si ten\u00edamos 17 o menos transportistas, los enumer\u00e1bamos todos.<\/p>\n<p>En las ciudades en las que nos quedamos con m\u00e1s de 17 expedidores, realizamos nuevas revisiones, bien aumentando la puntuaci\u00f3n de la revisi\u00f3n requerida (por ejemplo, pasando de un m\u00ednimo de 2,0 a 4,0) y\/o aumentando el n\u00famero m\u00ednimo de revisiones requeridas (por ejemplo, pasando de al menos 1 revisi\u00f3n a al menos 10).<\/p>\n<p>Tenga en cuenta que s\u00f3lo utilizamos datos de revisi\u00f3n de Google Maps y no de otros sitios web de terceros.<\/p>\n<p>M\u00e1s ciudades:<\/p>\n<p><a href=\"https:\/\/moverdb.com\/es\/transitario\/freight-forwarding-uk\/manningtree-freight-forwarder\/\">Manningtree Freight Forwarder<\/a><br \/><a href=\"https:\/\/moverdb.com\/es\/transitario\/freight-forwarding-uk\/sale-freight-forwarder\/\">Venta Transitario<\/a><br \/><a href=\"https:\/\/moverdb.com\/es\/transitario\/freight-forwarding-uk\/salford-freight-forwarder\/\">Transitario de Salford<\/a><br \/><a href=\"https:\/\/moverdb.com\/es\/transitario\/freight-forwarding-uk\/lichfield-freight-forwarder\/\">Lichfield Transitario<\/a><br \/><a href=\"https:\/\/moverdb.com\/es\/transitario\/freight-forwarding-uk\/castlederg-freight-forwarder\/\">Castlederg Freight Forwarder<\/a><\/p>","protected":false},"excerpt":{"rendered":"<p>Below we look at the 2 &#8220;best&#8221; Freight Forwarding companies in Runcorn out of 2. To learn more about how we chose the best please consult our FAQ section at the end. Please not the following listings are in no particular order and we are not making any recommendations for any particular company. Maltacourt Ltd [&hellip;]<\/p>\n","protected":false},"author":1,"featured_media":0,"parent":13427,"menu_order":0,"comment_status":"open","ping_status":"open","template":"","meta":{"_genesis_hide_title":false,"_genesis_hide_breadcrumbs":false,"_genesis_hide_singular_image":false,"_genesis_hide_footer_widgets":false,"_genesis_custom_body_class":"","_genesis_custom_post_class":"","_genesis_layout":"","footnotes":""},"class_list":{"0":"post-14168","1":"page","2":"type-page","3":"status-publish","5":"entry"},"_links":{"self":[{"href":"https:\/\/moverdb.com\/es\/wp-json\/wp\/v2\/pages\/14168","targetHints":{"allow":["GET"]}}],"collection":[{"href":"https:\/\/moverdb.com\/es\/wp-json\/wp\/v2\/pages"}],"about":[{"href":"https:\/\/moverdb.com\/es\/wp-json\/wp\/v2\/types\/page"}],"author":[{"embeddable":true,"href":"https:\/\/moverdb.com\/es\/wp-json\/wp\/v2\/users\/1"}],"replies":[{"embeddable":true,"href":"https:\/\/moverdb.com\/es\/wp-json\/wp\/v2\/comments?post=14168"}],"version-history":[{"count":1,"href":"https:\/\/moverdb.com\/es\/wp-json\/wp\/v2\/pages\/14168\/revisions"}],"predecessor-version":[{"id":15742,"href":"https:\/\/moverdb.com\/es\/wp-json\/wp\/v2\/pages\/14168\/revisions\/15742"}],"up":[{"embeddable":true,"href":"https:\/\/moverdb.com\/es\/wp-json\/wp\/v2\/pages\/13427"}],"wp:attachment":[{"href":"https:\/\/moverdb.com\/es\/wp-json\/wp\/v2\/media?parent=14168"}],"curies":[{"name":"wp","href":"https:\/\/api.w.org\/{rel}","templated":true}]}}