{"id":14165,"date":"2023-11-08T15:55:01","date_gmt":"2023-11-08T15:55:01","guid":{"rendered":"https:\/\/moverdb.com\/freight-forwarder\/freight-forwarding-uk\/widnes-freight-forwarder\/"},"modified":"2026-01-08T14:58:44","modified_gmt":"2026-01-08T14:58:44","slug":"widnes-freight-forwarder","status":"publish","type":"page","link":"https:\/\/moverdb.com\/es\/freight-forwarder\/freight-forwarding-uk\/widnes-freight-forwarder\/","title":{"rendered":"2 Mejores empresas de transporte de Widnes (2024)"},"content":{"rendered":"<p>A continuaci\u00f3n examinamos los 2 <em>\"mejor\"<\/em> Empresas de transporte de mercanc\u00edas en Widnes de 3.<\/p>\n<p>Para saber m\u00e1s sobre c\u00f3mo elegimos a los mejores, consulte nuestra secci\u00f3n de preguntas frecuentes al final.<\/p>\n<p><em>Tenga en cuenta que los siguientes listados no siguen ning\u00fan orden en particular y que no recomendamos ninguna empresa en concreto.<\/em><\/p>\n<h2>Karl Schmidt UK Ltd<\/h2>\n<p><img decoding=\"async\" src=\"https:\/\/moverdb.com\/wp-content\/uploads\/AF1QipPUkvBvpcLEOcDqeeu02zsv64jFbNwGzY-7BTAmw408-h272-k-no.jpg\" alt='Karl Schmidt UK Ltd' class=\"aligncenter\"><\/p>\n<p><strong>Descripci\u00f3n de la empresa: <\/strong>La empresa familiar SCHMIDT se ha convertido en un proveedor l\u00edder de servicios de log\u00edstica a granel en toda Europa.<\/p>\n<p> 2.500 empleados repartidos en 49 centros de todo el mundo prestan un amplio servicio integral a nuestros clientes en el transporte, almacenamiento y manipulaci\u00f3n de mercanc\u00edas a granel.<\/p>\n<p> Adem\u00e1s, el Grupo SCHMIDT es activo en la construcci\u00f3n de instalaciones log\u00edsticas para mercanc\u00edas a granel de flujo libre.<\/p>\n<p>Cada d\u00eda, el Grupo SCHMIDT procesa m\u00e1s de 1000 \u00f3rdenes de transporte.<\/p>\n<p> Adem\u00e1s de pedidos de existencias y pedidos especiales espec\u00edficos de clientes.<\/p>\n<p> Nuestro propio software de vanguardia para la expedici\u00f3n de cargas presta asistencia a usuarios de diversos \u00e1mbitos participantes.<\/p>\n<p><strong>Servicios adicionales:<\/strong><\/p>\n<p>Almac\u00e9n<\/p>\n<p><strong>Direcci\u00f3n:<\/strong> Suite B3 Simms Cross Business Hub, Widnes Rd, Widnes WA8 6AX<\/p>\n<p><a href=\"https:\/\/www.schmidt-heilbronn.de\/en\/\" target=\"_new\" rel=\"noopener\">Sitio web de Karl Schmidt UK Ltd<\/a><\/p>\n<p><strong>Puntuaci\u00f3n de la revisi\u00f3n: <\/strong>5<br \/> <strong>N\u00famero de rese\u00f1as:<\/strong> 5<br \/><a href=\"https:\/\/www.google.co.uk\/maps?cid=14068972481427444696&#038;hl=en&#038;gl=GB\" target=\"_new\" rel=\"noopener\">Leer comentarios<\/a><\/p>\n<h2>Hales Freight Widnes<\/h2>\n<p><img decoding=\"async\" src=\"https:\/\/moverdb.com\/wp-content\/uploads\/AF1QipNCEv__6AbTqebw_YX-A0nbPAg7smXwxvelC8aPw408-h331-k-no.jpg\" alt='Hales Freight Widnes' class=\"aligncenter\"><\/p>\n<p><strong>Descripci\u00f3n de la empresa: <\/strong>Con m\u00e1s de 40 a\u00f1os de experiencia en el transporte de mercanc\u00edas, la log\u00edstica y la entrega de pal\u00e9s desde y hacia el <a href=\"https:\/\/moverdb.com\/es\/moving-to-the-uk\/\" data-internallinksmanager029f6b8e52c=\"93\" title=\"\u00bfSe muda al Reino Unido? 2026 Costes de vida y consejos de reubicaci\u00f3n\">REINO UNIDO<\/a>, <a href=\"https:\/\/moverdb.com\/es\/moving-to-ireland\/\" data-internallinksmanager029f6b8e52c=\"320\" title=\"\u00bfSe muda a Irlanda? 2026 Coste de la vida y consejos para el traslado\">Irlanda<\/a> y recientemente Europa, nuestro personal y servicio no ser\u00c3\u00a1n superados en rapidez, servicio y fiabilidad.<\/p>\n<p><strong>Servicios adicionales:<\/strong><\/p>\n<p>Servicio log\u00edstico<\/p>\n<p>Servicio de transporte<\/p>\n<p><strong>Direcci\u00f3n:<\/strong> Pol\u00edgono Industrial Gorsey, Johnson's Ln, Widnes WA8 0SJ<\/p>\n<p><a href=\"http:\/\/www.halesfreight.com\/\" target=\"_new\" rel=\"noopener\">Sitio web de Hales Freight Widnes<\/a><\/p>\n<p><strong>Puntuaci\u00f3n de la revisi\u00f3n: <\/strong>4.6<br \/> <strong>N\u00famero de rese\u00f1as:<\/strong> 13<br \/><a href=\"https:\/\/www.google.co.uk\/maps?cid=244323813118790683&#038;hl=en&#038;gl=GB\" target=\"_new\" rel=\"noopener\">Leer comentarios<\/a><\/p>\n<h2>C\u00f3mo hemos elegido las mejores empresas de transporte de Widnes<\/h2>\n<p>Empezamos con un conjunto de datos de 3 empresas de transporte de Widnes que pudimos encontrar a trav\u00e9s de Google Maps y lo redujimos a las 2 mejores.<\/p>\n<p>Para ello eliminamos cualquier empresa que:<\/p>\n<ul>\n<li> No ten\u00eda p\u00e1gina web<\/li>\n<li> No ten\u00eda cr\u00edticas<\/li>\n<li> Tiene una puntuaci\u00f3n media inferior a 2,0<\/li>\n<\/ul>\n<p>En ese momento, si ten\u00edamos 17 o menos transportistas, los enumer\u00e1bamos todos.<\/p>\n<p>En las ciudades en las que nos quedamos con m\u00e1s de 17 expedidores, realizamos nuevas revisiones, bien aumentando la puntuaci\u00f3n de la revisi\u00f3n requerida (por ejemplo, pasando de un m\u00ednimo de 2,0 a 4,0) y\/o aumentando el n\u00famero m\u00ednimo de revisiones requeridas (por ejemplo, pasando de al menos 1 revisi\u00f3n a al menos 10).<\/p>\n<p>Tenga en cuenta que s\u00f3lo utilizamos datos de revisi\u00f3n de Google Maps y no de otros sitios web de terceros.<\/p>\n<p>M\u00e1s ciudades:<\/p>\n<p><a href=\"https:\/\/moverdb.com\/es\/transitario\/freight-forwarding-uk\/runcorn-freight-forwarder\/\">Runcorn Freight Forwarder<\/a><br \/><a href=\"https:\/\/moverdb.com\/es\/transitario\/freight-forwarding-uk\/manningtree-freight-forwarder\/\">Manningtree Freight Forwarder<\/a><br \/><a href=\"https:\/\/moverdb.com\/es\/transitario\/freight-forwarding-uk\/sale-freight-forwarder\/\">Venta Transitario<\/a><br \/><a href=\"https:\/\/moverdb.com\/es\/transitario\/freight-forwarding-uk\/salford-freight-forwarder\/\">Transitario de Salford<\/a><br \/><a href=\"https:\/\/moverdb.com\/es\/transitario\/freight-forwarding-uk\/lichfield-freight-forwarder\/\">Lichfield Transitario<\/a><\/p>","protected":false},"excerpt":{"rendered":"<p>Below we look at the 2 &#8220;best&#8221; Freight Forwarding companies in Widnes out of 3. To learn more about how we chose the best please consult our FAQ section at the end. Please not the following listings are in no particular order and we are not making any recommendations for any particular company. Karl Schmidt [&hellip;]<\/p>\n","protected":false},"author":1,"featured_media":0,"parent":13427,"menu_order":0,"comment_status":"open","ping_status":"open","template":"","meta":{"_genesis_hide_title":false,"_genesis_hide_breadcrumbs":false,"_genesis_hide_singular_image":false,"_genesis_hide_footer_widgets":false,"_genesis_custom_body_class":"","_genesis_custom_post_class":"","_genesis_layout":"","footnotes":""},"class_list":{"0":"post-14165","1":"page","2":"type-page","3":"status-publish","5":"entry"},"_links":{"self":[{"href":"https:\/\/moverdb.com\/es\/wp-json\/wp\/v2\/pages\/14165","targetHints":{"allow":["GET"]}}],"collection":[{"href":"https:\/\/moverdb.com\/es\/wp-json\/wp\/v2\/pages"}],"about":[{"href":"https:\/\/moverdb.com\/es\/wp-json\/wp\/v2\/types\/page"}],"author":[{"embeddable":true,"href":"https:\/\/moverdb.com\/es\/wp-json\/wp\/v2\/users\/1"}],"replies":[{"embeddable":true,"href":"https:\/\/moverdb.com\/es\/wp-json\/wp\/v2\/comments?post=14165"}],"version-history":[{"count":1,"href":"https:\/\/moverdb.com\/es\/wp-json\/wp\/v2\/pages\/14165\/revisions"}],"predecessor-version":[{"id":15757,"href":"https:\/\/moverdb.com\/es\/wp-json\/wp\/v2\/pages\/14165\/revisions\/15757"}],"up":[{"embeddable":true,"href":"https:\/\/moverdb.com\/es\/wp-json\/wp\/v2\/pages\/13427"}],"wp:attachment":[{"href":"https:\/\/moverdb.com\/es\/wp-json\/wp\/v2\/media?parent=14165"}],"curies":[{"name":"wp","href":"https:\/\/api.w.org\/{rel}","templated":true}]}}