{"id":14148,"date":"2023-11-08T15:54:40","date_gmt":"2023-11-08T15:54:40","guid":{"rendered":"https:\/\/moverdb.com\/freight-forwarder\/freight-forwarding-uk\/waltham-abbey-freight-forwarder\/"},"modified":"2026-01-08T14:58:41","modified_gmt":"2026-01-08T14:58:41","slug":"waltham-abbey-freight-forwarder","status":"publish","type":"page","link":"https:\/\/moverdb.com\/es\/freight-forwarder\/freight-forwarding-uk\/waltham-abbey-freight-forwarder\/","title":{"rendered":"2 Mejores empresas de transporte de mercanc\u00edas de Waltham Abbey (2024)"},"content":{"rendered":"<p>A continuaci\u00f3n examinamos los 2 <em>\"mejor\"<\/em> Empresas de transporte de mercanc\u00edas en Waltham Abbey de 2.<\/p>\n<p>Para saber m\u00e1s sobre c\u00f3mo elegimos a los mejores, consulte nuestra secci\u00f3n de preguntas frecuentes al final.<\/p>\n<p><em>Tenga en cuenta que los siguientes listados no siguen ning\u00fan orden en particular y que no recomendamos ninguna empresa en concreto.<\/em><\/p>\n<h2>Senu Traders Limited<\/h2>\n<p><img decoding=\"async\" src=\"https:\/\/moverdb.com\/wp-content\/uploads\/thumbnailpanoid-Mmr1nTprydMwg_NsaLxQgcb_clientsearch.gws-prod.gpsw408h240yaw77.jpg\" alt='Senu Traders Limited' class=\"aligncenter\"><\/p>\n<p><strong>Descripci\u00f3n de la empresa: <\/strong>Somos el principal proveedor de servicios de carga a Sri Lanka y Asia.<\/p>\n<p> Encontrar el servicio de mensajer\u00eda adecuado puede resultar confuso, sobre todo si su paquete contiene un art\u00edculo \u00fanico o delicado.<\/p>\n<p>Desde nuestro lanzamiento en 2010, para ofrecer un paquete de alto valor.<\/p>\n<p> Puede estar seguro de que su paquete est\u00e1 en buenas manos y de que llegar\u00e1 a su destino sano y salvo.<\/p>\n<p><strong>Servicios adicionales:<\/strong><\/p>\n<p>Ninguno<\/p>\n<p><strong>Direcci\u00f3n:<\/strong> 40-45 Cartersfield Rd, Londres, Waltham Abbey EN9 1JD<\/p>\n<p><a href=\"https:\/\/senushipping.co.uk\/\" target=\"_new\" rel=\"noopener\">Sitio web de Senu Traders Limited<\/a><\/p>\n<p><strong>Puntuaci\u00f3n de la revisi\u00f3n: <\/strong>3.9<br \/> <strong>N\u00famero de rese\u00f1as:<\/strong> 75<br \/><a href=\"https:\/\/www.google.co.uk\/maps?cid=14408853306269278432&#038;hl=en&#038;gl=GB\" target=\"_new\" rel=\"noopener\">Leer comentarios<\/a><\/p>\n<h2>Carga Hales Harlow<\/h2>\n<p><img decoding=\"async\" src=\"https:\/\/moverdb.com\/wp-content\/uploads\/AF1QipPfBoT7WAXCSsswtzdDFYJ36Vr2NTDv2wvBsSSew408-h306-k-no.jpg\" alt='Carga Hales Harlow' class=\"aligncenter\"><\/p>\n<p><strong>Descripci\u00f3n de la empresa: <\/strong>Con m\u00e1s de 40 a\u00f1os de experiencia en el transporte de mercanc\u00edas, la log\u00edstica y la entrega de pal\u00e9s desde y hacia el <a href=\"https:\/\/moverdb.com\/es\/moving-to-the-uk\/\" data-internallinksmanager029f6b8e52c=\"93\" title=\"\u00bfSe muda al Reino Unido? 2026 Costes de vida y consejos de reubicaci\u00f3n\">REINO UNIDO<\/a>, <a href=\"https:\/\/moverdb.com\/es\/moving-to-ireland\/\" data-internallinksmanager029f6b8e52c=\"320\" title=\"\u00bfSe muda a Irlanda? 2026 Coste de la vida y consejos para el traslado\">Irlanda<\/a> y recientemente Europa, nuestro personal y servicio no ser\u00c3\u00a1n superados en rapidez, servicio y fiabilidad.<\/p>\n<p><strong>Servicios adicionales:<\/strong><\/p>\n<p>Servicio log\u00edstico<\/p>\n<p>Servicio de transporte<\/p>\n<p><strong>Direcci\u00f3n:<\/strong> Peartree Farm, Holyfield Rd, Holyfield, Waltham Abbey EN9 2EW<\/p>\n<p><a href=\"http:\/\/www.halesfreight.com\/\" target=\"_new\" rel=\"noopener\">Sitio web de Hales Freight Harlow<\/a><\/p>\n<p><strong>Puntuaci\u00f3n de la revisi\u00f3n: <\/strong>3.4<br \/> <strong>N\u00famero de rese\u00f1as:<\/strong> 24<br \/><a href=\"https:\/\/www.google.co.uk\/maps?cid=12479012159934005895&#038;hl=en&#038;gl=GB\" target=\"_new\" rel=\"noopener\">Leer comentarios<\/a><\/p>\n<h2>C\u00f3mo hemos elegido las mejores empresas de transporte de Waltham Abbey<\/h2>\n<p>Empezamos con un conjunto de datos de 2 empresas de transporte de mercanc\u00edas de Waltham Abbey que pudimos encontrar a trav\u00e9s de Google Maps y lo redujimos a las 2 mejores.<\/p>\n<p>Para ello eliminamos cualquier empresa que:<\/p>\n<ul>\n<li> No ten\u00eda p\u00e1gina web<\/li>\n<li> No ten\u00eda cr\u00edticas<\/li>\n<li> Tiene una puntuaci\u00f3n media inferior a 2,0<\/li>\n<\/ul>\n<p>En ese momento, si ten\u00edamos 17 o menos transportistas, los enumer\u00e1bamos todos.<\/p>\n<p>En las ciudades en las que nos quedamos con m\u00e1s de 17 expedidores, realizamos nuevas revisiones, bien aumentando la puntuaci\u00f3n de la revisi\u00f3n requerida (por ejemplo, pasando de un m\u00ednimo de 2,0 a 4,0) y\/o aumentando el n\u00famero m\u00ednimo de revisiones requeridas (por ejemplo, pasando de al menos 1 revisi\u00f3n a al menos 10).<\/p>\n<p>Tenga en cuenta que s\u00f3lo utilizamos datos de revisi\u00f3n de Google Maps y no de otros sitios web de terceros.<\/p>\n<p>M\u00e1s ciudades:<\/p>\n<p><a href=\"https:\/\/moverdb.com\/es\/transitario\/freight-forwarding-uk\/rochester-freight-forwarder\/\">Rochester Freight Forwarder<\/a><br \/><a href=\"https:\/\/moverdb.com\/es\/transitario\/freight-forwarding-uk\/watford-freight-forwarder\/\">Transitario Watford<\/a><br \/><a href=\"https:\/\/moverdb.com\/es\/transitario\/freight-forwarding-uk\/romford-freight-forwarder\/\">Romford Freight Forwarder<\/a><br \/><a href=\"https:\/\/moverdb.com\/es\/transitario\/freight-forwarding-uk\/chelmsford-freight-forwarder\/\">Transitario Chelmsford<\/a><br \/><a href=\"https:\/\/moverdb.com\/es\/transitario\/freight-forwarding-uk\/brentford-freight-forwarder\/\">Transitario Brentford<\/a><\/p>","protected":false},"excerpt":{"rendered":"<p>Below we look at the 2 &#8220;best&#8221; Freight Forwarding companies in Waltham Abbey out of 2. To learn more about how we chose the best please consult our FAQ section at the end. Please not the following listings are in no particular order and we are not making any recommendations for any particular company. Senu [&hellip;]<\/p>\n","protected":false},"author":1,"featured_media":0,"parent":13427,"menu_order":0,"comment_status":"open","ping_status":"open","template":"","meta":{"_genesis_hide_title":false,"_genesis_hide_breadcrumbs":false,"_genesis_hide_singular_image":false,"_genesis_hide_footer_widgets":false,"_genesis_custom_body_class":"","_genesis_custom_post_class":"","_genesis_layout":"","footnotes":""},"class_list":{"0":"post-14148","1":"page","2":"type-page","3":"status-publish","5":"entry"},"_links":{"self":[{"href":"https:\/\/moverdb.com\/es\/wp-json\/wp\/v2\/pages\/14148","targetHints":{"allow":["GET"]}}],"collection":[{"href":"https:\/\/moverdb.com\/es\/wp-json\/wp\/v2\/pages"}],"about":[{"href":"https:\/\/moverdb.com\/es\/wp-json\/wp\/v2\/types\/page"}],"author":[{"embeddable":true,"href":"https:\/\/moverdb.com\/es\/wp-json\/wp\/v2\/users\/1"}],"replies":[{"embeddable":true,"href":"https:\/\/moverdb.com\/es\/wp-json\/wp\/v2\/comments?post=14148"}],"version-history":[{"count":1,"href":"https:\/\/moverdb.com\/es\/wp-json\/wp\/v2\/pages\/14148\/revisions"}],"predecessor-version":[{"id":15754,"href":"https:\/\/moverdb.com\/es\/wp-json\/wp\/v2\/pages\/14148\/revisions\/15754"}],"up":[{"embeddable":true,"href":"https:\/\/moverdb.com\/es\/wp-json\/wp\/v2\/pages\/13427"}],"wp:attachment":[{"href":"https:\/\/moverdb.com\/es\/wp-json\/wp\/v2\/media?parent=14148"}],"curies":[{"name":"wp","href":"https:\/\/api.w.org\/{rel}","templated":true}]}}