{"id":14139,"date":"2023-11-08T15:54:40","date_gmt":"2023-11-08T15:54:40","guid":{"rendered":"https:\/\/moverdb.com\/freight-forwarder\/freight-forwarding-uk\/loughborough-freight-forwarder\/"},"modified":"2026-01-08T14:58:08","modified_gmt":"2026-01-08T14:58:08","slug":"loughborough-freight-forwarder","status":"publish","type":"page","link":"https:\/\/moverdb.com\/es\/freight-forwarder\/freight-forwarding-uk\/loughborough-freight-forwarder\/","title":{"rendered":"2 Mejores empresas de transporte de mercanc\u00edas de Loughborough (2024)"},"content":{"rendered":"<p>A continuaci\u00f3n examinamos los 2 <em>\"mejor\"<\/em> Empresas de transporte de mercanc\u00edas en Loughborough de 3.<\/p>\n<p>Para saber m\u00e1s sobre c\u00f3mo elegimos a los mejores, consulte nuestra secci\u00f3n de preguntas frecuentes al final.<\/p>\n<p><em>Tenga en cuenta que los siguientes listados no siguen ning\u00fan orden en particular y que no recomendamos ninguna empresa en concreto.<\/em><\/p>\n<h2>Orbital Direct Ltd<\/h2>\n<p><img decoding=\"async\" src=\"https:\/\/moverdb.com\/wp-content\/uploads\/AF1QipOv7AzGL603FEjagNwo5bbMC5M_2qmbF5UrHVsw408-h270-k-no.jpg\" alt='Orbital Direct Ltd' class=\"aligncenter\"><\/p>\n<p><strong>Descripci\u00f3n de la empresa: <\/strong>Ninguno<\/p>\n<p><strong>Servicios adicionales:<\/strong><\/p>\n<p>Servicio de mensajer\u00eda<\/p>\n<p>Empresa de mensajer\u00eda<\/p>\n<p><strong>Direcci\u00f3n:<\/strong> North Rd, Loughborough LE11 1LE<\/p>\n<p><a href=\"http:\/\/www.orbital-direct.com\/\" target=\"_new\" rel=\"noopener\">Sitio web de Orbital Direct Ltd<\/a><\/p>\n<p><strong>Puntuaci\u00f3n de la revisi\u00f3n: <\/strong>4.6<br \/> <strong>N\u00famero de rese\u00f1as:<\/strong> 8<br \/><a href=\"https:\/\/www.google.co.uk\/maps?cid=11430576735657838734&#038;hl=en&#038;gl=GB\" target=\"_new\" rel=\"noopener\">Leer comentarios<\/a><\/p>\n<h2>J P A Freight Ltd<\/h2>\n<p><img decoding=\"async\" src=\"https:\/\/moverdb.com\/wp-content\/uploads\/AF1QipMOMC_xqfh1xkVrt6byUDMOa6lekOeGNkODQmY7w408-h306-k-no.jpg\" alt='J P A Freight Ltd' class=\"aligncenter\"><\/p>\n<p><strong>Descripci\u00f3n de la empresa: <\/strong>JPA Freight Ltd ofrece servicios de entrega en toda Europa cualquier pa\u00eds a cualquier pa\u00eds en todas las direcciones posibles.<\/p>\n<p> Puedes llamar por tel\u00e9fono <a href=\"https:\/\/moverdb.com\/es\/moving-to-the-united-states\/\" data-internallinksmanager029f6b8e52c=\"94\" title=\"\u00bfSe muda a Estados Unidos? 2026 Costes de vida y consejos de reubicaci\u00f3n\">us<\/a> 24\/7 para trabajos urgentes.<\/p>\n<p> Tambi\u00e9n podemos realizar el despacho de aduanas en el <a href=\"https:\/\/moverdb.com\/es\/moving-to-the-uk\/\" data-internallinksmanager029f6b8e52c=\"93\" title=\"\u00bfSe muda al Reino Unido? 2026 Costes de vida y consejos de reubicaci\u00f3n\">REINO UNIDO<\/a> y en la UE.<\/p>\n<p> Estaremos encantados de presupuestar cualquier tipo de transporte \/ mudanza que necesite.<\/p>\n<p><strong>Servicios adicionales:<\/strong><\/p>\n<p>Servicio de mensajer\u00eda<\/p>\n<p>Agente de aduanas<\/p>\n<p>Empresa de importaci\u00f3n y exportaci\u00f3n<\/p>\n<p><a href=\"https:\/\/moverdb.com\/es\/international-removals\/\" data-internallinksmanager029f6b8e52c=\"27\" title=\"36 mejores empresas de mudanzas internacionales del Reino Unido\">Empresa de mudanzas<\/a><\/p>\n<p>Servicio de transporte refrigerado<\/p>\n<p>Empresa de mensajer\u00eda<\/p>\n<p>Servicio de transporte<\/p>\n<p><strong>Direcci\u00f3n:<\/strong> 93 Burder St, Loughborough LE11 1JJ<\/p>\n<p><a href=\"https:\/\/www.freight-forwarder.uk\/\" target=\"_new\" rel=\"noopener\">Sitio web de J P A Freight Ltd<\/a><\/p>\n<p><strong>Puntuaci\u00f3n de la revisi\u00f3n: <\/strong>4.2<br \/> <strong>N\u00famero de rese\u00f1as:<\/strong> 5<br \/><a href=\"https:\/\/www.google.co.uk\/maps?cid=10859077469393633564&#038;hl=en&#038;gl=GB\" target=\"_new\" rel=\"noopener\">Leer comentarios<\/a><\/p>\n<h2>C\u00f3mo hemos elegido las mejores empresas transitarias de Loughborough<\/h2>\n<p>Empezamos con un conjunto de datos de 3 empresas de transporte de mercanc\u00edas de Loughborough que pudimos encontrar a trav\u00e9s de Google Maps y lo redujimos a las 2 mejores.<\/p>\n<p>Para ello eliminamos cualquier empresa que:<\/p>\n<ul>\n<li> No ten\u00eda p\u00e1gina web<\/li>\n<li> No ten\u00eda cr\u00edticas<\/li>\n<li> Tiene una puntuaci\u00f3n media inferior a 2,0<\/li>\n<\/ul>\n<p>En ese momento, si ten\u00edamos 17 o menos transportistas, los enumer\u00e1bamos todos.<\/p>\n<p>En las ciudades en las que nos quedamos con m\u00e1s de 17 expedidores, realizamos nuevas revisiones, bien aumentando la puntuaci\u00f3n de la revisi\u00f3n requerida (por ejemplo, pasando de un m\u00ednimo de 2,0 a 4,0) y\/o aumentando el n\u00famero m\u00ednimo de revisiones requeridas (por ejemplo, pasando de al menos 1 revisi\u00f3n a al menos 10).<\/p>\n<p>Tenga en cuenta que s\u00f3lo utilizamos datos de revisi\u00f3n de Google Maps y no de otros sitios web de terceros.<\/p>\n<p>M\u00e1s ciudades:<\/p>\n<p><a href=\"https:\/\/moverdb.com\/es\/transitario\/freight-forwarding-uk\/ashby-de-la-zouch-freight-forwarder\/\">Ashby-de-la-Zouch Transitario<\/a><br \/><a href=\"https:\/\/moverdb.com\/es\/transitario\/freight-forwarding-uk\/rochdale-freight-forwarder\/\">Rochdale Freight Forwarder<\/a><br \/><a href=\"https:\/\/moverdb.com\/es\/transitario\/freight-forwarding-uk\/waltham-abbey-freight-forwarder\/\">Waltham Abbey Transitario<\/a><br \/><a href=\"https:\/\/moverdb.com\/es\/transitario\/freight-forwarding-uk\/rochester-freight-forwarder\/\">Rochester Freight Forwarder<\/a><br \/><a href=\"https:\/\/moverdb.com\/es\/transitario\/freight-forwarding-uk\/watford-freight-forwarder\/\">Transitario Watford<\/a><\/p>","protected":false},"excerpt":{"rendered":"<p>Below we look at the 2 &#8220;best&#8221; Freight Forwarding companies in Loughborough out of 3. To learn more about how we chose the best please consult our FAQ section at the end. Please not the following listings are in no particular order and we are not making any recommendations for any particular company. Orbital Direct [&hellip;]<\/p>\n","protected":false},"author":1,"featured_media":0,"parent":13427,"menu_order":0,"comment_status":"open","ping_status":"open","template":"","meta":{"_genesis_hide_title":false,"_genesis_hide_breadcrumbs":false,"_genesis_hide_singular_image":false,"_genesis_hide_footer_widgets":false,"_genesis_custom_body_class":"","_genesis_custom_post_class":"","_genesis_layout":"","footnotes":""},"class_list":{"0":"post-14139","1":"page","2":"type-page","3":"status-publish","5":"entry"},"_links":{"self":[{"href":"https:\/\/moverdb.com\/es\/wp-json\/wp\/v2\/pages\/14139","targetHints":{"allow":["GET"]}}],"collection":[{"href":"https:\/\/moverdb.com\/es\/wp-json\/wp\/v2\/pages"}],"about":[{"href":"https:\/\/moverdb.com\/es\/wp-json\/wp\/v2\/types\/page"}],"author":[{"embeddable":true,"href":"https:\/\/moverdb.com\/es\/wp-json\/wp\/v2\/users\/1"}],"replies":[{"embeddable":true,"href":"https:\/\/moverdb.com\/es\/wp-json\/wp\/v2\/comments?post=14139"}],"version-history":[{"count":1,"href":"https:\/\/moverdb.com\/es\/wp-json\/wp\/v2\/pages\/14139\/revisions"}],"predecessor-version":[{"id":15726,"href":"https:\/\/moverdb.com\/es\/wp-json\/wp\/v2\/pages\/14139\/revisions\/15726"}],"up":[{"embeddable":true,"href":"https:\/\/moverdb.com\/es\/wp-json\/wp\/v2\/pages\/13427"}],"wp:attachment":[{"href":"https:\/\/moverdb.com\/es\/wp-json\/wp\/v2\/media?parent=14139"}],"curies":[{"name":"wp","href":"https:\/\/api.w.org\/{rel}","templated":true}]}}