{"id":14127,"date":"2023-11-08T15:54:40","date_gmt":"2023-11-08T15:54:40","guid":{"rendered":"https:\/\/moverdb.com\/freight-forwarder\/freight-forwarding-uk\/enfield-freight-forwarder\/"},"modified":"2026-01-08T14:56:06","modified_gmt":"2026-01-08T14:56:06","slug":"enfield-freight-forwarder","status":"publish","type":"page","link":"https:\/\/moverdb.com\/es\/freight-forwarder\/freight-forwarding-uk\/enfield-freight-forwarder\/","title":{"rendered":"2 Mejores empresas de transporte de mercanc\u00edas en Enfield (2024)"},"content":{"rendered":"<p>A continuaci\u00f3n examinamos los 2 <em>\"mejor\"<\/em> Empresas de transporte de mercanc\u00edas en Enfield de 7.<\/p>\n<p>Para saber m\u00e1s sobre c\u00f3mo elegimos a los mejores, consulte nuestra secci\u00f3n de preguntas frecuentes al final.<\/p>\n<p><em>Tenga en cuenta que los siguientes listados no siguen ning\u00fan orden en particular y que no recomendamos ninguna empresa en concreto.<\/em><\/p>\n<h2>Andrews Shipping &amp; Forwarding Company Unidad 26<\/h2>\n<p><img decoding=\"async\" src=\"https:\/\/moverdb.com\/wp-content\/uploads\/AF1QipNxjGQuVPhNhILy9iWIVOsSYzmKYP4lHKewnaHJw408-h725-k-no.jpg\" alt='Andrews Shipping &amp; Forwarding Company Unidad 26' class=\"aligncenter\"><\/p>\n<p><strong>Descripci\u00f3n de la empresa: <\/strong>Ninguno<\/p>\n<p><strong>Servicios adicionales:<\/strong><\/p>\n<p>Agente de viajes<\/p>\n<p><strong>Direcci\u00f3n:<\/strong> Enfield EN3 7QN<\/p>\n<p><a href=\"http:\/\/www.andrewsshipping.co.uk\/\" target=\"_new\" rel=\"noopener\">Sitio web de Andrews Shipping &amp; Forwarding Company Unit 26<\/a><\/p>\n<p><strong>Puntuaci\u00f3n de la revisi\u00f3n: <\/strong>3.9<br \/> <strong>N\u00famero de rese\u00f1as:<\/strong> 64<br \/><a href=\"https:\/\/www.google.co.uk\/maps?cid=11822858387122062653&#038;hl=en&#038;gl=GB\" target=\"_new\" rel=\"noopener\">Leer comentarios<\/a><\/p>\n<h2>Mondial Forwarding Ltd<\/h2>\n<p><img decoding=\"async\" src=\"https:\/\/moverdb.com\/wp-content\/uploads\/AF1QipNhN514hM2zZ7D3NEepiXgA3t0Rkc9P2t_FR55nw427-h240-k-no.jpg\" alt='Mondial Forwarding Ltd' class=\"aligncenter\"><\/p>\n<p><strong>Descripci\u00f3n de la empresa: <\/strong>Operadores de transporte especializados <a href=\"https:\/\/moverdb.com\/es\/moving-to-greece\/\" data-internallinksmanager029f6b8e52c=\"353\" title=\"\u00bfSe muda a Grecia? 2026 Coste de la vida y consejos para el traslado\">Grecia<\/a>Corf\u00fa, Creta y <a href=\"https:\/\/moverdb.com\/es\/moving-to-cyprus\/\" data-internallinksmanager029f6b8e52c=\"377\" title=\"\u00bfMudarse a Chipre? 2026 Coste de la vida y consejos para la reubicaci\u00f3n\">Chipre<\/a>.<\/p>\n<p>Proveedores de servicios de almac\u00e9n.<\/p>\n<p>M\u00e1s de 45 a\u00f1os de experiencia.<\/p>\n<p><strong>Servicios adicionales:<\/strong><\/p>\n<p>Almac\u00e9n<\/p>\n<p>Almac\u00e9n<\/p>\n<p><strong>Direcci\u00f3n:<\/strong> 46 Lockfield Ave, Enfield EN3 7PX<\/p>\n<p><a href=\"http:\/\/www.mondialtransport.co.uk\/\" target=\"_new\" rel=\"noopener\">Sitio web de Mondial Forwarding Ltd<\/a><\/p>\n<p><strong>Puntuaci\u00f3n de la revisi\u00f3n: <\/strong>3.7<br \/> <strong>N\u00famero de rese\u00f1as:<\/strong> 64<br \/><a href=\"https:\/\/www.google.co.uk\/maps?cid=10590099676430872211&#038;hl=en&#038;gl=GB\" target=\"_new\" rel=\"noopener\">Leer comentarios<\/a><\/p>\n<h2>C\u00f3mo hemos elegido las mejores empresas de transporte de mercanc\u00edas de Enfield<\/h2>\n<p>Empezamos con un conjunto de datos de 7 empresas de transporte de mercanc\u00edas de Enfield que pudimos encontrar a trav\u00e9s de Google Maps y lo redujimos a las 2 mejores.<\/p>\n<p>Para ello eliminamos cualquier empresa que:<\/p>\n<ul>\n<li> No ten\u00eda p\u00e1gina web<\/li>\n<li> No ten\u00eda cr\u00edticas<\/li>\n<li> Tiene una puntuaci\u00f3n media inferior a 2,0<\/li>\n<\/ul>\n<p>En ese momento, si ten\u00edamos 17 o menos transportistas, los enumer\u00e1bamos todos.<\/p>\n<p>En las ciudades en las que nos quedamos con m\u00e1s de 17 expedidores, realizamos nuevas revisiones, bien aumentando la puntuaci\u00f3n de la revisi\u00f3n requerida (por ejemplo, pasando de un m\u00ednimo de 2,0 a 4,0) y\/o aumentando el n\u00famero m\u00ednimo de revisiones requeridas (por ejemplo, pasando de al menos 1 revisi\u00f3n a al menos 10).<\/p>\n<p>Tenga en cuenta que s\u00f3lo utilizamos datos de revisi\u00f3n de Google Maps y no de otros sitios web de terceros.<\/p>\n<p>M\u00e1s ciudades:<\/p>\n<p><a href=\"https:\/\/moverdb.com\/es\/transitario\/freight-forwarding-uk\/sutton-coldfield-freight-forwarder\/\">Sutton Coldfield Transitario<\/a><br \/><a href=\"https:\/\/moverdb.com\/es\/transitario\/freight-forwarding-uk\/redditch-freight-forwarder\/\">Redditch Freight Forwarder<\/a><br \/><a href=\"https:\/\/moverdb.com\/es\/transitario\/freight-forwarding-uk\/greenhithe-freight-forwarder\/\">Greenhithe Freight Forwarder<\/a><br \/><a href=\"https:\/\/moverdb.com\/es\/transitario\/freight-forwarding-uk\/loughborough-freight-forwarder\/\">Loughborough Freight Forwarder<\/a><br \/><a href=\"https:\/\/moverdb.com\/es\/transitario\/freight-forwarding-uk\/ashby-de-la-zouch-freight-forwarder\/\">Ashby-de-la-Zouch Transitario<\/a><\/p>","protected":false},"excerpt":{"rendered":"<p>Below we look at the 2 &#8220;best&#8221; Freight Forwarding companies in Enfield out of 7. To learn more about how we chose the best please consult our FAQ section at the end. Please not the following listings are in no particular order and we are not making any recommendations for any particular company. Andrews Shipping [&hellip;]<\/p>\n","protected":false},"author":1,"featured_media":0,"parent":13427,"menu_order":0,"comment_status":"open","ping_status":"open","template":"","meta":{"_genesis_hide_title":false,"_genesis_hide_breadcrumbs":false,"_genesis_hide_singular_image":false,"_genesis_hide_footer_widgets":false,"_genesis_custom_body_class":"","_genesis_custom_post_class":"","_genesis_layout":"","footnotes":""},"class_list":{"0":"post-14127","1":"page","2":"type-page","3":"status-publish","5":"entry"},"_links":{"self":[{"href":"https:\/\/moverdb.com\/es\/wp-json\/wp\/v2\/pages\/14127","targetHints":{"allow":["GET"]}}],"collection":[{"href":"https:\/\/moverdb.com\/es\/wp-json\/wp\/v2\/pages"}],"about":[{"href":"https:\/\/moverdb.com\/es\/wp-json\/wp\/v2\/types\/page"}],"author":[{"embeddable":true,"href":"https:\/\/moverdb.com\/es\/wp-json\/wp\/v2\/users\/1"}],"replies":[{"embeddable":true,"href":"https:\/\/moverdb.com\/es\/wp-json\/wp\/v2\/comments?post=14127"}],"version-history":[{"count":1,"href":"https:\/\/moverdb.com\/es\/wp-json\/wp\/v2\/pages\/14127\/revisions"}],"predecessor-version":[{"id":15716,"href":"https:\/\/moverdb.com\/es\/wp-json\/wp\/v2\/pages\/14127\/revisions\/15716"}],"up":[{"embeddable":true,"href":"https:\/\/moverdb.com\/es\/wp-json\/wp\/v2\/pages\/13427"}],"wp:attachment":[{"href":"https:\/\/moverdb.com\/es\/wp-json\/wp\/v2\/media?parent=14127"}],"curies":[{"name":"wp","href":"https:\/\/api.w.org\/{rel}","templated":true}]}}