{"id":13993,"date":"2023-11-08T15:53:54","date_gmt":"2023-11-08T15:53:54","guid":{"rendered":"https:\/\/moverdb.com\/freight-forwarder\/freight-forwarding-uk\/maldon-freight-forwarder\/"},"modified":"2026-01-08T13:17:37","modified_gmt":"2026-01-08T13:17:37","slug":"maldon-freight-forwarder","status":"publish","type":"page","link":"https:\/\/moverdb.com\/es\/freight-forwarder\/freight-forwarding-uk\/maldon-freight-forwarder\/","title":{"rendered":"3 Mejores empresas de transporte de Maldon (2024)"},"content":{"rendered":"<p>A continuaci\u00f3n examinamos los 3 <em>\"mejor\"<\/em> Empresas de transporte de mercanc\u00edas en Maldon de 10.<\/p>\n<p>Para saber m\u00e1s sobre c\u00f3mo elegimos a los mejores, consulte nuestra secci\u00f3n de preguntas frecuentes al final.<\/p>\n<p><em>Tenga en cuenta que los siguientes listados no siguen ning\u00fan orden en particular y que no recomendamos ninguna empresa en concreto.<\/em><\/p>\n<div id=\"ez-toc-container\" class=\"ez-toc-v2_0_82_2 ez-toc-wrap-left counter-hierarchy ez-toc-counter ez-toc-transparent ez-toc-container-direction\">\n<div class=\"ez-toc-title-container\">\n<p class=\"ez-toc-title\" style=\"cursor:inherit\">Secciones<\/p>\n<span class=\"ez-toc-title-toggle\"><a href=\"#\" class=\"ez-toc-pull-right ez-toc-btn ez-toc-btn-xs ez-toc-btn-default ez-toc-toggle\" aria-label=\"Alternar tabla de contenidos\"><span class=\"ez-toc-js-icon-con\"><span class=\"\"><span class=\"eztoc-hide\" style=\"display:none;\">Toggle<\/span><span class=\"ez-toc-icon-toggle-span\"><svg style=\"fill: #999;color:#999\" xmlns=\"http:\/\/www.w3.org\/2000\/svg\" class=\"list-377408\" width=\"20px\" height=\"20px\" viewbox=\"0 0 24 24\" fill=\"none\"><path d=\"M6 6H4v2h2V6zm14 0H8v2h12V6zM4 11h2v2H4v-2zm16 0H8v2h12v-2zM4 16h2v2H4v-2zm16 0H8v2h12v-2z\" fill=\"currentColor\"><\/path><\/svg><svg style=\"fill: #999;color:#999\" class=\"arrow-unsorted-368013\" xmlns=\"http:\/\/www.w3.org\/2000\/svg\" width=\"10px\" height=\"10px\" viewbox=\"0 0 24 24\" version=\"1.2\" baseprofile=\"tiny\"><path d=\"M18.2 9.3l-6.2-6.3-6.2 6.3c-.2.2-.3.4-.3.7s.1.5.3.7c.2.2.4.3.7.3h11c.3 0 .5-.1.7-.3.2-.2.3-.5.3-.7s-.1-.5-.3-.7zM5.8 14.7l6.2 6.3 6.2-6.3c.2-.2.3-.5.3-.7s-.1-.5-.3-.7c-.2-.2-.4-.3-.7-.3h-11c-.3 0-.5.1-.7.3-.2.2-.3.5-.3.7s.1.5.3.7z\"\/><\/svg><\/span><\/span><\/span><\/a><\/span><\/div>\n<nav><ul class='ez-toc-list ez-toc-list-level-1 eztoc-toggle-hide-by-default' ><li class='ez-toc-page-1 ez-toc-heading-level-2'><a class=\"ez-toc-link ez-toc-heading-1\" href=\"https:\/\/moverdb.com\/es\/freight-forwarder\/freight-forwarding-uk\/maldon-freight-forwarder\/#Power_Forwarding_Ltd_Essex\" >Power Forwarding Ltd Essex<\/a><\/li><li class='ez-toc-page-1 ez-toc-heading-level-2'><a class=\"ez-toc-link ez-toc-heading-2\" href=\"https:\/\/moverdb.com\/es\/freight-forwarder\/freight-forwarding-uk\/maldon-freight-forwarder\/#Car_Shipping_Made_Simple\" >Env\u00edo de coches simplificado<\/a><\/li><li class='ez-toc-page-1 ez-toc-heading-level-2'><a class=\"ez-toc-link ez-toc-heading-3\" href=\"https:\/\/moverdb.com\/es\/freight-forwarder\/freight-forwarding-uk\/maldon-freight-forwarder\/#Cargo_Marketing_Services_Ltd\" >Cargo Marketing Services Ltd<\/a><\/li><li class='ez-toc-page-1 ez-toc-heading-level-2'><a class=\"ez-toc-link ez-toc-heading-4\" href=\"https:\/\/moverdb.com\/es\/freight-forwarder\/freight-forwarding-uk\/maldon-freight-forwarder\/#How_we_picked_the_best_Maldon_Freight_Forwarding_Companies\" >C\u00f3mo hemos elegido las mejores empresas de transporte de Maldon<\/a><\/li><\/ul><\/nav><\/div>\n<h2><span class=\"ez-toc-section\" id=\"Power_Forwarding_Ltd_Essex\"><\/span>Power Forwarding Ltd Essex<span class=\"ez-toc-section-end\"><\/span><\/h2>\n<p><img decoding=\"async\" src=\"https:\/\/moverdb.com\/wp-content\/uploads\/AF1QipNldDWo1WcV0NHQxxXaIAJ9TSSP34S-EpuJFAKqw408-h593-k-no.jpg\" alt='Power Forwarding Ltd Essex' class=\"aligncenter\"><\/p>\n<p><strong>Descripci\u00f3n de la empresa: <\/strong>Power Forwarding se esfuerza por eliminar todas las complejidades que rodean al transporte mar\u00edtimo para exportadores e importadores.<\/p>\n<p> Ofrecen orientaci\u00f3n profesional para que el proceso se desarrolle lo mejor posible para todos sus clientes.<\/p>\n<p> Especializada en flete a\u00e9reo, flete mar\u00edtimo, flete por carretera, almacenamiento y despacho de aduanas.<\/p>\n<p> Ofrecen tiempos de respuesta r\u00e1pidos, precios excelentes, personal acreditado por BIFA y FIATA y una red mundial plenamente operativa para ser los mejores en su campo.<\/p>\n<p> Gracias a su capacidad de ofrecer env\u00edos a todo el mundo, deber\u00edan ser su primera opci\u00f3n. <a href=\"https:\/\/moverdb.com\/es\/top-49-container-ports\/\" data-internallinksmanager029f6b8e52c=\"80\" title=\"Los 49 puertos de contenedores m\u00e1s grandes y activos en 2025\">puerto<\/a> de llamada para cualquier consulta sobre exportaciones o importaciones internacionales.<\/p>\n<p> P\u00f3ngase en contacto con el equipo para obtener m\u00e1s informaci\u00f3n, estar\u00e1n encantados de responder a sus preguntas o dudas en todo lo que puedan.<\/p>\n<p><strong>Servicios adicionales:<\/strong><\/p>\n<p>Ninguno<\/p>\n<p><strong>Direcci\u00f3n:<\/strong> Oficina 12, Centro Comercial Bentalls, 28 Colchester Rd, Heybridge, Maldon CM9 4GD<\/p>\n<p><a href=\"http:\/\/www.powerforwarding.com\/\" target=\"_new\" rel=\"noopener\">Sitio web de Power Forwarding Ltd Essex<\/a><\/p>\n<p><strong>Puntuaci\u00f3n de la revisi\u00f3n: <\/strong>4.3<br \/> <strong>N\u00famero de rese\u00f1as:<\/strong> 16<br \/><a href=\"https:\/\/www.google.co.uk\/maps?cid=14541926269948356998&#038;hl=en&#038;gl=GB\" target=\"_new\" rel=\"noopener\">Leer comentarios<\/a><\/p>\n<h2><span class=\"ez-toc-section\" id=\"Car_Shipping_Made_Simple\"><\/span>Env\u00edo de coches simplificado<span class=\"ez-toc-section-end\"><\/span><\/h2>\n<p><img decoding=\"async\" src=\"https:\/\/moverdb.com\/wp-content\/uploads\/AF1QipNYyFib9uPjEVa7o-aTIDoeKF_sKZmOsJyYEg1Uw426-h240-k-no.png\" alt='Env\u00edo de coches simplificado' class=\"aligncenter\"><\/p>\n<p><strong>Descripci\u00f3n de la empresa: <\/strong>El <a href=\"https:\/\/moverdb.com\/es\/car-transport-shipping\/\" data-internallinksmanager029f6b8e52c=\"2\" title=\"2026 Cotizaciones de transporte internacional de coches y env\u00edo de veh\u00edculos\">Env\u00edo de coches<\/a> expertos, servicios semanales de exportaci\u00f3n e importaci\u00f3n en todo el mundo.<\/p>\n<p> Precios transparentes disponibles 24 horas al d\u00eda, 7 d\u00edas a la semana en nuestro sitio web, seguimiento y localizaci\u00f3n completos<\/p>\n<p><strong>Servicios adicionales:<\/strong><\/p>\n<p>Agente de transporte de veh\u00edculos<\/p>\n<p><strong>Direcci\u00f3n:<\/strong> Fullbridge House, Fullbridge, Maldon CM9 4NX<\/p>\n<p><a href=\"http:\/\/www.carshippingmadesimple.com\/\" target=\"_new\" rel=\"noopener\">Sitio web de Car Shipping Made Simple<\/a><\/p>\n<p><strong>Puntuaci\u00f3n de la revisi\u00f3n: <\/strong>4.5<br \/> <strong>N\u00famero de rese\u00f1as:<\/strong> 8<br \/><a href=\"https:\/\/www.google.co.uk\/maps?cid=17489635601078454444&#038;hl=en&#038;gl=GB\" target=\"_new\" rel=\"noopener\">Leer comentarios<\/a><\/p>\n<h2><span class=\"ez-toc-section\" id=\"Cargo_Marketing_Services_Ltd\"><\/span>Cargo Marketing Services Ltd<span class=\"ez-toc-section-end\"><\/span><\/h2>\n<p><img decoding=\"async\" src=\"https:\/\/moverdb.com\/wp-content\/uploads\/AF1QipPu7J42kn6yl02liPMy9JT_2Cmo_IthVFgNPsU0w426-h240-k-no.jpg\" alt='Cargo Marketing Services Ltd' class=\"aligncenter\"><\/p>\n<p><strong>Descripci\u00f3n de la empresa: <\/strong>Ninguno<\/p>\n<p><strong>Servicios adicionales:<\/strong><\/p>\n<p>Ninguno<\/p>\n<p><strong>Direcci\u00f3n:<\/strong> Fullbridge House, Fullbridge, Maldon CM9 4NX<\/p>\n<p><a href=\"https:\/\/www.cargomarketing.com\/\" target=\"_new\" rel=\"noopener\">Sitio web de Cargo Marketing Services Ltd<\/a><\/p>\n<p><strong>Puntuaci\u00f3n de la revisi\u00f3n: <\/strong>5<br \/> <strong>N\u00famero de rese\u00f1as:<\/strong> 1<br \/><a href=\"https:\/\/www.google.co.uk\/maps?cid=2265029552815970914&#038;hl=en&#038;gl=GB\" target=\"_new\" rel=\"noopener\">Leer comentarios<\/a><\/p>\n<h2><span class=\"ez-toc-section\" id=\"How_we_picked_the_best_Maldon_Freight_Forwarding_Companies\"><\/span>C\u00f3mo hemos elegido las mejores empresas de transporte de Maldon<span class=\"ez-toc-section-end\"><\/span><\/h2>\n<p>Empezamos con un conjunto de datos de 10 empresas de transporte de Maldon que pudimos encontrar a trav\u00e9s de Google Maps y lo redujimos a las 3 mejores.<\/p>\n<p>Para ello eliminamos cualquier empresa que:<\/p>\n<ul>\n<li> No ten\u00eda p\u00e1gina web<\/li>\n<li> No ten\u00eda cr\u00edticas<\/li>\n<li> Tiene una puntuaci\u00f3n media inferior a 2,0<\/li>\n<\/ul>\n<p>En ese momento, si ten\u00edamos 17 o menos transportistas, los enumer\u00e1bamos todos.<\/p>\n<p>En las ciudades en las que nos quedamos con m\u00e1s de 17 expedidores, realizamos nuevas revisiones, bien aumentando la puntuaci\u00f3n de la revisi\u00f3n requerida (por ejemplo, pasando de un m\u00ednimo de 2,0 a 4,0) y\/o aumentando el n\u00famero m\u00ednimo de revisiones requeridas (por ejemplo, pasando de al menos 1 revisi\u00f3n a al menos 10).<\/p>\n<p>Tenga en cuenta que s\u00f3lo utilizamos datos de revisi\u00f3n de Google Maps y no de otros sitios web de terceros.<\/p>\n<p>M\u00e1s ciudades:<\/p>\n<p><a href=\"https:\/\/moverdb.com\/es\/transitario\/freight-forwarding-uk\/bellshill-freight-forwarder\/\">Bellshill Freight Forwarder<\/a><br \/><a href=\"https:\/\/moverdb.com\/es\/transitario\/freight-forwarding-uk\/middlesbrough-freight-forwarder\/\">Middlesbrough Transitario<\/a><br \/><a href=\"https:\/\/moverdb.com\/es\/transitario\/freight-forwarding-uk\/hessle-freight-forwarder\/\">Transitario Hessle<\/a><br \/><a href=\"https:\/\/moverdb.com\/es\/transitario\/freight-forwarding-uk\/newtownabbey-freight-forwarder\/\">Newtownabbey Transitario<\/a><br \/><a href=\"https:\/\/moverdb.com\/es\/transitario\/freight-forwarding-uk\/preston-freight-forwarder\/\">Preston Freight Forwarder<\/a><\/p>","protected":false},"excerpt":{"rendered":"<p>Below we look at the 3 &#8220;best&#8221; Freight Forwarding companies in Maldon out of 10. To learn more about how we chose the best please consult our FAQ section at the end. Please not the following listings are in no particular order and we are not making any recommendations for any particular company. Power Forwarding [&hellip;]<\/p>\n","protected":false},"author":1,"featured_media":0,"parent":13427,"menu_order":0,"comment_status":"open","ping_status":"open","template":"","meta":{"_genesis_hide_title":false,"_genesis_hide_breadcrumbs":false,"_genesis_hide_singular_image":false,"_genesis_hide_footer_widgets":false,"_genesis_custom_body_class":"","_genesis_custom_post_class":"","_genesis_layout":"","footnotes":""},"class_list":{"0":"post-13993","1":"page","2":"type-page","3":"status-publish","5":"entry"},"_links":{"self":[{"href":"https:\/\/moverdb.com\/es\/wp-json\/wp\/v2\/pages\/13993","targetHints":{"allow":["GET"]}}],"collection":[{"href":"https:\/\/moverdb.com\/es\/wp-json\/wp\/v2\/pages"}],"about":[{"href":"https:\/\/moverdb.com\/es\/wp-json\/wp\/v2\/types\/page"}],"author":[{"embeddable":true,"href":"https:\/\/moverdb.com\/es\/wp-json\/wp\/v2\/users\/1"}],"replies":[{"embeddable":true,"href":"https:\/\/moverdb.com\/es\/wp-json\/wp\/v2\/comments?post=13993"}],"version-history":[{"count":1,"href":"https:\/\/moverdb.com\/es\/wp-json\/wp\/v2\/pages\/13993\/revisions"}],"predecessor-version":[{"id":15770,"href":"https:\/\/moverdb.com\/es\/wp-json\/wp\/v2\/pages\/13993\/revisions\/15770"}],"up":[{"embeddable":true,"href":"https:\/\/moverdb.com\/es\/wp-json\/wp\/v2\/pages\/13427"}],"wp:attachment":[{"href":"https:\/\/moverdb.com\/es\/wp-json\/wp\/v2\/media?parent=13993"}],"curies":[{"name":"wp","href":"https:\/\/api.w.org\/{rel}","templated":true}]}}